{"id":26,"date":"2014-09-18T12:24:32","date_gmt":"2014-09-18T11:24:32","guid":{"rendered":"http:\/\/agora.xtec.cat\/ceipfontrosella\/?page_id=26"},"modified":"2025-01-23T06:34:31","modified_gmt":"2025-01-23T05:34:31","slug":"historia","status":"publish","type":"page","link":"https:\/\/agora.xtec.cat\/ceipfontrosella\/lescola\/historia\/","title":{"rendered":"Hist\u00f2ria"},"content":{"rendered":"<p style=\"text-align: justify;\">Despr\u00e9s d&#8217;una llarga lluita ciutadana protagonitzada per totes les entitats del barri de la Conc\u00f2rdia de Sabadell, el 19 de setembre de 1.980 l&#8217;ajuntament de Sabadell aprova el plec de condicions de la adjudicaci\u00f3 definitiva de les obres del C.P. Font Rosella. Per motius t\u00e8cnics dels terrenys i desfases pressupostaris, s&#8217;havien enrederit.<\/p>\n<p style=\"text-align: justify;\">L&#8217;escola havia d&#8217;estar acabada en octubre de 1.972, l&#8217;alumnat del barri de la Conc\u00f2rdia s&#8217;estava ubicant en escoles de barriades ve\u00efnes (Carrero Blanco, Samuntada, Rius i Borrell&#8230;) amb la problem\u00e0tica familiar i social que aquest fet ocasionava a les fam\u00edlies.<\/p>\n<p style=\"text-align: justify;\">Tamb\u00e9 aquest curs 80-81 disposaria de:<\/p>\n<ul style=\"text-align: justify;\">\n<li>4 parvularis en prefabricats<\/li>\n<li>1r i 2n en Font Rosella<\/li>\n<li>3r Tallers Associaci\u00f3 de Ve\u00efns<\/li>\n<li>4t i 5\u00e8 al carrer Major.<\/li>\n<\/ul>\n<p style=\"text-align: justify;\">La primera festa del Font Rosella, el diumenge dia 8 de mar\u00e7 del mateix any amb activitat dedicades principalment als nens i nenes de l&#8217;escola. Entre les activitats realitzades van destacar una xocolatada, un concurs de pintura i un cursa infantil.<\/p>\n<p style=\"text-align: justify;\">Al final del curs es va realitzar la segona festa del Font Rosella, diumenge 14 de juny de 1.981.<\/p>\n<p style=\"text-align: justify;\">El C.P. <strong>Font Rosella es va inaugurar el dia 10 de gener 1.982<\/strong> amb gran alegria del barri.<\/p>\n<p style=\"text-align: justify;\">Expliquen les cr\u00f2niques que en aquelles dates es van fer elusives a les demandes del barri, samarretes, un auca, una can\u00e7\u00f3 que els nens i nenes cantaven i que van portar en concert a l&#8217;any 1.976 a la Pla\u00e7a de Sant Roc i dues pel\u00b7l\u00edcules sobre aquest mateix tema.<\/p>\n<p style=\"text-align: justify;\">El President de la Corporaci\u00f3 Municipal Antoni Farr\u00e9s va ser l&#8217;encarregat de talla la cinta inaugural amb grans aplaudiments de tots els ve\u00efns\/es. En panells situats a l&#8217;entrada del col\u00b7legi s&#8217;explicava tota la hist\u00f2ria de lluites i reivindicacions dels ciutadans del barri.<\/p>\n<p style=\"text-align: justify;\">Cal recordar que la primera classe del Font Rosella es va impartir al solar, a cel obert, on ara est\u00e0 situada l&#8217;escola.<\/p>\n","protected":false},"excerpt":{"rendered":"<p>Despr\u00e9s d&#8217;una llarga lluita ciutadana protagonitzada per totes les entitats del barri de la Conc\u00f2rdia de Sabadell, el 19 de setembre de 1.980 l&#8217;ajuntament de Sabadell aprova el plec de condicions de la adjudicaci\u00f3 definitiva de les obres del C.P. Font Rosella. Per motius t\u00e8cnics&hellip;  <a href=\"https:\/\/agora.xtec.cat\/ceipfontrosella\/lescola\/historia\/\" title=\"Read Hist\u00f2ria\">Llegeix m\u00e9s\u00bb<\/a><\/p>\n","protected":false},"author":1,"featured_media":0,"parent":22,"menu_order":20,"comment_status":"closed","ping_status":"closed","template":"page-templates\/side-menu.php","meta":{"_bbp_topic_count":0,"_bbp_reply_count":0,"_bbp_total_topic_count":0,"_bbp_total_reply_count":0,"_bbp_voice_count":0,"_bbp_anonymous_reply_count":0,"_bbp_topic_count_hidden":0,"_bbp_reply_count_hidden":0,"_bbp_forum_subforum_count":0,"footnotes":""},"class_list":["post-26","page","type-page","status-publish","hentry"],"post_mailing_queue_ids":[],"_links":{"self":[{"href":"https:\/\/agora.xtec.cat\/ceipfontrosella\/wp-json\/wp\/v2\/pages\/26","targetHints":{"allow":["GET"]}}],"collection":[{"href":"https:\/\/agora.xtec.cat\/ceipfontrosella\/wp-json\/wp\/v2\/pages"}],"about":[{"href":"https:\/\/agora.xtec.cat\/ceipfontrosella\/wp-json\/wp\/v2\/types\/page"}],"author":[{"embeddable":true,"href":"https:\/\/agora.xtec.cat\/ceipfontrosella\/wp-json\/wp\/v2\/users\/1"}],"replies":[{"embeddable":true,"href":"https:\/\/agora.xtec.cat\/ceipfontrosella\/wp-json\/wp\/v2\/comments?post=26"}],"version-history":[{"count":4,"href":"https:\/\/agora.xtec.cat\/ceipfontrosella\/wp-json\/wp\/v2\/pages\/26\/revisions"}],"predecessor-version":[{"id":15999,"href":"https:\/\/agora.xtec.cat\/ceipfontrosella\/wp-json\/wp\/v2\/pages\/26\/revisions\/15999"}],"up":[{"embeddable":true,"href":"https:\/\/agora.xtec.cat\/ceipfontrosella\/wp-json\/wp\/v2\/pages\/22"}],"wp:attachment":[{"href":"https:\/\/agora.xtec.cat\/ceipfontrosella\/wp-json\/wp\/v2\/media?parent=26"}],"curies":[{"name":"wp","href":"https:\/\/api.w.org\/{rel}","templated":true}]}}