{"id":15806,"date":"2025-01-13T13:01:41","date_gmt":"2025-01-13T12:01:41","guid":{"rendered":"https:\/\/agora.xtec.cat\/ceipfontrosella\/?page_id=15806"},"modified":"2025-01-13T13:36:00","modified_gmt":"2025-01-13T12:36:00","slug":"servei-dacollida","status":"publish","type":"page","link":"https:\/\/agora.xtec.cat\/ceipfontrosella\/servei-dacollida\/","title":{"rendered":"Servei d&#8217;acollida i extraescolars"},"content":{"rendered":"<p class=\"zfr3Q CDt4Ke \" dir=\"ltr\"><span class=\"C9DxTc \">\u2734\ufe0f<\/span><span class=\"C9DxTc \">Inscripci\u00f3 a Dansa Urbana<\/span><span class=\"C9DxTc \">:<\/span><span class=\"C9DxTc \">\u00a0En primer lloc,\u00a0<\/span><span class=\"C9DxTc \">lleg<\/span><span class=\"C9DxTc \">eix les instruccions a continuaci\u00f3<\/span><span class=\"C9DxTc \">\u00a0<\/span><span class=\"C9DxTc \">\ud83d\udc47<\/span><span class=\"C9DxTc \">\u00a0i despr\u00e9s, clica\u00a0<\/span><a class=\"XqQF9c\" href=\"https:\/\/app.cluber.es\/clubes\/6697a644a6a4b343050290\/inscripcion\" target=\"_blank\" rel=\"noopener\"><span class=\"C9DxTc \">aqu\u00ed<\/span><\/a><span class=\"C9DxTc \">\u00a0<\/span><span class=\"C9DxTc \">per fer la inscripci\u00f3<\/span><span class=\"C9DxTc \">.\u00a0<\/span><\/p>\n<ul class=\"n8H08c UVNKR \">\n<li class=\"zfr3Q TYR86d eD0Rn \" dir=\"ltr\">\n<p class=\"zfr3Q CDt4Ke \" dir=\"ltr\" role=\"presentation\"><span class=\"C9DxTc \">Les dades de l&#8217;alumne s&#8217;han de posar a l&#8217;apartat &#8220;Deportista&#8221;. Les dades del pare\/mare\/tutor a l&#8217;apartat &#8220;tutor&#8221;.<\/span><\/p>\n<\/li>\n<li class=\"zfr3Q TYR86d eD0Rn \" dir=\"ltr\">\n<p class=\"zfr3Q CDt4Ke \" dir=\"ltr\" role=\"presentation\"><span class=\"C9DxTc \">Veureu que al registrar-vos nom\u00e9s us deixa seleccionar una quota de soci de 70\u20ac, no us preocupeu. Aquesta quota \u00fanicament \u00e9s pels socis del nostre centre.\u00a0<\/span><span class=\"C9DxTc \">En cap cas us passarem aquest c\u00e0rrec.<\/span><span class=\"C9DxTc \">\u00a0Seleccioneu-la per poder continuar i despr\u00e9s nosaltres l&#8217;eliminarem i us assignarem la quota d&#8217;extraescolars (35\u20ac\/mes).<\/span><\/p>\n<\/li>\n<li class=\"zfr3Q TYR86d eD0Rn \" dir=\"ltr\">\n<p class=\"zfr3Q CDt4Ke \" dir=\"ltr\" role=\"presentation\"><span class=\"C9DxTc \">Aquesta web\/app t\u00e9 un c\u00e0rrec de gesti\u00f3 del 3%+IVA.<\/span><\/p>\n<\/li>\n<li class=\"zfr3Q TYR86d eD0Rn \" dir=\"ltr\">\n<p class=\"zfr3Q CDt4Ke \" dir=\"ltr\" role=\"presentation\"><span class=\"C9DxTc \">La subscripci\u00f3 es programa autom\u00e0ticament des d&#8217;octubre fins al maig, i es passar\u00e0 el c\u00e0rrec el dia 1 de cada mes.<\/span><\/p>\n<\/li>\n<li class=\"zfr3Q TYR86d eD0Rn \" dir=\"ltr\">\n<p class=\"zfr3Q CDt4Ke \" dir=\"ltr\" role=\"presentation\"><span class=\"C9DxTc \">Podeu fer servir la web o l&#8217;app per veure els pr\u00f2xims c\u00e0rrecs.<\/span><\/p>\n<\/li>\n<li class=\"zfr3Q TYR86d eD0Rn \" dir=\"ltr\">\n<p class=\"zfr3Q CDt4Ke \" dir=\"ltr\" role=\"presentation\"><span class=\"C9DxTc \">En cas de voler donar-vos de baixa de l&#8217;activitat, podreu sol\u00b7licitar-la a trav\u00e9s de la web\/app. Les baixes s&#8217;han de sol\u00b7licitar abans del dia 25 del mes anterior, passada aquesta data el c\u00e0rrec es passar\u00e0 igualment.<\/span><\/p>\n<\/li>\n<li class=\"zfr3Q TYR86d eD0Rn \" dir=\"ltr\">\n<p class=\"zfr3Q CDt4Ke \" dir=\"ltr\" role=\"presentation\"><span class=\"C9DxTc \">Qualsevol dubte sobre el registre ens podeu trucar al 675931209.<\/span><\/p>\n<\/li>\n<\/ul>\n<p class=\"zfr3Q CDt4Ke \" dir=\"ltr\"><span class=\"C9DxTc \">Gr\u00e0cies per confiar en Soul Headquarters! Comencem l&#8217;activitat el dijous 3 d&#8217;octubre!<\/span><\/p>\n<p class=\"zfr3Q CDt4Ke \" dir=\"ltr\"><span class=\"C9DxTc \">_____________________________________________________________________________________________________<\/span><\/p>\n<p class=\"zfr3Q CDt4Ke \" dir=\"ltr\"><span class=\"C9DxTc \">\ud83d\udd3a<\/span><span class=\"C9DxTc \">Cliqueu sobre les activitats per accedir a la informaci\u00f3 detallada (dies, hores, preus, inscripci\u00f3&#8230;)<\/span><span class=\"C9DxTc \"><br \/>\n<\/span><span class=\"C9DxTc \"><br \/>\n<\/span><span class=\"C9DxTc \">\ud83d\udd3a<\/span><span class=\"C9DxTc \">Recordeu que per a poder-vos inscriure en aquestes activitats, heu de ser membre de l&#8217;Afa de la nostra escola.<\/span><span class=\"C9DxTc \"><br \/>\n<\/span><span class=\"C9DxTc \"><br \/>\n<\/span><span class=\"C9DxTc \">\ud83d\udd3a<\/span><span class=\"C9DxTc \">Per inscripcions i consultes\u00a0<\/span><a class=\"XqQF9c\" href=\"mailto:ampafontrosella@gmail.com\" target=\"_blank\" rel=\"noopener\"><span class=\"C9DxTc aw5Odc \">ampafontrosella@gmail.com<\/span><span class=\"C9DxTc \"><br \/>\n<\/span><\/a><span class=\"C9DxTc \">\u00a0<\/span><\/p>\n<p class=\"zfr3Q CDt4Ke \" dir=\"ltr\"><span class=\"C9DxTc \">\u2734\ufe0f<\/span><a class=\"XqQF9c\" href=\"https:\/\/drive.google.com\/file\/d\/19teKA6u_v6ZQwxsLSsh_EWXWtBc3VMT0\/view?usp=sharing\" target=\"_blank\" rel=\"noopener\"><span class=\"C9DxTc aw5Odc \">Extraescolars\u00a0<\/span><span class=\"C9DxTc aw5Odc \">de Village Niu<\/span><\/a><span class=\"C9DxTc \">\u00a0: El nostre prove\u00efdor d&#8217;activitats des de fa anys.<\/span><span class=\"C9DxTc \"><br \/>\n<\/span><span class=\"C9DxTc \">Preinscripci\u00f3\u00a0<\/span><span class=\"C9DxTc \">directament amb ells a trav\u00e9s de la seva p\u00e0gina\u00a0<\/span><a class=\"XqQF9c\" href=\"https:\/\/www.villageniu.net\/?srsltid=AfmBOopLS8lysgOYsWWPXM-3Ku1s7B4D6NkBwClmnvblOx_rLIudXiQP\" target=\"_blank\" rel=\"noopener\"><span class=\"C9DxTc aw5Odc \">web\u00a0<\/span><\/a><span class=\"C9DxTc \">o per telefon.<\/span><span class=\"C9DxTc \"><\/p>\n<p><\/span><\/p>\n<p class=\"zfr3Q CDt4Ke \" dir=\"ltr\"><span class=\"C9DxTc \">\u2734\ufe0f<\/span><a class=\"XqQF9c\" href=\"https:\/\/drive.google.com\/file\/d\/1OACZDdgQxqo5UjeJXzo6mgrK2ZMxtyb3\/view?usp=sharing\" target=\"_blank\" rel=\"noopener\"><span class=\"C9DxTc aw5Odc \">Nataci\u00f3 al Club Nataci\u00f3 Sabadell<\/span><\/a><span class=\"C9DxTc \">:\u00a0<\/span><span class=\"C9DxTc \">El centre de refer\u00e8ncia a la nostra ciutat per aprendre a nedar.<\/span><span class=\"C9DxTc \"><br \/>\n<\/span><span class=\"C9DxTc \">Preinscripci\u00f3<\/span><span class=\"C9DxTc \">: omplir butlleta d&#8217;inscripci\u00f3 i fer-la arribar a l&#8217;Afa per\u00a0<\/span><a class=\"XqQF9c\" href=\"mailto:ampafontrosella@gmail.com\" target=\"_blank\" rel=\"noopener\"><span class=\"C9DxTc aw5Odc \">email\u00a0<\/span><\/a><span class=\"C9DxTc \">o deixant-la a la b\u00fastia de l&#8217;Afa davant la porta petita abans del 20 de setembre.<\/span><span class=\"C9DxTc \"><\/p>\n<p><\/span><\/p>\n<p class=\"zfr3Q CDt4Ke \" dir=\"ltr\"><span class=\"C9DxTc \">\u2734\ufe0f<\/span><a class=\"XqQF9c\" href=\"https:\/\/drive.google.com\/file\/d\/1ICn1F9wlzK_HE3wXCcDNREokOPrOglCT\/view?usp=sharing\" target=\"_blank\" rel=\"noopener\"><span class=\"C9DxTc aw5Odc \">Patinatge art\u00edstic<\/span><\/a><span class=\"C9DxTc \">:<\/span><span class=\"C9DxTc \">\u00a0El Club de Patinatge<\/span><span class=\"C9DxTc \">\u00a0Art\u00edstic de Sabadell porta m\u00e9s de 30 anys ensenyant a patinar a la nostra escola!<\/span><span class=\"C9DxTc \"><br \/>\n<\/span><span class=\"C9DxTc \">Inscripcions i informaci\u00f3:\u00a0\u00a0<\/span><a class=\"XqQF9c\" href=\"mailto:patinatgesabadell@gmail.com\" target=\"_blank\" rel=\"noopener\"><span class=\"C9DxTc aw5Odc \">patinatgesabadell@gmail.com<\/span><\/a><span class=\"C9DxTc \">\u00a0o trucant al 638 773 935<\/span><span class=\"C9DxTc \"><\/p>\n<p><\/span><\/p>\n<p class=\"zfr3Q CDt4Ke \" dir=\"ltr\"><span class=\"C9DxTc \">\u2734\ufe0f<\/span><span class=\"C9DxTc \">Nou<\/span><span class=\"C9DxTc \">\u00a0<\/span><a class=\"XqQF9c\" href=\"https:\/\/drive.google.com\/file\/d\/10hD_XTEtCoU70EufkEkL2ORuWS9hrWJY\/view?usp=sharing\" target=\"_blank\" rel=\"noopener\"><span class=\"C9DxTc aw5Odc \">Bollywood per a nens i adults<\/span><\/a><span class=\"C9DxTc \">!<\/span><span class=\"C9DxTc \">\u00a0 El Centre Asana ens porta a Sabadell la cultura de la \u00cdndia des de fa 16 anys, i organitza a la nostra ciutat la festa del Holi.\u00a0 Posa&#8217;t en forma, gaudeix i sigues una estrella de Bollywood per una estona! La professora ens far\u00e0 una classe de prova gratu\u00efta a l&#8217;escola dilluns 16 de setembre a les 18h.<\/span><span class=\"C9DxTc \"><br \/>\n<\/span><span class=\"C9DxTc \">Preinscripci\u00f3\u00a0<\/span><span class=\"C9DxTc \">enviant\u00a0<\/span><a class=\"XqQF9c\" href=\"mailto:ampafontrosella@gmail.com\" target=\"_blank\" rel=\"noopener\"><span class=\"C9DxTc aw5Odc \">correu\u00a0<\/span><\/a><span class=\"C9DxTc \">a l&#8217;Afa, indicant nom i cognoms de l&#8217;alumne abans del 20 de setembre<\/span><span class=\"C9DxTc \">.<\/span><span class=\"C9DxTc \"><\/p>\n<p><\/span><\/p>\n<p class=\"zfr3Q CDt4Ke \" dir=\"ltr\"><span class=\"C9DxTc \">\u2734\ufe0f<\/span><span class=\"C9DxTc \">Nou<\/span><span class=\"C9DxTc \">\u00a0<\/span><a class=\"XqQF9c\" href=\"https:\/\/drive.google.com\/file\/d\/11LAt2cqlqjT-C5v3KL8iJ7DuLctdIvTl\/view?usp=sharing\" target=\"_blank\" rel=\"noopener\"><span class=\"C9DxTc aw5Odc \">Gimn\u00e0stica r\u00edtmica<\/span><\/a><span class=\"C9DxTc \">: L&#8217;ex-gimnasta r\u00edtmica terrassenca\u00a0<\/span><span class=\"C9DxTc \">Nat\u00e0lia Garcia Timofeeva<\/span><span class=\"C9DxTc \">, 5 cops campiona d&#8217;Espanya individual i component de l&#8217;equip espanyol de gimn\u00e0stica r\u00edtmica fins a 2021, prepara les noves generacions de gimnastes catalanes.<\/span><span class=\"C9DxTc \"><br \/>\n<\/span><span class=\"C9DxTc \">Preinscripci\u00f3 a trav\u00e9s del seu\u00a0<\/span><a class=\"XqQF9c\" href=\"https:\/\/docs.google.com\/forms\/d\/e\/1FAIpQLSeTtDuyZ1wtJGyFUGxvxYysj8A5QmwW2V5s8tD_JCpB79JzXw\/viewform\" target=\"_blank\" rel=\"noopener\"><span class=\"C9DxTc aw5Odc \">formulari<\/span><\/a><span class=\"C9DxTc \">\u00a0fins el 20 de setembre<\/span><span class=\"C9DxTc \">.<\/span><span class=\"C9DxTc \"><\/p>\n<p><\/span><\/p>\n<p class=\"zfr3Q CDt4Ke \" dir=\"ltr\"><span class=\"C9DxTc \">\u2734\ufe0f<\/span><span class=\"C9DxTc \">Nou<\/span><span class=\"C9DxTc \">\u00a0<\/span><a class=\"XqQF9c\" href=\"https:\/\/drive.google.com\/file\/d\/1DUHXJzKD9OcQCvrp5LBRumeOf4mz1WCH\/view?usp=sharing\" target=\"_blank\" rel=\"noopener\"><span class=\"C9DxTc aw5Odc \">Dansa urbana<\/span><\/a><span class=\"C9DxTc \">:\u00a0 Apr\u00e8n a ballar hip hop, popping, locking i breaking amb l&#8217;escola Soul Headquarters.<\/span><span class=\"C9DxTc \"><br \/>\n<\/span><span class=\"C9DxTc \">Preinscripci\u00f3\u00a0<\/span><span class=\"C9DxTc \">enviant\u00a0<\/span><a class=\"XqQF9c\" href=\"mailto:ampafontrosella@gmail.com\" target=\"_blank\" rel=\"noopener\"><span class=\"C9DxTc aw5Odc \">correu\u00a0<\/span><\/a><span class=\"C9DxTc \">a l&#8217;Afa, indicant nom i cognoms de l&#8217;alumne abans del 20 de setembre<\/span><span class=\"C9DxTc \">.<\/span><\/p>\n<p class=\"zfr3Q CDt4Ke \" dir=\"ltr\"><span class=\"C9DxTc \">Les activitats extraescolars s\u00f3n una part fonamental del desenvolupament integral dels alumnes de prim\u00e0ria. Aquestes activitats ofereixen als nens i les nenes l&#8217;oportunitat de descobrir i desenvolupar nous interessos, habilitats i talents m\u00e9s enll\u00e0 de les aules.\u00a0<\/span><\/p>\n<p class=\"zfr3Q CDt4Ke \" dir=\"ltr\"><span class=\"C9DxTc \">A m\u00e9s, les activitats extraescolars contribueixen a l&#8217;enfortiment de les habilitats socials, ja que permeten als infants treballar en equip, respectar les opinions dels altres i desenvolupar l&#8217;empatia. Tamb\u00e9 s\u00f3n una eina clau per augmentar l&#8217;autoestima i la confian\u00e7a en un mateix, al veure com progressen en \u00e0rees que els apassionen.\u00a0<\/span><\/p>\n<p class=\"zfr3Q CDt4Ke \" dir=\"ltr\"><span class=\"C9DxTc \">L&#8217;A<\/span><span class=\"C9DxTc \">F<\/span><span class=\"C9DxTc \">A s&#8217;encarrega de supervisar les diferents activitats extraescolars que s&#8217;ofereixen a l&#8217;escola. Est\u00e0 cont\u00ednuament en contacte amb les empreses i monitors, i fa d&#8217;interlocutora entre les fam\u00edlies i les diferents persones encarregades de cada activitat.\u00a0<\/span><\/p>\n<p dir=\"ltr\">\n<p dir=\"ltr\">ENLLA\u00c7 A LA P\u00c0GINA DIRECTA&#8212;&gt;&gt;&gt;<a href=\"https:\/\/sites.google.com\/site\/2013ampa\/home\/serveis\/extraescolars?authuser=0\">SERVEI D&#8217;ACOLLIDA I EXTRAESCOLAR<\/a><\/p>\n","protected":false},"excerpt":{"rendered":"<p>\u2734\ufe0fInscripci\u00f3 a Dansa Urbana:\u00a0En primer lloc,\u00a0llegeix les instruccions a continuaci\u00f3\u00a0\ud83d\udc47\u00a0i despr\u00e9s, clica\u00a0<a class=\"XqQF9c\" href=\"https:\/\/app.cluber.es\/clubes\/6697a644a6a4b343050290\/inscripcion\" target=\"_blank\" rel=\"noopener\">aqu\u00ed<\/a>\u00a0per fer la inscripci\u00f3.\u00a0<\/p>\n<ul class=\"n8H08c UVNKR \">\n<li class=\"zfr3Q TYR86d eD0Rn \" dir=\"ltr\">\nLes dades de l&#8217;alumne s&#8217;han de posar a l&#8217;apartat &#8220;Deportista&#8221;. Les dades del pare\/mare\/tutor a l&#8217;apartat &#8220;tutor&#8221;.\n<\/li>\n<li class=\"zfr3Q TYR86d&hellip;  <a href=\"https:\/\/agora.xtec.cat\/ceipfontrosella\/servei-dacollida\/\" title=\"Read Servei d&#8217;acollida i extraescolars\">Llegeix m\u00e9s\u00bb<\/a><br \/>\n","protected":false},"author":1,"featured_media":0,"parent":0,"menu_order":0,"comment_status":"closed","ping_status":"closed","template":"","meta":{"_bbp_topic_count":0,"_bbp_reply_count":0,"_bbp_total_topic_count":0,"_bbp_total_reply_count":0,"_bbp_voice_count":0,"_bbp_anonymous_reply_count":0,"_bbp_topic_count_hidden":0,"_bbp_reply_count_hidden":0,"_bbp_forum_subforum_count":0,"footnotes":""},"class_list":["post-15806","page","type-page","status-publish","hentry"],"post_mailing_queue_ids":[],"_links":{"self":[{"href":"https:\/\/agora.xtec.cat\/ceipfontrosella\/wp-json\/wp\/v2\/pages\/15806","targetHints":{"allow":["GET"]}}],"collection":[{"href":"https:\/\/agora.xtec.cat\/ceipfontrosella\/wp-json\/wp\/v2\/pages"}],"about":[{"href":"https:\/\/agora.xtec.cat\/ceipfontrosella\/wp-json\/wp\/v2\/types\/page"}],"author":[{"embeddable":true,"href":"https:\/\/agora.xtec.cat\/ceipfontrosella\/wp-json\/wp\/v2\/users\/1"}],"replies":[{"embeddable":true,"href":"https:\/\/agora.xtec.cat\/ceipfontrosella\/wp-json\/wp\/v2\/comments?post=15806"}],"version-history":[{"count":2,"href":"https:\/\/agora.xtec.cat\/ceipfontrosella\/wp-json\/wp\/v2\/pages\/15806\/revisions"}],"predecessor-version":[{"id":15850,"href":"https:\/\/agora.xtec.cat\/ceipfontrosella\/wp-json\/wp\/v2\/pages\/15806\/revisions\/15850"}],"wp:attachment":[{"href":"https:\/\/agora.xtec.cat\/ceipfontrosella\/wp-json\/wp\/v2\/media?parent=15806"}],"curies":[{"name":"wp","href":"https:\/\/api.w.org\/{rel}","templated":true}]}}