{"id":11886,"date":"2020-03-10T09:58:23","date_gmt":"2020-03-10T08:58:23","guid":{"rendered":"https:\/\/agora.xtec.cat\/ceipfontrosella\/?page_id=11886"},"modified":"2020-03-10T10:09:08","modified_gmt":"2020-03-10T09:09:08","slug":"objectius-i-actuacions-ambit-entorn","status":"publish","type":"page","link":"https:\/\/agora.xtec.cat\/ceipfontrosella\/projecte-educatiu\/objectius-i-actuacions-ambit-entorn\/","title":{"rendered":"Objectius i actuacions \u00e0mbit entorn"},"content":{"rendered":"<ul>\n<li style=\"text-align: justify;\"><span style=\"color: #000000;\"> <span style=\"font-family: Segoe Print;\"><span style=\"font-size: large;\"><b>Donem un impuls a l\u2019obertura del centre a l\u2019entorn i a altres institucions i organismes<\/b> amb les quals es podem compartir experi\u00e8ncies, col\u00b7laborar i organitzar activitats conjuntes. Establiment de <b>relaci\u00f3 de cooperaci\u00f3 m\u00fatua amb el nostre partner Magnet, la fundaci\u00f3 Naturgy <\/b>(Equip pedag\u00f2gic de l\u2019antic Museu del Gas de Sabadell), <b>Assessorament continuat de la Fundaci\u00f3 Jaume Bofill<\/b>,&#8230; (Acollir dins del centre activitats promogudes per la fundaci\u00f3 Naturgy, l\u2019ajuntament, associaci\u00f3 de ve\u00efns, centre de tarda, extraescolars de cultura \u00e0rab per les fam\u00edlies del centre,&#8230;).<\/span><\/span><\/span><\/li>\n<\/ul>\n<ul>\n<li style=\"text-align: justify;\"><span style=\"color: #000000;\"><span style=\"font-family: Segoe Print;\"><span style=\"font-size: large;\"><b>Promovem el treball conjunt entre diferents administracions i serveis municipals<\/b> per crear condicions d\u2019educaci\u00f3 \u00f2ptimes. (Detectem les necessitats i les fem arribar a qui correspongui la responsabilitat de solucionar-lo, i assumim el grau d\u2019exig\u00e8ncia corresponent la urg\u00e8ncia que se\u2019n derivi,&#8230;).<\/span><\/span><\/span><\/li>\n<\/ul>\n","protected":false},"excerpt":{"rendered":"<ul>\n<li style=\"text-align: justify;\"> Donem un impuls a l\u2019obertura del centre a l\u2019entorn i a altres institucions i organismes amb les quals es podem compartir experi\u00e8ncies, col\u00b7laborar i organitzar activitats conjuntes. Establiment de relaci\u00f3 de cooperaci\u00f3 m\u00fatua amb el nostre partner Magnet, la fundaci\u00f3 Naturgy (Equip&hellip;  <a href=\"https:\/\/agora.xtec.cat\/ceipfontrosella\/projecte-educatiu\/objectius-i-actuacions-ambit-entorn\/\" title=\"Read Objectius i actuacions \u00e0mbit entorn\">Llegeix m\u00e9s\u00bb<\/a><br \/>\n","protected":false},"author":1,"featured_media":0,"parent":64,"menu_order":0,"comment_status":"closed","ping_status":"closed","template":"","meta":{"_bbp_topic_count":0,"_bbp_reply_count":0,"_bbp_total_topic_count":0,"_bbp_total_reply_count":0,"_bbp_voice_count":0,"_bbp_anonymous_reply_count":0,"_bbp_topic_count_hidden":0,"_bbp_reply_count_hidden":0,"_bbp_forum_subforum_count":0,"footnotes":""},"class_list":["post-11886","page","type-page","status-publish","hentry"],"post_mailing_queue_ids":[],"_links":{"self":[{"href":"https:\/\/agora.xtec.cat\/ceipfontrosella\/wp-json\/wp\/v2\/pages\/11886","targetHints":{"allow":["GET"]}}],"collection":[{"href":"https:\/\/agora.xtec.cat\/ceipfontrosella\/wp-json\/wp\/v2\/pages"}],"about":[{"href":"https:\/\/agora.xtec.cat\/ceipfontrosella\/wp-json\/wp\/v2\/types\/page"}],"author":[{"embeddable":true,"href":"https:\/\/agora.xtec.cat\/ceipfontrosella\/wp-json\/wp\/v2\/users\/1"}],"replies":[{"embeddable":true,"href":"https:\/\/agora.xtec.cat\/ceipfontrosella\/wp-json\/wp\/v2\/comments?post=11886"}],"version-history":[{"count":3,"href":"https:\/\/agora.xtec.cat\/ceipfontrosella\/wp-json\/wp\/v2\/pages\/11886\/revisions"}],"predecessor-version":[{"id":11892,"href":"https:\/\/agora.xtec.cat\/ceipfontrosella\/wp-json\/wp\/v2\/pages\/11886\/revisions\/11892"}],"up":[{"embeddable":true,"href":"https:\/\/agora.xtec.cat\/ceipfontrosella\/wp-json\/wp\/v2\/pages\/64"}],"wp:attachment":[{"href":"https:\/\/agora.xtec.cat\/ceipfontrosella\/wp-json\/wp\/v2\/media?parent=11886"}],"curies":[{"name":"wp","href":"https:\/\/api.w.org\/{rel}","templated":true}]}}