{"id":11879,"date":"2020-03-10T09:26:23","date_gmt":"2020-03-10T08:26:23","guid":{"rendered":"https:\/\/agora.xtec.cat\/ceipfontrosella\/?page_id=11879"},"modified":"2025-01-31T11:47:24","modified_gmt":"2025-01-31T10:47:24","slug":"objectius-i-actuacions-families-ampa","status":"publish","type":"page","link":"https:\/\/agora.xtec.cat\/ceipfontrosella\/projecte-educatiu\/objectius-i-actuacions-families-ampa\/","title":{"rendered":"Projecte de Direcci\u00f3 (PdD)"},"content":{"rendered":"<p>El Projecte de Direcci\u00f3 \u00e9s un document que recull les propostes d\u2019objectius i accions a dur a terme durant el per\u00edode de vig\u00e8ncia del 2023 al 2027.<\/p>\n<p>Adjuntem el document en format resumit. Clica l\u2019enlla\u00e7.<\/p>\n<p><a href=\"https:\/\/drive.google.com\/file\/d\/1oCE4jVmkEbJ6sa_t68nqYDn8tDQCDUAx\/view?usp=drive_link\"><strong>&lt;&lt;&lt; ENLLA\u00c7&gt;&gt;&gt;<\/strong><\/a><\/p>\n<p>Aix\u00ed mateix, adjuntem el document sencer.<\/p>\n<p><a href=\"https:\/\/drive.google.com\/file\/d\/1Sg9EOGLMXZoylkXV4f7Ab_nDoHpz_3rF\/view?usp=drive_link\"><strong>&lt;&lt;&lt;ENLLA\u00c7&gt;&gt;&gt;<\/strong><\/a><\/p>\n","protected":false},"excerpt":{"rendered":"<p>El Projecte de Direcci\u00f3 \u00e9s un document que recull les propostes d\u2019objectius i accions a dur a terme durant el per\u00edode de vig\u00e8ncia del 2023 al 2027.<br \/>\nAdjuntem el document en format resumit. Clica l\u2019enlla\u00e7.<br \/>\n<a href=\"https:\/\/drive.google.com\/file\/d\/1oCE4jVmkEbJ6sa_t68nqYDn8tDQCDUAx\/view?usp=drive_link\">&lt;&lt;&lt; ENLLA\u00c7&gt;&gt;&gt;<\/a><br \/>\nAix\u00ed mateix, adjuntem el document sencer.<br \/>\n<a href=\"https:\/\/drive.google.com\/file\/d\/1Sg9EOGLMXZoylkXV4f7Ab_nDoHpz_3rF\/view?usp=drive_link\">&lt;&lt;&lt;ENLLA\u00c7&gt;&gt;&gt;<\/a><\/p>\n","protected":false},"author":1,"featured_media":0,"parent":64,"menu_order":0,"comment_status":"closed","ping_status":"closed","template":"","meta":{"_bbp_topic_count":0,"_bbp_reply_count":0,"_bbp_total_topic_count":0,"_bbp_total_reply_count":0,"_bbp_voice_count":0,"_bbp_anonymous_reply_count":0,"_bbp_topic_count_hidden":0,"_bbp_reply_count_hidden":0,"_bbp_forum_subforum_count":0,"footnotes":""},"class_list":["post-11879","page","type-page","status-publish","hentry"],"post_mailing_queue_ids":[],"_links":{"self":[{"href":"https:\/\/agora.xtec.cat\/ceipfontrosella\/wp-json\/wp\/v2\/pages\/11879","targetHints":{"allow":["GET"]}}],"collection":[{"href":"https:\/\/agora.xtec.cat\/ceipfontrosella\/wp-json\/wp\/v2\/pages"}],"about":[{"href":"https:\/\/agora.xtec.cat\/ceipfontrosella\/wp-json\/wp\/v2\/types\/page"}],"author":[{"embeddable":true,"href":"https:\/\/agora.xtec.cat\/ceipfontrosella\/wp-json\/wp\/v2\/users\/1"}],"replies":[{"embeddable":true,"href":"https:\/\/agora.xtec.cat\/ceipfontrosella\/wp-json\/wp\/v2\/comments?post=11879"}],"version-history":[{"count":6,"href":"https:\/\/agora.xtec.cat\/ceipfontrosella\/wp-json\/wp\/v2\/pages\/11879\/revisions"}],"predecessor-version":[{"id":16171,"href":"https:\/\/agora.xtec.cat\/ceipfontrosella\/wp-json\/wp\/v2\/pages\/11879\/revisions\/16171"}],"up":[{"embeddable":true,"href":"https:\/\/agora.xtec.cat\/ceipfontrosella\/wp-json\/wp\/v2\/pages\/64"}],"wp:attachment":[{"href":"https:\/\/agora.xtec.cat\/ceipfontrosella\/wp-json\/wp\/v2\/media?parent=11879"}],"curies":[{"name":"wp","href":"https:\/\/api.w.org\/{rel}","templated":true}]}}