{"id":11868,"date":"2020-03-09T16:08:29","date_gmt":"2020-03-09T15:08:29","guid":{"rendered":"https:\/\/agora.xtec.cat\/ceipfontrosella\/?page_id=11868"},"modified":"2020-03-09T17:20:35","modified_gmt":"2020-03-09T16:20:35","slug":"objectius-i-actuacions-claustre","status":"publish","type":"page","link":"https:\/\/agora.xtec.cat\/ceipfontrosella\/projecte-educatiu\/objectius-i-actuacions-claustre\/","title":{"rendered":"Objectius i actuacions claustre"},"content":{"rendered":"<ul>\n<li style=\"text-align: justify;\"><span style=\"color: #000000;\"><span style=\"font-family: Segoe Print;\"><span style=\"font-size: large;\"><b>Promoure la innovaci\u00f3 educativa <\/b>per ajustar les respostes als nous reptes educatius amb una voluntat clara de canviar les din\u00e0miques del nostre entorn. <b>Claustre en continua formaci\u00f3<\/b> amb l\u2019assessorament i acompanyament de la Fundaci\u00f3 Bofill. (<i>Implantaci\u00f3 dels ambients a Educaci\u00f3 infantil, treball per projectes de P3 a 6\u00e8, investigaci\u00f3 mitjan\u00e7ant el m\u00e8tode cient\u00edfic, foment d\u2019activitats intercicles, fadrins de lectura<\/i>, matem\u00e0tiques manipulatives, treball amb tablets a cicle superior,&#8230;).<\/span><\/span><\/span><\/li>\n<\/ul>\n<ul>\n<li>\n<p align=\"JUSTIFY\"><span style=\"color: #000000;\"><span style=\"font-family: Segoe Print;\"><span style=\"font-size: large;\"><b>Potenciar en l\u2019equip docent una pedagogia que sumi contextos<\/b>, que aporti solucions per resoldre els problemes de relaci\u00f3, d\u2019aprenentatge i\/o conducta. (<i>Que es tingui en compte la personalitat del nen\/a i aporti mitjans per millorar-la, que fomenti la implicaci\u00f3 i col\u00b7laboraci\u00f3 entre pares i mestres<\/i>,&#8230;).<\/span><\/span><\/span><\/p>\n<\/li>\n<li>\n<p align=\"JUSTIFY\"><span style=\"color: #000000;\"><span style=\"font-family: Segoe Print;\"><span style=\"font-size: large;\"><b>Fomentem un model organitzatiu participatiu <\/b>on la informaci\u00f3 sigui bidireccional per a que la coordinaci\u00f3 i la retroalimentaci\u00f3 siguin reals. (<i>Cogesti\u00f3 dels diferents sectors educatius, reunions de cicles pedag\u00f2gics com a motor de canvi, import\u00e0ncia del claustre com a lloc de reflexi\u00f3 i presa de decisions consensuades<\/i>, <i>Promovent l\u2019aprenentatge en xarxa on la reflexi\u00f3 i el di\u00e0leg siguin instruments b\u00e0sics pel treball en equip, sessions autoformatives aprofitant el talent dels membres<\/i>, <i>Sessions de formaci\u00f3 Magnet<\/i>&#8230;).<\/span><\/span><\/span><\/p>\n<\/li>\n<li>\n<p align=\"JUSTIFY\"><span style=\"color: #000000;\"><span style=\"font-family: Segoe Print;\"><span style=\"font-size: large;\"><b>Arrelar l\u2019h\u00e0bit de l\u2019avaluaci\u00f3 <\/b>com a element important per <b>realitzar una planificaci\u00f3 acurada <\/b>que ens permeti gestionar el fet educatiu <b>amb un grau de qualitat que garanteixi l\u2019\u00e8xit <\/b>en les resolucions preses. (<i>An\u00e0lisi de les diferents proves i treure conclusions formatives, compartir conclusions i marcar l\u00ednies d\u2019actuaci\u00f3 de millora: refor\u00e7 de la lectura a cicle inicial, programes de millora en la velocitat lectora al cicle superior, sistematitzaci\u00f3 de la millora de l\u2019ortografia<\/i>, treball de l\u2019expressi\u00f3 oral fent servir la conversa dial\u00f2gica a tots els nivells,&#8230;).<\/span><\/span><\/span><\/p>\n<\/li>\n<\/ul>\n<ul>\n<li>\n<p align=\"JUSTIFY\"><span style=\"color: #000000;\"><span style=\"font-family: Segoe Print;\"><span style=\"font-size: large;\">Compartim la idea de <b>funci\u00f3 directiva com un element dinamitzador i facilitador<\/b>, encaminat a aconseguir <b>una estructura flexible<\/b>, on la comunicaci\u00f3 ha de ser oberta i fluida en totes les direccions, i entre tots els individus de la comunitat educativa. (<i>Import\u00e0ncia de les reunions formals i informals, comprom\u00eds de fer arribar a les fam\u00edlies el que es fa al centre a trav\u00e9s de l\u2019AMPA i les reunions de delegats\/ades de classe, .<\/i>..).<\/span><\/span><\/span><\/p>\n<\/li>\n<li>\n<p align=\"JUSTIFY\"><span style=\"color: #000000;\"><span style=\"font-family: Segoe Print;\"><span style=\"font-size: large;\">Fem <b>del treball en equip una eina per enfortir la corresponsabilitat, la participaci\u00f3 i implicaci\u00f3 de tots els sectors educatius.<\/b> Mitjan\u00e7ant la <b>cogesti\u00f3 i lideratge distribu\u00eft<\/b>, <b>des dels mateixos membres de l\u2019equip directiu.<\/b><\/span><\/span><\/span><\/p>\n<\/li>\n<\/ul>\n","protected":false},"excerpt":{"rendered":"<ul>\n<li style=\"text-align: justify;\">Promoure la innovaci\u00f3 educativa per ajustar les respostes als nous reptes educatius amb una voluntat clara de canviar les din\u00e0miques del nostre entorn. Claustre en continua formaci\u00f3 amb l\u2019assessorament i acompanyament de la Fundaci\u00f3 Bofill. (Implantaci\u00f3 dels ambients a Educaci\u00f3 infantil, treball per&hellip;  <a href=\"https:\/\/agora.xtec.cat\/ceipfontrosella\/projecte-educatiu\/objectius-i-actuacions-claustre\/\" title=\"Read Objectius i actuacions claustre\">Llegeix m\u00e9s\u00bb<\/a><br \/>\n","protected":false},"author":1,"featured_media":0,"parent":64,"menu_order":0,"comment_status":"closed","ping_status":"closed","template":"","meta":{"_bbp_topic_count":0,"_bbp_reply_count":0,"_bbp_total_topic_count":0,"_bbp_total_reply_count":0,"_bbp_voice_count":0,"_bbp_anonymous_reply_count":0,"_bbp_topic_count_hidden":0,"_bbp_reply_count_hidden":0,"_bbp_forum_subforum_count":0,"footnotes":""},"class_list":["post-11868","page","type-page","status-publish","hentry"],"post_mailing_queue_ids":[],"_links":{"self":[{"href":"https:\/\/agora.xtec.cat\/ceipfontrosella\/wp-json\/wp\/v2\/pages\/11868","targetHints":{"allow":["GET"]}}],"collection":[{"href":"https:\/\/agora.xtec.cat\/ceipfontrosella\/wp-json\/wp\/v2\/pages"}],"about":[{"href":"https:\/\/agora.xtec.cat\/ceipfontrosella\/wp-json\/wp\/v2\/types\/page"}],"author":[{"embeddable":true,"href":"https:\/\/agora.xtec.cat\/ceipfontrosella\/wp-json\/wp\/v2\/users\/1"}],"replies":[{"embeddable":true,"href":"https:\/\/agora.xtec.cat\/ceipfontrosella\/wp-json\/wp\/v2\/comments?post=11868"}],"version-history":[{"count":3,"href":"https:\/\/agora.xtec.cat\/ceipfontrosella\/wp-json\/wp\/v2\/pages\/11868\/revisions"}],"predecessor-version":[{"id":11877,"href":"https:\/\/agora.xtec.cat\/ceipfontrosella\/wp-json\/wp\/v2\/pages\/11868\/revisions\/11877"}],"up":[{"embeddable":true,"href":"https:\/\/agora.xtec.cat\/ceipfontrosella\/wp-json\/wp\/v2\/pages\/64"}],"wp:attachment":[{"href":"https:\/\/agora.xtec.cat\/ceipfontrosella\/wp-json\/wp\/v2\/media?parent=11868"}],"curies":[{"name":"wp","href":"https:\/\/api.w.org\/{rel}","templated":true}]}}