{"id":11858,"date":"2020-03-09T15:37:55","date_gmt":"2020-03-09T14:37:55","guid":{"rendered":"https:\/\/agora.xtec.cat\/ceipfontrosella\/?page_id=11858"},"modified":"2020-03-09T17:13:25","modified_gmt":"2020-03-09T16:13:25","slug":"ambit-escolar","status":"publish","type":"page","link":"https:\/\/agora.xtec.cat\/ceipfontrosella\/projecte-educatiu\/ambit-escolar\/","title":{"rendered":"Objectius i actuacions alumnat"},"content":{"rendered":"<p style=\"text-align: center;\" align=\"JUSTIFY\"><span style=\"font-family: Segoe Print;\"><span style=\"color: #000000;\"><span style=\"font-size: medium;\"><b>\u00c0MBIT ESCOLAR<\/b><\/span><\/span><\/span><\/p>\n<p><span style=\"font-family: Segoe Print;\"><span style=\"color: #000000;\"><span style=\"font-size: large;\"><b>Ens plantegem la qualitat i la excel\u00b7l\u00e8ncia educativa com a element b\u00e0sic per la igualtat d\u2019oportunitats i \u00e8xit per tothom<\/b><\/span><\/span><span style=\"color: #000000;\"><span style=\"font-size: large;\">.<\/span><\/span><\/span><\/p>\n<ul>\n<li style=\"list-style-type: none;\">\n<ul>\n<li>\n<p align=\"JUSTIFY\"><span style=\"color: #000000;\"><span style=\"font-family: Segoe Print;\"><span style=\"font-size: large;\"><b>L\u2019alumne \u00e9s el centre de l\u2019aprenentatge <\/b>i per tant procurem que <b>pugui <\/b><\/span><\/span><\/span><span style=\"color: #000000;\"><span style=\"font-family: Segoe Print;\"><span style=\"font-size: large;\"><b>sentir tot el recolzament i la confian\u00e7a<\/b>, per <b>expressar els seus talents innats <\/b>i <b>pugui desenvolupar al m\u00e0xim tot el seu potencial emocional i intel\u00b7lectual<\/b>. (<i>Cultura avaluativa constant. Detecci\u00f3 i seguiment de la seva evoluci\u00f3 personal, potenciar les tutories com a eina per saber l\u2019estat emocional dels alumnes<\/i>, <i>programaci\u00f3 de sortides i col\u00f2nies escolars i altres activitats per ajudar al desenvolupament integral dels alumnes, &#8230;).<\/i><\/span><\/span><\/span><\/p>\n<\/li>\n<li>\n<p align=\"JUSTIFY\"><span style=\"color: #000000;\"><span style=\"font-family: Segoe Print;\"><span style=\"font-size: large;\">Promoure que <b>els nens\/es estiguin informats i construeixin coneixement per saber \u201cque hi ha\u201d i \u201cque hi puc fer\u201d<\/b>. I <b>dotar-los d\u2019un esperit cr\u00edtic <\/b>per possibilitar que es plantegin <b>que \u201cval la pena fer\u201d.<\/b> A trav\u00e9s del <b>Projecte Magnet<\/b>, treballem <b>el m\u00e8tode cient\u00edfic<\/b> com a eix vertebrador de l\u2019escola. (<i>An\u00e0lisi i posada en funcionament de noves metodologies que impliquin una major autonomia i pressa de decisions entre els nens\/es. Ambients, espais, projectes, eix transversals, matem\u00e0tiques manipulatives, introducci\u00f3 a la rob\u00f2tica al cicle superior, &#8230;).<\/i><\/span><\/span><\/span><\/p>\n<\/li>\n<li>\n<p align=\"JUSTIFY\"><span style=\"color: #000000;\"><span style=\"font-family: Segoe Print;\"><span style=\"font-size: large;\"><b>Ampliar el suport a l\u2019aprenentatge de la llengua estrangera <\/b>(angl\u00e8s) fent-lo extensiu a l\u2019etapa d\u2019educaci\u00f3 Infantil. (<i>Incloure l\u2019angl\u00e8s a els ambients de l\u2019etapa d\u2019infantil, mantenir desdoblaments per reduir la r\u00e0tio,..<\/i>.).<\/span><\/span><\/span><\/p>\n<\/li>\n<li>\n<p align=\"JUSTIFY\"><span style=\"color: #000000;\"><span style=\"font-family: Segoe Print;\"><span style=\"font-size: large;\"><b>Facilitar l\u2019acc\u00e9s equitatiu als recursos educatius <\/b>per tal de cercar <b>l\u2019\u00e8xit<\/b> <b>de<\/b> <b>tot\u00a0 l\u2019alumnat<\/b>. (<i>Mantenir i fer cr\u00e9ixer, els grups flexibles, desdoblaments, atenci\u00f3 individualitzada i estudi de noves estrat\u00e8gies. Promoure el treball conjunt entre diferents administracions i serveis per crear condicions d\u2019educabilitat \u00f2ptimes(Departament, Ajuntament, Fundaci\u00f3 Bofill, Fundaci\u00f3 Naturgy, <\/i>&#8230;).<\/span><\/span><\/span><\/p>\n<\/li>\n<li>\n<p align=\"JUSTIFY\"><span style=\"color: #000000;\"><span style=\"font-family: Segoe Print;\"><span style=\"font-size: medium;\"><span style=\"font-size: large;\"><b>Hem estat, som i serem una escola inclusiva<\/b><\/span><span style=\"font-size: large;\">, per ple convenciment de que <\/span><span style=\"font-size: large;\"><b>s\u2019ha de garantir la pres\u00e8ncia, la participaci\u00f3 i els aprenentatges valuosos de tot l\u2019alumnat<\/b><\/span><span style=\"font-size: large;\">.<\/span><\/span><\/span><\/span><\/p>\n<\/li>\n<\/ul>\n<\/li>\n<\/ul>\n","protected":false},"excerpt":{"rendered":"<p>\u00c0MBIT ESCOLAR<br \/>\nEns plantegem la qualitat i la excel\u00b7l\u00e8ncia educativa com a element b\u00e0sic per la igualtat d\u2019oportunitats i \u00e8xit per tothom.<\/p>\n<ul>\n<li style=\"list-style-type: none;\">\n<ul>\n<li>\nL\u2019alumne \u00e9s el centre de l\u2019aprenentatge i per tant procurem que pugui sentir tot el recolzament i la confian\u00e7a, per expressar els seus&hellip;  <a href=\"https:\/\/agora.xtec.cat\/ceipfontrosella\/projecte-educatiu\/ambit-escolar\/\" title=\"Read Objectius i actuacions alumnat\">Llegeix m\u00e9s\u00bb<\/a><\/p>\n","protected":false},"author":1,"featured_media":0,"parent":64,"menu_order":0,"comment_status":"closed","ping_status":"closed","template":"","meta":{"_bbp_topic_count":0,"_bbp_reply_count":0,"_bbp_total_topic_count":0,"_bbp_total_reply_count":0,"_bbp_voice_count":0,"_bbp_anonymous_reply_count":0,"_bbp_topic_count_hidden":0,"_bbp_reply_count_hidden":0,"_bbp_forum_subforum_count":0,"footnotes":""},"class_list":["post-11858","page","type-page","status-publish","hentry"],"post_mailing_queue_ids":[],"_links":{"self":[{"href":"https:\/\/agora.xtec.cat\/ceipfontrosella\/wp-json\/wp\/v2\/pages\/11858","targetHints":{"allow":["GET"]}}],"collection":[{"href":"https:\/\/agora.xtec.cat\/ceipfontrosella\/wp-json\/wp\/v2\/pages"}],"about":[{"href":"https:\/\/agora.xtec.cat\/ceipfontrosella\/wp-json\/wp\/v2\/types\/page"}],"author":[{"embeddable":true,"href":"https:\/\/agora.xtec.cat\/ceipfontrosella\/wp-json\/wp\/v2\/users\/1"}],"replies":[{"embeddable":true,"href":"https:\/\/agora.xtec.cat\/ceipfontrosella\/wp-json\/wp\/v2\/comments?post=11858"}],"version-history":[{"count":3,"href":"https:\/\/agora.xtec.cat\/ceipfontrosella\/wp-json\/wp\/v2\/pages\/11858\/revisions"}],"predecessor-version":[{"id":11875,"href":"https:\/\/agora.xtec.cat\/ceipfontrosella\/wp-json\/wp\/v2\/pages\/11858\/revisions\/11875"}],"up":[{"embeddable":true,"href":"https:\/\/agora.xtec.cat\/ceipfontrosella\/wp-json\/wp\/v2\/pages\/64"}],"wp:attachment":[{"href":"https:\/\/agora.xtec.cat\/ceipfontrosella\/wp-json\/wp\/v2\/media?parent=11858"}],"curies":[{"name":"wp","href":"https:\/\/api.w.org\/{rel}","templated":true}]}}