{"id":11835,"date":"2020-03-08T22:01:44","date_gmt":"2020-03-08T21:01:44","guid":{"rendered":"https:\/\/agora.xtec.cat\/ceipfontrosella\/?page_id=11835"},"modified":"2025-03-25T10:08:32","modified_gmt":"2025-03-25T09:08:32","slug":"actualitzat_projecte-educatiu-de-centre","status":"publish","type":"page","link":"https:\/\/agora.xtec.cat\/ceipfontrosella\/projecte-educatiu\/actualitzat_projecte-educatiu-de-centre\/","title":{"rendered":"Projecte Educatiu de centre ( PEC)"},"content":{"rendered":"<div class=\"doc-attachments\">\n<div class=\"doc-attachments\">\n<p><strong>El seg\u00fcent document mostra els trets generals en els que es basa el nostre PE i \u00e9s un reflex del projecte de direcci\u00f3 que va ser presentat i aprovat per l\u2019actual Equip Directiu l\u2019any 2023 i que es perllongar\u00e0 fins l\u2019any 2027.<\/strong><\/p>\n<p><strong>La nostra escola ha encetat un nou Projecte metodol\u00f2gic integral en el qual els i les alumnes s\u00f3n els protagonistes del seu propi aprenentatge i on la motivaci\u00f3 per a descobrir \u00e9s l\u2019eix clau de la nostra metodologia.\u00a0<\/strong><\/p>\n<p><a href=\"https:\/\/drive.google.com\/file\/d\/1-jnFB-xNY-tTXhMfu4Vm5hX4N-REQfMy\/view?usp=sharing\"><strong>&gt;&gt;&gt;ENLLA\u00c7 AL PEC&lt;&lt;&lt;<\/strong><\/a><\/p>\n<\/div>\n<div class=\"doc-meta\"><\/div>\n<\/div>\n<div class=\"doc-meta\"><\/div>\n","protected":false},"excerpt":{"rendered":"<p>El seg\u00fcent document mostra els trets generals en els que es basa el nostre PE i \u00e9s un reflex del projecte de direcci\u00f3 que va ser presentat i aprovat per l\u2019actual Equip Directiu l\u2019any 2023 i que es perllongar\u00e0 fins l\u2019any 2027.<br \/>\nLa nostra escola ha&hellip;  <a href=\"https:\/\/agora.xtec.cat\/ceipfontrosella\/projecte-educatiu\/actualitzat_projecte-educatiu-de-centre\/\" title=\"Read Projecte Educatiu de centre ( PEC)\">Llegeix m\u00e9s\u00bb<\/a><\/p>\n","protected":false},"author":1,"featured_media":0,"parent":64,"menu_order":0,"comment_status":"closed","ping_status":"closed","template":"page-templates\/side-menu.php","meta":{"_bbp_topic_count":0,"_bbp_reply_count":0,"_bbp_total_topic_count":0,"_bbp_total_reply_count":0,"_bbp_voice_count":0,"_bbp_anonymous_reply_count":0,"_bbp_topic_count_hidden":0,"_bbp_reply_count_hidden":0,"_bbp_forum_subforum_count":0,"footnotes":""},"class_list":["post-11835","page","type-page","status-publish","hentry"],"post_mailing_queue_ids":[],"_links":{"self":[{"href":"https:\/\/agora.xtec.cat\/ceipfontrosella\/wp-json\/wp\/v2\/pages\/11835","targetHints":{"allow":["GET"]}}],"collection":[{"href":"https:\/\/agora.xtec.cat\/ceipfontrosella\/wp-json\/wp\/v2\/pages"}],"about":[{"href":"https:\/\/agora.xtec.cat\/ceipfontrosella\/wp-json\/wp\/v2\/types\/page"}],"author":[{"embeddable":true,"href":"https:\/\/agora.xtec.cat\/ceipfontrosella\/wp-json\/wp\/v2\/users\/1"}],"replies":[{"embeddable":true,"href":"https:\/\/agora.xtec.cat\/ceipfontrosella\/wp-json\/wp\/v2\/comments?post=11835"}],"version-history":[{"count":5,"href":"https:\/\/agora.xtec.cat\/ceipfontrosella\/wp-json\/wp\/v2\/pages\/11835\/revisions"}],"predecessor-version":[{"id":16489,"href":"https:\/\/agora.xtec.cat\/ceipfontrosella\/wp-json\/wp\/v2\/pages\/11835\/revisions\/16489"}],"up":[{"embeddable":true,"href":"https:\/\/agora.xtec.cat\/ceipfontrosella\/wp-json\/wp\/v2\/pages\/64"}],"wp:attachment":[{"href":"https:\/\/agora.xtec.cat\/ceipfontrosella\/wp-json\/wp\/v2\/media?parent=11835"}],"curies":[{"name":"wp","href":"https:\/\/api.w.org\/{rel}","templated":true}]}}