{"id":2021,"date":"2017-09-18T02:24:27","date_gmt":"2017-09-18T00:24:27","guid":{"rendered":"http:\/\/agora.xtec.cat\/ceipfontorpina\/?page_id=2021"},"modified":"2018-06-05T14:48:43","modified_gmt":"2018-06-05T12:48:43","slug":"cami-de-lescola","status":"publish","type":"page","link":"https:\/\/agora.xtec.cat\/ceipfontorpina\/cami-de-lescola\/","title":{"rendered":"Cam\u00ed de l&#8217;escola"},"content":{"rendered":"<p><span style=\"color: #424242;\"><span style=\"font-family: Arial, sans-serif;\"><span style=\"font-size: medium;\">El projecte <strong>Cam\u00ed de l\u2019Escola<\/strong>, forma part del Pla d&#8217;Actuacions del Programa Escoles Verdes,\u00a0 es tracta d\u2019un itinerari senyalitzat i segur que poden seguir el nens i les nenes en el trajecte d\u2019anada a l\u2019escola.<\/span><\/span><\/span><\/p>\n<p><span style=\"color: #424242;\"><span style=\"font-family: Arial, sans-serif;\"><span style=\"font-size: medium;\">Aix\u00f2 vol dir que els nens van a peu amb companys de diferents edats, per l&#8217;itinerari que t\u00e9 les condicions de m\u00e9s seguretat. Sempre van acompanyats de persones adultes de la seva pr\u00f2pia fam\u00edlia que participen volunt\u00e0riament en els acompanyaments. <\/span><\/span><\/span><\/p>\n<p lang=\"es-ES\"><span style=\"font-family: Arial, sans-serif;\"><span style=\"font-size: medium;\"><span style=\"color: #424242;\"><span lang=\"ca-ES\">El cam\u00ed t\u00e9 un origen, diversos punts de partida que anomenem parades i un final del trajecte, que sempre \u00e9s l\u2019escola. S<\/span><\/span><span style=\"color: #424242;\"><span lang=\"en-GB\">\u2019<\/span><\/span><span style=\"color: #424242;\"><span lang=\"ca-ES\">han fet 5 parades, 1 a Can Serra Estaci\u00f3 i les altres 4 a l<\/span><\/span><span style=\"color: #424242;\"><span lang=\"en-GB\">\u2019<\/span><\/span><span style=\"color: #424242;\"><span lang=\"ca-ES\">altra banda de Can Serra. Cada parada te la seva senyalitzaci\u00f3 vertical, amb el nom de la parada i l<\/span><\/span><span style=\"color: #424242;\"><span lang=\"en-GB\">\u2019<\/span><\/span><span style=\"color: #424242;\"><span lang=\"ca-ES\">hora de sortida. Tot l<\/span><\/span><span style=\"color: #424242;\"><span lang=\"en-GB\">\u2019<\/span><\/span><span style=\"color: #424242;\"><span lang=\"ca-ES\">itinerari va marcat amb petjades de pintura al terra que van pintar els alumnes de 5\u00e8 de l\u2019escola.<\/span><\/span><\/span><\/span><\/p>\n<p lang=\"es-ES\"><a href=\"http:\/\/agora.xtec.cat\/ceipfontorpina\/wp-content\/uploads\/usu1404\/2017\/09\/petjada.jpg\"><img loading=\"lazy\" decoding=\"async\" class=\"size-full wp-image-3756 aligncenter\" src=\"http:\/\/agora.xtec.cat\/ceipfontorpina\/wp-content\/uploads\/usu1404\/2017\/09\/petjada.jpg\" alt=\"\" width=\"87\" height=\"89\" \/><\/a><\/p>\n<p lang=\"es-ES\"><span style=\"font-family: Arial, sans-serif;\"><span style=\"font-size: medium;\"><span style=\"color: #424242;\"><span lang=\"ca-ES\">Per tirar endavant el projecte hem necessitat la col.laboraci\u00f3 de l\u2019Ajuntament que ens han donat una <\/span><\/span><span style=\"color: #424242;\"><span lang=\"ca-ES\">subvenci\u00f3 de les regidories de medi ambient i <\/span><\/span><span style=\"color: #424242;\"><span lang=\"ca-ES\">mobilitat territorial<\/span><\/span><span style=\"color: #424242;\"><span lang=\"ca-ES\"> per assumir el cost de totes les senyalitzacions del cam\u00ed; la col.laboraci\u00f3 de la policia que ens han supervisat l\u2019itinerari i els punts on s\u2019han ubicat les parades; i la col.laboraci\u00f3 de les fam\u00edlies, que han participat responent les enquestes, creant un grup gestor que s\u2019encarrega d\u2019organitzar el funcionament de cada parada, i fent \u00fas <\/span><\/span><span style=\"color: #424242;\"><span lang=\"ca-ES\">d<\/span><\/span><span style=\"color: #424242;\"><span lang=\"ca-ES\">el cam\u00ed. <\/span><\/span><\/span><\/span><\/p>\n<p lang=\"es-ES\"><span style=\"font-family: Arial, sans-serif;\"><span style=\"font-size: medium;\"><span style=\"color: #424242;\"><span lang=\"ca-ES\">El Cam\u00ed de l\u2019Escola \u00e9s una iniciativa adre\u00e7ada a les fam\u00edlies, per\u00f2 tamb\u00e9 \u00e9s una<\/span><\/span> <span style=\"color: #424242;\"><span lang=\"ca-ES\">millora que repercuteix en l\u2019entorn i el mediambient.<\/span><\/span><\/span><\/span><\/p>\n<p lang=\"pt-PT\"><span style=\"font-family: Arial, sans-serif;\"><span style=\"font-size: medium;\"><span style=\"color: #424242;\"><span lang=\"ca-ES\">Anar a peu \u00e9s una activitat saludable i a m\u00e9s a m\u00e9s, \u00e9s econ\u00f2mic, \u00e9s ecol\u00f2gic i \u00e9s r\u00e0pid,<\/span><\/span> <span style=\"color: #424242;\"><span lang=\"ca-ES\">sobretot en despla\u00e7aments curts.<\/span><\/span><\/span><\/span><\/p>\n","protected":false},"excerpt":{"rendered":"<p>El projecte Cam\u00ed de l\u2019Escola, forma part del Pla d&#8217;Actuacions del Programa Escoles Verdes,\u00a0 es tracta d\u2019un itinerari senyalitzat i segur que poden seguir el nens i les nenes en el trajecte d\u2019anada a l\u2019escola.<br \/>\nAix\u00f2 vol dir que els nens van a peu amb companys&hellip;  <a href=\"https:\/\/agora.xtec.cat\/ceipfontorpina\/cami-de-lescola\/\" title=\"Read Cam\u00ed de l&#8217;escola\">Llegeix m\u00e9s\u00bb<\/a><\/p>\n","protected":false},"author":1,"featured_media":0,"parent":0,"menu_order":0,"comment_status":"closed","ping_status":"closed","template":"","meta":{"_bbp_topic_count":0,"_bbp_reply_count":0,"_bbp_total_topic_count":0,"_bbp_total_reply_count":0,"_bbp_voice_count":0,"_bbp_anonymous_reply_count":0,"_bbp_topic_count_hidden":0,"_bbp_reply_count_hidden":0,"_bbp_forum_subforum_count":0,"footnotes":""},"class_list":["post-2021","page","type-page","status-publish","hentry"],"post_mailing_queue_ids":[],"_links":{"self":[{"href":"https:\/\/agora.xtec.cat\/ceipfontorpina\/wp-json\/wp\/v2\/pages\/2021","targetHints":{"allow":["GET"]}}],"collection":[{"href":"https:\/\/agora.xtec.cat\/ceipfontorpina\/wp-json\/wp\/v2\/pages"}],"about":[{"href":"https:\/\/agora.xtec.cat\/ceipfontorpina\/wp-json\/wp\/v2\/types\/page"}],"author":[{"embeddable":true,"href":"https:\/\/agora.xtec.cat\/ceipfontorpina\/wp-json\/wp\/v2\/users\/1"}],"replies":[{"embeddable":true,"href":"https:\/\/agora.xtec.cat\/ceipfontorpina\/wp-json\/wp\/v2\/comments?post=2021"}],"version-history":[{"count":3,"href":"https:\/\/agora.xtec.cat\/ceipfontorpina\/wp-json\/wp\/v2\/pages\/2021\/revisions"}],"predecessor-version":[{"id":3757,"href":"https:\/\/agora.xtec.cat\/ceipfontorpina\/wp-json\/wp\/v2\/pages\/2021\/revisions\/3757"}],"wp:attachment":[{"href":"https:\/\/agora.xtec.cat\/ceipfontorpina\/wp-json\/wp\/v2\/media?parent=2021"}],"curies":[{"name":"wp","href":"https:\/\/api.w.org\/{rel}","templated":true}]}}