{"id":71,"date":"2014-09-18T12:44:56","date_gmt":"2014-09-18T12:44:56","guid":{"rendered":"http:\/\/agora.xtec.cat\/ceipfontmartina\/?page_id=71"},"modified":"2016-02-25T19:31:53","modified_gmt":"2016-02-25T18:31:53","slug":"serveis-digitals","status":"publish","type":"page","link":"https:\/\/agora.xtec.cat\/ceipfontmartina\/serveis\/serveis-digitals\/","title":{"rendered":"Serveis digitals"},"content":{"rendered":"<p>-Els alumnes disposen de correu electr\u00f2nic amb domini usuari@escolafontmartina.cat i treballem amb tecnologia 2.0<\/p>\n<p>-Tenim espai Moodle amb recursos de varis tipus.<\/p>\n<p>-Cada grup disposa d&#8217;un bloc on publica escrits i fotos d&#8217;activitats, festes, sortides&#8230;<\/p>\n<p>-Tenim dues aules d&#8217;inform\u00e0tica, una amb sistema operatiu Linkat (plataforma Ubuntu) i una de Microsoft.<\/p>\n<p>-Totes les aules disposen de PDI (Pissarra Digital Interactiva)<\/p>\n<p>-Ordinadors en xarxa i amb acc\u00e9s a Internet des de qualsevol equip.<\/p>\n<p>-Gesti\u00f3 dels grups i dels informes a trav\u00e9s del &#8220;Sistema d&#8217;Administraci\u00f3 i Gesti\u00f3 Acad\u00e8mica&#8221; proposat pel Departament d&#8217;Ensenyament.<\/p>\n<p>-Comunicacions i notificacions a les families a trav\u00e9s de &#8220;mailing&#8221;<\/p>\n<p>-Cal autoritzaci\u00f3 expressa per part de les fam\u00edlies pels drets d&#8217;imatge i per l&#8217;\u00fas del correu-e.<\/p>\n<p>-El centre posar\u00e0 en funcionament la <strong>xarxa Nodes<\/strong>, aquest pot ser un bon lloc per referenciar els\u00a0principals grups i activitats que s&#8217;hi portin\u00a0a terme.<\/p>\n","protected":false},"excerpt":{"rendered":"<p>-Els alumnes disposen de correu electr\u00f2nic amb domini usuari@escolafontmartina.cat i treballem amb tecnologia 2.0<br \/>\n-Tenim espai Moodle amb recursos de varis tipus.<br \/>\n-Cada grup disposa d&#8217;un bloc on publica escrits i fotos d&#8217;activitats, festes, sortides&#8230;<br \/>\n-Tenim dues aules d&#8217;inform\u00e0tica, una amb sistema operatiu Linkat (plataforma Ubuntu) i una&hellip;  <a href=\"https:\/\/agora.xtec.cat\/ceipfontmartina\/serveis\/serveis-digitals\/\" title=\"Read Serveis digitals\">Llegeix m\u00e9s\u00bb<\/a><\/p>\n","protected":false},"author":2,"featured_media":0,"parent":66,"menu_order":10,"comment_status":"closed","ping_status":"closed","template":"page-templates\/side-menu.php","meta":{"_bbp_topic_count":0,"_bbp_reply_count":0,"_bbp_total_topic_count":0,"_bbp_total_reply_count":0,"_bbp_voice_count":0,"_bbp_anonymous_reply_count":0,"_bbp_topic_count_hidden":0,"_bbp_reply_count_hidden":0,"_bbp_forum_subforum_count":0,"footnotes":""},"class_list":["post-71","page","type-page","status-publish","hentry"],"post_mailing_queue_ids":[],"_links":{"self":[{"href":"https:\/\/agora.xtec.cat\/ceipfontmartina\/wp-json\/wp\/v2\/pages\/71","targetHints":{"allow":["GET"]}}],"collection":[{"href":"https:\/\/agora.xtec.cat\/ceipfontmartina\/wp-json\/wp\/v2\/pages"}],"about":[{"href":"https:\/\/agora.xtec.cat\/ceipfontmartina\/wp-json\/wp\/v2\/types\/page"}],"author":[{"embeddable":true,"href":"https:\/\/agora.xtec.cat\/ceipfontmartina\/wp-json\/wp\/v2\/users\/2"}],"replies":[{"embeddable":true,"href":"https:\/\/agora.xtec.cat\/ceipfontmartina\/wp-json\/wp\/v2\/comments?post=71"}],"version-history":[{"count":3,"href":"https:\/\/agora.xtec.cat\/ceipfontmartina\/wp-json\/wp\/v2\/pages\/71\/revisions"}],"predecessor-version":[{"id":458,"href":"https:\/\/agora.xtec.cat\/ceipfontmartina\/wp-json\/wp\/v2\/pages\/71\/revisions\/458"}],"up":[{"embeddable":true,"href":"https:\/\/agora.xtec.cat\/ceipfontmartina\/wp-json\/wp\/v2\/pages\/66"}],"wp:attachment":[{"href":"https:\/\/agora.xtec.cat\/ceipfontmartina\/wp-json\/wp\/v2\/media?parent=71"}],"curies":[{"name":"wp","href":"https:\/\/api.w.org\/{rel}","templated":true}]}}