{"id":36,"date":"2014-09-18T12:33:11","date_gmt":"2014-09-18T12:33:11","guid":{"rendered":"http:\/\/agora.xtec.cat\/ceipfontmartina\/?page_id=36"},"modified":"2016-02-19T20:18:02","modified_gmt":"2016-02-19T19:18:02","slug":"material-escolar","status":"publish","type":"page","link":"https:\/\/agora.xtec.cat\/ceipfontmartina\/lescola\/material-escolar\/","title":{"rendered":"Material escolar E Infantil"},"content":{"rendered":"<p style=\"text-align: center;\"><span style=\"text-decoration: underline;\"><strong>Material d\u2019Educaci\u00f3 Infantil<\/strong><\/span><\/p>\n<p>\u2022<span style=\"font-family: inherit; font-size: 1em; line-height: 1.6;\">Cal que la roba que portin els nens\/es sigui c\u00f2mode: ni peto, ni tirants, ni cinturons, ni roba que no es puguin treure sols. El millor s\u00f3n pantalons amb gomes, xandalls&#8230;per afavorir l\u2019autonomia del nen\/a.<\/span><\/p>\n<p><span style=\"font-family: inherit; font-size: 1em; line-height: 1.6;\"> \u2022 Els dies de psicomotricitat cal anar amb xandall i cal\u00e7at esportiu de velcro, que s\u00f3n m\u00e9s f\u00e0cils de posar i treure. \u2022 \u00c9s necessari portar uns mitjons antilliscants, per fer la psicomotricitat al gimn\u00e0s. <\/span><\/p>\n<p><span style=\"font-family: inherit; font-size: 1em; line-height: 1.6;\">\u2022 Cal que tots els nens\/es portin bata. La bata anir\u00e0 cordada al davant, amb botons grossos. El nom del nen\/a anir\u00e0 cosit o escrit al davant de la bata. Tamb\u00e9 hi posareu una beta d\u2019uns 20cm. per poder-la penjar. Els nens\/es que es quedin a dinar a l\u2019escola hauran de portar una bata exclusivament pel menjador. Els divendres s\u2019emportaran la bata a casa per poder-la rentar. <\/span><\/p>\n<p><span style=\"font-family: inherit; font-size: 1em; line-height: 1.6;\">\u2022 Els abrics, jaquetes&#8230; tamb\u00e9 hauran de dur la beta per poder-los penjar. Tot ha d\u2019anar marcat amb el nom. <\/span><\/p>\n<p><span style=\"font-family: inherit; font-size: 1em; line-height: 1.6;\">\u2022 Els nens\/es portaran una bosseta de roba on hi haur\u00e0 un tovall\u00f3 de roba i l\u2019esmorzar guardats en una carmanyola. <\/span><\/p>\n<p><span style=\"font-family: inherit; font-size: 1em; line-height: 1.6;\">\u2022 Cal que cada nen\/a porti una capsa de mocadors de paper i una de tovalloletes humides <\/span><\/p>\n<p><span style=\"font-family: inherit; font-size: 1em; line-height: 1.6;\">\u2022 Tamb\u00e9 s\u2019haur\u00e0 de portar una muda complerta de roba (samarreta, cal\u00e7at, pantalons, calcetes o cal\u00e7otets, mitjons, jersei i una tovallola de lavabo) dins d\u2019una caixa, per si fos necessari canviar-lo. Tant la caixa com la roba han d\u2019anar marcades amb el nom.<\/span><\/p>\n<p><span style=\"font-family: inherit; font-size: 1em; line-height: 1.6;\"> \u2022 Cal portar una foto de fam\u00edlia l\u00fadica. Tot aquest material cal dur-lo el primer dia d\u2019escola.<\/span><\/p>\n","protected":false},"excerpt":{"rendered":"<p>Material d\u2019Educaci\u00f3 Infantil<br \/>\n\u2022Cal que la roba que portin els nens\/es sigui c\u00f2mode: ni peto, ni tirants, ni cinturons, ni roba que no es puguin treure sols. El millor s\u00f3n pantalons amb gomes, xandalls&#8230;per afavorir l\u2019autonomia del nen\/a.<br \/>\n \u2022 Els dies de psicomotricitat cal anar amb&hellip;  <a href=\"https:\/\/agora.xtec.cat\/ceipfontmartina\/lescola\/material-escolar\/\" title=\"Read Material escolar E Infantil\">Llegeix m\u00e9s\u00bb<\/a><\/p>\n","protected":false},"author":2,"featured_media":0,"parent":22,"menu_order":12,"comment_status":"closed","ping_status":"closed","template":"page-templates\/side-menu.php","meta":{"_bbp_topic_count":0,"_bbp_reply_count":0,"_bbp_total_topic_count":0,"_bbp_total_reply_count":0,"_bbp_voice_count":0,"_bbp_anonymous_reply_count":0,"_bbp_topic_count_hidden":0,"_bbp_reply_count_hidden":0,"_bbp_forum_subforum_count":0,"footnotes":""},"class_list":["post-36","page","type-page","status-publish","hentry"],"post_mailing_queue_ids":[],"_links":{"self":[{"href":"https:\/\/agora.xtec.cat\/ceipfontmartina\/wp-json\/wp\/v2\/pages\/36","targetHints":{"allow":["GET"]}}],"collection":[{"href":"https:\/\/agora.xtec.cat\/ceipfontmartina\/wp-json\/wp\/v2\/pages"}],"about":[{"href":"https:\/\/agora.xtec.cat\/ceipfontmartina\/wp-json\/wp\/v2\/types\/page"}],"author":[{"embeddable":true,"href":"https:\/\/agora.xtec.cat\/ceipfontmartina\/wp-json\/wp\/v2\/users\/2"}],"replies":[{"embeddable":true,"href":"https:\/\/agora.xtec.cat\/ceipfontmartina\/wp-json\/wp\/v2\/comments?post=36"}],"version-history":[{"count":3,"href":"https:\/\/agora.xtec.cat\/ceipfontmartina\/wp-json\/wp\/v2\/pages\/36\/revisions"}],"predecessor-version":[{"id":239,"href":"https:\/\/agora.xtec.cat\/ceipfontmartina\/wp-json\/wp\/v2\/pages\/36\/revisions\/239"}],"up":[{"embeddable":true,"href":"https:\/\/agora.xtec.cat\/ceipfontmartina\/wp-json\/wp\/v2\/pages\/22"}],"wp:attachment":[{"href":"https:\/\/agora.xtec.cat\/ceipfontmartina\/wp-json\/wp\/v2\/media?parent=36"}],"curies":[{"name":"wp","href":"https:\/\/api.w.org\/{rel}","templated":true}]}}