{"id":909,"date":"2018-06-24T15:58:39","date_gmt":"2018-06-24T13:58:39","guid":{"rendered":"http:\/\/agora.xtec.cat\/ceipfolchitorres-badalona\/?page_id=909"},"modified":"2026-03-10T10:39:34","modified_gmt":"2026-03-10T09:39:34","slug":"qui-som","status":"publish","type":"page","link":"https:\/\/agora.xtec.cat\/ceipfolchitorres-badalona\/escola\/qui-som\/","title":{"rendered":"Qui som?"},"content":{"rendered":"<p>&nbsp;<\/p>\n<table style=\"width: 71.0534%; height: 1068px;\">\n<tbody>\n<tr style=\"height: 33px;\">\n<td style=\"height: 33px; width: 110.297%;\" colspan=\"2\"><em><strong>EQUIP DIRECTIU<\/strong><\/em><\/td>\n<\/tr>\n<tr style=\"height: 33px;\">\n<td style=\"height: 33px; width: 49.4234%;\">Directora<\/td>\n<td style=\"height: 33px; width: 60.8735%;\"><strong>Marta Perib\u00e1\u00f1ez<\/strong><\/td>\n<\/tr>\n<tr style=\"height: 33px;\">\n<td style=\"height: 33px; width: 49.4234%;\">Cap d\u2019estudis<\/td>\n<td style=\"height: 33px; width: 60.8735%;\"><strong>M\u00aa Jos\u00e9 Molina \/ Irene Moya<\/strong><\/td>\n<\/tr>\n<tr style=\"height: 33px;\">\n<td style=\"height: 33px; width: 49.4234%;\">Secret\u00e0ria<\/td>\n<td style=\"height: 33px; width: 60.8735%;\"><strong>S\u00edlvia Labernia<\/strong><\/td>\n<\/tr>\n<tr style=\"height: 33px;\">\n<td style=\"height: 33px; width: 110.297%;\" colspan=\"2\"><em>TUTORES D\u2019EDUCACI\u00d3 INFANTIL<\/em><\/td>\n<\/tr>\n<tr style=\"height: 33px;\">\n<td style=\"height: 33px; width: 49.4234%;\">Infantil 3<\/td>\n<td style=\"height: 33px; width: 60.8735%;\"><strong>Dolors Clemente\u00a0<\/strong><\/td>\n<\/tr>\n<tr style=\"height: 33px;\">\n<td style=\"height: 33px; width: 49.4234%;\">Infantil 4<\/td>\n<td style=\"height: 33px; width: 60.8735%;\"><strong>Ana Bel\u00e9n Sola<\/strong><\/td>\n<\/tr>\n<tr style=\"height: 33px;\">\n<td style=\"height: 33px; width: 49.4234%;\">Infantil 5<\/td>\n<td style=\"height: 33px; width: 60.8735%;\"><strong>Cristina Fern\u00e1ndez<\/strong><\/td>\n<\/tr>\n<tr style=\"height: 33px;\">\n<td style=\"height: 33px; width: 110.297%;\" colspan=\"2\"><em><strong>TUTORS D\u2019EDUCACI\u00d3 PRIM\u00c0RIA<\/strong><\/em><\/td>\n<\/tr>\n<tr style=\"height: 33px;\">\n<td style=\"height: 33px; width: 110.297%;\" colspan=\"2\">CICLE INICIAL<\/td>\n<\/tr>\n<tr style=\"height: 33px;\">\n<td style=\"height: 33px; width: 49.4234%;\">1r<\/td>\n<td style=\"height: 33px; width: 60.8735%;\"><strong style=\"background-color: #f9f9f9;\">Judith Durany<\/strong><\/td>\n<\/tr>\n<tr style=\"height: 47px;\">\n<td style=\"height: 47px; width: 49.4234%;\">2n<\/td>\n<td style=\"height: 47px; width: 60.8735%;\"><strong>Anna Mart\u00ed<\/strong><\/td>\n<\/tr>\n<tr style=\"height: 33px;\">\n<td style=\"height: 33px; width: 110.297%;\" colspan=\"2\">CICLE MITJ\u00c0<\/td>\n<\/tr>\n<tr style=\"height: 33px;\">\n<td style=\"height: 33px; width: 49.4234%;\">3r<\/td>\n<td style=\"height: 33px; width: 60.8735%;\"><b>S\u00edlvia Nieto<\/b><\/td>\n<\/tr>\n<tr style=\"height: 33px;\">\n<td style=\"height: 33px; width: 49.4234%;\">4t<\/td>\n<td style=\"height: 33px; width: 60.8735%;\"><strong>Victor Muzas<\/strong><\/td>\n<\/tr>\n<tr style=\"height: 33px;\">\n<td style=\"height: 33px; width: 110.297%;\" colspan=\"2\">CICLE SUPERIOR<\/td>\n<\/tr>\n<tr style=\"height: 33px;\">\n<td style=\"height: 33px; width: 49.4234%;\">5\u00e8 A i B<\/td>\n<td style=\"height: 33px; width: 60.8735%;\"><strong>Sara Mogoll\u00f3n i Montse Adalid<\/strong><\/td>\n<\/tr>\n<tr style=\"height: 33px;\">\n<td style=\"height: 33px; width: 49.4234%;\">6\u00e8<\/td>\n<td style=\"height: 33px; width: 60.8735%;\"><strong>Salvador Sanchiz<\/strong><\/td>\n<\/tr>\n<tr style=\"height: 33px;\">\n<td style=\"height: 33px; width: 110.297%;\" colspan=\"2\"><strong>MESTRES ESPECIALISTES<\/strong><\/td>\n<\/tr>\n<tr style=\"height: 33px;\">\n<td style=\"height: 33px; width: 49.4234%;\">ATENCI\u00d3 A LA DIVERSITAT<\/td>\n<td style=\"height: 33px; width: 60.8735%;\"><strong>Jenny Albarr\u00e1n, Silvia Labernia, M\u00aa Jos\u00e9 Molina<\/strong><\/td>\n<\/tr>\n<tr style=\"height: 33px;\">\n<td style=\"height: 33px; width: 49.4234%;\">EDUCACI\u00d3 MUSICAL<\/td>\n<td style=\"height: 33px; width: 60.8735%;\"><strong>Marta Zamora<\/strong><\/td>\n<\/tr>\n<tr style=\"height: 66px;\">\n<td style=\"height: 66px; width: 49.4234%;\">REFOR\u00c7<\/td>\n<td style=\"height: 66px; width: 60.8735%;\"><strong>Noe L\u00f3pez, Jasmina Quintana, Lia Malag\u00f3n, Mati Gonz\u00e1lez, Anna Grau<\/strong><\/td>\n<\/tr>\n<tr style=\"height: 33px;\">\n<td style=\"height: 33px; width: 49.4234%;\">ANGL\u00c8S<\/td>\n<td style=\"height: 33px; width: 60.8735%;\"><strong>Hajar Raissouni\u00a0<\/strong><\/td>\n<\/tr>\n<tr style=\"height: 33px;\">\n<td style=\"height: 33px; width: 49.4234%;\">RELIGI\u00d3 CAT\u00d2LICA<\/td>\n<td style=\"height: 33px; width: 60.8735%;\"><strong>Noem\u00ed L\u00f3pez<\/strong><\/td>\n<\/tr>\n<tr style=\"height: 33px;\">\n<td style=\"height: 33px; width: 49.4234%;\">SIEI<\/td>\n<td style=\"height: 33px; width: 60.8735%;\"><strong>Estafania Pons<\/strong><\/td>\n<\/tr>\n<tr style=\"height: 33px;\">\n<td style=\"height: 33px; width: 49.4234%;\"><\/td>\n<td style=\"height: 33px; width: 60.8735%;\"><strong>Alana\u00a0<\/strong><\/td>\n<\/tr>\n<tr style=\"height: 33px;\">\n<td style=\"height: 33px; width: 49.4234%;\">TEI<\/td>\n<td style=\"height: 33px; width: 60.8735%;\"><strong>Catalina Guzm\u00e1n<\/strong><\/td>\n<\/tr>\n<tr style=\"height: 57px;\">\n<td style=\"height: 40px; width: 49.4234%;\">TIS<\/td>\n<td style=\"height: 40px; width: 60.8735%;\">\n<p style=\"text-align: left;\"><strong>Aroia Calvo i Esperanza S\u00e1nchez<\/strong><\/p>\n<\/td>\n<\/tr>\n<tr style=\"height: 57px;\">\n<td style=\"height: 57px; width: 49.4234%;\">ADMINISTRATIVA<\/td>\n<td style=\"height: 57px; width: 60.8735%;\"><strong>Inma Escobero<\/strong><\/td>\n<\/tr>\n<tr style=\"height: 33px;\">\n<td style=\"width: 49.4234%; height: 33px;\"><\/td>\n<td style=\"width: 60.8735%; height: 33px;\"><\/td>\n<\/tr>\n<\/tbody>\n<\/table>\n<p>&nbsp;<\/p>\n","protected":false},"excerpt":{"rendered":"<p>&nbsp;<\/p>\n<p>EQUIP DIRECTIU<\/p>\n<p>Directora<br \/>\nMarta Perib\u00e1\u00f1ez<\/p>\n<p>Cap d\u2019estudis<br \/>\nM\u00aa Jos\u00e9 Molina \/ Irene Moya<\/p>\n<p>Secret\u00e0ria<br \/>\nS\u00edlvia Labernia<\/p>\n<p>TUTORES D\u2019EDUCACI\u00d3 INFANTIL<\/p>\n<p>Infantil 3<br \/>\nDolors Clemente\u00a0<\/p>\n<p>Infantil 4<br \/>\nAna Bel\u00e9n Sola<\/p>\n<p>Infantil 5<br \/>\nCristina Fern\u00e1ndez<\/p>\n<p>TUTORS D\u2019EDUCACI\u00d3 PRIM\u00c0RIA<\/p>\n<p>CICLE INICIAL<\/p>\n<p>1r<br \/>\nJudith Durany<\/p>\n<p>2n<br \/>\nAnna Mart\u00ed<\/p>\n<p>CICLE MITJ\u00c0<\/p>\n<p>3r<br \/>\nS\u00edlvia Nieto<\/p>\n<p>4t<br \/>\nVictor Muzas<\/p>\n<p>CICLE SUPERIOR<\/p>\n<p>5\u00e8 A i B<br \/>\nSara Mogoll\u00f3n i Montse Adalid<\/p>\n<p>6\u00e8<br \/>\nSalvador Sanchiz<\/p>\n<p>MESTRES ESPECIALISTES<\/p>\n<p>ATENCI\u00d3 A LA DIVERSITAT<br \/>\nJenny Albarr\u00e1n, Silvia Labernia, M\u00aa Jos\u00e9&hellip;  <a href=\"https:\/\/agora.xtec.cat\/ceipfolchitorres-badalona\/escola\/qui-som\/\" title=\"Read Qui som?\">Llegeix m\u00e9s\u00bb<\/a><\/p>\n","protected":false},"author":1,"featured_media":0,"parent":958,"menu_order":20,"comment_status":"closed","ping_status":"closed","template":"page-templates\/side-menu.php","meta":{"_bbp_topic_count":0,"_bbp_reply_count":0,"_bbp_total_topic_count":0,"_bbp_total_reply_count":0,"_bbp_voice_count":0,"_bbp_anonymous_reply_count":0,"_bbp_topic_count_hidden":0,"_bbp_reply_count_hidden":0,"_bbp_forum_subforum_count":0,"footnotes":""},"class_list":["post-909","page","type-page","status-publish","hentry"],"post_mailing_queue_ids":[],"_links":{"self":[{"href":"https:\/\/agora.xtec.cat\/ceipfolchitorres-badalona\/wp-json\/wp\/v2\/pages\/909","targetHints":{"allow":["GET"]}}],"collection":[{"href":"https:\/\/agora.xtec.cat\/ceipfolchitorres-badalona\/wp-json\/wp\/v2\/pages"}],"about":[{"href":"https:\/\/agora.xtec.cat\/ceipfolchitorres-badalona\/wp-json\/wp\/v2\/types\/page"}],"author":[{"embeddable":true,"href":"https:\/\/agora.xtec.cat\/ceipfolchitorres-badalona\/wp-json\/wp\/v2\/users\/1"}],"replies":[{"embeddable":true,"href":"https:\/\/agora.xtec.cat\/ceipfolchitorres-badalona\/wp-json\/wp\/v2\/comments?post=909"}],"version-history":[{"count":5,"href":"https:\/\/agora.xtec.cat\/ceipfolchitorres-badalona\/wp-json\/wp\/v2\/pages\/909\/revisions"}],"predecessor-version":[{"id":5014,"href":"https:\/\/agora.xtec.cat\/ceipfolchitorres-badalona\/wp-json\/wp\/v2\/pages\/909\/revisions\/5014"}],"up":[{"embeddable":true,"href":"https:\/\/agora.xtec.cat\/ceipfolchitorres-badalona\/wp-json\/wp\/v2\/pages\/958"}],"wp:attachment":[{"href":"https:\/\/agora.xtec.cat\/ceipfolchitorres-badalona\/wp-json\/wp\/v2\/media?parent=909"}],"curies":[{"name":"wp","href":"https:\/\/api.w.org\/{rel}","templated":true}]}}