{"id":828,"date":"2018-06-18T03:01:25","date_gmt":"2018-06-18T01:01:25","guid":{"rendered":"http:\/\/agora.xtec.cat\/ceipfolchitorres-badalona\/?page_id=828"},"modified":"2023-04-26T12:06:50","modified_gmt":"2023-04-26T10:06:50","slug":"documentacio","status":"publish","type":"page","link":"https:\/\/agora.xtec.cat\/ceipfolchitorres-badalona\/escola\/documentacio\/","title":{"rendered":"Documents de Centre"},"content":{"rendered":"<h6><span style=\"color: #800000;\">Documentaci\u00f3 de l&#8217;escola<\/span> (<span style=\"color: #000080;\">Alguns documents estan pendents de la propera revisi\u00f3<\/span>)<\/h6>\n<p>&nbsp;<\/p>\n<p style=\"padding-left: 80px;\"><a href=\"https:\/\/agora.xtec.cat\/ceipfolchitorres-badalona\/wp-content\/uploads\/usu1614\/2023\/04\/documento.png\"><img loading=\"lazy\" decoding=\"async\" class=\"wp-image-4570 alignnone\" src=\"https:\/\/agora.xtec.cat\/ceipfolchitorres-badalona\/wp-content\/uploads\/usu1614\/2023\/04\/documento.png\" alt=\"\" width=\"71\" height=\"71\" srcset=\"https:\/\/agora.xtec.cat\/ceipfolchitorres-badalona\/wp-content\/uploads\/usu1614\/2023\/04\/documento.png 512w, https:\/\/agora.xtec.cat\/ceipfolchitorres-badalona\/wp-content\/uploads\/usu1614\/2023\/04\/documento-300x300.png 300w, https:\/\/agora.xtec.cat\/ceipfolchitorres-badalona\/wp-content\/uploads\/usu1614\/2023\/04\/documento-150x150.png 150w\" sizes=\"auto, (max-width: 71px) 100vw, 71px\" \/><\/a>\u00a0 \u00a0 \u00a0 \u00a0 \u00a0 \u00a0 \u00a0 \u00a0 \u00a0 \u00a0 \u00a0 \u00a0 \u00a0 \u00a0 \u00a0 \u00a0 \u00a0 \u00a0 \u00a0 \u00a0 \u00a0 \u00a0 \u00a0 \u00a0 \u00a0 \u00a0 \u00a0 \u00a0 \u00a0 \u00a0<a href=\"https:\/\/agora.xtec.cat\/ceipfolchitorres-badalona\/wp-content\/uploads\/usu1614\/2023\/04\/documento-1.png\"><img loading=\"lazy\" decoding=\"async\" class=\"wp-image-4571 alignnone\" src=\"https:\/\/agora.xtec.cat\/ceipfolchitorres-badalona\/wp-content\/uploads\/usu1614\/2023\/04\/documento-1.png\" alt=\"\" width=\"70\" height=\"70\" srcset=\"https:\/\/agora.xtec.cat\/ceipfolchitorres-badalona\/wp-content\/uploads\/usu1614\/2023\/04\/documento-1.png 512w, https:\/\/agora.xtec.cat\/ceipfolchitorres-badalona\/wp-content\/uploads\/usu1614\/2023\/04\/documento-1-300x300.png 300w, https:\/\/agora.xtec.cat\/ceipfolchitorres-badalona\/wp-content\/uploads\/usu1614\/2023\/04\/documento-1-150x150.png 150w\" sizes=\"auto, (max-width: 70px) 100vw, 70px\" \/><\/a><\/p>\n<p>\u00a0 \u00a0 \u00a0 <a id=\"Explicaci\u00f3 nova avaluaci\u00f3\" href=\"https:\/\/agora.xtec.cat\/ceipfolchitorres-badalona\/wp-content\/uploads\/usu1614\/2020\/11\/EXPLICACI\u00d3-NOVA-AVALUACI\u00d3.pdf\">Explicaci\u00f3 nova avaluaci\u00f3<\/a>\u00a0 \u00a0 \u00a0 \u00a0 \u00a0 \u00a0 \u00a0 \u00a0 \u00a0 \u00a0 \u00a0 \u00a0 \u00a0 \u00a0 \u00a0 \u00a0<a id=\"NOFC (en proc\u00e9s d'actualitzaci\u00f3)\" href=\"https:\/\/agora.xtec.cat\/ceipfolchitorres-badalona\/wp-content\/uploads\/usu1614\/2019\/11\/NOFC-ESCOLA-FOLCH-I-TORRES.pdf\">NOFC (en proc\u00e9s d&#8217;actualitzaci\u00f3)<\/a> <a id=\"Projecte ling\u00fc\u00edstic 2008 (en proc\u00e9s d'actualitzaci\u00f3)\" href=\"https:\/\/agora.xtec.cat\/ceipfolchitorres-badalona\/wp-content\/uploads\/usu1614\/2020\/11\/Projecte-Ling\u00fc\u00edstic-2008.pdf\">\u00a0<\/a><\/p>\n<p style=\"padding-left: 40px;\"><a href=\"https:\/\/agora.xtec.cat\/ceipfolchitorres-badalona\/wp-content\/uploads\/usu1614\/2023\/04\/documento-1.png\">\u00a0 \u00a0 \u00a0 \u00a0 \u00a0<img loading=\"lazy\" decoding=\"async\" class=\"alignnone wp-image-4571\" src=\"https:\/\/agora.xtec.cat\/ceipfolchitorres-badalona\/wp-content\/uploads\/usu1614\/2023\/04\/documento-1.png\" alt=\"\" width=\"71\" height=\"71\" srcset=\"https:\/\/agora.xtec.cat\/ceipfolchitorres-badalona\/wp-content\/uploads\/usu1614\/2023\/04\/documento-1.png 512w, https:\/\/agora.xtec.cat\/ceipfolchitorres-badalona\/wp-content\/uploads\/usu1614\/2023\/04\/documento-1-300x300.png 300w, https:\/\/agora.xtec.cat\/ceipfolchitorres-badalona\/wp-content\/uploads\/usu1614\/2023\/04\/documento-1-150x150.png 150w\" sizes=\"auto, (max-width: 71px) 100vw, 71px\" \/>\u00a0 \u00a0<\/a>\u00a0 \u00a0\u00a0 \u00a0\u00a0 \u00a0\u00a0 \u00a0\u00a0 \u00a0\u00a0 \u00a0\u00a0 \u00a0\u00a0 \u00a0\u00a0 \u00a0\u00a0 \u00a0\u00a0 \u00a0\u00a0 \u00a0\u00a0 \u00a0\u00a0 \u00a0\u00a0 \u00a0\u00a0 \u00a0\u00a0 \u00a0\u00a0 \u00a0\u00a0 \u00a0<a href=\"https:\/\/agora.xtec.cat\/ceipfolchitorres-badalona\/wp-content\/uploads\/usu1614\/2023\/04\/documento-1.png\"><img loading=\"lazy\" decoding=\"async\" class=\"wp-image-4571 alignnone\" src=\"https:\/\/agora.xtec.cat\/ceipfolchitorres-badalona\/wp-content\/uploads\/usu1614\/2023\/04\/documento-1.png\" alt=\"\" width=\"71\" height=\"71\" srcset=\"https:\/\/agora.xtec.cat\/ceipfolchitorres-badalona\/wp-content\/uploads\/usu1614\/2023\/04\/documento-1.png 512w, https:\/\/agora.xtec.cat\/ceipfolchitorres-badalona\/wp-content\/uploads\/usu1614\/2023\/04\/documento-1-300x300.png 300w, https:\/\/agora.xtec.cat\/ceipfolchitorres-badalona\/wp-content\/uploads\/usu1614\/2023\/04\/documento-1-150x150.png 150w\" sizes=\"auto, (max-width: 71px) 100vw, 71px\" \/><\/a><\/p>\n<p><a id=\"Projecte ling\u00fc\u00edstic 2008 (en proc\u00e9s d'actualitzaci\u00f3)\" href=\"https:\/\/agora.xtec.cat\/ceipfolchitorres-badalona\/wp-content\/uploads\/usu1614\/2020\/11\/Projecte-Ling\u00fc\u00edstic-2008.pdf\">Projecte ling\u00fc\u00edstic 2008 (en proc\u00e9s d&#8217;actualitzaci\u00f3) <\/a> <a id=\"Projecte educatiu del centre 2012\" href=\"https:\/\/agora.xtec.cat\/ceipfolchitorres-badalona\/wp-content\/uploads\/usu1614\/2020\/11\/PROJECTE-EDUCATIU-DEL-CENTRE-2012.pdf\">Projecte educatiu del centre 2012 <\/a><\/p>\n<p style=\"padding-left: 40px;\">\u00a0 \u00a0\u00a0 \u00a0\u00a0 <a href=\"https:\/\/agora.xtec.cat\/ceipfolchitorres-badalona\/wp-content\/uploads\/usu1614\/2023\/04\/documento-1.png\"><img loading=\"lazy\" decoding=\"async\" class=\"wp-image-4571 alignnone\" src=\"https:\/\/agora.xtec.cat\/ceipfolchitorres-badalona\/wp-content\/uploads\/usu1614\/2023\/04\/documento-1.png\" alt=\"\" width=\"71\" height=\"71\" srcset=\"https:\/\/agora.xtec.cat\/ceipfolchitorres-badalona\/wp-content\/uploads\/usu1614\/2023\/04\/documento-1.png 512w, https:\/\/agora.xtec.cat\/ceipfolchitorres-badalona\/wp-content\/uploads\/usu1614\/2023\/04\/documento-1-300x300.png 300w, https:\/\/agora.xtec.cat\/ceipfolchitorres-badalona\/wp-content\/uploads\/usu1614\/2023\/04\/documento-1-150x150.png 150w\" sizes=\"auto, (max-width: 71px) 100vw, 71px\" \/><\/a><\/p>\n<p style=\"padding-left: 40px;\"><a id=\"Projecte de direcci\u00f3\" href=\"https:\/\/agora.xtec.cat\/ceipfolchitorres-badalona\/wp-content\/uploads\/usu1614\/2022\/01\/PROJECTE-DE-DIRECCIO-WEB.pdff\">Projecte de direcci\u00f3 <\/a><\/p>\n<p>&nbsp;<\/p>\n","protected":false},"excerpt":{"rendered":"<p>Documentaci\u00f3 de l&#8217;escola (Alguns documents estan pendents de la propera revisi\u00f3)<br \/>\n&nbsp;<br \/>\n<a href=\"https:\/\/agora.xtec.cat\/ceipfolchitorres-badalona\/wp-content\/uploads\/usu1614\/2023\/04\/documento.png\"><\/a>\u00a0 \u00a0 \u00a0 \u00a0 \u00a0 \u00a0 \u00a0 \u00a0 \u00a0 \u00a0 \u00a0 \u00a0 \u00a0 \u00a0 \u00a0 \u00a0 \u00a0 \u00a0 \u00a0 \u00a0 \u00a0 \u00a0 \u00a0 \u00a0 \u00a0 \u00a0 \u00a0 \u00a0 \u00a0 \u00a0<a href=\"https:\/\/agora.xtec.cat\/ceipfolchitorres-badalona\/wp-content\/uploads\/usu1614\/2023\/04\/documento-1.png\"><\/a><br \/>\n\u00a0 \u00a0 \u00a0 <a&hellip;  <a href=\"https:\/\/agora.xtec.cat\/ceipfolchitorres-badalona\/escola\/documentacio\/\" title=\"Read Documents de Centre\">Llegeix m\u00e9s\u00bb<\/a><\/p>\n","protected":false},"author":1,"featured_media":0,"parent":958,"menu_order":40,"comment_status":"closed","ping_status":"closed","template":"page-templates\/side-menu.php","meta":{"_bbp_topic_count":0,"_bbp_reply_count":0,"_bbp_total_topic_count":0,"_bbp_total_reply_count":0,"_bbp_voice_count":0,"_bbp_anonymous_reply_count":0,"_bbp_topic_count_hidden":0,"_bbp_reply_count_hidden":0,"_bbp_forum_subforum_count":0,"footnotes":""},"class_list":["post-828","page","type-page","status-publish","hentry"],"post_mailing_queue_ids":[],"_links":{"self":[{"href":"https:\/\/agora.xtec.cat\/ceipfolchitorres-badalona\/wp-json\/wp\/v2\/pages\/828","targetHints":{"allow":["GET"]}}],"collection":[{"href":"https:\/\/agora.xtec.cat\/ceipfolchitorres-badalona\/wp-json\/wp\/v2\/pages"}],"about":[{"href":"https:\/\/agora.xtec.cat\/ceipfolchitorres-badalona\/wp-json\/wp\/v2\/types\/page"}],"author":[{"embeddable":true,"href":"https:\/\/agora.xtec.cat\/ceipfolchitorres-badalona\/wp-json\/wp\/v2\/users\/1"}],"replies":[{"embeddable":true,"href":"https:\/\/agora.xtec.cat\/ceipfolchitorres-badalona\/wp-json\/wp\/v2\/comments?post=828"}],"version-history":[{"count":3,"href":"https:\/\/agora.xtec.cat\/ceipfolchitorres-badalona\/wp-json\/wp\/v2\/pages\/828\/revisions"}],"predecessor-version":[{"id":2449,"href":"https:\/\/agora.xtec.cat\/ceipfolchitorres-badalona\/wp-json\/wp\/v2\/pages\/828\/revisions\/2449"}],"up":[{"embeddable":true,"href":"https:\/\/agora.xtec.cat\/ceipfolchitorres-badalona\/wp-json\/wp\/v2\/pages\/958"}],"wp:attachment":[{"href":"https:\/\/agora.xtec.cat\/ceipfolchitorres-badalona\/wp-json\/wp\/v2\/media?parent=828"}],"curies":[{"name":"wp","href":"https:\/\/api.w.org\/{rel}","templated":true}]}}