{"id":4344,"date":"2023-03-14T13:23:50","date_gmt":"2023-03-14T12:23:50","guid":{"rendered":"https:\/\/agora.xtec.cat\/ceipfolchitorres-badalona\/?page_id=4344"},"modified":"2023-04-26T10:05:36","modified_gmt":"2023-04-26T08:05:36","slug":"cultura-digital","status":"publish","type":"page","link":"https:\/\/agora.xtec.cat\/ceipfolchitorres-badalona\/estrategia-digital-de-centre\/cultura-digital\/","title":{"rendered":"Cultura digital"},"content":{"rendered":"<p>&nbsp;<\/p>\n<h5><span style=\"color: #008080;\"><strong>QU\u00c8 \u00c9S LA CULTURA DIGITAL D&#8217;UN CENTRE?<\/strong><\/span><\/h5>\n<p>S\u00f3n el conjunt d&#8217;accions, procediments, protocols i acords relacionats amb tots els \u00e0mbits digitals del centre organitzats en forma de recull i posats a disposici\u00f3 de la comunitat educativa.<\/p>\n<p>&nbsp;<\/p>\n<h5><span style=\"color: #008080;\"><strong>PLATAFORMA DIGITAL<\/strong><\/span><\/h5>\n<p>El centre disposa d&#8217;un domini Google Workspace for Education propi.\u00a0Quan s&#8217;incorpora un o una docent o un membre del personal PAS al centre, se&#8217;l dona d&#8217;alta com a usuari del domini @ftorres. Tamb\u00e9 tot alumnat que es matricula al centre disposa d&#8217;un compte d&#8217;usuari del domini del centre.<\/p>\n<p>L&#8217;espai virtual d&#8217;aprenentatge (EVA) \u00e9s Google classroom.<\/p>\n<h5><img loading=\"lazy\" decoding=\"async\" class=\"aligncenter wp-image-4563\" src=\"https:\/\/agora.xtec.cat\/ceipfolchitorres-badalona\/wp-content\/uploads\/usu1614\/2023\/04\/baixa.png\" alt=\"\" width=\"214\" height=\"120\" \/><span style=\"color: #008080;\"><strong>DOCUMENTACI\u00d3<\/strong><\/span><\/h5>\n<p>La documentaci\u00f3 del centre es pot trobar a l&#8217;apartat<span style=\"color: #33cccc;\"> <a style=\"color: #33cccc;\" href=\"https:\/\/agora.xtec.cat\/ceipfolchitorres-badalona\/escola\/documentacio\/\"><em>documents de centre<\/em><\/a> <\/span>de la web.<\/p>\n<p>&nbsp;<\/p>\n","protected":false},"excerpt":{"rendered":"<p>&nbsp;<br \/>\nQU\u00c8 \u00c9S LA CULTURA DIGITAL D&#8217;UN CENTRE?<br \/>\nS\u00f3n el conjunt d&#8217;accions, procediments, protocols i acords relacionats amb tots els \u00e0mbits digitals del centre organitzats en forma de recull i posats a disposici\u00f3 de la comunitat educativa.<br \/>\n&nbsp;<br \/>\nPLATAFORMA DIGITAL<br \/>\nEl centre disposa d&#8217;un domini Google Workspace for Education propi.\u00a0Quan&hellip;  <a href=\"https:\/\/agora.xtec.cat\/ceipfolchitorres-badalona\/estrategia-digital-de-centre\/cultura-digital\/\" title=\"Read Cultura digital\">Llegeix m\u00e9s\u00bb<\/a><\/p>\n","protected":false},"author":1,"featured_media":0,"parent":4333,"menu_order":20,"comment_status":"closed","ping_status":"closed","template":"page-templates\/side-menu.php","meta":{"_bbp_topic_count":0,"_bbp_reply_count":0,"_bbp_total_topic_count":0,"_bbp_total_reply_count":0,"_bbp_voice_count":0,"_bbp_anonymous_reply_count":0,"_bbp_topic_count_hidden":0,"_bbp_reply_count_hidden":0,"_bbp_forum_subforum_count":0,"footnotes":""},"class_list":["post-4344","page","type-page","status-publish","hentry"],"post_mailing_queue_ids":[],"_links":{"self":[{"href":"https:\/\/agora.xtec.cat\/ceipfolchitorres-badalona\/wp-json\/wp\/v2\/pages\/4344","targetHints":{"allow":["GET"]}}],"collection":[{"href":"https:\/\/agora.xtec.cat\/ceipfolchitorres-badalona\/wp-json\/wp\/v2\/pages"}],"about":[{"href":"https:\/\/agora.xtec.cat\/ceipfolchitorres-badalona\/wp-json\/wp\/v2\/types\/page"}],"author":[{"embeddable":true,"href":"https:\/\/agora.xtec.cat\/ceipfolchitorres-badalona\/wp-json\/wp\/v2\/users\/1"}],"replies":[{"embeddable":true,"href":"https:\/\/agora.xtec.cat\/ceipfolchitorres-badalona\/wp-json\/wp\/v2\/comments?post=4344"}],"version-history":[{"count":3,"href":"https:\/\/agora.xtec.cat\/ceipfolchitorres-badalona\/wp-json\/wp\/v2\/pages\/4344\/revisions"}],"predecessor-version":[{"id":4565,"href":"https:\/\/agora.xtec.cat\/ceipfolchitorres-badalona\/wp-json\/wp\/v2\/pages\/4344\/revisions\/4565"}],"up":[{"embeddable":true,"href":"https:\/\/agora.xtec.cat\/ceipfolchitorres-badalona\/wp-json\/wp\/v2\/pages\/4333"}],"wp:attachment":[{"href":"https:\/\/agora.xtec.cat\/ceipfolchitorres-badalona\/wp-json\/wp\/v2\/media?parent=4344"}],"curies":[{"name":"wp","href":"https:\/\/api.w.org\/{rel}","templated":true}]}}