{"id":4341,"date":"2023-03-14T13:23:13","date_gmt":"2023-03-14T12:23:13","guid":{"rendered":"https:\/\/agora.xtec.cat\/ceipfolchitorres-badalona\/?page_id=4341"},"modified":"2023-09-27T13:55:09","modified_gmt":"2023-09-27T11:55:09","slug":"pla-estrategic","status":"publish","type":"page","link":"https:\/\/agora.xtec.cat\/ceipfolchitorres-badalona\/estrategia-digital-de-centre\/pla-estrategic\/","title":{"rendered":"Pla estrat\u00e8gic"},"content":{"rendered":"<p>A aquest apartat trobareu tota la informaci\u00f3 relacionada amb la creaci\u00f3 de l&#8217;estrat\u00e8gia digital de centre. En cas de voler informaci\u00f3 de cada apartat clica a sobre del t\u00edtol.<\/p>\n<details>\n<summary style=\"padding-left: 240px;\"><span style=\"color: #008080;\">MEMBRES DE LA COMISSI\u00d3 TAC<\/span><\/summary>\n<p>&nbsp;<\/p>\n<p><strong>Coordinador TAC:<\/strong> Salvador Sanchiz<br \/>\n<strong>Membres de la comissi\u00f3:<\/strong> Maria Jos\u00e9 Molina, Alberto Sanz, Alba Cano, Elena Manchado i Marta G\u00e0zquez<\/p>\n<\/details>\n<p>&nbsp;<\/p>\n<details>\n<summary style=\"padding-left: 320px;\"><span style=\"color: #008080;\">DIAGN\u00d2SI<\/span><\/summary>\n<p>&nbsp;<\/p>\n<p style=\"text-align: justify;\">Per tal de planificar l&#8217;estrat\u00e8gia a la nostra escola \u00e9s imprescindible ser conscients de quin \u00e9s el nostre punt de partida. Cal identificar les nostres fortaleses i debilitats en relaci\u00f3 a les compet\u00e8ncies digitals. Per dur a terme aquesta avaluaci\u00f3 inicial al tercer trimestre del curs 2021-2022 s&#8217;ha realitzat l&#8217;enquesta SELFIE proposada per la Uni\u00f3 Europea tant als docents com a l&#8217;alumnat del centre.<br \/>\nAquesta enquesta es realitza de manera peri\u00f2dica al centre.<\/p>\n<\/details>\n<p>&nbsp;<\/p>\n<details>\n<summary style=\"padding-left: 240px;\"><span style=\"color: #008080;\">OBJECTIUS ESTRAT\u00c8GIA DIGITAL<\/span><\/summary>\n<p>&nbsp;<\/p>\n<p style=\"text-align: justify;\">A continuaci\u00f3 trobareu el llistat d&#8217;objectius que es volen aconseguir amb el desenvolupament d&#8217;aquesta Estrat\u00e8gia Digital de Centre.<\/p>\n<p style=\"padding-left: 40px; text-align: justify;\">1. Acordar com tractar les imatges de l&#8217;alumnat tant a les publicacions com a l&#8217;hora de compartir-les amb les fam\u00edlies.<br \/>\n2. Dissenyar protocol d&#8217;acollida digital dels membres de la comunitat educativa.<br \/>\n3. Dissenyar un repositori de recursos educatius classificat per \u00e0rees i etapes per a que l&#8217;alumnat pugui accedir amb la supervisi\u00f3 de l&#8217;adult des de casa.<br \/>\n4. Potenciar activitats col\u00b7laboratives de l&#8217;alumnat de Cicle Superior en l\u00ednia.<br \/>\n5. Actualitzar el model per a desenvolupar els projectes.<br \/>\n6. Revisar la programaci\u00f3 de les activitats d&#8217;\u00e0mbit digital i actualitzar-lo d&#8217;acord al nou curr\u00edculum.<br \/>\n7. Comen\u00e7ar a integrar les destreses digitals a totes les \u00e0rees.<\/p>\n<\/details>\n<p>&nbsp;<\/p>\n","protected":false},"excerpt":{"rendered":"<p>A aquest apartat trobareu tota la informaci\u00f3 relacionada amb la creaci\u00f3 de l&#8217;estrat\u00e8gia digital de centre. En cas de voler informaci\u00f3 de cada apartat clica a sobre del t\u00edtol.<\/p>\n<p>MEMBRES DE LA COMISSI\u00d3 TAC<br \/>\n&nbsp;<br \/>\nCoordinador TAC: Salvador Sanchiz<br \/>\nMembres de la comissi\u00f3: Maria Jos\u00e9 Molina, Alberto Sanz, Alba&hellip;  <a href=\"https:\/\/agora.xtec.cat\/ceipfolchitorres-badalona\/estrategia-digital-de-centre\/pla-estrategic\/\" title=\"Read Pla estrat\u00e8gic\">Llegeix m\u00e9s\u00bb<\/a><\/p>\n","protected":false},"author":1,"featured_media":0,"parent":4333,"menu_order":10,"comment_status":"closed","ping_status":"closed","template":"page-templates\/side-menu.php","meta":{"_bbp_topic_count":0,"_bbp_reply_count":0,"_bbp_total_topic_count":0,"_bbp_total_reply_count":0,"_bbp_voice_count":0,"_bbp_anonymous_reply_count":0,"_bbp_topic_count_hidden":0,"_bbp_reply_count_hidden":0,"_bbp_forum_subforum_count":0,"footnotes":""},"class_list":["post-4341","page","type-page","status-publish","hentry"],"post_mailing_queue_ids":[],"_links":{"self":[{"href":"https:\/\/agora.xtec.cat\/ceipfolchitorres-badalona\/wp-json\/wp\/v2\/pages\/4341","targetHints":{"allow":["GET"]}}],"collection":[{"href":"https:\/\/agora.xtec.cat\/ceipfolchitorres-badalona\/wp-json\/wp\/v2\/pages"}],"about":[{"href":"https:\/\/agora.xtec.cat\/ceipfolchitorres-badalona\/wp-json\/wp\/v2\/types\/page"}],"author":[{"embeddable":true,"href":"https:\/\/agora.xtec.cat\/ceipfolchitorres-badalona\/wp-json\/wp\/v2\/users\/1"}],"replies":[{"embeddable":true,"href":"https:\/\/agora.xtec.cat\/ceipfolchitorres-badalona\/wp-json\/wp\/v2\/comments?post=4341"}],"version-history":[{"count":4,"href":"https:\/\/agora.xtec.cat\/ceipfolchitorres-badalona\/wp-json\/wp\/v2\/pages\/4341\/revisions"}],"predecessor-version":[{"id":4644,"href":"https:\/\/agora.xtec.cat\/ceipfolchitorres-badalona\/wp-json\/wp\/v2\/pages\/4341\/revisions\/4644"}],"up":[{"embeddable":true,"href":"https:\/\/agora.xtec.cat\/ceipfolchitorres-badalona\/wp-json\/wp\/v2\/pages\/4333"}],"wp:attachment":[{"href":"https:\/\/agora.xtec.cat\/ceipfolchitorres-badalona\/wp-json\/wp\/v2\/media?parent=4341"}],"curies":[{"name":"wp","href":"https:\/\/api.w.org\/{rel}","templated":true}]}}