{"id":4333,"date":"2023-03-14T13:18:33","date_gmt":"2023-03-14T12:18:33","guid":{"rendered":"https:\/\/agora.xtec.cat\/ceipfolchitorres-badalona\/?page_id=4333"},"modified":"2023-04-17T12:10:40","modified_gmt":"2023-04-17T10:10:40","slug":"estrategia-digital-de-centre","status":"publish","type":"page","link":"https:\/\/agora.xtec.cat\/ceipfolchitorres-badalona\/estrategia-digital-de-centre\/","title":{"rendered":"EDC"},"content":{"rendered":"<h1 dir=\"ltr\" style=\"text-align: center;\"><span style=\"color: #008080;\">QU\u00c8 \u00c9S?<\/span><\/h1>\n<p><iframe loading=\"lazy\" src=\"\/\/www.youtube.com\/embed\/uS5UUZIYLPQ\" width=\"1050\" height=\"589\" allowfullscreen=\"allowfullscreen\"><\/iframe><\/p>\n<p dir=\"ltr\" style=\"text-align: justify;\">L\u2019<strong>Estrat\u00e8gia Digital de Centre<\/strong> (EDC) \u00e9s un document que recull totes les accions que es realitzen en un centre, i les que es realitzaran a mitj\u00e0 termini, per aconseguir la m\u00e0xima compet\u00e8ncia digital de l\u2019alumnat, del professorat i del centre educatiu. Ha de tenir com a referent el Pla d\u2019educaci\u00f3 digital de Catalunya (PEDC), on s\u2019indica la necessitat d\u2019assolir la fita d\u2019una societat digitalment competent, fent \u00e8mfasi en l\u2019equitat i tenint en compte l\u2019evoluci\u00f3 del context social i tecnol\u00f2gic.<\/p>\n<p dir=\"ltr\"><span style=\"text-decoration: underline;\"><span style=\"color: #33cccc;\"><a style=\"color: #33cccc; text-decoration: underline;\" href=\"https:\/\/projectes.xtec.cat\/edc-suport\/\">Web de suport<\/a><\/span><\/span><\/p>\n","protected":false},"excerpt":{"rendered":"<p>QU\u00c8 \u00c9S?<\/p>\n<p>L\u2019Estrat\u00e8gia Digital de Centre (EDC) \u00e9s un document que recull totes les accions que es realitzen en un centre, i les que es realitzaran a mitj\u00e0 termini, per aconseguir la m\u00e0xima compet\u00e8ncia digital de l\u2019alumnat, del professorat i del centre educatiu. Ha de tenir&hellip;  <a href=\"https:\/\/agora.xtec.cat\/ceipfolchitorres-badalona\/estrategia-digital-de-centre\/\" title=\"Read EDC\">Llegeix m\u00e9s\u00bb<\/a><\/p>\n","protected":false},"author":1,"featured_media":0,"parent":0,"menu_order":0,"comment_status":"closed","ping_status":"closed","template":"page-templates\/side-menu.php","meta":{"_bbp_topic_count":0,"_bbp_reply_count":0,"_bbp_total_topic_count":0,"_bbp_total_reply_count":0,"_bbp_voice_count":0,"_bbp_anonymous_reply_count":0,"_bbp_topic_count_hidden":0,"_bbp_reply_count_hidden":0,"_bbp_forum_subforum_count":0,"footnotes":""},"class_list":["post-4333","page","type-page","status-publish","hentry"],"post_mailing_queue_ids":[],"_links":{"self":[{"href":"https:\/\/agora.xtec.cat\/ceipfolchitorres-badalona\/wp-json\/wp\/v2\/pages\/4333","targetHints":{"allow":["GET"]}}],"collection":[{"href":"https:\/\/agora.xtec.cat\/ceipfolchitorres-badalona\/wp-json\/wp\/v2\/pages"}],"about":[{"href":"https:\/\/agora.xtec.cat\/ceipfolchitorres-badalona\/wp-json\/wp\/v2\/types\/page"}],"author":[{"embeddable":true,"href":"https:\/\/agora.xtec.cat\/ceipfolchitorres-badalona\/wp-json\/wp\/v2\/users\/1"}],"replies":[{"embeddable":true,"href":"https:\/\/agora.xtec.cat\/ceipfolchitorres-badalona\/wp-json\/wp\/v2\/comments?post=4333"}],"version-history":[{"count":3,"href":"https:\/\/agora.xtec.cat\/ceipfolchitorres-badalona\/wp-json\/wp\/v2\/pages\/4333\/revisions"}],"predecessor-version":[{"id":4545,"href":"https:\/\/agora.xtec.cat\/ceipfolchitorres-badalona\/wp-json\/wp\/v2\/pages\/4333\/revisions\/4545"}],"wp:attachment":[{"href":"https:\/\/agora.xtec.cat\/ceipfolchitorres-badalona\/wp-json\/wp\/v2\/media?parent=4333"}],"curies":[{"name":"wp","href":"https:\/\/api.w.org\/{rel}","templated":true}]}}