{"id":26,"date":"2014-09-18T12:24:32","date_gmt":"2014-09-18T10:24:32","guid":{"rendered":"http:\/\/agora.xtec.cat\/ceipfolchitorres-badalona\/?page_id=26"},"modified":"2023-03-14T11:36:38","modified_gmt":"2023-03-14T10:36:38","slug":"historia","status":"publish","type":"page","link":"https:\/\/agora.xtec.cat\/ceipfolchitorres-badalona\/escola\/historia\/","title":{"rendered":"Hist\u00f2ria"},"content":{"rendered":"<p>L&#8217;escola Folch i Torres es troba al barri de la Pau en Badalona, just en el l\u00edmit amb Santa Coloma de Gramanet. Per aquest motiu acull alumnes de les dues poblacions.<\/p>\n<p>Aquest barri es va formar a principis dels anys 5O i els seus habitants eren principalment immigrants d&#8217;Andalusia, M\u00farcia i Extremadura. Aquests immigrants llogaven habitacions o barraques on vivien fins a quinze persones.<\/p>\n<p>El nostre barri va rebre diferents denominacions al llarg del temps. Primerament es va dir <strong>BARRIADA DEL BAURET<\/strong> despr\u00e9s <strong>IMMACULADA O PUIGFRED,<\/strong> posteriorment es va identificar amb el\u00a0 <strong>BARRI DEL FONDO, <\/strong>per trobar-se justament en el mateix l\u00edmit d&#8217;aquest barri de Santa Coloma; per\u00f2 l&#8217;associaci\u00f3 de ve\u00efns i despr\u00e9s de bastants assemblees van decidir donar-li el nom de <strong><u>BARRI DE LA PAU<\/u><\/strong>, la qual cosa es va legalitzar davant de l&#8217;Ajuntament de Badalona amb data 29 &#8211; 11 &#8211; 1989 i la seva publicaci\u00f3 en el Butllet\u00ed Oficial va \u00e9sser amb data 6 &#8211; 2 &#8211; 1990.<\/p>\n<p>Els terrenys on es va edificar aquest barri provenien de quatre grans parcel\u00b7les denominades <strong>PARCELAS DE LAS HERMANAS BAURET, TORRE DEL REGENTE, EL CHURRERO <\/strong>i una quarta desconeguda que pertanyia a immobili\u00e0ries.<\/p>\n<p>El barri es va construir en tres fases:<\/p>\n<p><strong>1\u00aa FASE: <\/strong>\u00c9s una fase d&#8217;autoconstrucci\u00f3, amb barraques sense control urban\u00edstic, de forma an\u00e0rquica i sense cap infrastructura.<\/p>\n<p><strong>2 \u00aa FASE:<\/strong> Aquesta fou una fase d&#8217;especulaci\u00f3 urban\u00edstica que no va respectar cap norma urban\u00edstica.<\/p>\n<p><strong>3 \u00aa FASE: <\/strong>Aquesta m\u00e9s controlada, que continua activa actualment i on es mira de donar soluci\u00f3 als errors comesos en les fases anteriors.<\/p>\n<p>Els serveis d&#8217;aigua i llum no van arribar fins els anys 1955 \/56. El tel\u00e8fon, els serveis de recollida d&#8217;escombraries i l&#8217;adequaci\u00f3 del clavegueram es van arribar a aconseguir amb certes dificultats.<\/p>\n<p>Els carrers del nostre barri reben el nom de compositors famosos com ara: WAGNER, MOZART MENDELSSOHN, LISTZ, AMADEU VIVES, RUPERTO CHAP\u00cd I LA PLA\u00c7A ILLA DELS M\u00daSICS, per trobar-se envoltada pels anteriors. Tamb\u00e9 hi ha altres carrers que recorden principalment l&#8217;origen dels seus habitants, com ara: JA\u00c9N, SEVILLA, MIGUEL HERN\u00c0NDEZ, CARITG I LEPANTO.<\/p>\n<p>Un altre servei que tamb\u00e9 mancava en aquest barri era <strong>L&#8217;ESCOLA<\/strong> i per aquest motiu i amb moltes lluites es construeixen les tres escoles del barri: <strong>JOAN MIR\u00d3, <\/strong>al setembre de 1979, <strong>MIGUEL HERN\u00c1NDEZ, <\/strong>al setembre del 1979 i <strong>FOLCH I TORRES <\/strong>que va comen\u00e7ar a funcionar el 17 &#8211; 11 &#8211; 81 el record de la qual ens ho expliquen diferents professors fundadors ara ja jubilats:<\/p>\n<p>&#8221; La instal\u00b7laci\u00f3 d&#8217;aquest col\u00b7legi es va aconseguir gr\u00e0cies a una forta lluita (talls de tr\u00e0fic, manifestacions,&#8230;&#8230;.), ja que anteriorment el barri nom\u00e9s disposava d&#8217;un petit &#8220;Col\u00b7legi Popular&#8221;. El motiu de la lluita va ser degut a la manca de places, donat que aquest barri, en aquella \u00e8poca, va suportar un fort desenvolupament demogr\u00e0fic.<\/p>\n<p>L\u2019escola es va inaugurar el 17 de novembre de 1981. Fins aquest dia el Claustre de professors estava repartit per diferents escoles.<\/p>\n<p>L&#8217;edifici estava acabat, per\u00f2 el pati, no. En aquest hi havia forats, ferros, totxanes, excavadores i els nens cont\u00ednuament es feien mal, i malgrat la constant vigil\u00e0ncia hav\u00edem d&#8217;anar a urg\u00e8ncies sovint.<\/p>\n<p>Per altra part, l&#8217;edifici annex de preescolar no estava fet (construcci\u00f3 acabada l&#8217;any 87) i els alumnes de preescolar estaven repartits la meitat al Folch i Torres i l&#8217;altra meitat al Joan Coret.<\/p>\n<p>Els primers dos anys d&#8217;escola no hi havia prou alumnes de segona etapa i el set\u00e8 i vuit\u00e8 es van ajuntar.<\/p>\n<p>Des d&#8217;un principi l&#8217;escola estava dotada de tot el necessari per poder oferir servei de menjador als alumnes; per\u00f2 despr\u00e9s d&#8217;una enquesta als pares, degut al poc nombre d&#8217;alumnes interessats, es va decidir convertir el menjador en gimn\u00e0s, molt necessari aquest ja que l&#8217;escola no disposava d&#8217;aquesta instal\u00b7laci\u00f3.<\/p>\n<p>Fins l&#8217;any 1983 no hi va haver ni col\u00f2nies ni viatge de final de curs.<\/p>\n<p>Com a fet curi\u00f3s cal remarcar que l&#8217;escola fins l&#8217;any 1996 no va disposar de r\u00e8tol\u00a0 amb el seu nom.&#8221;<\/p>\n<p>&nbsp;<\/p>\n<p>Quant l&#8217;assoliment del barri com a tal i de les seves estructures hem de recordar tamb\u00e9 que amb motiu de les Olimp\u00edades de Barcelona, l&#8217;any 1992, a la vora del nostre barri, en el pol\u00edgon MONTIGAL\u00c0 BATLLORIA, que tenia una extensi\u00f3 equivalent a 20 vegades el nostre barri, es van construir unes vivendes per donar habitatge als membres de la premsa i les comunicacionsi es van crear m\u00e9s serveis i instal\u00b7lacions municipals que van millorar el barri existent.<\/p>\n","protected":false},"excerpt":{"rendered":"<p>L&#8217;escola Folch i Torres es troba al barri de la Pau en Badalona, just en el l\u00edmit amb Santa Coloma de Gramanet. Per aquest motiu acull alumnes de les dues poblacions.<br \/>\nAquest barri es va formar a principis dels anys 5O i els seus habitants eren&hellip;  <a href=\"https:\/\/agora.xtec.cat\/ceipfolchitorres-badalona\/escola\/historia\/\" title=\"Read Hist\u00f2ria\">Llegeix m\u00e9s\u00bb<\/a><\/p>\n","protected":false},"author":1,"featured_media":0,"parent":958,"menu_order":10,"comment_status":"closed","ping_status":"closed","template":"page-templates\/side-menu.php","meta":{"_bbp_topic_count":0,"_bbp_reply_count":0,"_bbp_total_topic_count":0,"_bbp_total_reply_count":0,"_bbp_voice_count":0,"_bbp_anonymous_reply_count":0,"_bbp_topic_count_hidden":0,"_bbp_reply_count_hidden":0,"_bbp_forum_subforum_count":0,"footnotes":""},"class_list":["post-26","page","type-page","status-publish","hentry"],"post_mailing_queue_ids":[],"_links":{"self":[{"href":"https:\/\/agora.xtec.cat\/ceipfolchitorres-badalona\/wp-json\/wp\/v2\/pages\/26","targetHints":{"allow":["GET"]}}],"collection":[{"href":"https:\/\/agora.xtec.cat\/ceipfolchitorres-badalona\/wp-json\/wp\/v2\/pages"}],"about":[{"href":"https:\/\/agora.xtec.cat\/ceipfolchitorres-badalona\/wp-json\/wp\/v2\/types\/page"}],"author":[{"embeddable":true,"href":"https:\/\/agora.xtec.cat\/ceipfolchitorres-badalona\/wp-json\/wp\/v2\/users\/1"}],"replies":[{"embeddable":true,"href":"https:\/\/agora.xtec.cat\/ceipfolchitorres-badalona\/wp-json\/wp\/v2\/comments?post=26"}],"version-history":[{"count":3,"href":"https:\/\/agora.xtec.cat\/ceipfolchitorres-badalona\/wp-json\/wp\/v2\/pages\/26\/revisions"}],"predecessor-version":[{"id":647,"href":"https:\/\/agora.xtec.cat\/ceipfolchitorres-badalona\/wp-json\/wp\/v2\/pages\/26\/revisions\/647"}],"up":[{"embeddable":true,"href":"https:\/\/agora.xtec.cat\/ceipfolchitorres-badalona\/wp-json\/wp\/v2\/pages\/958"}],"wp:attachment":[{"href":"https:\/\/agora.xtec.cat\/ceipfolchitorres-badalona\/wp-json\/wp\/v2\/media?parent=26"}],"curies":[{"name":"wp","href":"https:\/\/api.w.org\/{rel}","templated":true}]}}