{"id":26,"date":"2014-09-18T12:24:32","date_gmt":"2014-09-18T11:24:32","guid":{"rendered":"http:\/\/agora.xtec.cat\/ceipfmacia\/?page_id=26"},"modified":"2021-02-19T14:10:54","modified_gmt":"2021-02-19T13:10:54","slug":"historia","status":"publish","type":"page","link":"https:\/\/agora.xtec.cat\/ceipfmacia\/lescola\/historia\/","title":{"rendered":"Hist\u00f2ria"},"content":{"rendered":"<p style=\"text-align: justify;\"><span style=\"font-weight: 400;\">L\u2019escola del cam\u00ed de Can Pons ha esdevingut un espai de mem\u00f2ria hist\u00f2rica en ser el principal centre d\u2019ensenyament de la vila durant el segle XX. Joan Salamero Amat, alcalde de 1928 a 1930, va impulsar la seva creaci\u00f3 a Can Pons per tal de cobrir les mancances escolars del primer quart del segle XX.<\/span><\/p>\n<p><img loading=\"lazy\" decoding=\"async\" class=\"aligncenter size-full wp-image-4133\" src=\"https:\/\/agora.xtec.cat\/ceipfmacia\/wp-content\/uploads\/usu1402\/2021\/02\/440px-Catalonia_VilassarDeDalt_CEIPFrancescMacia_EdificiCicleInicial.jpg\" alt=\"\" width=\"440\" height=\"330\" srcset=\"https:\/\/agora.xtec.cat\/ceipfmacia\/wp-content\/uploads\/usu1402\/2021\/02\/440px-Catalonia_VilassarDeDalt_CEIPFrancescMacia_EdificiCicleInicial.jpg 440w, https:\/\/agora.xtec.cat\/ceipfmacia\/wp-content\/uploads\/usu1402\/2021\/02\/440px-Catalonia_VilassarDeDalt_CEIPFrancescMacia_EdificiCicleInicial-300x225.jpg 300w, https:\/\/agora.xtec.cat\/ceipfmacia\/wp-content\/uploads\/usu1402\/2021\/02\/440px-Catalonia_VilassarDeDalt_CEIPFrancescMacia_EdificiCicleInicial-200x150.jpg 200w\" sizes=\"auto, (max-width: 440px) 100vw, 440px\" \/><\/p>\n<p style=\"text-align: justify;\"><span style=\"font-weight: 400;\">El projecte de les noves escoles s\u2019encarrega el 1927 a l\u2019arquitecte Jeroni Martorell, conegut per la seva traject\u00f2ria en la restauraci\u00f3 de monuments i pel seu treball en edificis de caire modernista i historicista. Les obres de construcci\u00f3 es van fer entre el 1928 i el 1929.<\/span><\/p>\n<p style=\"text-align: justify;\"><span style=\"font-weight: 400;\">Amb el nom de Grup Escolar Reina Maria Cristina, les escoles s\u2019inauguren el 29 de gener de 1930 amb la pres\u00e8ncia del capit\u00e0 general Barrera, dotant Vilassar d\u2019un centre educatiu modern. En \u00e8poca republicana, el 25 d\u2019agost de 1931, en pres\u00e8ncia del president Maci\u00e0, les escoles passen a anomenar-se Grup Escolar Francesc Maci\u00e0.\u00a0<\/span><\/p>\n<p style=\"text-align: justify;\"><span style=\"font-weight: 400;\">Despr\u00e9s de m\u00e9s de 85 anys l\u2019escola Francesc Maci\u00e0, l\u2019escola del poble, ha deixat una forta petjada, ens ha format, ens ha dotat d\u2019espais de relaci\u00f3 i ha generat oportunitats de futur. Les Escoles del cam\u00ed de Can Pons segueixen sent un espai d\u2019intercanvi, formatiu i de conviv\u00e8ncia, segueixen, en definitiva, sent un punt de trobada d\u2019associacions, serveis i activitats que vertebren el teixit ve\u00efnal de Vilassar.<\/span><\/p>\n<p style=\"text-align: justify;\"><span style=\"font-weight: 400;\">L\u2019any 2009 les noves necessitats educatives van portar a la construcci\u00f3 d\u2019una nova escola en els terrenys de l\u2019antic camp de futbol de Vilassar. Una escola moderna, acollidora, funcional, amb espais pensats per a les necessitats educatives dels infants del segle XXI.<\/span><\/p>\n<p><img loading=\"lazy\" decoding=\"async\" class=\"aligncenter wp-image-4144\" src=\"https:\/\/agora.xtec.cat\/ceipfmacia\/wp-content\/uploads\/usu1402\/2021\/02\/Captura.jpg\" alt=\"\" width=\"970\" height=\"612\" srcset=\"https:\/\/agora.xtec.cat\/ceipfmacia\/wp-content\/uploads\/usu1402\/2021\/02\/Captura.jpg 1079w, https:\/\/agora.xtec.cat\/ceipfmacia\/wp-content\/uploads\/usu1402\/2021\/02\/Captura-300x189.jpg 300w, https:\/\/agora.xtec.cat\/ceipfmacia\/wp-content\/uploads\/usu1402\/2021\/02\/Captura-768x485.jpg 768w, https:\/\/agora.xtec.cat\/ceipfmacia\/wp-content\/uploads\/usu1402\/2021\/02\/Captura-1024x646.jpg 1024w\" sizes=\"auto, (max-width: 970px) 100vw, 970px\" \/><\/p>\n<p>&nbsp;<\/p>\n","protected":false},"excerpt":{"rendered":"<p>L\u2019escola del cam\u00ed de Can Pons ha esdevingut un espai de mem\u00f2ria hist\u00f2rica en ser el principal centre d\u2019ensenyament de la vila durant el segle XX. Joan Salamero Amat, alcalde de 1928 a 1930, va impulsar la seva creaci\u00f3 a Can Pons per tal de cobrir les mancances escolars del primer quart del segle XX. [&hellip;]<\/p>\n","protected":false},"author":1,"featured_media":0,"parent":22,"menu_order":3,"comment_status":"closed","ping_status":"closed","template":"page-templates\/side-menu.php","meta":{"_bbp_topic_count":0,"_bbp_reply_count":0,"_bbp_total_topic_count":0,"_bbp_total_reply_count":0,"_bbp_voice_count":0,"_bbp_anonymous_reply_count":0,"_bbp_topic_count_hidden":0,"_bbp_reply_count_hidden":0,"_bbp_forum_subforum_count":0,"site-sidebar-layout":"default","site-content-layout":"","ast-site-content-layout":"","site-content-style":"default","site-sidebar-style":"default","ast-global-header-display":"","ast-banner-title-visibility":"","ast-main-header-display":"","ast-hfb-above-header-display":"","ast-hfb-below-header-display":"","ast-hfb-mobile-header-display":"","site-post-title":"","ast-breadcrumbs-content":"","ast-featured-img":"","footer-sml-layout":"","theme-transparent-header-meta":"","adv-header-id-meta":"","stick-header-meta":"","header-above-stick-meta":"","header-main-stick-meta":"","header-below-stick-meta":"","astra-migrate-meta-layouts":"default","ast-page-background-enabled":"default","ast-page-background-meta":{"desktop":{"background-color":"var(--ast-global-color-4)","background-image":"","background-repeat":"repeat","background-position":"center center","background-size":"auto","background-attachment":"scroll","background-type":"","background-media":"","overlay-type":"","overlay-color":"","overlay-opacity":"","overlay-gradient":""},"tablet":{"background-color":"","background-image":"","background-repeat":"repeat","background-position":"center center","background-size":"auto","background-attachment":"scroll","background-type":"","background-media":"","overlay-type":"","overlay-color":"","overlay-opacity":"","overlay-gradient":""},"mobile":{"background-color":"","background-image":"","background-repeat":"repeat","background-position":"center center","background-size":"auto","background-attachment":"scroll","background-type":"","background-media":"","overlay-type":"","overlay-color":"","overlay-opacity":"","overlay-gradient":""}},"ast-content-background-meta":{"desktop":{"background-color":"var(--ast-global-color-5)","background-image":"","background-repeat":"repeat","background-position":"center center","background-size":"auto","background-attachment":"scroll","background-type":"","background-media":"","overlay-type":"","overlay-color":"","overlay-opacity":"","overlay-gradient":""},"tablet":{"background-color":"var(--ast-global-color-5)","background-image":"","background-repeat":"repeat","background-position":"center center","background-size":"auto","background-attachment":"scroll","background-type":"","background-media":"","overlay-type":"","overlay-color":"","overlay-opacity":"","overlay-gradient":""},"mobile":{"background-color":"var(--ast-global-color-5)","background-image":"","background-repeat":"repeat","background-position":"center center","background-size":"auto","background-attachment":"scroll","background-type":"","background-media":"","overlay-type":"","overlay-color":"","overlay-opacity":"","overlay-gradient":""}},"footnotes":""},"class_list":["post-26","page","type-page","status-publish","hentry"],"post_mailing_queue_ids":[],"_links":{"self":[{"href":"https:\/\/agora.xtec.cat\/ceipfmacia\/wp-json\/wp\/v2\/pages\/26","targetHints":{"allow":["GET"]}}],"collection":[{"href":"https:\/\/agora.xtec.cat\/ceipfmacia\/wp-json\/wp\/v2\/pages"}],"about":[{"href":"https:\/\/agora.xtec.cat\/ceipfmacia\/wp-json\/wp\/v2\/types\/page"}],"author":[{"embeddable":true,"href":"https:\/\/agora.xtec.cat\/ceipfmacia\/wp-json\/wp\/v2\/users\/1"}],"replies":[{"embeddable":true,"href":"https:\/\/agora.xtec.cat\/ceipfmacia\/wp-json\/wp\/v2\/comments?post=26"}],"version-history":[{"count":3,"href":"https:\/\/agora.xtec.cat\/ceipfmacia\/wp-json\/wp\/v2\/pages\/26\/revisions"}],"predecessor-version":[{"id":4145,"href":"https:\/\/agora.xtec.cat\/ceipfmacia\/wp-json\/wp\/v2\/pages\/26\/revisions\/4145"}],"up":[{"embeddable":true,"href":"https:\/\/agora.xtec.cat\/ceipfmacia\/wp-json\/wp\/v2\/pages\/22"}],"wp:attachment":[{"href":"https:\/\/agora.xtec.cat\/ceipfmacia\/wp-json\/wp\/v2\/media?parent=26"}],"curies":[{"name":"wp","href":"https:\/\/api.w.org\/{rel}","templated":true}]}}