{"id":596,"date":"2019-12-30T09:53:53","date_gmt":"2019-12-30T08:53:53","guid":{"rendered":"https:\/\/agora.xtec.cat\/ceipfmacia-orrius\/?page_id=596"},"modified":"2025-05-09T12:48:19","modified_gmt":"2025-05-09T10:48:19","slug":"acollides-mati-i-tarda","status":"publish","type":"page","link":"https:\/\/agora.xtec.cat\/ceipfmacia-orrius\/que-es-lafi\/activitats-projectes\/acollides-mati-i-tarda\/","title":{"rendered":"\ud83c\udf05 Acollides"},"content":{"rendered":"<p><strong>El servei d\u2019acollida ofereix a les fam\u00edlies una soluci\u00f3 flexible per a la perman\u00e8ncia dels infants fora de l\u2019horari escolar. Tant al mat\u00ed com a la tarda, els nens i nenes poden gaudir d\u2019un entorn tranquil i supervisat abans o despr\u00e9s de les classes.<\/strong><\/p>\n<p>L\u2019objectiu d\u2019aquest espai \u00e9s garantir el benestar dels infants, proporcionant un ambient acollidor on poden jugar, llegir, fer manualitats o simplement relaxar-se abans de comen\u00e7ar la jornada o mentre esperen que els vinguin a buscar.<\/p>\n<p>Amb aquest servei, les fam\u00edlies poden gestionar els seus horaris amb m\u00e9s comoditat, sabent que els seus fills i filles estan en un entorn segur i adaptat a les seves necessitats.<\/p>\n<p>L&#8217;escola ofereix el servei d&#8217;acollides que gestiona l&#8217;AFI amb l&#8217;empresa <a href=\"https:\/\/www.mpenta.net\/\" target=\"_blank\" rel=\"noopener\"><i class=\"fa-solid fa-up-right-from-square\"><\/i> M-PENTA<\/a> (un servei exclusiu per socis de l&#8217;AFI).<\/p>\n<p><a href=\"\/ceipfmacia-orrius\/que-es-lafi\/activitats-projectes\/menjador\/#AltaMPenta\" target=\"_blank\" rel=\"noopener\">Com donar-me d&#8217;alta al servei<\/a><\/p>\n\r\n\t<div class=\"slideshow_container slideshow_container_style-light\" style=\"height: 400px; \" data-slideshow-id=\"652\" data-style-name=\"style-light\" data-style-version=\"2.3.1\" >\r\n\r\n\t\t\t\t\t<div class=\"slideshow_loading_icon\"><\/div>\r\n\t\t\r\n\t\t<div class=\"slideshow_content\" style=\"display: none;\">\r\n\r\n\t\t\t<div class=\"slideshow_view\"><div class=\"slideshow_slide slideshow_slide_image\">\n        <a href=\"https:\/\/lh3.googleusercontent.com\/ribqTnJoyyhcnGiYX8jE53J6UKoR2Z17uD3SoHkCRHfYD1od2hHD9FuajsJv70d1e5q4w2KxLX-E81U4KTErBY9-GaE-A_i5jwnJqndbvMirno59z5lm13tpSwp4Wu1UYCQONCQDVlFlljNDWNHtZuBPk4mEu8DVw_GsFCYeYfIFBx0SZ3OJGxTJa6Mb5qLjsXMRgLR66tjURosuZTB8TzU12usoiEFIfTBSOWBuv5mgG5z6pkXt3YGZ2-RDWnYasD2JyXNbMqYYgU-dwLCuTGee_XEu78u30Kuq28RgtNccDBsd9lJLBJZHaHaRCaoZ-4ExRJgNdE_3fCKf0KpWRWpLGTLBrV8MJRB_dDb2OxSvgj_YRCy6owFQ9oavuVrPEV-uPqBDCRo4NvTPNyJrxrh0J_Hiwf1I543B3i5eNc2s1e-f4C5_BpZsxhY_3U76b7Er3fi5X6HfBo0JziXUFSIiQVUXNTo5xYludLLrW399XSUpp8-ErF4OLl3NqLAJK2IFN_qtWiO6WAw08LCPnpMi1Z03-DzwcLi8EQEnziEktAVyxjXN-no21e87mEZgdVBuI_u9j2qw-E0sKmb8OLCD6mPLosuVPvL3h47AjY5dRvFAzO7GzXEsYl7lVRWSA56cNnL5toGU9f_nltFpNqX874-TXT2lyS0IgcpSAz2H_LrkM8-6JgsGVmVn3I2mCPK5BmBwdb-JOB2hTxgK5xoanKaJar_Fg1vDAd-sf-mYFBc=w800-h600-no\" target=\"_blank\">        <img src=\"https:\/\/lh3.googleusercontent.com\/ribqTnJoyyhcnGiYX8jE53J6UKoR2Z17uD3SoHkCRHfYD1od2hHD9FuajsJv70d1e5q4w2KxLX-E81U4KTErBY9-GaE-A_i5jwnJqndbvMirno59z5lm13tpSwp4Wu1UYCQONCQDVlFlljNDWNHtZuBPk4mEu8DVw_GsFCYeYfIFBx0SZ3OJGxTJa6Mb5qLjsXMRgLR66tjURosuZTB8TzU12usoiEFIfTBSOWBuv5mgG5z6pkXt3YGZ2-RDWnYasD2JyXNbMqYYgU-dwLCuTGee_XEu78u30Kuq28RgtNccDBsd9lJLBJZHaHaRCaoZ-4ExRJgNdE_3fCKf0KpWRWpLGTLBrV8MJRB_dDb2OxSvgj_YRCy6owFQ9oavuVrPEV-uPqBDCRo4NvTPNyJrxrh0J_Hiwf1I543B3i5eNc2s1e-f4C5_BpZsxhY_3U76b7Er3fi5X6HfBo0JziXUFSIiQVUXNTo5xYludLLrW399XSUpp8-ErF4OLl3NqLAJK2IFN_qtWiO6WAw08LCPnpMi1Z03-DzwcLi8EQEnziEktAVyxjXN-no21e87mEZgdVBuI_u9j2qw-E0sKmb8OLCD6mPLosuVPvL3h47AjY5dRvFAzO7GzXEsYl7lVRWSA56cNnL5toGU9f_nltFpNqX874-TXT2lyS0IgcpSAz2H_LrkM8-6JgsGVmVn3I2mCPK5BmBwdb-JOB2hTxgK5xoanKaJar_Fg1vDAd-sf-mYFBc=w800-h600-no\" alt=\"\"   \/>\n        <\/a>        <div class=\"slideshow_description_box slideshow_transparent\">\n                                        <\/div>\n<\/div>\n\t\n<div style=\"clear: both;\"><\/div><\/div><div class=\"slideshow_view\"><div class=\"slideshow_slide slideshow_slide_image\">\n        <a href=\"https:\/\/lh3.googleusercontent.com\/oX7GWUxVh_EVoTrzFQxPecT5f9cCjNRG3YpWj1kBqxSkOUXoenGjBqLdUNIdqjqBsPxsoE7oRWpK82kG-E70QqL4gJKv-pin6MLxFJsM00EeoKAZjdT9esDe9hNVCmT56SCZg48-Ij8npvkFK_7jGH7B3SAvpBKwOow7VK4PPOj4kaG-7rbBkEVL2_AxB2VaxEbKFhstE8qIOYMVBa1bvu1I61mVHbb5WMzRCQFBiAYEZ-jUmTMgNdKslBsxqysopY0w3-ZzEXDcOCBENEHw1cHWlmqgUsUh8EldSIv46xKLz9hxP7hLqL2ZUfLiSrK6hzekEWJfWIHlX_DhLuR1HZHuEMlU3TIh7kB9B-QPXJO8mGks6TVue3LFxEcfvO4JB-Hbg99Jjq3BMf14IATPSoPW4b5moqeyulxg_wbZT8RHBZbQuS-jCUhKOtYhV7j62QD6FxoLoKo-pf-lQ1bdJL5cAGuztkz9uQA-urLkFG5bU7OVier9RTZjJJj-pKyvvsqUrg4cTWsNOjgF6qUNWh2ThX6_SVYOcDUXRXmpLbiFWbhj0AuF3Ljt7Zc6IEhCZr-l3iSraE4MxW8allgbMG2ROFh0NHkLgN5T9_320nHfTV9h6FYfdfbifT3azovTXb2ASVNRfBAT4jgTktAG6vgIFTnfA7BGAUntwxUxBltVLPW81TEvOoPuwq-XmVm9Bl5gMXF-DWfo5J-cYtiLornl9ANMU8JeiSYg5CG1lPZIVMg=w800-h600-no\" target=\"_blank\">        <img src=\"https:\/\/lh3.googleusercontent.com\/oX7GWUxVh_EVoTrzFQxPecT5f9cCjNRG3YpWj1kBqxSkOUXoenGjBqLdUNIdqjqBsPxsoE7oRWpK82kG-E70QqL4gJKv-pin6MLxFJsM00EeoKAZjdT9esDe9hNVCmT56SCZg48-Ij8npvkFK_7jGH7B3SAvpBKwOow7VK4PPOj4kaG-7rbBkEVL2_AxB2VaxEbKFhstE8qIOYMVBa1bvu1I61mVHbb5WMzRCQFBiAYEZ-jUmTMgNdKslBsxqysopY0w3-ZzEXDcOCBENEHw1cHWlmqgUsUh8EldSIv46xKLz9hxP7hLqL2ZUfLiSrK6hzekEWJfWIHlX_DhLuR1HZHuEMlU3TIh7kB9B-QPXJO8mGks6TVue3LFxEcfvO4JB-Hbg99Jjq3BMf14IATPSoPW4b5moqeyulxg_wbZT8RHBZbQuS-jCUhKOtYhV7j62QD6FxoLoKo-pf-lQ1bdJL5cAGuztkz9uQA-urLkFG5bU7OVier9RTZjJJj-pKyvvsqUrg4cTWsNOjgF6qUNWh2ThX6_SVYOcDUXRXmpLbiFWbhj0AuF3Ljt7Zc6IEhCZr-l3iSraE4MxW8allgbMG2ROFh0NHkLgN5T9_320nHfTV9h6FYfdfbifT3azovTXb2ASVNRfBAT4jgTktAG6vgIFTnfA7BGAUntwxUxBltVLPW81TEvOoPuwq-XmVm9Bl5gMXF-DWfo5J-cYtiLornl9ANMU8JeiSYg5CG1lPZIVMg=w800-h600-no\" alt=\"\"   \/>\n        <\/a>        <div class=\"slideshow_description_box slideshow_transparent\">\n                                        <\/div>\n<\/div>\n\t\n<div style=\"clear: both;\"><\/div><\/div><div class=\"slideshow_view\"><div class=\"slideshow_slide slideshow_slide_image\">\n        <a href=\"https:\/\/lh3.googleusercontent.com\/J5hKTqnKvkNFjRlVptLTD-pSkKIp9GARGmbl3SvAToaSQW4oJ1E4xqwqPyIOU4cpVmkqsgOK3MLUcbgFrr1tiMW5jqvyGywpc1y3qP2CbVDVwCKE4RbEkKf3pU0V3MdTOdnqWhZxipsgERoaQBzke_bWBG5dtLe7uuSY2htU-WNLFxotOQZs-_iQE_DDPZ-yQhP1wzr7I4sk2Y-Nn7-D8HJ9oVjPN_lxmh5-M7LW2U8v8gL8c9wEfQPWbjeJK5olqzJAdWfLyf76HFn0YFuIEgYHwuZax7CH9kvwoXI6KG1UdAzDNay4whLkVyb8m-9WFcxBLOAVOyafJwZznFsCmNioldgIaX2huZBzU7p9XDEsFBGAgNvjSwvpTKKHD79ibT2MSKLC1_Q7mh5mN-EKKPf-wsC2ofF0vDBPtxz_rXqQpUvMue4RCELmQbF59acCKxjPyXpBqHBfJkvAQ8aS8BJEiRLM_fj23i5xc1T8d2VftwplE6a6nOIXxIeSAnMdUtMtF30olmX-yNIszRjLVo7BMFsasHouoVTVyywIa5O1CAlUFG10qJLXIP-kWCrfAtz1fPPcKB69iHO4GUcHtt0tLdimvJ5acjsmjXQZh4fcE_hPT0LFUx1kjJsVNzchdAdFVqXbDrCm8BmZIg9z8Vqdlp2wpkotZGW6_1TDwNodFvRN6aJe-ERLip6OhHcV_6W5cJFx7WFsfuAofiBk5kgPfELw77Xac1380EQAGpXMeGk=w800-h600-no\" target=\"_blank\">        <img src=\"https:\/\/lh3.googleusercontent.com\/J5hKTqnKvkNFjRlVptLTD-pSkKIp9GARGmbl3SvAToaSQW4oJ1E4xqwqPyIOU4cpVmkqsgOK3MLUcbgFrr1tiMW5jqvyGywpc1y3qP2CbVDVwCKE4RbEkKf3pU0V3MdTOdnqWhZxipsgERoaQBzke_bWBG5dtLe7uuSY2htU-WNLFxotOQZs-_iQE_DDPZ-yQhP1wzr7I4sk2Y-Nn7-D8HJ9oVjPN_lxmh5-M7LW2U8v8gL8c9wEfQPWbjeJK5olqzJAdWfLyf76HFn0YFuIEgYHwuZax7CH9kvwoXI6KG1UdAzDNay4whLkVyb8m-9WFcxBLOAVOyafJwZznFsCmNioldgIaX2huZBzU7p9XDEsFBGAgNvjSwvpTKKHD79ibT2MSKLC1_Q7mh5mN-EKKPf-wsC2ofF0vDBPtxz_rXqQpUvMue4RCELmQbF59acCKxjPyXpBqHBfJkvAQ8aS8BJEiRLM_fj23i5xc1T8d2VftwplE6a6nOIXxIeSAnMdUtMtF30olmX-yNIszRjLVo7BMFsasHouoVTVyywIa5O1CAlUFG10qJLXIP-kWCrfAtz1fPPcKB69iHO4GUcHtt0tLdimvJ5acjsmjXQZh4fcE_hPT0LFUx1kjJsVNzchdAdFVqXbDrCm8BmZIg9z8Vqdlp2wpkotZGW6_1TDwNodFvRN6aJe-ERLip6OhHcV_6W5cJFx7WFsfuAofiBk5kgPfELw77Xac1380EQAGpXMeGk=w800-h600-no\" alt=\"\"   \/>\n        <\/a>        <div class=\"slideshow_description_box slideshow_transparent\">\n                                        <\/div>\n<\/div>\n\t\n<div style=\"clear: both;\"><\/div><\/div><div class=\"slideshow_view\"><div class=\"slideshow_slide slideshow_slide_image\">\n        <a href=\"https:\/\/lh3.googleusercontent.com\/g8LSG0oUIM7rYs9Bk4_VbtrAnuszfrn_u0UrdUvGPiBMXUVrKTG9FF67Fojg3KqgvQQ0OJwJBKkBF6Vy6TdSV5MWkFnBQa-GFl9wRONZuX-xWacerejHoKAqdqOQd0sFZuLernn9jBP9HRlG0W_52YaiX_lzl9ZwLPKhavjan8oquOR2iYyk1JQ1bUW3gU55fL0P2uDPR_5CYvYgqwqaB5x34b3KlVLwfMMq2cbUYvgXgQ3edyJMNt9Gjfmz9THNIluWxUAjADnUB3jtqTwTVZpnMTPQ7_YoQS8fdxDgeNRaP0x8MUnPOiIzFbMFwPO3GoKU3JAG16YdkP_tiGkuLKdzIJXS8YhtxE4NGg38PEUW9E_TrBFoLYKxQ_kmr8Tqr-q3gZ_ZcJmOQQ0gITxTLz0r1ALCuXj2IA1Ee9r1CO4QoOdaD-KlukMO3Fs_FxU7NOcH03k-lkVi3wShow5CFOhug7u_HTrj66NCpOCJoBojKm6JCDhIauSlvwH7kdylCwlljC3y2kEIPskUq0DWMJM6GnDjGzJrwNZ0p27gmgnxl3SBgPd4JCkQ-7uXcG9ohpWXjZFlcuIgn2FadJJAsatGZzYEAzR475mjD0_ruA-3C4nOK43AvckFT4yFUHWzem4NqsHnJLl0jPosGcOoLFA_kR0kq3__Fx7HhZxkUjNeECf1WJB8NnJZYbG3cQosmSPCSkFmvSPmrkP9XMhCDXavRRttICcpD-E0rW_vxzsV4d4=w800-h600-no\" target=\"_blank\">        <img src=\"https:\/\/lh3.googleusercontent.com\/g8LSG0oUIM7rYs9Bk4_VbtrAnuszfrn_u0UrdUvGPiBMXUVrKTG9FF67Fojg3KqgvQQ0OJwJBKkBF6Vy6TdSV5MWkFnBQa-GFl9wRONZuX-xWacerejHoKAqdqOQd0sFZuLernn9jBP9HRlG0W_52YaiX_lzl9ZwLPKhavjan8oquOR2iYyk1JQ1bUW3gU55fL0P2uDPR_5CYvYgqwqaB5x34b3KlVLwfMMq2cbUYvgXgQ3edyJMNt9Gjfmz9THNIluWxUAjADnUB3jtqTwTVZpnMTPQ7_YoQS8fdxDgeNRaP0x8MUnPOiIzFbMFwPO3GoKU3JAG16YdkP_tiGkuLKdzIJXS8YhtxE4NGg38PEUW9E_TrBFoLYKxQ_kmr8Tqr-q3gZ_ZcJmOQQ0gITxTLz0r1ALCuXj2IA1Ee9r1CO4QoOdaD-KlukMO3Fs_FxU7NOcH03k-lkVi3wShow5CFOhug7u_HTrj66NCpOCJoBojKm6JCDhIauSlvwH7kdylCwlljC3y2kEIPskUq0DWMJM6GnDjGzJrwNZ0p27gmgnxl3SBgPd4JCkQ-7uXcG9ohpWXjZFlcuIgn2FadJJAsatGZzYEAzR475mjD0_ruA-3C4nOK43AvckFT4yFUHWzem4NqsHnJLl0jPosGcOoLFA_kR0kq3__Fx7HhZxkUjNeECf1WJB8NnJZYbG3cQosmSPCSkFmvSPmrkP9XMhCDXavRRttICcpD-E0rW_vxzsV4d4=w800-h600-no\" alt=\"\"   \/>\n        <\/a>        <div class=\"slideshow_description_box slideshow_transparent\">\n                                        <\/div>\n<\/div>\n\t\n<div style=\"clear: both;\"><\/div><\/div><div class=\"slideshow_view\"><div class=\"slideshow_slide slideshow_slide_image\">\n        <a href=\"https:\/\/lh3.googleusercontent.com\/B6UlfW9RozQ2zfQ9q8ih4aiXWUfJ1eo5INW14GW5tiHCVlRqUiUzZ3f-bnKASYKko-bnFGCRsx0k9SDxDPJKPXEMIXoYcviuUnR0tSByaVncO_XyveeaUbGcIVON9xgkavRl-hYvJG1v2RMJjPjM7nEsgIZqdQIvUea5YCz-pcudcg9_-avNjscrFcz2MOi8VvzJHXr2XNL3yx63Xeph3dQ4xAL_22aFpRKHQXVO44BykmIiIlHJqMz1J3-TcUnXrh40bsHT5IPu2jDbR1Bd1pmXBDkBAGMpX3BQKdcbteDB6dltE3ymFJu0eCKlH8uaPVp-0jbx364pb0J2F8Y3uuOetwRFFsGvzYkknuWQz6a6KV6jbxn41Ofl4p1isG8kV0F2WI-xKJsfNl7AdDqBXyBK2r90Vb8AmEgC5BskNs5rdFBAgsSz3a-zmpBDvbVDzbMncm2npKa_5erT4rZCI9lpg39hC750tZ48ChLbJm5vUm-m1PyJkQVovcKxMQM1un3wfdh8a7JnDFx-Ld-Xw3UapzT0vs-98XdKAgGQJG6_os4W-LBlhPqOpINxPnhVkEKUrUlMUANUEN9blwuxilaQ0iIV8OdslMtV5SVhpLUr_CVr_dSVnwJdUU8QO5mRX3EKRBGWlo_uOh229mBNwTaYVnLhZoqVV4fJ-kUFk414HSXTGhMN5nYf5iqIzkPYkLozL_pw8czxMtSQUpvzaHXYmLx5L_V1QKhONH_dzRNdh94=w800-h600-no\" target=\"_blank\">        <img src=\"https:\/\/lh3.googleusercontent.com\/B6UlfW9RozQ2zfQ9q8ih4aiXWUfJ1eo5INW14GW5tiHCVlRqUiUzZ3f-bnKASYKko-bnFGCRsx0k9SDxDPJKPXEMIXoYcviuUnR0tSByaVncO_XyveeaUbGcIVON9xgkavRl-hYvJG1v2RMJjPjM7nEsgIZqdQIvUea5YCz-pcudcg9_-avNjscrFcz2MOi8VvzJHXr2XNL3yx63Xeph3dQ4xAL_22aFpRKHQXVO44BykmIiIlHJqMz1J3-TcUnXrh40bsHT5IPu2jDbR1Bd1pmXBDkBAGMpX3BQKdcbteDB6dltE3ymFJu0eCKlH8uaPVp-0jbx364pb0J2F8Y3uuOetwRFFsGvzYkknuWQz6a6KV6jbxn41Ofl4p1isG8kV0F2WI-xKJsfNl7AdDqBXyBK2r90Vb8AmEgC5BskNs5rdFBAgsSz3a-zmpBDvbVDzbMncm2npKa_5erT4rZCI9lpg39hC750tZ48ChLbJm5vUm-m1PyJkQVovcKxMQM1un3wfdh8a7JnDFx-Ld-Xw3UapzT0vs-98XdKAgGQJG6_os4W-LBlhPqOpINxPnhVkEKUrUlMUANUEN9blwuxilaQ0iIV8OdslMtV5SVhpLUr_CVr_dSVnwJdUU8QO5mRX3EKRBGWlo_uOh229mBNwTaYVnLhZoqVV4fJ-kUFk414HSXTGhMN5nYf5iqIzkPYkLozL_pw8czxMtSQUpvzaHXYmLx5L_V1QKhONH_dzRNdh94=w800-h600-no\" alt=\"\"   \/>\n        <\/a>        <div class=\"slideshow_description_box slideshow_transparent\">\n                                        <\/div>\n<\/div>\n\t\n<div style=\"clear: both;\"><\/div><\/div>\r\n\t\t<\/div>\r\n\r\n\t\t<div class=\"slideshow_controlPanel slideshow_transparent\" style=\"display: none;\"><ul><li class=\"slideshow_togglePlay\" data-play-text=\"Visualitza\" data-pause-text=\"Pausa\"><\/li><\/ul><\/div>\r\n\r\n\t\t<div class=\"slideshow_button slideshow_previous slideshow_transparent\" role=\"button\" data-previous-text=\"Anterior\" style=\"display: none;\"><\/div>\r\n\t\t<div class=\"slideshow_button slideshow_next slideshow_transparent\" role=\"button\" data-next-text=\"Seg\u00fcent\" style=\"display: none;\"><\/div>\r\n\r\n\t\t<div class=\"slideshow_pagination\" style=\"display: none;\" data-go-to-text=\"V\u00e9s a la diapositiva\"><div class=\"slideshow_pagination_center\"><\/div><\/div>\r\n\r\n\t\t<!-- WordPress Slideshow Version 2.3.1 -->\r\n\r\n\t\t\t<\/div>\r\n\r\n\n<p>&nbsp;<\/p>\n","protected":false},"excerpt":{"rendered":"<p>El servei d\u2019acollida ofereix a les fam\u00edlies una soluci\u00f3 flexible per a la perman\u00e8ncia dels infants fora de l\u2019horari escolar. Tant al mat\u00ed com a la tarda, els nens i nenes poden gaudir d\u2019un entorn tranquil i supervisat abans o despr\u00e9s de les classes.<br \/>\nL\u2019objectiu d\u2019aquest&hellip;  <a href=\"https:\/\/agora.xtec.cat\/ceipfmacia-orrius\/que-es-lafi\/activitats-projectes\/acollides-mati-i-tarda\/\" title=\"Read \ud83c\udf05 Acollides\">Llegeix m\u00e9s\u00bb<\/a><\/p>\n","protected":false},"author":1,"featured_media":0,"parent":66,"menu_order":0,"comment_status":"closed","ping_status":"closed","template":"page-templates\/side-menu.php","meta":{"_bbp_topic_count":0,"_bbp_reply_count":0,"_bbp_total_topic_count":0,"_bbp_total_reply_count":0,"_bbp_voice_count":0,"_bbp_anonymous_reply_count":0,"_bbp_topic_count_hidden":0,"_bbp_reply_count_hidden":0,"_bbp_forum_subforum_count":0,"footnotes":""},"class_list":["post-596","page","type-page","status-publish","hentry"],"post_mailing_queue_ids":[],"_links":{"self":[{"href":"https:\/\/agora.xtec.cat\/ceipfmacia-orrius\/wp-json\/wp\/v2\/pages\/596","targetHints":{"allow":["GET"]}}],"collection":[{"href":"https:\/\/agora.xtec.cat\/ceipfmacia-orrius\/wp-json\/wp\/v2\/pages"}],"about":[{"href":"https:\/\/agora.xtec.cat\/ceipfmacia-orrius\/wp-json\/wp\/v2\/types\/page"}],"author":[{"embeddable":true,"href":"https:\/\/agora.xtec.cat\/ceipfmacia-orrius\/wp-json\/wp\/v2\/users\/1"}],"replies":[{"embeddable":true,"href":"https:\/\/agora.xtec.cat\/ceipfmacia-orrius\/wp-json\/wp\/v2\/comments?post=596"}],"version-history":[{"count":6,"href":"https:\/\/agora.xtec.cat\/ceipfmacia-orrius\/wp-json\/wp\/v2\/pages\/596\/revisions"}],"predecessor-version":[{"id":4522,"href":"https:\/\/agora.xtec.cat\/ceipfmacia-orrius\/wp-json\/wp\/v2\/pages\/596\/revisions\/4522"}],"up":[{"embeddable":true,"href":"https:\/\/agora.xtec.cat\/ceipfmacia-orrius\/wp-json\/wp\/v2\/pages\/66"}],"wp:attachment":[{"href":"https:\/\/agora.xtec.cat\/ceipfmacia-orrius\/wp-json\/wp\/v2\/media?parent=596"}],"curies":[{"name":"wp","href":"https:\/\/api.w.org\/{rel}","templated":true}]}}