{"id":4386,"date":"2025-05-08T11:41:49","date_gmt":"2025-05-08T09:41:49","guid":{"rendered":"https:\/\/agora.xtec.cat\/ceipfmacia-orrius\/?page_id=4386"},"modified":"2025-05-13T14:56:45","modified_gmt":"2025-05-13T12:56:45","slug":"transparencia-i-pressupost","status":"publish","type":"page","link":"https:\/\/agora.xtec.cat\/ceipfmacia-orrius\/que-es-lafi\/transparencia-i-pressupost\/","title":{"rendered":"\ud83d\udcca Transpar\u00e8ncia i pressupost"},"content":{"rendered":"<p><body><\/p>\n<p>    <strong id=\"Inici\">Creiem que una administraci\u00f3 transparent \u00e9s fonamental per garantir la confian\u00e7a i el bon funcionament de l\u2019associaci\u00f3. Per aix\u00f2, compartim de manera clara i accessible tota la informaci\u00f3 relacionada amb la gesti\u00f3 econ\u00f2mica dels recursos, les aportacions de les fam\u00edlies i la destinaci\u00f3 dels pressupostos.<\/strong><\/p>\n<p>En aquesta secci\u00f3 trobar\u00e0s els informes econ\u00f2mics, les decisions pressupost\u00e0ries i el detall de com s\u2019inverteixen els fons recaptats. La nostra prioritat \u00e9s assegurar que cada euro contribueix a millorar l\u2019experi\u00e8ncia educativa i les activitats que impulsem.<\/p>\n<p>Consulta tota la informaci\u00f3 i descobreix com treballem per fer de l\u2019AFI una entitat transparent i compromesa amb la comunitat escolar.<\/p>\n<div style=\"max-width: 600px; margin: auto; padding: 20px; font-family: Arial, sans-serif; text-align: center;\">\n<div style=\"background: #427ebb; color: white; padding: 20px; border-radius: 10px; font-size: 1em; margin-bottom: 10px; cursor: pointer;\" onclick=\"toggleTable('budgetTable')\">\n        <strong><i class=\"fas fa-wallet\"><\/i>&nbsp;&nbsp;Remanent<\/strong> total disponible<br \/>\n        <br \/> <strong style=\"font-size: 26px;\">10.700,00 \u20ac<\/strong>\n    <\/div>\n<p>   <!--    \n\n<div id=\"budgetTable\" style=\"display: none; margin-top: 20px;\">\n        \n\n<table border=\"1\" style=\"width: 100%; border-collapse: collapse;\">\n            \n\n<thead>\n                \n\n<tr>\n                    \n\n<th style=\"text-align: center;\">Comissi\u00f3<\/th>\n\n\n                    \n\n<th style=\"text-align: center;\">Concepte<\/th>\n\n\n                    \n\n<th style=\"text-align: center;\">Import<\/th>\n\n\n                <\/tr>\n\n\n            <\/thead>\n\n\n            \n\n<tbody>\n                \n\n<tr>\n                    \n\n<td>Comissi\u00f3 1<\/td>\n\n\n                    \n\n<td>Concepte 1<\/td>\n\n\n                    \n\n<td style=\"text-align: center;\">XXX,XX \u20ac<\/td>\n\n\n                <\/tr>\n\n\n                \n\n<tr>\n                    \n\n<td>Comissi\u00f3 2<\/td>\n\n\n                    \n\n<td>Concepte 2<\/td>\n\n\n                    \n\n<td style=\"text-align: center;\">XXX,XX \u20ac<\/td>\n\n\n                <\/tr>\n\n\n                \n\n<tr>\n                    \n\n<td>Comissi\u00f3 3<\/td>\n\n\n                    \n\n<td>Concepte 3<\/td>\n\n\n                    \n\n<td style=\"text-align: center;\">XXX,XX \u20ac<\/td>\n\n\n                <\/tr>\n\n\n            <\/tbody>\n\n\n        <\/table>\n\n\n    <\/div>\n\n--><br \/>\n<\/p>\n<p style=\"font-size: 16px; color: #333;\">\ud83d\udc46 Fes clic en cadascun dels blocs seg\u00fcents per con\u00e8ixer m\u00e9s el detall d&#8217;aquest curs:<\/p>\n<div style=\"background: #2ecc71; color: white; padding: 20px; border-radius: 10px; font-size: 1em; margin-bottom: 10px; cursor: pointer;\" onclick=\"toggleTable('incomeTable')\">\n        <strong><i class=\"fas fa-coins\"><\/i>&nbsp;&nbsp;Ingressos <\/strong>generats durant el curs<br \/>\n        <br \/> <strong style=\"font-size: 30px;\">7.205,20 \u20ac<\/strong>\n    <\/div>\n<div id=\"incomeTable\" style=\"display: none; margin-top: 20px;\">\n<table border=\"1\" style=\"width: 100%; border-collapse: collapse;\">\n<thead>\n<tr>\n<th style=\"text-align: center;\">Comissi\u00f3<\/th>\n<th style=\"text-align: center;\">Concepte<\/th>\n<th style=\"text-align: center;\">Import<\/th>\n<\/tr>\n<\/thead>\n<tbody>\n<tr>\n<td>Escola<\/td>\n<td>Aportaci\u00f3 de l&#8217;Ajuntament a familia<br \/>\nnouvinguda<\/td>\n<td style=\"text-align: center;\">88,00 \u20ac<\/td>\n<\/tr>\n<tr>\n<td>Festes<\/td>\n<td>Pessebre Vivent<\/td>\n<td style=\"text-align: center;\">2.853,00 \u20ac<\/td>\n<\/tr>\n<tr>\n<td>Festes<\/td>\n<td>Castanyada<\/td>\n<td style=\"text-align: center;\">2.112,00 \u20ac<\/td>\n<\/tr>\n<tr>\n<td>Festes<\/td>\n<td>Festa final de curs<\/td>\n<td style=\"text-align: center;\">350,00 \u20ac<\/td>\n<\/tr>\n<tr>\n<td>Tresoreria<\/td>\n<td>Quotes socis<\/td>\n<td style=\"text-align: center;\">1.802,20 \u20ac<\/td>\n<\/tr>\n<\/tbody>\n<\/table><\/div>\n<div style=\"background: #27ae60; color: white; padding: 20px; border-radius: 10px; font-size: 1em; margin-bottom: 10px; cursor: pointer;\" onclick=\"toggleTable('investmentTable')\">\n        <strong><i class=\"fas fa-chart-line\"><\/i>&nbsp;&nbsp;Inversions <\/strong>realitzades\/previstes per aquest curs<br \/>\n        <br \/> <strong style=\"font-size: 3em;\">7.205,20 \u20ac<\/strong>\n    <\/div>\n<div id=\"investmentTable\" style=\"display: none; margin-top: 20px;\">\n<table border=\"1\" style=\"width: 100%; border-collapse: collapse;\">\n<thead>\n<tr>\n<th style=\"text-align: center;\">Comissi\u00f3<\/th>\n<th style=\"text-align: center;\">Concepte<\/th>\n<th style=\"text-align: center;\">Import<\/th>\n<\/tr>\n<\/thead>\n<tbody>\n<tr>\n<td>Escola<\/td>\n<td>Ti\u00f3<\/td>\n<td style=\"text-align: center;\">300,00 \u20ac<\/td>\n<\/tr>\n<tr>\n<td>Festes<\/td>\n<td>Pessebre Vivent<\/td>\n<td style=\"text-align: center;\">1.937,35 \u20ac<\/td>\n<\/tr>\n<tr>\n<td>Festes<\/td>\n<td>Castanyada<\/td>\n<td style=\"text-align: center;\">1.129,00 \u20ac<\/td>\n<\/tr>\n<tr>\n<td>Festes<\/td>\n<td>Carnestoltes<\/td>\n<td style=\"text-align: center;\">55,00 \u20ac<\/td>\n<\/tr>\n<tr>\n<td>Festes<\/td>\n<td>Nit d&#8217;estels<\/td>\n<td style=\"text-align: center;\">96,80 \u20ac<\/td>\n<\/tr>\n<tr>\n<td>Festes<\/td>\n<td>Festa final de curs<\/td>\n<td style=\"text-align: center;\">500,00 \u20ac<\/td>\n<\/tr>\n<tr>\n<td>Extraescolars<\/td>\n<td>Asseguran\u00e7a extraescolars<\/td>\n<td style=\"text-align: center;\">382,58 \u20ac<\/td>\n<\/tr>\n<tr>\n<td>Escola nova<\/td>\n<td>Accions escola nova<\/td>\n<td style=\"text-align: center;\">500,00 \u20ac<\/td>\n<\/tr>\n<tr>\n<td>Manteniment<\/td>\n<td>Inversions escola<\/td>\n<td style=\"text-align: center;\">1.200,00 \u20ac<\/td>\n<\/tr>\n<tr>\n<td>Escola<\/td>\n<td>Perman\u00e8ncies reunions<\/td>\n<td style=\"text-align: center;\">84,00 \u20ac<\/td>\n<\/tr>\n<tr>\n<td>Escola<\/td>\n<td>Suport extraescolars fam\u00edlia nouvinguda<\/td>\n<td style=\"text-align: center;\">88,00 \u20ac<\/td>\n<\/tr>\n<tr>\n<td>Tresoreria<\/td>\n<td>Despeses administratives<br \/>\n(banc)<\/td>\n<td style=\"text-align: center;\">112,50 \u20ac<\/td>\n<\/tr>\n<tr>\n<td>Tresoreria<\/td>\n<td>Despeses diverses (web, quota AFFAC&#8230;)<\/td>\n<td style=\"text-align: center;\">297,34 \u20ac<\/td>\n<\/tr>\n<tr>\n<td>Menjador<\/td>\n<td>Suport menjador\/<br \/>\npermanenci\u00e8s<\/td>\n<td style=\"text-align: center;\">522,63 \u20ac<\/td>\n<\/tr>\n<\/tbody>\n<\/table><\/div>\n<p style=\"font-size: 12px; color: #777; margin-top: 15px;\">\u00daltima actualitzaci\u00f3 de dades: 13 de maig de 2025.<\/p>\n<\/div>\n<p style=\"text-align: right;\"><a href=\"#Inici\">Pujar<\/a><\/p>\n<p><script>\n    function toggleTable(id) {\n        let table = document.getElementById(id);\n        table.style.display = table.style.display === \"none\" ? \"block\" : \"none\";\n    }\n<\/script><\/p>\n","protected":false},"excerpt":{"rendered":"<p>    Creiem que una administraci\u00f3 transparent \u00e9s fonamental per garantir la confian\u00e7a i el bon funcionament de l\u2019associaci\u00f3. Per aix\u00f2, compartim de manera clara i accessible tota la informaci\u00f3 relacionada amb la gesti\u00f3 econ\u00f2mica dels recursos, les aportacions de les fam\u00edlies i&hellip;  <a href=\"https:\/\/agora.xtec.cat\/ceipfmacia-orrius\/que-es-lafi\/transparencia-i-pressupost\/\" title=\"Read \ud83d\udcca Transpar\u00e8ncia i pressupost\">Llegeix m\u00e9s\u00bb<\/a><\/p>\n","protected":false},"author":60,"featured_media":0,"parent":661,"menu_order":5,"comment_status":"closed","ping_status":"closed","template":"page-templates\/side-menu.php","meta":{"_bbp_topic_count":0,"_bbp_reply_count":0,"_bbp_total_topic_count":0,"_bbp_total_reply_count":0,"_bbp_voice_count":0,"_bbp_anonymous_reply_count":0,"_bbp_topic_count_hidden":0,"_bbp_reply_count_hidden":0,"_bbp_forum_subforum_count":0,"footnotes":""},"class_list":["post-4386","page","type-page","status-publish","hentry"],"post_mailing_queue_ids":[],"_links":{"self":[{"href":"https:\/\/agora.xtec.cat\/ceipfmacia-orrius\/wp-json\/wp\/v2\/pages\/4386","targetHints":{"allow":["GET"]}}],"collection":[{"href":"https:\/\/agora.xtec.cat\/ceipfmacia-orrius\/wp-json\/wp\/v2\/pages"}],"about":[{"href":"https:\/\/agora.xtec.cat\/ceipfmacia-orrius\/wp-json\/wp\/v2\/types\/page"}],"author":[{"embeddable":true,"href":"https:\/\/agora.xtec.cat\/ceipfmacia-orrius\/wp-json\/wp\/v2\/users\/60"}],"replies":[{"embeddable":true,"href":"https:\/\/agora.xtec.cat\/ceipfmacia-orrius\/wp-json\/wp\/v2\/comments?post=4386"}],"version-history":[{"count":6,"href":"https:\/\/agora.xtec.cat\/ceipfmacia-orrius\/wp-json\/wp\/v2\/pages\/4386\/revisions"}],"predecessor-version":[{"id":4665,"href":"https:\/\/agora.xtec.cat\/ceipfmacia-orrius\/wp-json\/wp\/v2\/pages\/4386\/revisions\/4665"}],"up":[{"embeddable":true,"href":"https:\/\/agora.xtec.cat\/ceipfmacia-orrius\/wp-json\/wp\/v2\/pages\/661"}],"wp:attachment":[{"href":"https:\/\/agora.xtec.cat\/ceipfmacia-orrius\/wp-json\/wp\/v2\/media?parent=4386"}],"curies":[{"name":"wp","href":"https:\/\/api.w.org\/{rel}","templated":true}]}}