{"id":976,"date":"2017-02-21T23:07:51","date_gmt":"2017-02-21T22:07:51","guid":{"rendered":"http:\/\/agora.xtec.cat\/ceipflix\/?page_id=976"},"modified":"2025-06-02T12:27:54","modified_gmt":"2025-06-02T10:27:54","slug":"documents-prescriptius","status":"publish","type":"page","link":"https:\/\/agora.xtec.cat\/ceipflix\/lescola\/documents-prescriptius\/","title":{"rendered":"Documents prescriptius"},"content":{"rendered":"<ul>\n<li><a href=\"http:\/\/cloret.ceipflix.cat\/_nodes\/PECEscolaEGF.pdf\" target=\"_blank\" rel=\"noopener noreferrer\">Projecte educatiu de centre (PEC)<\/a>\u00a0(en revisi\u00f3)<\/li>\n<li><a href=\"https:\/\/agora.xtec.cat\/ceipflix\/wp-content\/uploads\/usu61\/2024\/07\/NOFC-Escola-EGF.pdf\" target=\"_blank\" rel=\"noopener noreferrer\">Normes de funcionament i organitzaci\u00f3 del centre (NOFC)<\/a><\/li>\n<li><a href=\"http:\/\/cloret.ceipflix.cat\/_nodes\/ProjecteLinguistic.pdf\" target=\"_blank\" rel=\"noopener noreferrer\">Projecte ling\u00fc\u00edstic (en revisi\u00f3)<\/a>\u00a0(en revisi\u00f3)<\/li>\n<li><a href=\"https:\/\/agora.xtec.cat\/ceipflix\/wp-content\/uploads\/usu61\/2024\/07\/Actualitzacio-del-PdD-2022-2026.pdf\">Projecte de Direcci\u00f3 2022-26<\/a><\/li>\n<li><a href=\"https:\/\/sites.google.com\/xtec.cat\/edc-escolaflix\/edc\" target=\"_blank\" rel=\"noopener\">Estrat\u00e8gia Digital de Centre<\/a><\/li>\n<li><a href=\"https:\/\/agora.xtec.cat\/ceipflix\/wp-content\/uploads\/usu61\/2024\/07\/Pla-d_acollida-dels-professionals-de-lescola-Enric-Grau-Fontsere.docx.pdf\">Pla d&#8217;acollida nous professionals al centre<\/a><\/li>\n<\/ul>\n<p>Altres documents:<\/p>\n<ul>\n<li><a href=\"http:\/\/cloret.ceipflix.cat\/_nodes\/CartaCompromis.pdf\" target=\"_blank\" rel=\"noopener noreferrer\">Carta de comprom\u00eds<\/a><\/li>\n<li><a href=\"https:\/\/agora.xtec.cat\/ceipflix\/wp-content\/uploads\/usu61\/2020\/10\/Visi\u00f3CentreFlix.jpg\" target=\"_blank\" rel=\"noopener noreferrer\">Visi\u00f3 de centre<\/a><\/li>\n<\/ul>\n<p>Funcionament del CloretLAB:<\/p>\n<ul>\n<li><a href=\"https:\/\/agora.xtec.cat\/ceipflix\/wp-content\/uploads\/usu61\/2025\/06\/PROTOCOLS-DESPAI.pdf\" target=\"_blank\" rel=\"noopener\">Protocol d&#8217;Espai<\/a><\/li>\n<li><a href=\"https:\/\/agora.xtec.cat\/ceipflix\/wp-content\/uploads\/usu61\/2025\/06\/PROTOCOLS-DOCUPACIO.pdf\" target=\"_blank\" rel=\"noopener\">Protocol d&#8217;Ocupaci\u00f3<\/a><\/li>\n<li><a href=\"https:\/\/agora.xtec.cat\/ceipflix\/wp-content\/uploads\/usu61\/2025\/06\/PROTOCOLS-DE-MAQUINES.pdf\" target=\"_blank\" rel=\"noopener\">Protocol de M\u00e0quines<\/a><\/li>\n<li><a href=\"https:\/\/agora.xtec.cat\/ceipflix\/wp-content\/uploads\/usu61\/2025\/06\/PROTOCOLS-DE-MATERIALS.pdf\" target=\"_blank\" rel=\"noopener\">Protocol de Materials<\/a><\/li>\n<\/ul>\n<p>&nbsp;<\/p>\n","protected":false},"excerpt":{"rendered":"<p>Projecte educatiu de centre (PEC)\u00a0(en revisi\u00f3) Normes de funcionament i organitzaci\u00f3 del centre (NOFC) Projecte ling\u00fc\u00edstic (en revisi\u00f3)\u00a0(en revisi\u00f3) Projecte de Direcci\u00f3 2022-26 Estrat\u00e8gia Digital de Centre Pla d&#8217;acollida nous professionals al centre Altres documents: Carta de comprom\u00eds Visi\u00f3 de centre Funcionament del CloretLAB: Protocol d&#8217;Espai Protocol d&#8217;Ocupaci\u00f3 Protocol de M\u00e0quines Protocol de Materials &nbsp;<\/p>\n","protected":false},"author":1,"featured_media":0,"parent":22,"menu_order":0,"comment_status":"closed","ping_status":"closed","template":"","meta":{"_bbp_topic_count":0,"_bbp_reply_count":0,"_bbp_total_topic_count":0,"_bbp_total_reply_count":0,"_bbp_voice_count":0,"_bbp_anonymous_reply_count":0,"_bbp_topic_count_hidden":0,"_bbp_reply_count_hidden":0,"_bbp_forum_subforum_count":0,"site-sidebar-layout":"default","site-content-layout":"","ast-site-content-layout":"","site-content-style":"default","site-sidebar-style":"default","ast-global-header-display":"","ast-banner-title-visibility":"","ast-main-header-display":"","ast-hfb-above-header-display":"","ast-hfb-below-header-display":"","ast-hfb-mobile-header-display":"","site-post-title":"","ast-breadcrumbs-content":"","ast-featured-img":"","footer-sml-layout":"","theme-transparent-header-meta":"","adv-header-id-meta":"","stick-header-meta":"","header-above-stick-meta":"","header-main-stick-meta":"","header-below-stick-meta":"","astra-migrate-meta-layouts":"default","ast-page-background-enabled":"default","ast-page-background-meta":{"desktop":{"background-color":"var(--ast-global-color-4)","background-image":"","background-repeat":"repeat","background-position":"center center","background-size":"auto","background-attachment":"scroll","background-type":"","background-media":"","overlay-type":"","overlay-color":"","overlay-opacity":"","overlay-gradient":""},"tablet":{"background-color":"","background-image":"","background-repeat":"repeat","background-position":"center center","background-size":"auto","background-attachment":"scroll","background-type":"","background-media":"","overlay-type":"","overlay-color":"","overlay-opacity":"","overlay-gradient":""},"mobile":{"background-color":"","background-image":"","background-repeat":"repeat","background-position":"center center","background-size":"auto","background-attachment":"scroll","background-type":"","background-media":"","overlay-type":"","overlay-color":"","overlay-opacity":"","overlay-gradient":""}},"ast-content-background-meta":{"desktop":{"background-color":"var(--ast-global-color-5)","background-image":"","background-repeat":"repeat","background-position":"center center","background-size":"auto","background-attachment":"scroll","background-type":"","background-media":"","overlay-type":"","overlay-color":"","overlay-opacity":"","overlay-gradient":""},"tablet":{"background-color":"var(--ast-global-color-5)","background-image":"","background-repeat":"repeat","background-position":"center center","background-size":"auto","background-attachment":"scroll","background-type":"","background-media":"","overlay-type":"","overlay-color":"","overlay-opacity":"","overlay-gradient":""},"mobile":{"background-color":"var(--ast-global-color-5)","background-image":"","background-repeat":"repeat","background-position":"center center","background-size":"auto","background-attachment":"scroll","background-type":"","background-media":"","overlay-type":"","overlay-color":"","overlay-opacity":"","overlay-gradient":""}},"footnotes":""},"class_list":["post-976","page","type-page","status-publish","hentry"],"post_mailing_queue_ids":[],"_links":{"self":[{"href":"https:\/\/agora.xtec.cat\/ceipflix\/wp-json\/wp\/v2\/pages\/976","targetHints":{"allow":["GET"]}}],"collection":[{"href":"https:\/\/agora.xtec.cat\/ceipflix\/wp-json\/wp\/v2\/pages"}],"about":[{"href":"https:\/\/agora.xtec.cat\/ceipflix\/wp-json\/wp\/v2\/types\/page"}],"author":[{"embeddable":true,"href":"https:\/\/agora.xtec.cat\/ceipflix\/wp-json\/wp\/v2\/users\/1"}],"replies":[{"embeddable":true,"href":"https:\/\/agora.xtec.cat\/ceipflix\/wp-json\/wp\/v2\/comments?post=976"}],"version-history":[{"count":7,"href":"https:\/\/agora.xtec.cat\/ceipflix\/wp-json\/wp\/v2\/pages\/976\/revisions"}],"predecessor-version":[{"id":11990,"href":"https:\/\/agora.xtec.cat\/ceipflix\/wp-json\/wp\/v2\/pages\/976\/revisions\/11990"}],"up":[{"embeddable":true,"href":"https:\/\/agora.xtec.cat\/ceipflix\/wp-json\/wp\/v2\/pages\/22"}],"wp:attachment":[{"href":"https:\/\/agora.xtec.cat\/ceipflix\/wp-json\/wp\/v2\/media?parent=976"}],"curies":[{"name":"wp","href":"https:\/\/api.w.org\/{rel}","templated":true}]}}