{"id":914,"date":"2017-02-16T23:26:39","date_gmt":"2017-02-16T22:26:39","guid":{"rendered":"http:\/\/agora.xtec.cat\/ceipflix\/?page_id=914"},"modified":"2017-03-02T23:19:35","modified_gmt":"2017-03-02T22:19:35","slug":"bomes-practiques","status":"publish","type":"page","link":"https:\/\/agora.xtec.cat\/ceipflix\/altres\/bomes-practiques\/","title":{"rendered":"Bones pr\u00e0ctiques"},"content":{"rendered":"<h5><strong>Curs 2011-12<\/strong><\/h5>\n<p><em>Col\u00b7laboraci\u00f3 amb Microsoft amb motiu del Dia Internacional de les Lleng\u00fces Maternes<\/em>.<\/p>\n<p><a href=\"http:\/\/blocs.xtec.cat\/ceipflix\/2012\/01\/13\/microsoft-a-lescola\/\" target=\"_blank\">La not\u00edcia.<\/a><\/p>\n<h5 class=\"Estilo8\">__________________________________________________________________________________<strong>_____________<\/strong><\/h5>\n<h5><strong>Curs 2007-08<\/strong><\/h5>\n<p>Treball de l&#8217;alumnat de CM <span class=\"Estilo19\">amb motiu del 40\u00e8 aniversari de la publicaci\u00f3 del Zoo d&#8217;en Pitus organitzat per l&#8217;Editorial La Galera.<br \/>\n<a href=\"http:\/\/www.xtec.cat\/ceipflix\/fotografia\/elzooPitus\/index.htm\" target=\"_blank\"><em>El Zoo d&#8217;en Pitus.<\/em><\/a><\/span><\/p>\n<h5 class=\"Estilo8\">_______________________________________________________________________________________________<\/h5>\n<h5><strong>Curs 2002-03<\/strong><\/h5>\n<p>VII Trobada virtual dels SATIS de les comarques de Tarragona<\/p>\n<p>Fem Teatre<\/p>\n<h5 class=\"Estilo8\">_______________________________________________________________________________________________<\/h5>\n<h5><strong>Curs 2001-02<\/strong><\/h5>\n<p>VI Trobada virtuals dels SATIS de les comarques de Tarragona<\/p>\n<p><em><a href=\"http:\/\/www.xtec.cat\/ceipflix\/calaixDeixes\/trobadesVirtuals\/TV02-patrinos\/patrinos1.htm\">Patrimoni&#8230; \u00e9s teu, \u00e9s meu<\/a><\/em><\/p>\n<p>_______________________________________________________________________________________________<\/p>\n<h5><strong>Curs 2000-2001<\/strong><\/h5>\n<p>V Trobada virtual dels SATIS de les comarques de Tarragona<\/p>\n<p><em><a href=\"http:\/\/www.xtec.cat\/ceipflix\/calaixDeixes\/trobadesVirtuals\/TV01-abans_ara\/abansara.htm\">Abans i ara<\/a><\/em><\/p>\n<h5 class=\"Estilo8\">_______________________________________________________________________________________________<\/h5>\n<h5><strong>Curs 1998-99<\/strong><\/h5>\n<p>IV Trobada virtual dels SATIS de les comarques de Tarragona<\/p>\n<p><em><a href=\"http:\/\/www.xtec.cat\/ceipflix\/calaixDeixes\/trobadesVirtuals\/festesTradicions\/indexFestesTradicions.htm\" target=\"_blank\">Festes tradicionals<\/a><\/em><\/p>\n","protected":false},"excerpt":{"rendered":"<p>Curs 2011-12 Col\u00b7laboraci\u00f3 amb Microsoft amb motiu del Dia Internacional de les Lleng\u00fces Maternes. La not\u00edcia. _______________________________________________________________________________________________ Curs 2007-08 Treball de l&#8217;alumnat de CM amb motiu del 40\u00e8 aniversari de la publicaci\u00f3 del Zoo d&#8217;en Pitus organitzat per l&#8217;Editorial La Galera. El Zoo d&#8217;en Pitus. _______________________________________________________________________________________________ Curs 2002-03 VII Trobada virtual dels SATIS de les [&hellip;]<\/p>\n","protected":false},"author":1,"featured_media":0,"parent":908,"menu_order":0,"comment_status":"closed","ping_status":"closed","template":"","meta":{"_bbp_topic_count":0,"_bbp_reply_count":0,"_bbp_total_topic_count":0,"_bbp_total_reply_count":0,"_bbp_voice_count":0,"_bbp_anonymous_reply_count":0,"_bbp_topic_count_hidden":0,"_bbp_reply_count_hidden":0,"_bbp_forum_subforum_count":0,"site-sidebar-layout":"default","site-content-layout":"","ast-site-content-layout":"","site-content-style":"default","site-sidebar-style":"default","ast-global-header-display":"","ast-banner-title-visibility":"","ast-main-header-display":"","ast-hfb-above-header-display":"","ast-hfb-below-header-display":"","ast-hfb-mobile-header-display":"","site-post-title":"","ast-breadcrumbs-content":"","ast-featured-img":"","footer-sml-layout":"","theme-transparent-header-meta":"","adv-header-id-meta":"","stick-header-meta":"","header-above-stick-meta":"","header-main-stick-meta":"","header-below-stick-meta":"","astra-migrate-meta-layouts":"default","ast-page-background-enabled":"default","ast-page-background-meta":{"desktop":{"background-color":"var(--ast-global-color-4)","background-image":"","background-repeat":"repeat","background-position":"center center","background-size":"auto","background-attachment":"scroll","background-type":"","background-media":"","overlay-type":"","overlay-color":"","overlay-opacity":"","overlay-gradient":""},"tablet":{"background-color":"","background-image":"","background-repeat":"repeat","background-position":"center center","background-size":"auto","background-attachment":"scroll","background-type":"","background-media":"","overlay-type":"","overlay-color":"","overlay-opacity":"","overlay-gradient":""},"mobile":{"background-color":"","background-image":"","background-repeat":"repeat","background-position":"center center","background-size":"auto","background-attachment":"scroll","background-type":"","background-media":"","overlay-type":"","overlay-color":"","overlay-opacity":"","overlay-gradient":""}},"ast-content-background-meta":{"desktop":{"background-color":"var(--ast-global-color-5)","background-image":"","background-repeat":"repeat","background-position":"center center","background-size":"auto","background-attachment":"scroll","background-type":"","background-media":"","overlay-type":"","overlay-color":"","overlay-opacity":"","overlay-gradient":""},"tablet":{"background-color":"var(--ast-global-color-5)","background-image":"","background-repeat":"repeat","background-position":"center center","background-size":"auto","background-attachment":"scroll","background-type":"","background-media":"","overlay-type":"","overlay-color":"","overlay-opacity":"","overlay-gradient":""},"mobile":{"background-color":"var(--ast-global-color-5)","background-image":"","background-repeat":"repeat","background-position":"center center","background-size":"auto","background-attachment":"scroll","background-type":"","background-media":"","overlay-type":"","overlay-color":"","overlay-opacity":"","overlay-gradient":""}},"footnotes":""},"class_list":["post-914","page","type-page","status-publish","hentry"],"post_mailing_queue_ids":[],"_links":{"self":[{"href":"https:\/\/agora.xtec.cat\/ceipflix\/wp-json\/wp\/v2\/pages\/914","targetHints":{"allow":["GET"]}}],"collection":[{"href":"https:\/\/agora.xtec.cat\/ceipflix\/wp-json\/wp\/v2\/pages"}],"about":[{"href":"https:\/\/agora.xtec.cat\/ceipflix\/wp-json\/wp\/v2\/types\/page"}],"author":[{"embeddable":true,"href":"https:\/\/agora.xtec.cat\/ceipflix\/wp-json\/wp\/v2\/users\/1"}],"replies":[{"embeddable":true,"href":"https:\/\/agora.xtec.cat\/ceipflix\/wp-json\/wp\/v2\/comments?post=914"}],"version-history":[{"count":3,"href":"https:\/\/agora.xtec.cat\/ceipflix\/wp-json\/wp\/v2\/pages\/914\/revisions"}],"predecessor-version":[{"id":1060,"href":"https:\/\/agora.xtec.cat\/ceipflix\/wp-json\/wp\/v2\/pages\/914\/revisions\/1060"}],"up":[{"embeddable":true,"href":"https:\/\/agora.xtec.cat\/ceipflix\/wp-json\/wp\/v2\/pages\/908"}],"wp:attachment":[{"href":"https:\/\/agora.xtec.cat\/ceipflix\/wp-json\/wp\/v2\/media?parent=914"}],"curies":[{"name":"wp","href":"https:\/\/api.w.org\/{rel}","templated":true}]}}