{"id":38,"date":"2014-09-18T12:34:08","date_gmt":"2014-09-18T11:34:08","guid":{"rendered":"http:\/\/agora.xtec.cat\/ceipflix\/?page_id=38"},"modified":"2018-04-23T10:54:23","modified_gmt":"2018-04-23T08:54:23","slug":"salut","status":"publish","type":"page","link":"https:\/\/agora.xtec.cat\/ceipflix\/lescola\/salut\/","title":{"rendered":"Salut"},"content":{"rendered":"<h5>Male\u00efts polls<\/h5>\n<p>Qu\u00e8 fer quan al cap d\u2019una criatura apareix una ll\u00e9mena o un poll? Quins productes s\u00f3n eficients i quins no? N\u2019hi ha que puguin ser perjudicials per a la salut? La reportera Anna Lasaga visita una escola de la Vila Ol\u00edmpica per veure com mantenen una lluita permanent contra l\u2019insecte que els d\u00f3na m\u00e9s maldecaps. Seguidament, va a la Facultat de Farm\u00e0cia de la UB per esbrinar quins productes naturals o sint\u00e8tics es poden fer servir per acabar amb la plaga.<\/p>\n<p><a href=\"http:\/\/blogs.ccma.cat\/quequicom.php?itemid=30049\" target=\"_blank\" rel=\"noopener noreferrer\"><img loading=\"lazy\" decoding=\"async\" class=\"alignnone wp-image-1352\" src=\"http:\/\/agora.xtec.cat\/ceipflix\/wp-content\/uploads\/usu61\/2014\/09\/polls.jpg\" alt=\"polls\" width=\"506\" height=\"290\" srcset=\"https:\/\/agora.xtec.cat\/ceipflix\/wp-content\/uploads\/usu61\/2014\/09\/polls.jpg 591w, https:\/\/agora.xtec.cat\/ceipflix\/wp-content\/uploads\/usu61\/2014\/09\/polls-300x172.jpg 300w\" sizes=\"auto, (max-width: 506px) 100vw, 506px\" \/><\/a><\/p>\n<p>Fem-ho m\u00e9s divertit amb Xiula<\/p>\n<p><center><\/center><\/p>\n<div class=\"ast-oembed-container \" style=\"height: 100%;\"><iframe loading=\"lazy\" title=\"XIULA - POLLS\" width=\"500\" height=\"281\" src=\"https:\/\/www.youtube.com\/embed\/nBOjuOGwp8s?feature=oembed\" frameborder=\"0\" allow=\"accelerometer; autoplay; clipboard-write; encrypted-media; gyroscope; picture-in-picture; web-share\" referrerpolicy=\"strict-origin-when-cross-origin\" allowfullscreen><\/iframe><\/div>\n<p>&nbsp;<\/p>\n<h5>Risc qu\u00edmic<\/h5>\n<p>Un dels riscos que tenim a la nostra vila \u00e9s el risc qu\u00edmic. Cal tenir-ne una bona informaci\u00f3 per tal de saber reaccionar adequadament si arriba el moment.<\/p>\n<p>Poden trobar informaci\u00f3 detallada a la p\u00e0gina web<a href=\"http:\/\/interior.gencat.cat\/ca\/arees_dactuacio\/proteccio_civil\/consells_autoproteccio_emergencia\/riscos_tecnologics\/risc_quimic\/\" target=\"_blank\" rel=\"noopener noreferrer\"> Risc qu\u00edmic del Departament d&#8217;Interior de la Generalitat de Catalunya.<\/a><\/p>\n<p style=\"text-align: center;\"><a href=\"http:\/\/interior.gencat.cat\/ca\/arees_dactuacio\/proteccio_civil\/consells_autoproteccio_emergencia\/riscos_tecnologics\/risc_quimic\/\" target=\"_blank\" rel=\"noopener noreferrer\"><img loading=\"lazy\" decoding=\"async\" class=\"alignnone\" src=\"http:\/\/interior.gencat.cat\/web\/.content\/home\/030_arees_dactuacio\/proteccio_civil\/consells_autoproteccio_emergencies\/risc_quimic\/imatges\/consignes_accident.png_1616641732.png\" alt=\"\" width=\"332\" height=\"476\" \/><\/a><\/p>\n<p>&nbsp;<\/p>\n","protected":false},"excerpt":{"rendered":"<p>Male\u00efts polls Qu\u00e8 fer quan al cap d\u2019una criatura apareix una ll\u00e9mena o un poll? Quins productes s\u00f3n eficients i quins no? N\u2019hi ha que puguin ser perjudicials per a la salut? La reportera Anna Lasaga visita una escola de la Vila Ol\u00edmpica per veure com mantenen una lluita permanent contra l\u2019insecte que els d\u00f3na [&hellip;]<\/p>\n","protected":false},"author":1,"featured_media":0,"parent":22,"menu_order":80,"comment_status":"closed","ping_status":"closed","template":"","meta":{"_bbp_topic_count":0,"_bbp_reply_count":0,"_bbp_total_topic_count":0,"_bbp_total_reply_count":0,"_bbp_voice_count":0,"_bbp_anonymous_reply_count":0,"_bbp_topic_count_hidden":0,"_bbp_reply_count_hidden":0,"_bbp_forum_subforum_count":0,"site-sidebar-layout":"default","site-content-layout":"","ast-site-content-layout":"","site-content-style":"default","site-sidebar-style":"default","ast-global-header-display":"","ast-banner-title-visibility":"","ast-main-header-display":"","ast-hfb-above-header-display":"","ast-hfb-below-header-display":"","ast-hfb-mobile-header-display":"","site-post-title":"","ast-breadcrumbs-content":"","ast-featured-img":"","footer-sml-layout":"","theme-transparent-header-meta":"","adv-header-id-meta":"","stick-header-meta":"","header-above-stick-meta":"","header-main-stick-meta":"","header-below-stick-meta":"","astra-migrate-meta-layouts":"default","ast-page-background-enabled":"default","ast-page-background-meta":{"desktop":{"background-color":"var(--ast-global-color-4)","background-image":"","background-repeat":"repeat","background-position":"center center","background-size":"auto","background-attachment":"scroll","background-type":"","background-media":"","overlay-type":"","overlay-color":"","overlay-opacity":"","overlay-gradient":""},"tablet":{"background-color":"","background-image":"","background-repeat":"repeat","background-position":"center center","background-size":"auto","background-attachment":"scroll","background-type":"","background-media":"","overlay-type":"","overlay-color":"","overlay-opacity":"","overlay-gradient":""},"mobile":{"background-color":"","background-image":"","background-repeat":"repeat","background-position":"center center","background-size":"auto","background-attachment":"scroll","background-type":"","background-media":"","overlay-type":"","overlay-color":"","overlay-opacity":"","overlay-gradient":""}},"ast-content-background-meta":{"desktop":{"background-color":"var(--ast-global-color-5)","background-image":"","background-repeat":"repeat","background-position":"center center","background-size":"auto","background-attachment":"scroll","background-type":"","background-media":"","overlay-type":"","overlay-color":"","overlay-opacity":"","overlay-gradient":""},"tablet":{"background-color":"var(--ast-global-color-5)","background-image":"","background-repeat":"repeat","background-position":"center center","background-size":"auto","background-attachment":"scroll","background-type":"","background-media":"","overlay-type":"","overlay-color":"","overlay-opacity":"","overlay-gradient":""},"mobile":{"background-color":"var(--ast-global-color-5)","background-image":"","background-repeat":"repeat","background-position":"center center","background-size":"auto","background-attachment":"scroll","background-type":"","background-media":"","overlay-type":"","overlay-color":"","overlay-opacity":"","overlay-gradient":""}},"footnotes":""},"class_list":["post-38","page","type-page","status-publish","hentry"],"post_mailing_queue_ids":[],"_links":{"self":[{"href":"https:\/\/agora.xtec.cat\/ceipflix\/wp-json\/wp\/v2\/pages\/38","targetHints":{"allow":["GET"]}}],"collection":[{"href":"https:\/\/agora.xtec.cat\/ceipflix\/wp-json\/wp\/v2\/pages"}],"about":[{"href":"https:\/\/agora.xtec.cat\/ceipflix\/wp-json\/wp\/v2\/types\/page"}],"author":[{"embeddable":true,"href":"https:\/\/agora.xtec.cat\/ceipflix\/wp-json\/wp\/v2\/users\/1"}],"replies":[{"embeddable":true,"href":"https:\/\/agora.xtec.cat\/ceipflix\/wp-json\/wp\/v2\/comments?post=38"}],"version-history":[{"count":3,"href":"https:\/\/agora.xtec.cat\/ceipflix\/wp-json\/wp\/v2\/pages\/38\/revisions"}],"predecessor-version":[{"id":1353,"href":"https:\/\/agora.xtec.cat\/ceipflix\/wp-json\/wp\/v2\/pages\/38\/revisions\/1353"}],"up":[{"embeddable":true,"href":"https:\/\/agora.xtec.cat\/ceipflix\/wp-json\/wp\/v2\/pages\/22"}],"wp:attachment":[{"href":"https:\/\/agora.xtec.cat\/ceipflix\/wp-json\/wp\/v2\/media?parent=38"}],"curies":[{"name":"wp","href":"https:\/\/api.w.org\/{rel}","templated":true}]}}