{"id":3105,"date":"2018-01-31T17:43:17","date_gmt":"2018-01-31T16:43:17","guid":{"rendered":"http:\/\/agora.xtec.cat\/ceipflix\/?page_id=3105"},"modified":"2018-01-31T18:36:53","modified_gmt":"2018-01-31T17:36:53","slug":"festes-i-tradicions","status":"publish","type":"page","link":"https:\/\/agora.xtec.cat\/ceipflix\/festes-i-tradicions\/","title":{"rendered":"Festes i tradicions"},"content":{"rendered":"<p style=\"text-align: center;\">Convocats per la Fundaci\u00f3 Jaume I<br \/>\nels PREMIS BALDIRI REIXAC<br \/>\ndestinats a estimular, recon\u00e8ixer i promoure<br \/>\nl&#8217;Escola Catalana arreu dels Pa\u00efsos Catalans,<br \/>\ns\u00f3n concedits a ESCOLES, MESTRES I ALUMNES<\/p>\n<p style=\"text-align: left;\"><em>CEIP Enric Grau Fontser\u00e9 de Flix (Ribera d&#8217;Ebre). A l&#8217;esfor\u00e7 d&#8217;un equip de mestres que ha sabut tirar endavant activitats d&#8217;innovaci\u00f3 tecnol\u00f2gica, aprenentatge de les lleng\u00fces estrangeres i treball de projectes, i l&#8217;arrelament de les tradicions culturals de la comarca, mitjan\u00e7ant la participaci\u00f3 de pares i de l&#8217;ajuntament de la poblaci\u00f3.<\/em><\/p>\n<p style=\"text-align: right;\"><em>Barcelona, dotze de juny de dos mil tres.<\/em><\/p>\n<p style=\"text-align: center;\"><a href=\"http:\/\/agora.xtec.cat\/ceipflix\/wp-content\/uploads\/usu61\/2018\/01\/baldiri.jpg\"><img loading=\"lazy\" decoding=\"async\" class=\"alignnone size-full wp-image-3115\" src=\"http:\/\/agora.xtec.cat\/ceipflix\/wp-content\/uploads\/usu61\/2018\/01\/baldiri.jpg\" alt=\"\" width=\"500\" height=\"726\" srcset=\"https:\/\/agora.xtec.cat\/ceipflix\/wp-content\/uploads\/usu61\/2018\/01\/baldiri.jpg 500w, https:\/\/agora.xtec.cat\/ceipflix\/wp-content\/uploads\/usu61\/2018\/01\/baldiri-207x300.jpg 207w\" sizes=\"auto, (max-width: 500px) 100vw, 500px\" \/><\/a><\/p>\n<p>&nbsp;<\/p>\n","protected":false},"excerpt":{"rendered":"<p>Convocats per la Fundaci\u00f3 Jaume I els PREMIS BALDIRI REIXAC destinats a estimular, recon\u00e8ixer i promoure l&#8217;Escola Catalana arreu dels Pa\u00efsos Catalans, s\u00f3n concedits a ESCOLES, MESTRES I ALUMNES CEIP Enric Grau Fontser\u00e9 de Flix (Ribera d&#8217;Ebre). A l&#8217;esfor\u00e7 d&#8217;un equip de mestres que ha sabut tirar endavant activitats d&#8217;innovaci\u00f3 tecnol\u00f2gica, aprenentatge de les lleng\u00fces [&hellip;]<\/p>\n","protected":false},"author":1,"featured_media":0,"parent":0,"menu_order":0,"comment_status":"closed","ping_status":"closed","template":"","meta":{"_bbp_topic_count":0,"_bbp_reply_count":0,"_bbp_total_topic_count":0,"_bbp_total_reply_count":0,"_bbp_voice_count":0,"_bbp_anonymous_reply_count":0,"_bbp_topic_count_hidden":0,"_bbp_reply_count_hidden":0,"_bbp_forum_subforum_count":0,"site-sidebar-layout":"default","site-content-layout":"","ast-site-content-layout":"","site-content-style":"default","site-sidebar-style":"default","ast-global-header-display":"","ast-banner-title-visibility":"","ast-main-header-display":"","ast-hfb-above-header-display":"","ast-hfb-below-header-display":"","ast-hfb-mobile-header-display":"","site-post-title":"","ast-breadcrumbs-content":"","ast-featured-img":"","footer-sml-layout":"","theme-transparent-header-meta":"","adv-header-id-meta":"","stick-header-meta":"","header-above-stick-meta":"","header-main-stick-meta":"","header-below-stick-meta":"","astra-migrate-meta-layouts":"default","ast-page-background-enabled":"default","ast-page-background-meta":{"desktop":{"background-color":"var(--ast-global-color-4)","background-image":"","background-repeat":"repeat","background-position":"center center","background-size":"auto","background-attachment":"scroll","background-type":"","background-media":"","overlay-type":"","overlay-color":"","overlay-opacity":"","overlay-gradient":""},"tablet":{"background-color":"","background-image":"","background-repeat":"repeat","background-position":"center center","background-size":"auto","background-attachment":"scroll","background-type":"","background-media":"","overlay-type":"","overlay-color":"","overlay-opacity":"","overlay-gradient":""},"mobile":{"background-color":"","background-image":"","background-repeat":"repeat","background-position":"center center","background-size":"auto","background-attachment":"scroll","background-type":"","background-media":"","overlay-type":"","overlay-color":"","overlay-opacity":"","overlay-gradient":""}},"ast-content-background-meta":{"desktop":{"background-color":"var(--ast-global-color-5)","background-image":"","background-repeat":"repeat","background-position":"center center","background-size":"auto","background-attachment":"scroll","background-type":"","background-media":"","overlay-type":"","overlay-color":"","overlay-opacity":"","overlay-gradient":""},"tablet":{"background-color":"var(--ast-global-color-5)","background-image":"","background-repeat":"repeat","background-position":"center center","background-size":"auto","background-attachment":"scroll","background-type":"","background-media":"","overlay-type":"","overlay-color":"","overlay-opacity":"","overlay-gradient":""},"mobile":{"background-color":"var(--ast-global-color-5)","background-image":"","background-repeat":"repeat","background-position":"center center","background-size":"auto","background-attachment":"scroll","background-type":"","background-media":"","overlay-type":"","overlay-color":"","overlay-opacity":"","overlay-gradient":""}},"footnotes":""},"class_list":["post-3105","page","type-page","status-publish","hentry"],"post_mailing_queue_ids":[],"_links":{"self":[{"href":"https:\/\/agora.xtec.cat\/ceipflix\/wp-json\/wp\/v2\/pages\/3105","targetHints":{"allow":["GET"]}}],"collection":[{"href":"https:\/\/agora.xtec.cat\/ceipflix\/wp-json\/wp\/v2\/pages"}],"about":[{"href":"https:\/\/agora.xtec.cat\/ceipflix\/wp-json\/wp\/v2\/types\/page"}],"author":[{"embeddable":true,"href":"https:\/\/agora.xtec.cat\/ceipflix\/wp-json\/wp\/v2\/users\/1"}],"replies":[{"embeddable":true,"href":"https:\/\/agora.xtec.cat\/ceipflix\/wp-json\/wp\/v2\/comments?post=3105"}],"version-history":[{"count":3,"href":"https:\/\/agora.xtec.cat\/ceipflix\/wp-json\/wp\/v2\/pages\/3105\/revisions"}],"predecessor-version":[{"id":3116,"href":"https:\/\/agora.xtec.cat\/ceipflix\/wp-json\/wp\/v2\/pages\/3105\/revisions\/3116"}],"wp:attachment":[{"href":"https:\/\/agora.xtec.cat\/ceipflix\/wp-json\/wp\/v2\/media?parent=3105"}],"curies":[{"name":"wp","href":"https:\/\/api.w.org\/{rel}","templated":true}]}}