{"id":28,"date":"2014-09-18T12:29:35","date_gmt":"2014-09-18T11:29:35","guid":{"rendered":"http:\/\/agora.xtec.cat\/ceipflix\/?page_id=28"},"modified":"2024-07-18T11:07:57","modified_gmt":"2024-07-18T09:07:57","slug":"consell-escolar","status":"publish","type":"page","link":"https:\/\/agora.xtec.cat\/ceipflix\/lescola\/consell-escolar\/","title":{"rendered":"Consell escolar"},"content":{"rendered":"<p>El Consell Escolar \u00e9s l&#8217;\u00f2rgan de govern de l&#8217;escola.<\/p>\n<p>Est\u00e0 format\u00a0per representants del personal docent, del personal d&#8217;administraci\u00f3 i serveis, dels pares i mares, de l&#8217;associaci\u00f3 de pares i mares, un representant de l&#8217;Ajuntament i l&#8217;equip directiu, d&#8217;aquest, recau la presid\u00e8ncia en la figura de la direcci\u00f3 i, la secretaria en la figura de la secretaria, qui fa aquesta funci\u00f3 amb veu, per\u00f2 sense vot.<\/p>\n<p>Les seves funcions s\u00f3n entre altres s\u00f3n:<\/p>\n<ul>\n<li>Aprovar la Programaci\u00f3 General Anual (PGA) i la Mem\u00f2ria Anual.<\/li>\n<li>Aprovar el pressupost del centre, fer-ne el seguiment i aprovar-ne la liquidaci\u00f3.<\/li>\n<li>Aprovar\u00a0les Normes d&#8217;Organiotzaci\u00f3 i Funcionament del Centre (MOFC).<\/li>\n<li>Promoure la conservaci\u00f3 i renovaci\u00f3 de les instal\u00b7lacions i material escolar.<\/li>\n<li>Analitzar i valorar el funcionament general del centre, l&#8217;evoluci\u00f3 del rendiment escolar.<\/li>\n<li>&#8230;<\/li>\n<\/ul>\n<p><strong>La composici\u00f3 del Consell Escolar de la nostra escola \u00e9s:<\/strong><\/p>\n<ul>\n<li style=\"padding-left: 30px;\">Josep Manel Albiac (jalbiac@xtec.cat). President com a director de l&#8217;Escola.<\/li>\n<li style=\"padding-left: 30px;\">Montse Sol\u00e9 Ferr\u00e9 (msole124@xtec.cat). Cap d&#8217;estudis.<\/li>\n<li>\u00a0\u00a0\u00a0\u00a0\u00a0\u00a0 Ferran Albiac Vi\u00f1olas (falbiac@xtec.cat). Secretari.<\/li>\n<li style=\"padding-left: 30px;\">Mireia Abell\u00f3 Torres (mabello6@xtec.cat). Representant del sector mestres.<\/li>\n<li style=\"padding-left: 30px;\">Cristina Catal\u00e0 Pe\u00f1a (ccatal6@xtec.cat). Representant sector mestres.<\/li>\n<li style=\"padding-left: 30px;\">Ascension Mart\u00ed Font (amart279@xtec.cat). Representant del sector mestres.<\/li>\n<li>\u00a0 \u00a0 \u00a0 \u00a0Laura Sanclemente Ribera (lsanclem@xtec.cat). Representant del sector mestres.<\/li>\n<li style=\"padding-left: 30px;\">J\u00e9sica Delgado Puebla (jdelda42@xtec.cat). Representant sector PAS.<\/li>\n<li style=\"padding-left: 30px;\">Montserrat Figueras (ampaeflix@gmail.com). Representant de l&#8217;AFA.<\/li>\n<li style=\"padding-left: 30px;\">Sandra Yag\u00fce Ferr\u00fas. Representant sector pares i mares.<\/li>\n<li style=\"padding-left: 30px;\">Idoia Roger JoseAntonio. Representant sector pares i mares.<\/li>\n<li style=\"padding-left: 30px;\">Javier Hus\u00f3n Flores. Representant sectors pares i mares.<\/li>\n<li>\u00a0 \u00a0 \u00a0 \u00a0Laia G\u00f3mez Aran. Representant de l&#8217;Ajuntament.<\/li>\n<\/ul>\n","protected":false},"excerpt":{"rendered":"<p>El Consell Escolar \u00e9s l&#8217;\u00f2rgan de govern de l&#8217;escola. Est\u00e0 format\u00a0per representants del personal docent, del personal d&#8217;administraci\u00f3 i serveis, dels pares i mares, de l&#8217;associaci\u00f3 de pares i mares, un representant de l&#8217;Ajuntament i l&#8217;equip directiu, d&#8217;aquest, recau la presid\u00e8ncia en la figura de la direcci\u00f3 i, la secretaria en la figura de la [&hellip;]<\/p>\n","protected":false},"author":1,"featured_media":0,"parent":22,"menu_order":0,"comment_status":"closed","ping_status":"closed","template":"page-templates\/side-menu.php","meta":{"_bbp_topic_count":0,"_bbp_reply_count":0,"_bbp_total_topic_count":0,"_bbp_total_reply_count":0,"_bbp_voice_count":0,"_bbp_anonymous_reply_count":0,"_bbp_topic_count_hidden":0,"_bbp_reply_count_hidden":0,"_bbp_forum_subforum_count":0,"site-sidebar-layout":"default","site-content-layout":"","ast-site-content-layout":"","site-content-style":"default","site-sidebar-style":"default","ast-global-header-display":"","ast-banner-title-visibility":"","ast-main-header-display":"","ast-hfb-above-header-display":"","ast-hfb-below-header-display":"","ast-hfb-mobile-header-display":"","site-post-title":"","ast-breadcrumbs-content":"","ast-featured-img":"","footer-sml-layout":"","theme-transparent-header-meta":"","adv-header-id-meta":"","stick-header-meta":"","header-above-stick-meta":"","header-main-stick-meta":"","header-below-stick-meta":"","astra-migrate-meta-layouts":"default","ast-page-background-enabled":"default","ast-page-background-meta":{"desktop":{"background-color":"var(--ast-global-color-4)","background-image":"","background-repeat":"repeat","background-position":"center center","background-size":"auto","background-attachment":"scroll","background-type":"","background-media":"","overlay-type":"","overlay-color":"","overlay-opacity":"","overlay-gradient":""},"tablet":{"background-color":"","background-image":"","background-repeat":"repeat","background-position":"center center","background-size":"auto","background-attachment":"scroll","background-type":"","background-media":"","overlay-type":"","overlay-color":"","overlay-opacity":"","overlay-gradient":""},"mobile":{"background-color":"","background-image":"","background-repeat":"repeat","background-position":"center center","background-size":"auto","background-attachment":"scroll","background-type":"","background-media":"","overlay-type":"","overlay-color":"","overlay-opacity":"","overlay-gradient":""}},"ast-content-background-meta":{"desktop":{"background-color":"var(--ast-global-color-5)","background-image":"","background-repeat":"repeat","background-position":"center center","background-size":"auto","background-attachment":"scroll","background-type":"","background-media":"","overlay-type":"","overlay-color":"","overlay-opacity":"","overlay-gradient":""},"tablet":{"background-color":"var(--ast-global-color-5)","background-image":"","background-repeat":"repeat","background-position":"center center","background-size":"auto","background-attachment":"scroll","background-type":"","background-media":"","overlay-type":"","overlay-color":"","overlay-opacity":"","overlay-gradient":""},"mobile":{"background-color":"var(--ast-global-color-5)","background-image":"","background-repeat":"repeat","background-position":"center center","background-size":"auto","background-attachment":"scroll","background-type":"","background-media":"","overlay-type":"","overlay-color":"","overlay-opacity":"","overlay-gradient":""}},"footnotes":""},"class_list":["post-28","page","type-page","status-publish","hentry"],"post_mailing_queue_ids":[],"_links":{"self":[{"href":"https:\/\/agora.xtec.cat\/ceipflix\/wp-json\/wp\/v2\/pages\/28","targetHints":{"allow":["GET"]}}],"collection":[{"href":"https:\/\/agora.xtec.cat\/ceipflix\/wp-json\/wp\/v2\/pages"}],"about":[{"href":"https:\/\/agora.xtec.cat\/ceipflix\/wp-json\/wp\/v2\/types\/page"}],"author":[{"embeddable":true,"href":"https:\/\/agora.xtec.cat\/ceipflix\/wp-json\/wp\/v2\/users\/1"}],"replies":[{"embeddable":true,"href":"https:\/\/agora.xtec.cat\/ceipflix\/wp-json\/wp\/v2\/comments?post=28"}],"version-history":[{"count":5,"href":"https:\/\/agora.xtec.cat\/ceipflix\/wp-json\/wp\/v2\/pages\/28\/revisions"}],"predecessor-version":[{"id":11213,"href":"https:\/\/agora.xtec.cat\/ceipflix\/wp-json\/wp\/v2\/pages\/28\/revisions\/11213"}],"up":[{"embeddable":true,"href":"https:\/\/agora.xtec.cat\/ceipflix\/wp-json\/wp\/v2\/pages\/22"}],"wp:attachment":[{"href":"https:\/\/agora.xtec.cat\/ceipflix\/wp-json\/wp\/v2\/media?parent=28"}],"curies":[{"name":"wp","href":"https:\/\/api.w.org\/{rel}","templated":true}]}}