{"id":6499,"date":"2018-10-21T12:36:05","date_gmt":"2018-10-21T10:36:05","guid":{"rendered":"http:\/\/agora.xtec.cat\/ceipflama\/?page_id=6499"},"modified":"2025-11-03T12:56:43","modified_gmt":"2025-11-03T11:56:43","slug":"renovacio-consell-escolar","status":"publish","type":"page","link":"https:\/\/agora.xtec.cat\/ceipflama\/renovacio-consell-escolar\/","title":{"rendered":"Renovaci\u00f3 Consell Escolar"},"content":{"rendered":"<h4><span style=\"color: #ff6600;\">NORMATIVA RENOVACI\u00d3 CONSELL ESCOLAR. 2025<\/span><\/h4>\n<p style=\"text-align: justify;\"><span style=\"color: #000000;\"><a href=\"https:\/\/agora.xtec.cat\/ceipflama\/wp-content\/uploads\/usu1313\/2025\/11\/1_Reso-EDF_2025_2026_Convocatoria.pdf\">Resoluci\u00f3 EDF\/2520\/2025<\/a><a style=\"color: #000000;\" title=\"Obre finestra nova (Ves al DOGC)\" href=\"https:\/\/agora.xtec.cat\/ceipflama\/wp-content\/uploads\/usu1313\/2021\/10\/Norma_DOGC_Resolucio_2021.pdf\" target=\"_blank\" rel=\"noopener noreferrer\">,<\/a><\/span> de 30 de juny, per la qual s&#8217;estableix el calendari i el r\u00e9gimen del proc\u00e9s del electoral per renovar els membres dels consells escolars dels centres p\u00fablics i privats sostinguts amb fons p\u00fablics.<\/p>\n<p><span style=\"color: #000000;\"><a style=\"color: #000000;\" title=\"Obre finestra nova (V\u00e9s al Portal Jur\u00eddic)\" href=\"http:\/\/portaljuridic.gencat.cat\/ca\/pjur_ocults\/pjur_resultats_fitxa\/?action=fitxa&amp;mode=single&amp;documentId=545262&amp;language=ca_ES\" target=\"_blank\" rel=\"noopener noreferrer\">Decret 102\/2010<\/a>,<\/span> de 3 d\u2019agost, d\u2019autonomia dels centres educatius (DOGC n\u00fam. 5686, de 5.8.2010).<\/p>\n<h4><span style=\"color: #ff9900;\">PRESENTACI\u00d3 DE TOT EL PROC\u00c9S DE RENOVACI\u00d3 DEL CONSELL ESCOLAR<\/span><\/h4>\n<div class=\"page\" title=\"Page 1\">\n<div class=\"section\">\n<div class=\"layoutArea\">\n<div class=\"column\">\n<p>Benvolgudes fam\u00edlies de l\u2019escola,<\/p>\n<p>Us informem que aquest curs, com cada dos anys, hi ha convocat\u00f2ria d\u2019eleccions per a la renovaci\u00f3 parcial dels membres del <strong>Consell Escolar<\/strong> de centre. S\u2019ha publicat al DOGC la Resoluci\u00f3 EDF\/2520\/2025, de 30 de juny, per la qual s\u2019estableix el <strong>calendari \u00a0i el r\u00e8gim del proc\u00e9s electoral per renovar els membres dels consells escolars <\/strong>dels centres p\u00fablics i privats sostinguts amb fons p\u00fablics.<\/p>\n<p>La funci\u00f3 principal del consell escolar \u00e9s participar en la presa de decisions en relaci\u00f3 amb aquells temes importants per al funcionament i l&#8217;organitzaci\u00f3 del centre: \u00a0el projecte educatiu, la programaci\u00f3 general, la gesti\u00f3 econ\u00f3mica, la resoluci\u00f3 dels conflictes\u2026<\/p>\n<p>Els membres s\u00f3n elegits per un per\u00edode de quatre anys.<\/p>\n<p>En aquestes eleccions es renoven els seg\u00fcents membres per a cada sector:<\/p>\n<p>SECTOR PARES: 3 membres<\/p>\n<p>SECTOR MESTRES: 4 membres<\/p>\n<p style=\"text-align: justify;\">Formen part del cens els pares, mares, tutors i tutores legals, els fills o filles dels quals estan matriculats al nostre centre en el moment de la convocat\u00f2ria. Totes les persones inscrites al cens s\u00f3n<strong> electors i elegibles<\/strong> i poden presentar la seva <strong>candidatura<\/strong> per a formar part del Consell Escolar.<\/p>\n<p style=\"text-align: justify;\">El model d\u2019inst\u00e0ncia per a presentar la candidatura el podreu trobar a la part inferior d&#8217;aquest escrit o solicitar-la telef\u00f2nicament al despatx de direcci\u00f3.<\/p>\n<p style=\"text-align: justify;\">Animem a tota la Comunitat Educativa que presenti la seva candidatura i que participi del proc\u00e9s electoral. De tots dep\u00e8n l\u2019educaci\u00f3 i la formaci\u00f3 dels vostres fills\/es, per aix\u00f2 volem remarcar l\u2019enorme import\u00e0ncia que t\u00e9 la vostra participaci\u00f3 en la tasca de millorar-la.<\/p>\n<p>Les principals dates a tenir en compte s\u00f3n les seg\u00fcents:<\/p>\n<ul>\n<li>Inici del proc\u00e9s: a partir del dia\u00a0<strong>3 de novembre de 2025.<\/strong><\/li>\n<li>Constituci\u00f3 de les meses electorals:\u00a0<strong>7 de novembre de 2025.<\/strong><\/li>\n<li>Votacions:\u00a0<strong>18 de novembre (fam\u00edlies) i 19 de novembre (docents i PAE)<\/strong>.<\/li>\n<li>Constituci\u00f3 del\u00a0Consell Escolar\u00a0i presa de possessi\u00f3 dels seus membres:\u00a0<strong>25 de novembre de 2025<\/strong><\/li>\n<\/ul>\n<p>Totes les informacions del proc\u00e9s aix\u00ed com la normativa d\u2019aquesta convocat\u00f2ria estan penjades a la web del centre i a la cartellera del vest\u00edbul de l&#8217;escola.<\/p>\n<h3><span style=\"color: #ff00ff;\">Calendari renovaci\u00f3 consell escolar.\u00a0<\/span><\/h3>\n<p><span style=\"color: #000000;\">Cliqueu l&#8217;enlla\u00e7 per accedir al calendari. <a href=\"https:\/\/agora.xtec.cat\/ceipflama\/wp-content\/uploads\/usu1313\/2025\/11\/0.-Calendari-proces-1.pdf\">CALENDARI ELECCIONS<\/a>.<\/span><\/p>\n<h3><span style=\"color: #ff00ff;\">Convocat\u00f2ria eleccions.<\/span><\/h3>\n<p><span style=\"color: #000000;\">Cliqueu l&#8217;enlla\u00e7 per accedir a la convocat\u00f2ria de les eleccions del consell escolar. <a href=\"https:\/\/agora.xtec.cat\/ceipflama\/wp-content\/uploads\/usu1313\/2025\/11\/SKM497B0B25110312520.pdf\">CONVOCAT\u00d2RIA ELECCIONS<\/a><\/span><\/p>\n<h3><span style=\"color: #ff00ff;\">Presentaci\u00f3 de la candidatura.<\/span><\/h3>\n<p><span style=\"color: #000000;\">Cliqueu l&#8217;enlla\u00e7 per accedir al document per presentar la candidatura per formar part del consell escolar.\u00a0<a href=\"https:\/\/agora.xtec.cat\/ceipflama\/wp-content\/uploads\/usu1313\/2025\/11\/8.-Presentacio-de-candidatura-DOCENTS-PARES-MARES.pdf\">PRESENTACI\u00d3 CANDIDATURA<\/a><\/span><\/p>\n<\/div>\n<\/div>\n<\/div>\n<\/div>\n","protected":false},"excerpt":{"rendered":"<p>NORMATIVA RENOVACI\u00d3 CONSELL ESCOLAR. 2025 Resoluci\u00f3 EDF\/2520\/2025, de 30 de juny, per la qual s&#8217;estableix el calendari i el r\u00e9gimen del proc\u00e9s del electoral per renovar els membres dels consells escolars dels centres p\u00fablics i privats sostinguts amb fons p\u00fablics. Decret 102\/2010, de 3 d\u2019agost, d\u2019autonomia dels centres educatius (DOGC n\u00fam. 5686, de 5.8.2010). PRESENTACI\u00d3 [&hellip;]<\/p>\n","protected":false},"author":1,"featured_media":0,"parent":0,"menu_order":0,"comment_status":"closed","ping_status":"closed","template":"","meta":{"_bbp_topic_count":0,"_bbp_reply_count":0,"_bbp_total_topic_count":0,"_bbp_total_reply_count":0,"_bbp_voice_count":0,"_bbp_anonymous_reply_count":0,"_bbp_topic_count_hidden":0,"_bbp_reply_count_hidden":0,"_bbp_forum_subforum_count":0,"site-sidebar-layout":"default","site-content-layout":"","ast-site-content-layout":"default","site-content-style":"default","site-sidebar-style":"default","ast-global-header-display":"","ast-banner-title-visibility":"","ast-main-header-display":"","ast-hfb-above-header-display":"","ast-hfb-below-header-display":"","ast-hfb-mobile-header-display":"","site-post-title":"","ast-breadcrumbs-content":"","ast-featured-img":"","footer-sml-layout":"","theme-transparent-header-meta":"default","adv-header-id-meta":"","stick-header-meta":"","header-above-stick-meta":"","header-main-stick-meta":"","header-below-stick-meta":"","astra-migrate-meta-layouts":"set","ast-page-background-enabled":"default","ast-page-background-meta":{"desktop":{"background-color":"var(--ast-global-color-4)","background-image":"","background-repeat":"repeat","background-position":"center center","background-size":"auto","background-attachment":"scroll","background-type":"","background-media":"","overlay-type":"","overlay-color":"","overlay-opacity":"","overlay-gradient":""},"tablet":{"background-color":"","background-image":"","background-repeat":"repeat","background-position":"center center","background-size":"auto","background-attachment":"scroll","background-type":"","background-media":"","overlay-type":"","overlay-color":"","overlay-opacity":"","overlay-gradient":""},"mobile":{"background-color":"","background-image":"","background-repeat":"repeat","background-position":"center center","background-size":"auto","background-attachment":"scroll","background-type":"","background-media":"","overlay-type":"","overlay-color":"","overlay-opacity":"","overlay-gradient":""}},"ast-content-background-meta":{"desktop":{"background-color":"var(--ast-global-color-5)","background-image":"","background-repeat":"repeat","background-position":"center center","background-size":"auto","background-attachment":"scroll","background-type":"","background-media":"","overlay-type":"","overlay-color":"","overlay-opacity":"","overlay-gradient":""},"tablet":{"background-color":"var(--ast-global-color-5)","background-image":"","background-repeat":"repeat","background-position":"center center","background-size":"auto","background-attachment":"scroll","background-type":"","background-media":"","overlay-type":"","overlay-color":"","overlay-opacity":"","overlay-gradient":""},"mobile":{"background-color":"var(--ast-global-color-5)","background-image":"","background-repeat":"repeat","background-position":"center center","background-size":"auto","background-attachment":"scroll","background-type":"","background-media":"","overlay-type":"","overlay-color":"","overlay-opacity":"","overlay-gradient":""}},"footnotes":""},"class_list":["post-6499","page","type-page","status-publish","hentry"],"post_mailing_queue_ids":[],"_links":{"self":[{"href":"https:\/\/agora.xtec.cat\/ceipflama\/wp-json\/wp\/v2\/pages\/6499","targetHints":{"allow":["GET"]}}],"collection":[{"href":"https:\/\/agora.xtec.cat\/ceipflama\/wp-json\/wp\/v2\/pages"}],"about":[{"href":"https:\/\/agora.xtec.cat\/ceipflama\/wp-json\/wp\/v2\/types\/page"}],"author":[{"embeddable":true,"href":"https:\/\/agora.xtec.cat\/ceipflama\/wp-json\/wp\/v2\/users\/1"}],"replies":[{"embeddable":true,"href":"https:\/\/agora.xtec.cat\/ceipflama\/wp-json\/wp\/v2\/comments?post=6499"}],"version-history":[{"count":7,"href":"https:\/\/agora.xtec.cat\/ceipflama\/wp-json\/wp\/v2\/pages\/6499\/revisions"}],"predecessor-version":[{"id":21984,"href":"https:\/\/agora.xtec.cat\/ceipflama\/wp-json\/wp\/v2\/pages\/6499\/revisions\/21984"}],"wp:attachment":[{"href":"https:\/\/agora.xtec.cat\/ceipflama\/wp-json\/wp\/v2\/media?parent=6499"}],"curies":[{"name":"wp","href":"https:\/\/api.w.org\/{rel}","templated":true}]}}