{"id":581,"date":"2016-07-13T16:29:00","date_gmt":"2016-07-13T15:29:00","guid":{"rendered":"http:\/\/agora.xtec.cat\/ceipflama\/?page_id=581"},"modified":"2024-06-30T22:17:39","modified_gmt":"2024-06-30T20:17:39","slug":"notificacions-dinici-de-curs","status":"publish","type":"page","link":"https:\/\/agora.xtec.cat\/ceipflama\/notificacions-dinici-de-curs\/","title":{"rendered":"Notificacions d&#8217;inici de curs"},"content":{"rendered":"<p style=\"text-align: justify;\">Amb la voluntat de facilitar-vos al m\u00e0xim l\u2019inici del pr\u00f2xim curs escolar, us adjuntem un seguit d\u2019informacions que us seran d\u2019utilitat. Hi trobareu:<\/p>\n<p><span style=\"text-decoration: underline;\"><strong>SAMARRETA DE L\u2019ESCOLA. <\/strong><\/span>Us recomanem que el vostre fill\/a tingui una samarreta de l\u2019escola, d\u2019aquesta manera quan fem alguna sortida, si la porten, els\/les alumnes s\u00f3n m\u00e9s f\u00e0cils d\u2019identificar. Us la proporciona l\u2019AMPA.<\/p>\n<p>&nbsp;<\/p>\n<p><span style=\"text-decoration: underline;\"><strong>MATERIAL I LLIBRES DE TEXT.<\/strong><\/span> Els podeu adquirir all\u00e0 on vosaltres decidiu.<\/p>\n<p>&nbsp;<\/p>\n<p><strong><span style=\"text-decoration: underline;\">AUTORITZACIONS.<\/span> <\/strong>En els documents trobareu quatre autoritzacions:<\/p>\n<ol>\n<li><strong>Marxar sols de l\u2019escola<\/strong>: S\u2019ent\u00e9n que nom\u00e9s podran marxar sols de l\u2019escola aquells\/es alumnes que viuen a la urbanitzaci\u00f3. Alumnes de P4, P5 o P6.<\/li>\n<li><strong>Marxar de l\u2019escola amb el germ\u00e0 gran: <\/strong>Un\/a alumne\/a m\u00e9s petit podr\u00e0 marxar amb el seu germ\u00e0\/na de P4, P5 i P6, sota la responsabilitat i consentiment de la fam\u00edlia.<\/li>\n<li><strong>Esperar-se sol a la sortida de l\u2019escola: <\/strong>per l&#8217;alumnat de cicle mitj\u00e0 o superior.<\/li>\n<li><strong>Esperar-se sol a la sortida de l\u2019escola amb el germ\u00e0 gran:<\/strong> el\/la germ\u00e0\/na gran ha de cursar 2n o 3r cicle.<\/li>\n<li><strong>Canvi de persona en la recollida del fill\/a a l\u2019escola: <\/strong>alumnes educaci\u00f3 infantil.<\/li>\n<\/ol>\n<p>Els fulls d\u2019autoritzacions s\u00f3n per utilitzar-los sempre que els necessiteu. En cas de necessitar-ne m\u00e9s d\u2019un cal que en feu fotoc\u00f2pies. Els trobareu a la vostra disposici\u00f3 a la web del centre (men\u00fa-autoritzacions).<\/p>\n<p>&nbsp;<\/p>\n<p><span style=\"text-decoration: underline;\"><strong>NOTIFICACIONS I INFORMACIONS. <\/strong><\/span>Totes les fam\u00edlies rebreu les notificacions, comunicacions, fulls informatius&#8230; a trav\u00e9s del mail que ens heu facilitat.<\/p>\n<p>La notificaci\u00f3 de les faltes d\u2019assist\u00e8ncia es pot fer a trav\u00e9s del correu electr\u00f2nic (<a href=\"mailto:escolaflama@escolaflama.cat\">escolaflama@escolaflama.cat<\/a>), del formulari penjat a la p\u00e0gina web, amb una trucada al tel\u00e8fon 93.878.40.20 o amb una nota al sobre (Educaci\u00f3 Infantil) o a l\u2019agenda (Prim\u00e0ria).<\/p>\n<p>&nbsp;<\/p>\n<p><strong><span style=\"text-decoration: underline;\">P\u00c0GINA WEB DEL CENTRE.<\/span> <\/strong>Podeu consultar les activitats que fan els vostres fills\/es i informacions diverses a la p\u00e0gina web de l\u2019escola: <a href=\"http:\/\/agora.xtec.cat\/ceipflama\"><strong>agora.xtec.cat\/ceipflama<\/strong><\/a><\/p>\n<p>&nbsp;<\/p>\n<p><strong><span style=\"text-decoration: underline;\">AUXILIAR DE CONVERSA.<\/span> <\/strong>El curs vinent, i amb el suport de tots els pares i mares de l\u2019escola, podrem comptar amb un\/a auxiliar de conversa en llengua anglesa que ens acompanyar\u00e0 durant l\u2019horari lectiu dels alumnes.<\/p>\n<p>Aquest auxiliar participar\u00e0 de totes les din\u00e0miques i activitats del centre i de les propostes de l\u2019\u00e0rea de llengua anglesa.<\/p>\n<p>&nbsp;<\/p>\n<p><strong><span style=\"text-decoration: underline;\">REUNIONS DE NIVELL.<\/span> <\/strong>En aquesta reuni\u00f3 coneixereu el\/la tutora dels vostres fills\/es i us explicar\u00e0 m\u00e9s espec\u00edficament el funcionament i organitzaci\u00f3 del curs vinent.<\/p>\n<p>&nbsp;<\/p>\n<p><span style=\"text-decoration: underline;\"><strong>DATES DE LES REUNIONS: <\/strong><\/span>Les reunions es faran presencialment a una de les aules del nivell a les 20:30 hores. Les publicarem el dia <strong>1 de setembre<\/strong> a la p\u00e0gina web.<\/p>\n<p>&nbsp;<\/p>\n<p><strong>\u00a0<\/strong><span style=\"text-decoration: underline;\"><strong>BARREJA DE GRUPS.<\/strong><\/span> Aquest any s\u2019ha realitzat la barreja dels grups que el curs vinent faran P1, P3, P5.<\/p>\n<p>Tal com est\u00e0 establert a les normes d\u2019organitzaci\u00f3 i funcionament del centre es far\u00e0 una din\u00e0mica amb l\u2019alumnat el primer dia de classe per notificar-los a quin grup van.<\/p>\n<p>&nbsp;<\/p>\n<p><span style=\"text-decoration: underline;\"><strong>TPVESCOLA.<\/strong><\/span> Els pagaments de les activitats, sortides, col\u00f2nies es fan a trav\u00e9s del TPV abans de dur a terme l\u2019activitat. Cal informar a la secret\u00e0ria del centre (<a href=\"mailto:secretaria@escolaflama.cat\">secretaria@escolaflama.cat<\/a>) si es produeix un canvi en l\u2019adre\u00e7a del correu electr\u00f2nic que heu facilitat a l\u2019escola.<\/p>\n<p>&nbsp;<\/p>\n<p><span style=\"text-decoration: underline;\"><strong>TEL\u00c8FON. <\/strong><\/span>A l\u2019hora de posar-vos en contacte telef\u00f2nicament amb l\u2019escola tingueu en compte aquests n\u00fameros de tel\u00e8fon:<\/p>\n<p><strong>93.878.40.20<\/strong>: per trucades a l\u2019escola (direcci\u00f3, tutories, consultes d\u2019escola&#8230;)<\/p>\n<p><strong>93.878.40.25:<\/strong> per trucades a l\u2019AMPA (menjador, extraescolars, transport, alumnes que es queden a dinar i arriben tard&#8230;). Us atendr\u00e0 la Carme Duocastella de les 9:00\u202fh a les 13:00\u202fh i de les 16:00\u202fh a les 17:30\u202fh<\/p>\n<p><strong>634.68.81.40: <\/strong>Si l\u2019escola est\u00e0 tancada. De 9:00 a 17:00 hores, de dilluns a divendres.<\/p>\n<p>&nbsp;<\/p>\n<p><span style=\"text-decoration: underline;\"><strong>FOTOGRAFIES. <\/strong><\/span>Durant el curs els\/les mestres han anat fent fotografies de totes les activitats que s\u2019han realitzat. Tots els pares i mares les podreu visualitzar de la p\u00e0gina web, al bloc de cada grup classe, en l\u2019apartat EN IMATGES (a la part esquerra).\u00a0 Les podreu consultar o descarregar sempre que vulgueu.<\/p>\n<p>&nbsp;<\/p>\n<p><span style=\"text-decoration: underline;\"><strong>LLIBRE DE L\u2019ESCOLA. <\/strong><\/span>Encara sou a temps de comprar el llibre del cinquant\u00e8 aniversari de la nostra escola. El podeu comprar a la llibreria Parcir o a la web: <a href=\"http:\/\/www.parcir.com\">www.parcir.com<\/a><\/p>\n","protected":false},"excerpt":{"rendered":"<p>Amb la voluntat de facilitar-vos al m\u00e0xim l\u2019inici del pr\u00f2xim curs escolar, us adjuntem un seguit d\u2019informacions que us seran d\u2019utilitat. Hi trobareu: SAMARRETA DE L\u2019ESCOLA. Us recomanem que el vostre fill\/a tingui una samarreta de l\u2019escola, d\u2019aquesta manera quan fem alguna sortida, si la porten, els\/les alumnes s\u00f3n m\u00e9s f\u00e0cils d\u2019identificar. Us la proporciona [&hellip;]<\/p>\n","protected":false},"author":1,"featured_media":0,"parent":0,"menu_order":0,"comment_status":"closed","ping_status":"closed","template":"","meta":{"_bbp_topic_count":0,"_bbp_reply_count":0,"_bbp_total_topic_count":0,"_bbp_total_reply_count":0,"_bbp_voice_count":0,"_bbp_anonymous_reply_count":0,"_bbp_topic_count_hidden":0,"_bbp_reply_count_hidden":0,"_bbp_forum_subforum_count":0,"site-sidebar-layout":"default","site-content-layout":"","ast-site-content-layout":"","site-content-style":"default","site-sidebar-style":"default","ast-global-header-display":"","ast-banner-title-visibility":"","ast-main-header-display":"","ast-hfb-above-header-display":"","ast-hfb-below-header-display":"","ast-hfb-mobile-header-display":"","site-post-title":"","ast-breadcrumbs-content":"","ast-featured-img":"","footer-sml-layout":"","theme-transparent-header-meta":"","adv-header-id-meta":"","stick-header-meta":"","header-above-stick-meta":"","header-main-stick-meta":"","header-below-stick-meta":"","astra-migrate-meta-layouts":"default","ast-page-background-enabled":"default","ast-page-background-meta":{"desktop":{"background-color":"var(--ast-global-color-4)","background-image":"","background-repeat":"repeat","background-position":"center center","background-size":"auto","background-attachment":"scroll","background-type":"","background-media":"","overlay-type":"","overlay-color":"","overlay-opacity":"","overlay-gradient":""},"tablet":{"background-color":"","background-image":"","background-repeat":"repeat","background-position":"center center","background-size":"auto","background-attachment":"scroll","background-type":"","background-media":"","overlay-type":"","overlay-color":"","overlay-opacity":"","overlay-gradient":""},"mobile":{"background-color":"","background-image":"","background-repeat":"repeat","background-position":"center center","background-size":"auto","background-attachment":"scroll","background-type":"","background-media":"","overlay-type":"","overlay-color":"","overlay-opacity":"","overlay-gradient":""}},"ast-content-background-meta":{"desktop":{"background-color":"var(--ast-global-color-5)","background-image":"","background-repeat":"repeat","background-position":"center center","background-size":"auto","background-attachment":"scroll","background-type":"","background-media":"","overlay-type":"","overlay-color":"","overlay-opacity":"","overlay-gradient":""},"tablet":{"background-color":"var(--ast-global-color-5)","background-image":"","background-repeat":"repeat","background-position":"center center","background-size":"auto","background-attachment":"scroll","background-type":"","background-media":"","overlay-type":"","overlay-color":"","overlay-opacity":"","overlay-gradient":""},"mobile":{"background-color":"var(--ast-global-color-5)","background-image":"","background-repeat":"repeat","background-position":"center center","background-size":"auto","background-attachment":"scroll","background-type":"","background-media":"","overlay-type":"","overlay-color":"","overlay-opacity":"","overlay-gradient":""}},"footnotes":""},"class_list":["post-581","page","type-page","status-publish","hentry"],"post_mailing_queue_ids":[],"_links":{"self":[{"href":"https:\/\/agora.xtec.cat\/ceipflama\/wp-json\/wp\/v2\/pages\/581","targetHints":{"allow":["GET"]}}],"collection":[{"href":"https:\/\/agora.xtec.cat\/ceipflama\/wp-json\/wp\/v2\/pages"}],"about":[{"href":"https:\/\/agora.xtec.cat\/ceipflama\/wp-json\/wp\/v2\/types\/page"}],"author":[{"embeddable":true,"href":"https:\/\/agora.xtec.cat\/ceipflama\/wp-json\/wp\/v2\/users\/1"}],"replies":[{"embeddable":true,"href":"https:\/\/agora.xtec.cat\/ceipflama\/wp-json\/wp\/v2\/comments?post=581"}],"version-history":[{"count":5,"href":"https:\/\/agora.xtec.cat\/ceipflama\/wp-json\/wp\/v2\/pages\/581\/revisions"}],"predecessor-version":[{"id":20241,"href":"https:\/\/agora.xtec.cat\/ceipflama\/wp-json\/wp\/v2\/pages\/581\/revisions\/20241"}],"wp:attachment":[{"href":"https:\/\/agora.xtec.cat\/ceipflama\/wp-json\/wp\/v2\/media?parent=581"}],"curies":[{"name":"wp","href":"https:\/\/api.w.org\/{rel}","templated":true}]}}