{"id":561,"date":"2016-07-13T15:54:25","date_gmt":"2016-07-13T14:54:25","guid":{"rendered":"http:\/\/agora.xtec.cat\/ceipflama\/?page_id=561"},"modified":"2024-07-05T11:14:33","modified_gmt":"2024-07-05T09:14:33","slug":"autoritzacions-de-lescola","status":"publish","type":"page","link":"https:\/\/agora.xtec.cat\/ceipflama\/autoritzacions-de-lescola\/","title":{"rendered":"Autoritzacions de l&#8217;escola"},"content":{"rendered":"<p>AQUI TROBAREU RECOLLIDES LES AUTORITZACIONS QUE NECESSITAREU EN ALGUN MOMENT DE L&#8217;ESCOLARITZACI\u00d3 DELS VOSTRES FILLS:<\/p>\n<p>1) Autoritzaci\u00f3 medicaments <a href=\"http:\/\/agora.xtec.cat\/ceipflama\/wp-content\/uploads\/usu1313\/2016\/07\/Autoritzaci\u00f3-medicaments.pdf\">Autoritzaci\u00f3 medicaments<\/a><br \/>\n2) Comunicat d&#8217;al\u00b7l\u00e8rgies (es necessari si es detecta una al.l\u00e8rgia que no s&#8217;havia comunicat en el moment de la matriculaci\u00f3) <a href=\"http:\/\/agora.xtec.cat\/ceipflama\/wp-content\/uploads\/usu1313\/2016\/07\/DOCUMENT-AL.L\u00c8RGIES.pdf\">DOCUMENT AL.L\u00c8RGIES<\/a><br \/>\n3) Autoritzaci\u00f3 \u00fas d&#8217;imatge i escrits <a href=\"https:\/\/agora.xtec.cat\/ceipflama\/wp-content\/uploads\/usu1313\/2023\/05\/AUTORITZACIO-US-IMATGE-ESCOLA.pdf\">AUTORITZACI\u00d3 \u00daS IMATGE ESCOLA<\/a><br \/>\n4)Autoritzaci\u00f3 canvi de recollida del\/la fill\/a <a href=\"https:\/\/agora.xtec.cat\/ceipflama\/wp-content\/uploads\/usu1313\/2023\/05\/5.AUTORITZACIO-CANVI-RECOLLIDA-INFANT-EI.pdf\">AUTORITZACI\u00d3 CANVI RECOLLIDA INFANT EI<\/a><br \/>\n5)Autoritzaci\u00f3 esperar-se sol (a partir de P4) <a href=\"https:\/\/agora.xtec.cat\/ceipflama\/wp-content\/uploads\/usu1313\/2023\/05\/6.AUTORITZACIO-PER-ESPERAR-SE-SOL-FORA-DE-LESCOLA.pdf\">AUTORITZACI\u00d3 PER ESPERAR-SE SOL FORA DE L&#8217;ESCOLA<\/a><br \/>\n6)Autoritzaci\u00f3 per marxar sol de l&#8217;escola_alumnat que viu a Pineda (a partir de P4) <a href=\"https:\/\/agora.xtec.cat\/ceipflama\/wp-content\/uploads\/usu1313\/2023\/05\/9.AUTORITZACIO-PER-MARXAR-SOL.-PINEDA.pdf\">AUTORITZACI\u00d3 PER MARXAR SOL<\/a><\/p>\n<p>7) Autoritzaci\u00f3 per marxar de l&#8217;escola amb el\/la germ\u00e0\/na gran pels alumnes que viuen a Pineda <a href=\"https:\/\/agora.xtec.cat\/ceipflama\/wp-content\/uploads\/usu1313\/2023\/05\/7.AUTORITZACIO-PER-MARXAR-AMB-EL-GERMA-GRAN.-PINEDA.pdf\">AUTORITZACI\u00d3 PER MARXAR AMB EL GERM\u00c0 GRAN. PINEDA<\/a><\/p>\n<p>8) Autoritzaci\u00f3 per esperar-se fora de l&#8217;escola amb un\/a germ\u00e0\/na m\u00e9s gran (el\/la germ\u00e0\/na ha de ser m\u00e9s gran de P4) <a href=\"https:\/\/agora.xtec.cat\/ceipflama\/wp-content\/uploads\/usu1313\/2023\/05\/8.AUTORITZACIO-PER-ESPERAR-SE-AMB-EL-GERMA-GRAN.pdf\">AUTORITZACI\u00d3 PER ESPERAR-SE AMB EL GERM\u00c0 GRAN<\/a><\/p>\n<p>9) Paper del bus. <a href=\"https:\/\/agora.xtec.cat\/ceipflama\/wp-content\/uploads\/usu1313\/2019\/09\/Paper-transport.pdf\">Paper transport<\/a><\/p>\n","protected":false},"excerpt":{"rendered":"<p>AQUI TROBAREU RECOLLIDES LES AUTORITZACIONS QUE NECESSITAREU EN ALGUN MOMENT DE L&#8217;ESCOLARITZACI\u00d3 DELS VOSTRES FILLS: 1) Autoritzaci\u00f3 medicaments Autoritzaci\u00f3 medicaments 2) Comunicat d&#8217;al\u00b7l\u00e8rgies (es necessari si es detecta una al.l\u00e8rgia que no s&#8217;havia comunicat en el moment de la matriculaci\u00f3) DOCUMENT AL.L\u00c8RGIES 3) Autoritzaci\u00f3 \u00fas d&#8217;imatge i escrits AUTORITZACI\u00d3 \u00daS IMATGE ESCOLA 4)Autoritzaci\u00f3 canvi de [&hellip;]<\/p>\n","protected":false},"author":1,"featured_media":0,"parent":0,"menu_order":0,"comment_status":"closed","ping_status":"closed","template":"","meta":{"_bbp_topic_count":0,"_bbp_reply_count":0,"_bbp_total_topic_count":0,"_bbp_total_reply_count":0,"_bbp_voice_count":0,"_bbp_anonymous_reply_count":0,"_bbp_topic_count_hidden":0,"_bbp_reply_count_hidden":0,"_bbp_forum_subforum_count":0,"site-sidebar-layout":"default","site-content-layout":"","ast-site-content-layout":"","site-content-style":"default","site-sidebar-style":"default","ast-global-header-display":"","ast-banner-title-visibility":"","ast-main-header-display":"","ast-hfb-above-header-display":"","ast-hfb-below-header-display":"","ast-hfb-mobile-header-display":"","site-post-title":"","ast-breadcrumbs-content":"","ast-featured-img":"","footer-sml-layout":"","theme-transparent-header-meta":"","adv-header-id-meta":"","stick-header-meta":"","header-above-stick-meta":"","header-main-stick-meta":"","header-below-stick-meta":"","astra-migrate-meta-layouts":"default","ast-page-background-enabled":"default","ast-page-background-meta":{"desktop":{"background-color":"var(--ast-global-color-4)","background-image":"","background-repeat":"repeat","background-position":"center center","background-size":"auto","background-attachment":"scroll","background-type":"","background-media":"","overlay-type":"","overlay-color":"","overlay-opacity":"","overlay-gradient":""},"tablet":{"background-color":"","background-image":"","background-repeat":"repeat","background-position":"center center","background-size":"auto","background-attachment":"scroll","background-type":"","background-media":"","overlay-type":"","overlay-color":"","overlay-opacity":"","overlay-gradient":""},"mobile":{"background-color":"","background-image":"","background-repeat":"repeat","background-position":"center center","background-size":"auto","background-attachment":"scroll","background-type":"","background-media":"","overlay-type":"","overlay-color":"","overlay-opacity":"","overlay-gradient":""}},"ast-content-background-meta":{"desktop":{"background-color":"var(--ast-global-color-5)","background-image":"","background-repeat":"repeat","background-position":"center center","background-size":"auto","background-attachment":"scroll","background-type":"","background-media":"","overlay-type":"","overlay-color":"","overlay-opacity":"","overlay-gradient":""},"tablet":{"background-color":"var(--ast-global-color-5)","background-image":"","background-repeat":"repeat","background-position":"center center","background-size":"auto","background-attachment":"scroll","background-type":"","background-media":"","overlay-type":"","overlay-color":"","overlay-opacity":"","overlay-gradient":""},"mobile":{"background-color":"var(--ast-global-color-5)","background-image":"","background-repeat":"repeat","background-position":"center center","background-size":"auto","background-attachment":"scroll","background-type":"","background-media":"","overlay-type":"","overlay-color":"","overlay-opacity":"","overlay-gradient":""}},"footnotes":""},"class_list":["post-561","page","type-page","status-publish","hentry"],"post_mailing_queue_ids":[],"_links":{"self":[{"href":"https:\/\/agora.xtec.cat\/ceipflama\/wp-json\/wp\/v2\/pages\/561","targetHints":{"allow":["GET"]}}],"collection":[{"href":"https:\/\/agora.xtec.cat\/ceipflama\/wp-json\/wp\/v2\/pages"}],"about":[{"href":"https:\/\/agora.xtec.cat\/ceipflama\/wp-json\/wp\/v2\/types\/page"}],"author":[{"embeddable":true,"href":"https:\/\/agora.xtec.cat\/ceipflama\/wp-json\/wp\/v2\/users\/1"}],"replies":[{"embeddable":true,"href":"https:\/\/agora.xtec.cat\/ceipflama\/wp-json\/wp\/v2\/comments?post=561"}],"version-history":[{"count":4,"href":"https:\/\/agora.xtec.cat\/ceipflama\/wp-json\/wp\/v2\/pages\/561\/revisions"}],"predecessor-version":[{"id":20269,"href":"https:\/\/agora.xtec.cat\/ceipflama\/wp-json\/wp\/v2\/pages\/561\/revisions\/20269"}],"wp:attachment":[{"href":"https:\/\/agora.xtec.cat\/ceipflama\/wp-json\/wp\/v2\/media?parent=561"}],"curies":[{"name":"wp","href":"https:\/\/api.w.org\/{rel}","templated":true}]}}