{"id":559,"date":"2016-07-13T15:54:08","date_gmt":"2016-07-13T14:54:08","guid":{"rendered":"http:\/\/agora.xtec.cat\/ceipflama\/?page_id=559"},"modified":"2020-03-16T10:40:15","modified_gmt":"2020-03-16T09:40:15","slug":"procotol-de-nevades","status":"publish","type":"page","link":"https:\/\/agora.xtec.cat\/ceipflama\/procotol-de-nevades\/","title":{"rendered":"Procotol de nevades"},"content":{"rendered":"<p><strong>1.En cas de nevades el protocol a seguir ser\u00e0 el seg\u00fcent:<\/strong><\/p>\n<p>&#8211; Considerar el que diuen les previsions metereorol\u00f2giques.<\/p>\n<p>&#8211; Consultar la web del centre.<\/p>\n<p>&#8211; Revisar el correu electr\u00f2nic personal.<\/p>\n<p>&#8211; Consultar la web de l\u2019Ajuntament de Manresa.<\/p>\n<p>&#8211; Consultar la p\u00e0gina del Consell Comarcal del Bages.<\/p>\n<p>&#8211; Consultar les not\u00edcies dels mitjans de comunicaci\u00f3.<\/p>\n<p><strong>2. Si la nevada es preveu continuada i no es pot accedir al centre, l\u2019escola estar\u00e0 tancada.<\/strong><\/p>\n<ol start=\"3\">\n<li style=\"text-align: justify;\"><strong>Si comen\u00e7a a nevar un cop el bus ha comen\u00e7at el trajecte, l\u2019\u00e0rea d\u2019educaci\u00f3 del Consell Comarcal ens informar\u00e0 de les possibilitats:<\/strong><\/li>\n<\/ol>\n<p style=\"text-align: justify;\">\u00a0\u00a0\u00a0\u00a0\u00a0\u00a0\u00a0\u00a0\u00a0\u00a0\u00a0 3.1 Si \u00e9s possible arribar fins a l\u2019escola per\u00f2 aquesta no est\u00e0 oberta, l\u2019Ajuntament habilitar\u00e0 un espai municipal per a l\u2019acollida de l\u2019alumnat.<\/p>\n<p style=\"text-align: justify;\">\u00a0\u00a0\u00a0\u00a0\u00a0\u00a0\u00a0\u00a0\u00a0\u00a0\u00a0 3.2 Si no \u00e9s possible arribar a l\u2019escola es retornaran els\/les alumnes a Manresa i l\u2019Ajuntament habilitar\u00e0 un espai per a l\u2019alumnat mentre les vies estiguin bloquejades.<\/p>\n<p style=\"text-align: justify;\">\u00a0\u00a0\u00a0\u00a0\u00a0\u00a0\u00a0\u00a0\u00a0\u00a0\u00a0 3.3 Si no \u00e9s possible continuar la marxa, protecci\u00f3 civil traslladar\u00e0 els\/les alumnes a un espi habilitat.<\/p>\n<ol start=\"4\">\n<li style=\"text-align: justify;\"><strong>Si neva un cop comen\u00e7ades les classes, les fam\u00edlies han de venir a l\u2019escola a recollir els seus fills\/es com m\u00e9s aviat possible, doncs no podem garantir que el bus pugui fer el recorregut fins a Manresa. En cas que es pgui fer el retorn anticipat, s\u2019informar\u00e0 a les fam\u00edlies.<\/strong><\/li>\n<li style=\"text-align: justify;\"><strong>S\u00f3n les fam\u00edlies qui han de trucar a l\u2019escola si volen informaci\u00f3, i no esperar que l\u2019escola les truqui.<\/strong><\/li>\n<li style=\"text-align: justify;\"><strong>L\u2019Ajuntament de Manresa informa pels mitjans de comunicaci\u00f3 del tancament de les escoles, per\u00f2 cal tenir en compte que la situaci\u00f3 geogr\u00e0fica de la nostra escola la fa en alguns aspectes una mica diferent. Moltes vegades hem de prendre decisions abans no rebem les instruccions perqu\u00e8 a causa del transport, molts dels nostres alumnes comencen la jornada escolar a les 8.25h i no a les 9.00h com \u00e9s normal a les altres escoles.<\/strong><\/li>\n<li style=\"text-align: justify;\"><strong>En qualsevol de les casu\u00edstiques s\u2019informar\u00e0 a les fam\u00edlies a trav\u00e9s del correu electr\u00f2nic, amb una noticia a la p\u00e0gina web i a trav\u00e9s del whatsapp dels compromissaris.<\/strong><\/li>\n<\/ol>\n","protected":false},"excerpt":{"rendered":"<p>1.En cas de nevades el protocol a seguir ser\u00e0 el seg\u00fcent: &#8211; Considerar el que diuen les previsions metereorol\u00f2giques. &#8211; Consultar la web del centre. &#8211; Revisar el correu electr\u00f2nic personal. &#8211; Consultar la web de l\u2019Ajuntament de Manresa. &#8211; Consultar la p\u00e0gina del Consell Comarcal del Bages. &#8211; Consultar les not\u00edcies dels mitjans de [&hellip;]<\/p>\n","protected":false},"author":1,"featured_media":0,"parent":0,"menu_order":0,"comment_status":"closed","ping_status":"closed","template":"","meta":{"_bbp_topic_count":0,"_bbp_reply_count":0,"_bbp_total_topic_count":0,"_bbp_total_reply_count":0,"_bbp_voice_count":0,"_bbp_anonymous_reply_count":0,"_bbp_topic_count_hidden":0,"_bbp_reply_count_hidden":0,"_bbp_forum_subforum_count":0,"site-sidebar-layout":"default","site-content-layout":"","ast-site-content-layout":"","site-content-style":"default","site-sidebar-style":"default","ast-global-header-display":"","ast-banner-title-visibility":"","ast-main-header-display":"","ast-hfb-above-header-display":"","ast-hfb-below-header-display":"","ast-hfb-mobile-header-display":"","site-post-title":"","ast-breadcrumbs-content":"","ast-featured-img":"","footer-sml-layout":"","theme-transparent-header-meta":"","adv-header-id-meta":"","stick-header-meta":"","header-above-stick-meta":"","header-main-stick-meta":"","header-below-stick-meta":"","astra-migrate-meta-layouts":"default","ast-page-background-enabled":"default","ast-page-background-meta":{"desktop":{"background-color":"var(--ast-global-color-4)","background-image":"","background-repeat":"repeat","background-position":"center center","background-size":"auto","background-attachment":"scroll","background-type":"","background-media":"","overlay-type":"","overlay-color":"","overlay-opacity":"","overlay-gradient":""},"tablet":{"background-color":"","background-image":"","background-repeat":"repeat","background-position":"center center","background-size":"auto","background-attachment":"scroll","background-type":"","background-media":"","overlay-type":"","overlay-color":"","overlay-opacity":"","overlay-gradient":""},"mobile":{"background-color":"","background-image":"","background-repeat":"repeat","background-position":"center center","background-size":"auto","background-attachment":"scroll","background-type":"","background-media":"","overlay-type":"","overlay-color":"","overlay-opacity":"","overlay-gradient":""}},"ast-content-background-meta":{"desktop":{"background-color":"var(--ast-global-color-5)","background-image":"","background-repeat":"repeat","background-position":"center center","background-size":"auto","background-attachment":"scroll","background-type":"","background-media":"","overlay-type":"","overlay-color":"","overlay-opacity":"","overlay-gradient":""},"tablet":{"background-color":"var(--ast-global-color-5)","background-image":"","background-repeat":"repeat","background-position":"center center","background-size":"auto","background-attachment":"scroll","background-type":"","background-media":"","overlay-type":"","overlay-color":"","overlay-opacity":"","overlay-gradient":""},"mobile":{"background-color":"var(--ast-global-color-5)","background-image":"","background-repeat":"repeat","background-position":"center center","background-size":"auto","background-attachment":"scroll","background-type":"","background-media":"","overlay-type":"","overlay-color":"","overlay-opacity":"","overlay-gradient":""}},"footnotes":""},"class_list":["post-559","page","type-page","status-publish","hentry"],"post_mailing_queue_ids":[],"_links":{"self":[{"href":"https:\/\/agora.xtec.cat\/ceipflama\/wp-json\/wp\/v2\/pages\/559","targetHints":{"allow":["GET"]}}],"collection":[{"href":"https:\/\/agora.xtec.cat\/ceipflama\/wp-json\/wp\/v2\/pages"}],"about":[{"href":"https:\/\/agora.xtec.cat\/ceipflama\/wp-json\/wp\/v2\/types\/page"}],"author":[{"embeddable":true,"href":"https:\/\/agora.xtec.cat\/ceipflama\/wp-json\/wp\/v2\/users\/1"}],"replies":[{"embeddable":true,"href":"https:\/\/agora.xtec.cat\/ceipflama\/wp-json\/wp\/v2\/comments?post=559"}],"version-history":[{"count":3,"href":"https:\/\/agora.xtec.cat\/ceipflama\/wp-json\/wp\/v2\/pages\/559\/revisions"}],"predecessor-version":[{"id":10689,"href":"https:\/\/agora.xtec.cat\/ceipflama\/wp-json\/wp\/v2\/pages\/559\/revisions\/10689"}],"wp:attachment":[{"href":"https:\/\/agora.xtec.cat\/ceipflama\/wp-json\/wp\/v2\/media?parent=559"}],"curies":[{"name":"wp","href":"https:\/\/api.w.org\/{rel}","templated":true}]}}