{"id":554,"date":"2016-07-13T15:52:38","date_gmt":"2016-07-13T14:52:38","guid":{"rendered":"http:\/\/agora.xtec.cat\/ceipflama\/?page_id=554"},"modified":"2024-06-30T20:42:43","modified_gmt":"2024-06-30T18:42:43","slug":"carta-compromis-educatiu","status":"publish","type":"page","link":"https:\/\/agora.xtec.cat\/ceipflama\/carta-compromis-educatiu\/","title":{"rendered":"Carta comprom\u00eds educatiu"},"content":{"rendered":"<p style=\"text-align: justify;\">La carta de comprom\u00eds educatiu \u00e9s una eina que, en aplicaci\u00f3 del projecte educatiu, facilita la cooperaci\u00f3 entre les fam\u00edlies i el centre educatiu i ha d&#8217;expressar els compromisos que adquireixen per garantir la cooperaci\u00f3 entre les seves accions educatives, d&#8217;acord amb l&#8217;article 20 de la Llei 12\/2009, del 10 de juliol, d&#8217;educaci\u00f3 i l&#8217;article 7 del Decret 102\/2010, de 3 d&#8217;agost, d&#8217;autonomia dels centres educatius.<\/p>\n<p style=\"text-align: justify;\"><a href=\"https:\/\/agora.xtec.cat\/ceipflama\/wp-content\/uploads\/usu1313\/2024\/06\/4.-CARTA-DE-COMPROMIS-EDUCATIU.pdf\"><strong><span style=\"color: #cc99ff;\">CARTA COMPROM\u00cdS EDUCATIU<\/span> <\/strong><\/a><\/p>\n","protected":false},"excerpt":{"rendered":"<p>La carta de comprom\u00eds educatiu \u00e9s una eina que, en aplicaci\u00f3 del projecte educatiu, facilita la cooperaci\u00f3 entre les fam\u00edlies i el centre educatiu i ha d&#8217;expressar els compromisos que adquireixen per garantir la cooperaci\u00f3 entre les seves accions educatives, d&#8217;acord amb l&#8217;article 20 de la Llei 12\/2009, del 10 de juliol, d&#8217;educaci\u00f3 i l&#8217;article [&hellip;]<\/p>\n","protected":false},"author":1,"featured_media":0,"parent":0,"menu_order":0,"comment_status":"closed","ping_status":"closed","template":"","meta":{"_bbp_topic_count":0,"_bbp_reply_count":0,"_bbp_total_topic_count":0,"_bbp_total_reply_count":0,"_bbp_voice_count":0,"_bbp_anonymous_reply_count":0,"_bbp_topic_count_hidden":0,"_bbp_reply_count_hidden":0,"_bbp_forum_subforum_count":0,"site-sidebar-layout":"default","site-content-layout":"","ast-site-content-layout":"","site-content-style":"default","site-sidebar-style":"default","ast-global-header-display":"","ast-banner-title-visibility":"","ast-main-header-display":"","ast-hfb-above-header-display":"","ast-hfb-below-header-display":"","ast-hfb-mobile-header-display":"","site-post-title":"","ast-breadcrumbs-content":"","ast-featured-img":"","footer-sml-layout":"","theme-transparent-header-meta":"","adv-header-id-meta":"","stick-header-meta":"","header-above-stick-meta":"","header-main-stick-meta":"","header-below-stick-meta":"","astra-migrate-meta-layouts":"default","ast-page-background-enabled":"default","ast-page-background-meta":{"desktop":{"background-color":"var(--ast-global-color-4)","background-image":"","background-repeat":"repeat","background-position":"center center","background-size":"auto","background-attachment":"scroll","background-type":"","background-media":"","overlay-type":"","overlay-color":"","overlay-opacity":"","overlay-gradient":""},"tablet":{"background-color":"","background-image":"","background-repeat":"repeat","background-position":"center center","background-size":"auto","background-attachment":"scroll","background-type":"","background-media":"","overlay-type":"","overlay-color":"","overlay-opacity":"","overlay-gradient":""},"mobile":{"background-color":"","background-image":"","background-repeat":"repeat","background-position":"center center","background-size":"auto","background-attachment":"scroll","background-type":"","background-media":"","overlay-type":"","overlay-color":"","overlay-opacity":"","overlay-gradient":""}},"ast-content-background-meta":{"desktop":{"background-color":"var(--ast-global-color-5)","background-image":"","background-repeat":"repeat","background-position":"center center","background-size":"auto","background-attachment":"scroll","background-type":"","background-media":"","overlay-type":"","overlay-color":"","overlay-opacity":"","overlay-gradient":""},"tablet":{"background-color":"var(--ast-global-color-5)","background-image":"","background-repeat":"repeat","background-position":"center center","background-size":"auto","background-attachment":"scroll","background-type":"","background-media":"","overlay-type":"","overlay-color":"","overlay-opacity":"","overlay-gradient":""},"mobile":{"background-color":"var(--ast-global-color-5)","background-image":"","background-repeat":"repeat","background-position":"center center","background-size":"auto","background-attachment":"scroll","background-type":"","background-media":"","overlay-type":"","overlay-color":"","overlay-opacity":"","overlay-gradient":""}},"footnotes":""},"class_list":["post-554","page","type-page","status-publish","hentry"],"post_mailing_queue_ids":[],"_links":{"self":[{"href":"https:\/\/agora.xtec.cat\/ceipflama\/wp-json\/wp\/v2\/pages\/554","targetHints":{"allow":["GET"]}}],"collection":[{"href":"https:\/\/agora.xtec.cat\/ceipflama\/wp-json\/wp\/v2\/pages"}],"about":[{"href":"https:\/\/agora.xtec.cat\/ceipflama\/wp-json\/wp\/v2\/types\/page"}],"author":[{"embeddable":true,"href":"https:\/\/agora.xtec.cat\/ceipflama\/wp-json\/wp\/v2\/users\/1"}],"replies":[{"embeddable":true,"href":"https:\/\/agora.xtec.cat\/ceipflama\/wp-json\/wp\/v2\/comments?post=554"}],"version-history":[{"count":4,"href":"https:\/\/agora.xtec.cat\/ceipflama\/wp-json\/wp\/v2\/pages\/554\/revisions"}],"predecessor-version":[{"id":20231,"href":"https:\/\/agora.xtec.cat\/ceipflama\/wp-json\/wp\/v2\/pages\/554\/revisions\/20231"}],"wp:attachment":[{"href":"https:\/\/agora.xtec.cat\/ceipflama\/wp-json\/wp\/v2\/media?parent=554"}],"curies":[{"name":"wp","href":"https:\/\/api.w.org\/{rel}","templated":true}]}}