{"id":540,"date":"2016-07-13T15:42:29","date_gmt":"2016-07-13T14:42:29","guid":{"rendered":"http:\/\/agora.xtec.cat\/ceipflama\/?page_id=540"},"modified":"2023-11-23T18:37:24","modified_gmt":"2023-11-23T17:37:24","slug":"pares-compromissaris","status":"publish","type":"page","link":"https:\/\/agora.xtec.cat\/ceipflama\/pares-compromissaris\/","title":{"rendered":"Fam\u00edlies compromiss\u00e0ries"},"content":{"rendered":"<ul>\n<li>\n<h6>El\/la compromissari\/a de curs \u00e9s el portaveu del col\u00b7lectiu de pares i mares d\u2019un grup classe i \u00e9s el pont de di\u00e0leg amb els tutors i amb la direcci\u00f3 del centre.<\/h6>\n<\/li>\n<\/ul>\n<ul>\n<li>\n<h6>S\u00f3n elegits pels pares i mares de cada classe, d\u2019entre ells, a la reuni\u00f3 de nivell de principi de curs.<\/h6>\n<\/li>\n<\/ul>\n<h4><span style=\"color: #ff9900;\"><strong>FUNCIONS<\/strong><\/span><\/h4>\n<ul>\n<li>\n<h6>Mantenir contacte amb el tutor\/a del curs i els pares i mares com a representant del grup al qual pertany.<\/h6>\n<\/li>\n<li>\n<h6>Dinamitzar l&#8217;escola i fomentar la cooperaci\u00f3 i col\u00b7laboraci\u00f3 de tothom (pares\/mares, nens\/nenes i mestres), organitzant i realitzant diverses activitats (xerrades, trobades amb la resta de pares\/mares del grup classe, activitats, sortides, etc.)<\/h6>\n<\/li>\n<li>\n<h6>Recollir les inquietuds, suggeriments i opinions dels pares i mares (sempre que siguin q\u00fcestions generals) i canalitzar-les cap al tutor\/a, equip directiu o AMPA segons el tipus d&#8217;assumpte.<\/h6>\n<\/li>\n<li>\n<h6>Impulsar i potenciar la col\u00b7laboraci\u00f3 dels pares i mares de la classe en la tasca educativa i totes aquelles activitats que l\u2019escola proposi.<\/h6>\n<\/li>\n<li>\n<h6>Encarrilar, fer d\u2019enlla\u00e7, orientar, informar, aclarir dubtes i\/o malentesos en relaci\u00f3 al centre, per\u00f2 sense intervenir en aquells estrictament individuals i en els de car\u00e0cter docents.<\/h6>\n<\/li>\n<li>\n<h6>Coordinar trobades, no previstes, per informar d\u2019un esdeveniment urgent.<\/h6>\n<\/li>\n<li>\n<h6>Assistir a les reunions peri\u00f2diques de compromissaris proposades per l&#8217;equip directiu o pels mateixos pares compromissaris.<\/h6>\n<\/li>\n<\/ul>\n<h6><strong>\u00a0<\/strong><\/h6>\n","protected":false},"excerpt":{"rendered":"<p>El\/la compromissari\/a de curs \u00e9s el portaveu del col\u00b7lectiu de pares i mares d\u2019un grup classe i \u00e9s el pont de di\u00e0leg amb els tutors i amb la direcci\u00f3 del centre. S\u00f3n elegits pels pares i mares de cada classe, d\u2019entre ells, a la reuni\u00f3 de nivell de principi de curs. FUNCIONS Mantenir contacte amb [&hellip;]<\/p>\n","protected":false},"author":1,"featured_media":0,"parent":0,"menu_order":0,"comment_status":"closed","ping_status":"closed","template":"","meta":{"_bbp_topic_count":0,"_bbp_reply_count":0,"_bbp_total_topic_count":0,"_bbp_total_reply_count":0,"_bbp_voice_count":0,"_bbp_anonymous_reply_count":0,"_bbp_topic_count_hidden":0,"_bbp_reply_count_hidden":0,"_bbp_forum_subforum_count":0,"site-sidebar-layout":"default","site-content-layout":"","ast-site-content-layout":"","site-content-style":"default","site-sidebar-style":"default","ast-global-header-display":"","ast-banner-title-visibility":"","ast-main-header-display":"","ast-hfb-above-header-display":"","ast-hfb-below-header-display":"","ast-hfb-mobile-header-display":"","site-post-title":"","ast-breadcrumbs-content":"","ast-featured-img":"","footer-sml-layout":"","theme-transparent-header-meta":"","adv-header-id-meta":"","stick-header-meta":"","header-above-stick-meta":"","header-main-stick-meta":"","header-below-stick-meta":"","astra-migrate-meta-layouts":"default","ast-page-background-enabled":"default","ast-page-background-meta":{"desktop":{"background-color":"var(--ast-global-color-4)","background-image":"","background-repeat":"repeat","background-position":"center center","background-size":"auto","background-attachment":"scroll","background-type":"","background-media":"","overlay-type":"","overlay-color":"","overlay-opacity":"","overlay-gradient":""},"tablet":{"background-color":"","background-image":"","background-repeat":"repeat","background-position":"center center","background-size":"auto","background-attachment":"scroll","background-type":"","background-media":"","overlay-type":"","overlay-color":"","overlay-opacity":"","overlay-gradient":""},"mobile":{"background-color":"","background-image":"","background-repeat":"repeat","background-position":"center center","background-size":"auto","background-attachment":"scroll","background-type":"","background-media":"","overlay-type":"","overlay-color":"","overlay-opacity":"","overlay-gradient":""}},"ast-content-background-meta":{"desktop":{"background-color":"var(--ast-global-color-5)","background-image":"","background-repeat":"repeat","background-position":"center center","background-size":"auto","background-attachment":"scroll","background-type":"","background-media":"","overlay-type":"","overlay-color":"","overlay-opacity":"","overlay-gradient":""},"tablet":{"background-color":"var(--ast-global-color-5)","background-image":"","background-repeat":"repeat","background-position":"center center","background-size":"auto","background-attachment":"scroll","background-type":"","background-media":"","overlay-type":"","overlay-color":"","overlay-opacity":"","overlay-gradient":""},"mobile":{"background-color":"var(--ast-global-color-5)","background-image":"","background-repeat":"repeat","background-position":"center center","background-size":"auto","background-attachment":"scroll","background-type":"","background-media":"","overlay-type":"","overlay-color":"","overlay-opacity":"","overlay-gradient":""}},"footnotes":""},"class_list":["post-540","page","type-page","status-publish","hentry"],"post_mailing_queue_ids":[],"_links":{"self":[{"href":"https:\/\/agora.xtec.cat\/ceipflama\/wp-json\/wp\/v2\/pages\/540","targetHints":{"allow":["GET"]}}],"collection":[{"href":"https:\/\/agora.xtec.cat\/ceipflama\/wp-json\/wp\/v2\/pages"}],"about":[{"href":"https:\/\/agora.xtec.cat\/ceipflama\/wp-json\/wp\/v2\/types\/page"}],"author":[{"embeddable":true,"href":"https:\/\/agora.xtec.cat\/ceipflama\/wp-json\/wp\/v2\/users\/1"}],"replies":[{"embeddable":true,"href":"https:\/\/agora.xtec.cat\/ceipflama\/wp-json\/wp\/v2\/comments?post=540"}],"version-history":[{"count":4,"href":"https:\/\/agora.xtec.cat\/ceipflama\/wp-json\/wp\/v2\/pages\/540\/revisions"}],"predecessor-version":[{"id":19337,"href":"https:\/\/agora.xtec.cat\/ceipflama\/wp-json\/wp\/v2\/pages\/540\/revisions\/19337"}],"wp:attachment":[{"href":"https:\/\/agora.xtec.cat\/ceipflama\/wp-json\/wp\/v2\/media?parent=540"}],"curies":[{"name":"wp","href":"https:\/\/api.w.org\/{rel}","templated":true}]}}