{"id":537,"date":"2016-07-13T15:40:53","date_gmt":"2016-07-13T14:40:53","guid":{"rendered":"http:\/\/agora.xtec.cat\/ceipflama\/?page_id=537"},"modified":"2026-03-30T16:31:55","modified_gmt":"2026-03-30T14:31:55","slug":"quadre-pedagogic-2","status":"publish","type":"page","link":"https:\/\/agora.xtec.cat\/ceipflama\/quadre-pedagogic-2\/","title":{"rendered":"Quadre pedag\u00f2gic"},"content":{"rendered":"<h2>CURS 2025\/26<\/h2>\n<h2><span style=\"color: #ff0000;\">EDUCACI\u00d3 INFANTIL<\/span><\/h2>\n<p><span style=\"color: #ff0000;\"><span style=\"color: #cc99ff;\">Infantil I3: <span style=\"color: #000000;\"> Meritxell Cots + Sergi Serra<br \/>\n<span style=\"color: #cc99ff;\">Infantil I4: <span style=\"color: #000000;\">Sara Viera + Sergi Serra<br \/>\n<span style=\"color: #cc99ff;\">Infantil I5: <span style=\"color: #000000;\"> Montserrat Costa<br \/>\n<\/span><\/span><\/span><\/span><\/span><\/span><\/span><\/p>\n<h2><span style=\"color: #ff0000;\">EDUCACI\u00d3 PRIM\u00c0RIA<\/span><\/h2>\n<p><span style=\"color: #ff0000;\"><span style=\"color: #99cc00;\">Prim\u00e0ria 1A:\u00a0<span style=\"color: #000000;\"> Tha\u00eds Iglesias<br \/>\n<span style=\"color: #99cc00;\">Prim\u00e0ria 1B:\u00a0<span style=\"color: #000000;\"> Marta Bosch<\/span><\/span><\/span><\/span><\/span><\/p>\n<p><span style=\"color: #99cc00;\">Prim\u00e0ria 2A:\u00a0<span style=\"color: #000000;\"> Delfina Rodr\u00edguez<br \/>\n<span style=\"color: #99cc00;\">Prim\u00e0ria 2B:\u00a0<span style=\"color: #000000;\"> Marta Arcarons (\u00darsula Gim\u00e9nez)<\/span><\/span><\/span><\/span><\/p>\n<p><span style=\"color: #99cc00;\">Prim\u00e0ria 3A:\u00a0<span style=\"color: #000000;\"> Abraham L\u00f3pez<br \/>\n<span style=\"color: #99cc00;\">Prim\u00e0ria 3B:\u00a0<span style=\"color: #000000;\"> Carme Albets<\/span><\/span><\/span><\/span><\/p>\n<p><span style=\"color: #99cc00;\">Prim\u00e0ria 4A:\u00a0<span style=\"color: #000000;\"> Carla Fern\u00e1ndez (Ivan L\u00f3pez)<br \/>\n<span style=\"color: #99cc00;\">Prim\u00e0ria 4B:\u00a0<span style=\"color: #000000;\"> Ester Potrony<\/span><\/span><\/span><\/span><\/p>\n<p><span style=\"color: #99cc00;\">Prim\u00e0ria 5A:\u00a0<span style=\"color: #000000;\"> Marta Boixadera + Pamela C\u00f3cera<br \/>\n<span style=\"color: #99cc00;\">Prim\u00e0ria 5B:\u00a0<span style=\"color: #000000;\"> Ilda Ac\u00edn<\/span><\/span><\/span><\/span><\/p>\n<p><span style=\"color: #99cc00;\">Prim\u00e0ria 6A:\u00a0<span style=\"color: #000000;\"> Susana Duque<br \/>\n<span style=\"color: #99cc00;\">Prim\u00e0ria 6B:\u00a0<span style=\"color: #000000;\"> Alba Camps<\/span><\/span><\/span><\/span><\/p>\n<p style=\"text-align: justify;\"><span style=\"color: #993300;\"><span style=\"color: #ff6600;\">Atenci\u00f3 a la diversitat (INFANTIL I PRIM\u00c0RIA):<\/span> <\/span><\/p>\n<ul>\n<li style=\"text-align: justify;\"><span style=\"color: #993300;\"><span style=\"color: #ff6600;\">Educaci\u00f3 Especial:\u00a0<span style=\"color: #000000;\"> Teresa Puente, Sandra Prat, Koral Naudi.<br \/>\n<\/span><\/span><\/span><\/li>\n<li style=\"text-align: justify;\"><span style=\"color: #993300;\"><span style=\"color: #000000;\"><span style=\"color: #ff6600;\">Refor\u00e7: <span style=\"color: #000000;\"> Esther Casademunt, Al\u00edcia Montero, Sergi Serra, Pamela C\u00f3cera, Anna Vilarmau, Montserrat Castillo, J\u00falia Solsona, Roger Solernou, Sara Forte <\/span><\/span><\/span><\/span><\/li>\n<\/ul>\n<p><span style=\"color: #ff6600;\">Llengua anglesa:\u00a0<span style=\"color: #000000;\"> Conxita Roig, Aina Bernal, J\u00falia Solsona<\/span><\/span><\/p>\n<p><span style=\"color: #ff6600;\">Educaci\u00f3 f\u00edsica:\u00a0<span style=\"color: #000000;\"> Isaac Bosch<\/span><\/span><\/p>\n<p><span style=\"color: #ff6600;\">Religi\u00f3:\u00a0<span style=\"color: #000000;\"> Sara Forte<\/span><\/span><\/p>\n<p><span style=\"color: #00ccff;\">Coordinaci\u00f3 EI:\u00a0<span style=\"color: #000000;\"> Sergi Serra<br \/>\n<span style=\"color: #00ccff;\">Coordinaci\u00f3 CI:\u00a0<span style=\"color: #000000;\"> Esther Comas<br \/>\n<span style=\"color: #00ccff;\">Coordinaci\u00f3 CM:\u00a0<span style=\"color: #000000;\"> Ester Potrony<br \/>\n<span style=\"color: #00ccff;\">Coordinaci\u00f3 CS:\u00a0<span style=\"color: #000000;\"> Alba Camps<\/span><\/span><\/span><\/span><\/span><\/span><\/span><\/span><\/p>\n<p><span style=\"color: #ffcc99;\">Educadora SIEI:\u00a0<span style=\"color: #000000;\"> Llu\u00efsa Barnaus<\/span><\/span><\/p>\n<p><span style=\"color: #ffcc99;\">TEI:\u00a0<span style=\"color: #000000;\"> Nat\u00e0lia Mart\u00ednez<\/span><\/span><\/p>\n<p><span style=\"color: #ffcc99;\">Personal SEC: <span style=\"color: #000000;\">Gl\u00f2ria Casado, Maria Duarri, Laia L\u00f3pez<\/span><\/span><\/p>\n<p><span style=\"color: #ffcc99;\">Auxiliar de conversa en llengua anglesa:<span style=\"color: #000000;\">\u00a0Mia Steenkamp<\/span><\/span><\/p>\n<p><span style=\"color: #808000;\">EQUIP DIRECTIU<\/span><br \/>\n<span style=\"color: #999999;\">Direcci\u00f3:<\/span> Anna Vilarmau<br \/>\n<span style=\"color: #999999;\">Cap d\u2019Estudis:<\/span> Montserrat Castillo<br \/>\n<span style=\"color: #999999;\">Secret\u00e0ria:<\/span> Al\u00edcia Montero<\/p>\n<p><span style=\"color: #808000;\">PERSONAL EDUCATIU EXTERN<\/span><br \/>\n<span style=\"color: #999999;\">Psicopedagoga de l\u2019EAP:<\/span> Rosa Mart\u00ednez<br \/>\n<span style=\"color: #999999;\">Logopeda del CREDA:<\/span> N\u00faria Roig<\/p>\n<p><span style=\"color: #808000;\">PERSONAL D\u2019ADMINISTRACI\u00d3 I SERVEIS<\/span><br \/>\n<span style=\"color: #999999;\">T\u00e8cnic de manteniment:<\/span> Eloi Caballero<br \/>\n<span style=\"color: #999999;\">Administrativa:<\/span> Laura Cervera<br \/>\n<span style=\"color: #999999;\">Coordinaci\u00f3 de l\u2019AMPA:<\/span>\u00a0Carme Duocastella<br \/>\n<span style=\"color: #999999;\">Coordinaci\u00f3 de Menjadors:<\/span> Alina Coman<\/p>\n<h4>EN IMATGES:<\/h4>\n<h3><span style=\"color: #ff0000;\">EQUIP DIRECTIU<\/span><\/h3>\n<h3><a href=\"https:\/\/agora.xtec.cat\/ceipflama\/wp-content\/uploads\/usu1313\/2026\/03\/WhatsApp-Image-2026-03-30-at-16.30.50.jpeg\"><img loading=\"lazy\" decoding=\"async\" class=\"alignnone  wp-image-22610\" src=\"https:\/\/agora.xtec.cat\/ceipflama\/wp-content\/uploads\/usu1313\/2026\/03\/WhatsApp-Image-2026-03-30-at-16.30.50-1024x768.jpeg\" alt=\"\" width=\"464\" height=\"348\" srcset=\"https:\/\/agora.xtec.cat\/ceipflama\/wp-content\/uploads\/usu1313\/2026\/03\/WhatsApp-Image-2026-03-30-at-16.30.50-1024x768.jpeg 1024w, https:\/\/agora.xtec.cat\/ceipflama\/wp-content\/uploads\/usu1313\/2026\/03\/WhatsApp-Image-2026-03-30-at-16.30.50-300x225.jpeg 300w, https:\/\/agora.xtec.cat\/ceipflama\/wp-content\/uploads\/usu1313\/2026\/03\/WhatsApp-Image-2026-03-30-at-16.30.50-768x576.jpeg 768w, https:\/\/agora.xtec.cat\/ceipflama\/wp-content\/uploads\/usu1313\/2026\/03\/WhatsApp-Image-2026-03-30-at-16.30.50-1536x1152.jpeg 1536w, https:\/\/agora.xtec.cat\/ceipflama\/wp-content\/uploads\/usu1313\/2026\/03\/WhatsApp-Image-2026-03-30-at-16.30.50.jpeg 1600w\" sizes=\"auto, (max-width: 464px) 100vw, 464px\" \/><\/a><\/h3>\n<h3><\/h3>\n<h3><span style=\"color: #ff0000;\">EDUCACI\u00d3 INFANTIL<\/span><\/h3>\n<p><a href=\"https:\/\/agora.xtec.cat\/ceipflama\/wp-content\/uploads\/usu1313\/2025\/10\/d298da5b-ad4c-4ebf-a5f8-e428d6b04222.jpg\"><img loading=\"lazy\" decoding=\"async\" class=\"alignnone wp-image-21706\" src=\"https:\/\/agora.xtec.cat\/ceipflama\/wp-content\/uploads\/usu1313\/2025\/10\/d298da5b-ad4c-4ebf-a5f8-e428d6b04222-1024x951.jpg\" alt=\"\" width=\"471\" height=\"437\" srcset=\"https:\/\/agora.xtec.cat\/ceipflama\/wp-content\/uploads\/usu1313\/2025\/10\/d298da5b-ad4c-4ebf-a5f8-e428d6b04222-1024x951.jpg 1024w, https:\/\/agora.xtec.cat\/ceipflama\/wp-content\/uploads\/usu1313\/2025\/10\/d298da5b-ad4c-4ebf-a5f8-e428d6b04222-300x279.jpg 300w, https:\/\/agora.xtec.cat\/ceipflama\/wp-content\/uploads\/usu1313\/2025\/10\/d298da5b-ad4c-4ebf-a5f8-e428d6b04222-768x713.jpg 768w, https:\/\/agora.xtec.cat\/ceipflama\/wp-content\/uploads\/usu1313\/2025\/10\/d298da5b-ad4c-4ebf-a5f8-e428d6b04222-1536x1426.jpg 1536w, https:\/\/agora.xtec.cat\/ceipflama\/wp-content\/uploads\/usu1313\/2025\/10\/d298da5b-ad4c-4ebf-a5f8-e428d6b04222-2048x1902.jpg 2048w\" sizes=\"auto, (max-width: 471px) 100vw, 471px\" \/><\/a><\/p>\n<h3><span style=\"color: #ff0000;\">PRIM\u00c0RIA. 1R CICLE<\/span><\/h3>\n<p><a href=\"https:\/\/agora.xtec.cat\/ceipflama\/wp-content\/uploads\/usu1313\/2025\/10\/WhatsApp-Image-2025-09-03-at-16.25.54.jpeg\"><img loading=\"lazy\" decoding=\"async\" class=\"alignnone wp-image-21718\" src=\"https:\/\/agora.xtec.cat\/ceipflama\/wp-content\/uploads\/usu1313\/2025\/10\/WhatsApp-Image-2025-09-03-at-16.25.54-1024x778.jpeg\" alt=\"\" width=\"593\" height=\"450\" srcset=\"https:\/\/agora.xtec.cat\/ceipflama\/wp-content\/uploads\/usu1313\/2025\/10\/WhatsApp-Image-2025-09-03-at-16.25.54-1024x778.jpeg 1024w, https:\/\/agora.xtec.cat\/ceipflama\/wp-content\/uploads\/usu1313\/2025\/10\/WhatsApp-Image-2025-09-03-at-16.25.54-300x228.jpeg 300w, https:\/\/agora.xtec.cat\/ceipflama\/wp-content\/uploads\/usu1313\/2025\/10\/WhatsApp-Image-2025-09-03-at-16.25.54-768x584.jpeg 768w, https:\/\/agora.xtec.cat\/ceipflama\/wp-content\/uploads\/usu1313\/2025\/10\/WhatsApp-Image-2025-09-03-at-16.25.54-1536x1167.jpeg 1536w, https:\/\/agora.xtec.cat\/ceipflama\/wp-content\/uploads\/usu1313\/2025\/10\/WhatsApp-Image-2025-09-03-at-16.25.54.jpeg 1600w\" sizes=\"auto, (max-width: 593px) 100vw, 593px\" \/><\/a><\/p>\n<h3><span style=\"color: #ff0000;\">PRIM\u00c0RIA. 2N CICLE<\/span><\/h3>\n<p><a href=\"https:\/\/agora.xtec.cat\/ceipflama\/wp-content\/uploads\/usu1313\/2025\/10\/d6d698b6-c8e2-4dd6-ba45-016bdf2c52c6.jpg\"><img loading=\"lazy\" decoding=\"async\" class=\"alignnone wp-image-21708\" src=\"https:\/\/agora.xtec.cat\/ceipflama\/wp-content\/uploads\/usu1313\/2025\/10\/d6d698b6-c8e2-4dd6-ba45-016bdf2c52c6-1024x732.jpg\" alt=\"\" width=\"593\" height=\"424\" srcset=\"https:\/\/agora.xtec.cat\/ceipflama\/wp-content\/uploads\/usu1313\/2025\/10\/d6d698b6-c8e2-4dd6-ba45-016bdf2c52c6-1024x732.jpg 1024w, https:\/\/agora.xtec.cat\/ceipflama\/wp-content\/uploads\/usu1313\/2025\/10\/d6d698b6-c8e2-4dd6-ba45-016bdf2c52c6-300x214.jpg 300w, https:\/\/agora.xtec.cat\/ceipflama\/wp-content\/uploads\/usu1313\/2025\/10\/d6d698b6-c8e2-4dd6-ba45-016bdf2c52c6-768x549.jpg 768w, https:\/\/agora.xtec.cat\/ceipflama\/wp-content\/uploads\/usu1313\/2025\/10\/d6d698b6-c8e2-4dd6-ba45-016bdf2c52c6.jpg 1205w\" sizes=\"auto, (max-width: 593px) 100vw, 593px\" \/><\/a><\/p>\n<h3><span style=\"color: #ff0000;\">PRIM\u00c0RIA. 3R CICLE<\/span><\/h3>\n<p><a href=\"https:\/\/agora.xtec.cat\/ceipflama\/wp-content\/uploads\/usu1313\/2025\/10\/8e34cd0c-0fd9-442f-b296-07fea1f43ae7.jpg\"><img loading=\"lazy\" decoding=\"async\" class=\"alignnone wp-image-21723\" src=\"https:\/\/agora.xtec.cat\/ceipflama\/wp-content\/uploads\/usu1313\/2025\/10\/8e34cd0c-0fd9-442f-b296-07fea1f43ae7-1024x749.jpg\" alt=\"\" width=\"589\" height=\"431\" srcset=\"https:\/\/agora.xtec.cat\/ceipflama\/wp-content\/uploads\/usu1313\/2025\/10\/8e34cd0c-0fd9-442f-b296-07fea1f43ae7-1024x749.jpg 1024w, https:\/\/agora.xtec.cat\/ceipflama\/wp-content\/uploads\/usu1313\/2025\/10\/8e34cd0c-0fd9-442f-b296-07fea1f43ae7-300x220.jpg 300w, https:\/\/agora.xtec.cat\/ceipflama\/wp-content\/uploads\/usu1313\/2025\/10\/8e34cd0c-0fd9-442f-b296-07fea1f43ae7-768x562.jpg 768w, https:\/\/agora.xtec.cat\/ceipflama\/wp-content\/uploads\/usu1313\/2025\/10\/8e34cd0c-0fd9-442f-b296-07fea1f43ae7.jpg 1368w\" sizes=\"auto, (max-width: 589px) 100vw, 589px\" \/><\/a><\/p>\n","protected":false},"excerpt":{"rendered":"<p>CURS 2025\/26 EDUCACI\u00d3 INFANTIL Infantil I3: Meritxell Cots + Sergi Serra Infantil I4: Sara Viera + Sergi Serra Infantil I5: Montserrat Costa EDUCACI\u00d3 PRIM\u00c0RIA Prim\u00e0ria 1A:\u00a0 Tha\u00eds Iglesias Prim\u00e0ria 1B:\u00a0 Marta Bosch Prim\u00e0ria 2A:\u00a0 Delfina Rodr\u00edguez Prim\u00e0ria 2B:\u00a0 Marta Arcarons (\u00darsula Gim\u00e9nez) Prim\u00e0ria 3A:\u00a0 Abraham L\u00f3pez Prim\u00e0ria 3B:\u00a0 Carme Albets Prim\u00e0ria 4A:\u00a0 Carla Fern\u00e1ndez (Ivan [&hellip;]<\/p>\n","protected":false},"author":1,"featured_media":0,"parent":0,"menu_order":0,"comment_status":"closed","ping_status":"closed","template":"","meta":{"_bbp_topic_count":0,"_bbp_reply_count":0,"_bbp_total_topic_count":0,"_bbp_total_reply_count":0,"_bbp_voice_count":0,"_bbp_anonymous_reply_count":0,"_bbp_topic_count_hidden":0,"_bbp_reply_count_hidden":0,"_bbp_forum_subforum_count":0,"site-sidebar-layout":"default","site-content-layout":"","ast-site-content-layout":"default","site-content-style":"default","site-sidebar-style":"default","ast-global-header-display":"","ast-banner-title-visibility":"","ast-main-header-display":"","ast-hfb-above-header-display":"","ast-hfb-below-header-display":"","ast-hfb-mobile-header-display":"","site-post-title":"","ast-breadcrumbs-content":"","ast-featured-img":"","footer-sml-layout":"","theme-transparent-header-meta":"default","adv-header-id-meta":"","stick-header-meta":"","header-above-stick-meta":"","header-main-stick-meta":"","header-below-stick-meta":"","astra-migrate-meta-layouts":"set","ast-page-background-enabled":"default","ast-page-background-meta":{"desktop":{"background-color":"var(--ast-global-color-4)","background-image":"","background-repeat":"repeat","background-position":"center center","background-size":"auto","background-attachment":"scroll","background-type":"","background-media":"","overlay-type":"","overlay-color":"","overlay-opacity":"","overlay-gradient":""},"tablet":{"background-color":"","background-image":"","background-repeat":"repeat","background-position":"center center","background-size":"auto","background-attachment":"scroll","background-type":"","background-media":"","overlay-type":"","overlay-color":"","overlay-opacity":"","overlay-gradient":""},"mobile":{"background-color":"","background-image":"","background-repeat":"repeat","background-position":"center center","background-size":"auto","background-attachment":"scroll","background-type":"","background-media":"","overlay-type":"","overlay-color":"","overlay-opacity":"","overlay-gradient":""}},"ast-content-background-meta":{"desktop":{"background-color":"var(--ast-global-color-5)","background-image":"","background-repeat":"repeat","background-position":"center center","background-size":"auto","background-attachment":"scroll","background-type":"","background-media":"","overlay-type":"","overlay-color":"","overlay-opacity":"","overlay-gradient":""},"tablet":{"background-color":"var(--ast-global-color-5)","background-image":"","background-repeat":"repeat","background-position":"center center","background-size":"auto","background-attachment":"scroll","background-type":"","background-media":"","overlay-type":"","overlay-color":"","overlay-opacity":"","overlay-gradient":""},"mobile":{"background-color":"var(--ast-global-color-5)","background-image":"","background-repeat":"repeat","background-position":"center center","background-size":"auto","background-attachment":"scroll","background-type":"","background-media":"","overlay-type":"","overlay-color":"","overlay-opacity":"","overlay-gradient":""}},"footnotes":""},"class_list":["post-537","page","type-page","status-publish","hentry"],"post_mailing_queue_ids":[],"_links":{"self":[{"href":"https:\/\/agora.xtec.cat\/ceipflama\/wp-json\/wp\/v2\/pages\/537","targetHints":{"allow":["GET"]}}],"collection":[{"href":"https:\/\/agora.xtec.cat\/ceipflama\/wp-json\/wp\/v2\/pages"}],"about":[{"href":"https:\/\/agora.xtec.cat\/ceipflama\/wp-json\/wp\/v2\/types\/page"}],"author":[{"embeddable":true,"href":"https:\/\/agora.xtec.cat\/ceipflama\/wp-json\/wp\/v2\/users\/1"}],"replies":[{"embeddable":true,"href":"https:\/\/agora.xtec.cat\/ceipflama\/wp-json\/wp\/v2\/comments?post=537"}],"version-history":[{"count":8,"href":"https:\/\/agora.xtec.cat\/ceipflama\/wp-json\/wp\/v2\/pages\/537\/revisions"}],"predecessor-version":[{"id":22611,"href":"https:\/\/agora.xtec.cat\/ceipflama\/wp-json\/wp\/v2\/pages\/537\/revisions\/22611"}],"wp:attachment":[{"href":"https:\/\/agora.xtec.cat\/ceipflama\/wp-json\/wp\/v2\/media?parent=537"}],"curies":[{"name":"wp","href":"https:\/\/api.w.org\/{rel}","templated":true}]}}