{"id":28,"date":"2014-09-18T12:29:35","date_gmt":"2014-09-18T11:29:35","guid":{"rendered":"http:\/\/agora.xtec.cat\/ceipflama\/?page_id=28"},"modified":"2026-03-02T10:23:52","modified_gmt":"2026-03-02T09:23:52","slug":"consell-escolar","status":"publish","type":"page","link":"https:\/\/agora.xtec.cat\/ceipflama\/consell-escolar\/","title":{"rendered":"Consell escolar"},"content":{"rendered":"<h2>CONSELL ESCOLAR<\/h2>\n<p><span style=\"color: #000000;\"><b>Qu\u00e8 \u00e9s?<\/b><\/span><\/p>\n<p><span style=\"color: #000000;\">El <strong>Consell escolar del centre<\/strong> \u00e9s l&#8217;\u00f2rgan col\u00b7legiat de participaci\u00f3 de la comunitat escolar en el govern del centre. Corresponen al Consell Escolar les <strong>funcions<\/strong> establertes a la <a style=\"color: #000000;\" href=\"http:\/\/www.gencat.cat\/diari\/5422\/09190005.htm\">Llei 12\/2009<\/a>, de 10 de juliol, d&#8217;educaci\u00f3.<\/span><\/p>\n<p><span style=\"color: #000000;\"><b>Data de constituci\u00f3 del nostre CE:<\/b><b> <\/b>25 de novembre de 2025<\/span><\/p>\n<p><span style=\"color: #000000;\"><b>Pr\u00f2xima renovaci\u00f3: <\/b>curs 2027\/28<\/span><\/p>\n<p><span style=\"color: #000000;\"><b>Composici\u00f3 del consell escolar<\/b><\/span><\/p>\n<p><span style=\"color: #000000;\">a) El\/la director\/a que el presideix<\/span><\/p>\n<p><span style=\"color: #000000;\">b) El\/la \u00a0cap d&#8217;estudis<\/span><\/p>\n<p>c) El\/la secret\u00e0ria del centre que exerceix la secretaria del consell<\/p>\n<p><span style=\"color: #000000;\"><em>d) Els i les 7 representants de pares i mares o tutors, elegits respectivament per ells i entre ells<\/em><\/span><\/p>\n<p>e) Els i les 7 representants del professorat s&#8217;elegeixen pel claustre<\/p>\n<p><em>f) Una representant de l&#8217;ajuntament de la localitat<\/em><\/p>\n<p style=\"text-align: justify;\">g) Un representant dels pares i mares de l&#8217;escola (AMPA). Generalment, acostuma a ser el president de l&#8217;AMPA o un membre de la Junta.<\/p>\n<p><span style=\"color: #000000;\"><em>h) Una representant d&#8217;administraci\u00f3 i serveis (PAS), elegit per i entre aquest personal<\/em><\/span><\/p>\n<p>i) Un representant del Personal d&#8217;Atenci\u00f3 Educativa (PAE) escollit entre els que hi ha al centre.<\/p>\n<p><b>Funcionament<\/b><\/p>\n<p style=\"text-align: justify;\">Les funcions del consell escolar s\u00f3n les que estableix l&#8217;article 148.3 de la Llei d&#8217;educaci\u00f3. A m\u00e9s, li correspon vetllar i donar suport a l&#8217;equip directiu per al compliment de la programaci\u00f3 anual del centre i del projecte de direcci\u00f3 el qual, en el marc del projecte educatiu del centre, vincula l&#8217;acci\u00f3 del conjunt d&#8217;\u00f2rgans de govern unipersonals i col\u00b7legiats d&#8217;acord amb l&#8217;article 144.4 de la Llei d&#8217;educaci\u00f3.<\/p>\n<h2 id=\"__tbSetup\">COMPONENTS CONSELL ESCOLAR:<\/h2>\n<p><span style=\"color: #cc99ff;\">Presidenta<\/span>: Anna Vilarmau Su\u00e1rez<\/p>\n<p><span style=\"color: #999999;\">Cap d\u2019Estudis:\u00a0<\/span>Montserrat Castillo Valencia<\/p>\n<p><span style=\"color: #ff6600;\">Secret\u00e0ria<\/span>: Al\u00edcia Montero Hinojosa<\/p>\n<p><span style=\"color: #ff00ff;\">Representat Ajuntament<\/span>: Antoni Josep Valent\u00ed Moll<\/p>\n<p><span style=\"color: #ff0000;\">Representant PAS:<\/span> Roser Codina Gilibert<\/p>\n<p><span style=\"color: #99cc00;\">Representant AMPA:\u00a0<span style=\"color: #000000;\">Marcela Almanza Hernandez<\/span><\/span><\/p>\n<p><span style=\"color: #993300;\">Representant PAE<\/span>: Nat\u00e0lia Mart\u00ednez Villalta<\/p>\n<p><span style=\"color: #ff00ff;\">Representants dels pares<\/span>:<\/p>\n<p>Gemma Bayerri Bover<\/p>\n<p>Alba Subirana L\u00f3pez<\/p>\n<p>F\u00e8lix Roig L\u00f3pez<\/p>\n<p>Laura Iglesias Casald\u00e0liga<\/p>\n<p>Noem\u00ed Parera Mart\u00edn<\/p>\n<p>S\u00edlvia Benavent Porta<\/p>\n<p>Laura Sancho Moya<\/p>\n<p><span style=\"color: #99ccff;\">Representants dels mestres:<\/span><\/p>\n<p>Marta Boixadera Carri\u00f3<\/p>\n<p>Susana Duque Mu\u00f1oz<\/p>\n<p>Meritxell Cots Mart\u00ednez<\/p>\n<p>Marta Bosch Arrufat<\/p>\n<p>Aina Bernal Exp\u00f3sito<\/p>\n<p>Maria Carme Albets G\u00f3mez<\/p>\n<p>Pamela C\u00f3cera Lorente<\/p>\n<p>Maria Alba Camps Testagorda<\/p>\n","protected":false},"excerpt":{"rendered":"<p>CONSELL ESCOLAR Qu\u00e8 \u00e9s? El Consell escolar del centre \u00e9s l&#8217;\u00f2rgan col\u00b7legiat de participaci\u00f3 de la comunitat escolar en el govern del centre. Corresponen al Consell Escolar les funcions establertes a la Llei 12\/2009, de 10 de juliol, d&#8217;educaci\u00f3. Data de constituci\u00f3 del nostre CE: 25 de novembre de 2025 Pr\u00f2xima renovaci\u00f3: curs 2027\/28 Composici\u00f3 [&hellip;]<\/p>\n","protected":false},"author":1,"featured_media":0,"parent":0,"menu_order":30,"comment_status":"closed","ping_status":"closed","template":"","meta":{"_bbp_topic_count":0,"_bbp_reply_count":0,"_bbp_total_topic_count":0,"_bbp_total_reply_count":0,"_bbp_voice_count":0,"_bbp_anonymous_reply_count":0,"_bbp_topic_count_hidden":0,"_bbp_reply_count_hidden":0,"_bbp_forum_subforum_count":0,"site-sidebar-layout":"default","site-content-layout":"","ast-site-content-layout":"default","site-content-style":"default","site-sidebar-style":"default","ast-global-header-display":"","ast-banner-title-visibility":"","ast-main-header-display":"","ast-hfb-above-header-display":"","ast-hfb-below-header-display":"","ast-hfb-mobile-header-display":"","site-post-title":"","ast-breadcrumbs-content":"","ast-featured-img":"","footer-sml-layout":"","theme-transparent-header-meta":"default","adv-header-id-meta":"","stick-header-meta":"","header-above-stick-meta":"","header-main-stick-meta":"","header-below-stick-meta":"","astra-migrate-meta-layouts":"set","ast-page-background-enabled":"default","ast-page-background-meta":{"desktop":{"background-color":"var(--ast-global-color-4)","background-image":"","background-repeat":"repeat","background-position":"center center","background-size":"auto","background-attachment":"scroll","background-type":"","background-media":"","overlay-type":"","overlay-color":"","overlay-opacity":"","overlay-gradient":""},"tablet":{"background-color":"","background-image":"","background-repeat":"repeat","background-position":"center center","background-size":"auto","background-attachment":"scroll","background-type":"","background-media":"","overlay-type":"","overlay-color":"","overlay-opacity":"","overlay-gradient":""},"mobile":{"background-color":"","background-image":"","background-repeat":"repeat","background-position":"center center","background-size":"auto","background-attachment":"scroll","background-type":"","background-media":"","overlay-type":"","overlay-color":"","overlay-opacity":"","overlay-gradient":""}},"ast-content-background-meta":{"desktop":{"background-color":"var(--ast-global-color-5)","background-image":"","background-repeat":"repeat","background-position":"center center","background-size":"auto","background-attachment":"scroll","background-type":"","background-media":"","overlay-type":"","overlay-color":"","overlay-opacity":"","overlay-gradient":""},"tablet":{"background-color":"var(--ast-global-color-5)","background-image":"","background-repeat":"repeat","background-position":"center center","background-size":"auto","background-attachment":"scroll","background-type":"","background-media":"","overlay-type":"","overlay-color":"","overlay-opacity":"","overlay-gradient":""},"mobile":{"background-color":"var(--ast-global-color-5)","background-image":"","background-repeat":"repeat","background-position":"center center","background-size":"auto","background-attachment":"scroll","background-type":"","background-media":"","overlay-type":"","overlay-color":"","overlay-opacity":"","overlay-gradient":""}},"footnotes":""},"class_list":["post-28","page","type-page","status-publish","hentry"],"post_mailing_queue_ids":[],"_links":{"self":[{"href":"https:\/\/agora.xtec.cat\/ceipflama\/wp-json\/wp\/v2\/pages\/28","targetHints":{"allow":["GET"]}}],"collection":[{"href":"https:\/\/agora.xtec.cat\/ceipflama\/wp-json\/wp\/v2\/pages"}],"about":[{"href":"https:\/\/agora.xtec.cat\/ceipflama\/wp-json\/wp\/v2\/types\/page"}],"author":[{"embeddable":true,"href":"https:\/\/agora.xtec.cat\/ceipflama\/wp-json\/wp\/v2\/users\/1"}],"replies":[{"embeddable":true,"href":"https:\/\/agora.xtec.cat\/ceipflama\/wp-json\/wp\/v2\/comments?post=28"}],"version-history":[{"count":7,"href":"https:\/\/agora.xtec.cat\/ceipflama\/wp-json\/wp\/v2\/pages\/28\/revisions"}],"predecessor-version":[{"id":22496,"href":"https:\/\/agora.xtec.cat\/ceipflama\/wp-json\/wp\/v2\/pages\/28\/revisions\/22496"}],"wp:attachment":[{"href":"https:\/\/agora.xtec.cat\/ceipflama\/wp-json\/wp\/v2\/media?parent=28"}],"curies":[{"name":"wp","href":"https:\/\/api.w.org\/{rel}","templated":true}]}}