{"id":20180,"date":"2024-06-06T12:35:56","date_gmt":"2024-06-06T10:35:56","guid":{"rendered":"https:\/\/agora.xtec.cat\/ceipflama\/?page_id=20180"},"modified":"2025-07-02T22:04:47","modified_gmt":"2025-07-02T20:04:47","slug":"transport-escolar-gestionat-pel-consell-comarcal","status":"publish","type":"page","link":"https:\/\/agora.xtec.cat\/ceipflama\/transport-escolar-gestionat-pel-consell-comarcal\/","title":{"rendered":"Transport Escolar &#8211; Gestionat pel Consell Comarcal"},"content":{"rendered":"<p style=\"font-weight: 400;\">Benvolgudes fam\u00edlies,<\/p>\n<p style=\"font-weight: 400;\">Us informem que ja s\u2019ha obert el termini per a presentar les sol\u00b7licituds dels<strong>\u00a0serveis escolars de transport.<\/strong><\/p>\n<p style=\"font-weight: 400;\">Els terminis per a presentar les sol\u00b7licituds dels\u00a0<strong>serveis escolars de transport pel curs 2025-2026 <\/strong>s\u00f3n els seg\u00fcents:<\/p>\n<ul style=\"font-weight: 400;\">\n<li><span style=\"font-family: inherit; font-size: 1em;\">Sol\u00b7licituds de renovaci\u00f3: del 26 de maig fins al 20 de juny de 2025.<\/span><\/li>\n<li>Sol\u00b7licituds de nova matr\u00edcula d&#8217;ensenyaments obligatoris: del 9 de juny fins al 4 de juliol de 2025.<\/li>\n<li>Sol\u00b7licituds de transport places vacants alumnat d&#8217;educaci\u00f3 infantil, prim\u00e0ria, secund\u00e0ria i postobligatoris: del 9 de juny fins al 4 de juliol de 2025.<\/li>\n<li>Sol\u00b7licituds de transport places vacants persones adultes: del 9 de juny fins al 4 de juliol de 2025.<\/li>\n<\/ul>\n<p style=\"font-weight: 400;\">Per totes aquelles fam\u00edlies que tingueu alguna dificultat a l&#8217;hora de fer la sol\u00b7licitud, poseu-vos en contacte amb l&#8217;administrativa del centre (Roser) per tal que us ajudi amb aquest procediment.<\/p>\n<p>Hem elaborat un document amb les <span style=\"text-decoration: underline;\"><strong>PREGUNTES FREQ\u00dcENTS<\/strong><\/span> que rebem a l&#8217;escola. El podeu consultar en el seg\u00fcent enlla\u00e7:<\/p>\n<p><a href=\"https:\/\/agora.xtec.cat\/ceipflama\/wp-content\/uploads\/usu1313\/2024\/08\/FAQS-TRANSPORT.pdf\"><img loading=\"lazy\" decoding=\"async\" class=\"wp-image-20278 aligncenter\" src=\"https:\/\/agora.xtec.cat\/ceipflama\/wp-content\/uploads\/usu1313\/2024\/08\/autobus-escolar.png\" alt=\"\" width=\"166\" height=\"166\" srcset=\"https:\/\/agora.xtec.cat\/ceipflama\/wp-content\/uploads\/usu1313\/2024\/08\/autobus-escolar.png 512w, https:\/\/agora.xtec.cat\/ceipflama\/wp-content\/uploads\/usu1313\/2024\/08\/autobus-escolar-300x300.png 300w, https:\/\/agora.xtec.cat\/ceipflama\/wp-content\/uploads\/usu1313\/2024\/08\/autobus-escolar-150x150.png 150w\" sizes=\"auto, (max-width: 166px) 100vw, 166px\" \/><\/a><\/p>\n","protected":false},"excerpt":{"rendered":"<p>Benvolgudes fam\u00edlies, Us informem que ja s\u2019ha obert el termini per a presentar les sol\u00b7licituds dels\u00a0serveis escolars de transport. Els terminis per a presentar les sol\u00b7licituds dels\u00a0serveis escolars de transport pel curs 2025-2026 s\u00f3n els seg\u00fcents: Sol\u00b7licituds de renovaci\u00f3: del 26 de maig fins al 20 de juny de 2025. Sol\u00b7licituds de nova matr\u00edcula d&#8217;ensenyaments [&hellip;]<\/p>\n","protected":false},"author":114,"featured_media":0,"parent":0,"menu_order":0,"comment_status":"closed","ping_status":"closed","template":"","meta":{"_bbp_topic_count":0,"_bbp_reply_count":0,"_bbp_total_topic_count":0,"_bbp_total_reply_count":0,"_bbp_voice_count":0,"_bbp_anonymous_reply_count":0,"_bbp_topic_count_hidden":0,"_bbp_reply_count_hidden":0,"_bbp_forum_subforum_count":0,"site-sidebar-layout":"default","site-content-layout":"","ast-site-content-layout":"","site-content-style":"default","site-sidebar-style":"default","ast-global-header-display":"","ast-banner-title-visibility":"","ast-main-header-display":"","ast-hfb-above-header-display":"","ast-hfb-below-header-display":"","ast-hfb-mobile-header-display":"","site-post-title":"","ast-breadcrumbs-content":"","ast-featured-img":"","footer-sml-layout":"","theme-transparent-header-meta":"","adv-header-id-meta":"","stick-header-meta":"","header-above-stick-meta":"","header-main-stick-meta":"","header-below-stick-meta":"","astra-migrate-meta-layouts":"default","ast-page-background-enabled":"default","ast-page-background-meta":{"desktop":{"background-color":"var(--ast-global-color-4)","background-image":"","background-repeat":"repeat","background-position":"center center","background-size":"auto","background-attachment":"scroll","background-type":"","background-media":"","overlay-type":"","overlay-color":"","overlay-opacity":"","overlay-gradient":""},"tablet":{"background-color":"","background-image":"","background-repeat":"repeat","background-position":"center center","background-size":"auto","background-attachment":"scroll","background-type":"","background-media":"","overlay-type":"","overlay-color":"","overlay-opacity":"","overlay-gradient":""},"mobile":{"background-color":"","background-image":"","background-repeat":"repeat","background-position":"center center","background-size":"auto","background-attachment":"scroll","background-type":"","background-media":"","overlay-type":"","overlay-color":"","overlay-opacity":"","overlay-gradient":""}},"ast-content-background-meta":{"desktop":{"background-color":"var(--ast-global-color-5)","background-image":"","background-repeat":"repeat","background-position":"center center","background-size":"auto","background-attachment":"scroll","background-type":"","background-media":"","overlay-type":"","overlay-color":"","overlay-opacity":"","overlay-gradient":""},"tablet":{"background-color":"var(--ast-global-color-5)","background-image":"","background-repeat":"repeat","background-position":"center center","background-size":"auto","background-attachment":"scroll","background-type":"","background-media":"","overlay-type":"","overlay-color":"","overlay-opacity":"","overlay-gradient":""},"mobile":{"background-color":"var(--ast-global-color-5)","background-image":"","background-repeat":"repeat","background-position":"center center","background-size":"auto","background-attachment":"scroll","background-type":"","background-media":"","overlay-type":"","overlay-color":"","overlay-opacity":"","overlay-gradient":""}},"footnotes":""},"class_list":["post-20180","page","type-page","status-publish","hentry"],"post_mailing_queue_ids":[],"_links":{"self":[{"href":"https:\/\/agora.xtec.cat\/ceipflama\/wp-json\/wp\/v2\/pages\/20180","targetHints":{"allow":["GET"]}}],"collection":[{"href":"https:\/\/agora.xtec.cat\/ceipflama\/wp-json\/wp\/v2\/pages"}],"about":[{"href":"https:\/\/agora.xtec.cat\/ceipflama\/wp-json\/wp\/v2\/types\/page"}],"author":[{"embeddable":true,"href":"https:\/\/agora.xtec.cat\/ceipflama\/wp-json\/wp\/v2\/users\/114"}],"replies":[{"embeddable":true,"href":"https:\/\/agora.xtec.cat\/ceipflama\/wp-json\/wp\/v2\/comments?post=20180"}],"version-history":[{"count":5,"href":"https:\/\/agora.xtec.cat\/ceipflama\/wp-json\/wp\/v2\/pages\/20180\/revisions"}],"predecessor-version":[{"id":21512,"href":"https:\/\/agora.xtec.cat\/ceipflama\/wp-json\/wp\/v2\/pages\/20180\/revisions\/21512"}],"wp:attachment":[{"href":"https:\/\/agora.xtec.cat\/ceipflama\/wp-json\/wp\/v2\/media?parent=20180"}],"curies":[{"name":"wp","href":"https:\/\/api.w.org\/{rel}","templated":true}]}}