{"id":19786,"date":"2024-03-11T15:56:15","date_gmt":"2024-03-11T14:56:15","guid":{"rendered":"https:\/\/agora.xtec.cat\/ceipflama\/?page_id=19786"},"modified":"2024-03-11T15:56:15","modified_gmt":"2024-03-11T14:56:15","slug":"objectius-edc","status":"publish","type":"page","link":"https:\/\/agora.xtec.cat\/ceipflama\/documents\/estrategia-digital-de-centre\/estrategia-digital\/objectius-edc\/","title":{"rendered":"Objectius EDC"},"content":{"rendered":"<p>Segons els resultats de la diagnosi i, despr\u00e9s del seu an\u00e0lisi, els objectius marcats per a l&#8217;elaboraci\u00f3 de l&#8217;Estrat\u00e8gia Digital de Centre s\u00f3n:<\/p>\n<ol>\n<li><span style=\"font-weight: 400;\">Optimitzar la cooperaci\u00f3 i l&#8217;aprenentatge col\u00b7laboratiu entre l&#8217;equip docent amb l&#8217;\u00fas de tecnologies digitals per crear una l\u00ednia de centre. (\u00e0mbit de centre)<\/span><\/li>\n<li><span style=\"font-weight: 400;\">Potenciar i impulsar la <\/span><span style=\"font-weight: 400;\">formaci\u00f3<\/span><span style=\"font-weight: 400;\"><em> p<\/em>er donar resposta a les necessitats <\/span><span style=\"font-weight: 400;\">en l&#8217;\u00e0mbit digital del professorat i esdevenir un centre amb professorat digitalment competent. (\u00e0mbit docent)<\/span><\/li>\n<li><span style=\"font-weight: 400;\">Promocionar l\u2019\u00fas de les noves tecnologies per fomentar l\u2019avaluaci\u00f3 formativa del centre. (\u00e0mbit docent, \u00e0mbit alumnat)<\/span><\/li>\n<li><span style=\"font-weight: 400;\">Fomentar i estimular l\u2019\u00fas de l\u2019entorn virtual d\u2019ensenyament i aprenentatge als docents del centre per tal d\u2019establir l\u00ednies d\u2019actuaci\u00f3 en l\u2019\u00e0mbit digital. (\u00e0mbit alumnat)<\/span><\/li>\n<li><span style=\"font-weight: 400;\">Planificar<\/span><i><span style=\"font-weight: 400;\"> una gradaci\u00f3 d\u2019activitats p<\/span><\/i><span style=\"font-weight: 400;\">er conscienciar a l\u2019alumnat de la seva identitat digital i els riscos de les noves tecnologies. (\u00e0mbit alumnat)<\/span><\/li>\n<\/ol>\n","protected":false},"excerpt":{"rendered":"<p>Segons els resultats de la diagnosi i, despr\u00e9s del seu an\u00e0lisi, els objectius marcats per a l&#8217;elaboraci\u00f3 de l&#8217;Estrat\u00e8gia Digital de Centre s\u00f3n: Optimitzar la cooperaci\u00f3 i l&#8217;aprenentatge col\u00b7laboratiu entre l&#8217;equip docent amb l&#8217;\u00fas de tecnologies digitals per crear una l\u00ednia de centre. (\u00e0mbit de centre) Potenciar i impulsar la formaci\u00f3 per donar resposta a [&hellip;]<\/p>\n","protected":false},"author":114,"featured_media":0,"parent":16933,"menu_order":0,"comment_status":"closed","ping_status":"closed","template":"page-templates\/side-menu.php","meta":{"_bbp_topic_count":0,"_bbp_reply_count":0,"_bbp_total_topic_count":0,"_bbp_total_reply_count":0,"_bbp_voice_count":0,"_bbp_anonymous_reply_count":0,"_bbp_topic_count_hidden":0,"_bbp_reply_count_hidden":0,"_bbp_forum_subforum_count":0,"site-sidebar-layout":"default","site-content-layout":"","ast-site-content-layout":"","site-content-style":"default","site-sidebar-style":"default","ast-global-header-display":"","ast-banner-title-visibility":"","ast-main-header-display":"","ast-hfb-above-header-display":"","ast-hfb-below-header-display":"","ast-hfb-mobile-header-display":"","site-post-title":"","ast-breadcrumbs-content":"","ast-featured-img":"","footer-sml-layout":"","theme-transparent-header-meta":"","adv-header-id-meta":"","stick-header-meta":"","header-above-stick-meta":"","header-main-stick-meta":"","header-below-stick-meta":"","astra-migrate-meta-layouts":"default","ast-page-background-enabled":"default","ast-page-background-meta":{"desktop":{"background-color":"var(--ast-global-color-4)","background-image":"","background-repeat":"repeat","background-position":"center center","background-size":"auto","background-attachment":"scroll","background-type":"","background-media":"","overlay-type":"","overlay-color":"","overlay-opacity":"","overlay-gradient":""},"tablet":{"background-color":"","background-image":"","background-repeat":"repeat","background-position":"center center","background-size":"auto","background-attachment":"scroll","background-type":"","background-media":"","overlay-type":"","overlay-color":"","overlay-opacity":"","overlay-gradient":""},"mobile":{"background-color":"","background-image":"","background-repeat":"repeat","background-position":"center center","background-size":"auto","background-attachment":"scroll","background-type":"","background-media":"","overlay-type":"","overlay-color":"","overlay-opacity":"","overlay-gradient":""}},"ast-content-background-meta":{"desktop":{"background-color":"var(--ast-global-color-5)","background-image":"","background-repeat":"repeat","background-position":"center center","background-size":"auto","background-attachment":"scroll","background-type":"","background-media":"","overlay-type":"","overlay-color":"","overlay-opacity":"","overlay-gradient":""},"tablet":{"background-color":"var(--ast-global-color-5)","background-image":"","background-repeat":"repeat","background-position":"center center","background-size":"auto","background-attachment":"scroll","background-type":"","background-media":"","overlay-type":"","overlay-color":"","overlay-opacity":"","overlay-gradient":""},"mobile":{"background-color":"var(--ast-global-color-5)","background-image":"","background-repeat":"repeat","background-position":"center center","background-size":"auto","background-attachment":"scroll","background-type":"","background-media":"","overlay-type":"","overlay-color":"","overlay-opacity":"","overlay-gradient":""}},"footnotes":""},"class_list":["post-19786","page","type-page","status-publish","hentry"],"post_mailing_queue_ids":[],"_links":{"self":[{"href":"https:\/\/agora.xtec.cat\/ceipflama\/wp-json\/wp\/v2\/pages\/19786","targetHints":{"allow":["GET"]}}],"collection":[{"href":"https:\/\/agora.xtec.cat\/ceipflama\/wp-json\/wp\/v2\/pages"}],"about":[{"href":"https:\/\/agora.xtec.cat\/ceipflama\/wp-json\/wp\/v2\/types\/page"}],"author":[{"embeddable":true,"href":"https:\/\/agora.xtec.cat\/ceipflama\/wp-json\/wp\/v2\/users\/114"}],"replies":[{"embeddable":true,"href":"https:\/\/agora.xtec.cat\/ceipflama\/wp-json\/wp\/v2\/comments?post=19786"}],"version-history":[{"count":1,"href":"https:\/\/agora.xtec.cat\/ceipflama\/wp-json\/wp\/v2\/pages\/19786\/revisions"}],"predecessor-version":[{"id":19787,"href":"https:\/\/agora.xtec.cat\/ceipflama\/wp-json\/wp\/v2\/pages\/19786\/revisions\/19787"}],"up":[{"embeddable":true,"href":"https:\/\/agora.xtec.cat\/ceipflama\/wp-json\/wp\/v2\/pages\/16933"}],"wp:attachment":[{"href":"https:\/\/agora.xtec.cat\/ceipflama\/wp-json\/wp\/v2\/media?parent=19786"}],"curies":[{"name":"wp","href":"https:\/\/api.w.org\/{rel}","templated":true}]}}