{"id":87,"date":"2014-09-18T14:28:12","date_gmt":"2014-09-18T13:28:12","guid":{"rendered":"http:\/\/agora.xtec.cat\/ceipfg\/?page_id=87"},"modified":"2026-03-19T11:15:13","modified_gmt":"2026-03-19T10:15:13","slug":"nivells","status":"publish","type":"page","link":"https:\/\/agora.xtec.cat\/ceipfg\/nivells\/","title":{"rendered":"Documentaci\u00f3 alumnat"},"content":{"rendered":"<div class=\"entry-content\">\n<div class=\"entry-content\">\n<div class=\"entry-content\">\n<ul>\n<li><a href=\"https:\/\/agora.xtec.cat\/ceipfg\/wp-content\/uploads\/usu1345\/2023\/11\/Carta-de-compromis-educatiu.-Nova-Llei-1.pdf\">Carta de comprom\u00eds educatiu<\/a><\/li>\n<li><a href=\"https:\/\/agora.xtec.cat\/ceipfg\/wp-content\/uploads\/usu1345\/2026\/03\/Full-inscripcio-AFA-2025-26.pdf\">Full inscripci\u00f3 AFA 2025-26<\/a><\/li>\n<li><a href=\"https:\/\/agora.xtec.cat\/ceipfg\/wp-content\/uploads\/usu1345\/2023\/10\/Full-allergies-malalties.-Nova-Llei.docx.pdf\">Comunicaci\u00f3 d\u2019al\u00b7l\u00e8rgies, intoler\u00e0ncies i\/o malalties.<\/a><\/li>\n<li><a href=\"https:\/\/agora.xtec.cat\/ceipfg\/wp-content\/uploads\/usu1345\/2026\/03\/Preus-dels-serveis-descola-25-26-actualitzat.docx-Documents-de-Google.pdf\">Preus dels serveis d&#8217;escola 25-26\u00a0<\/a><\/li>\n<li><a href=\"https:\/\/agora.xtec.cat\/ceipfg\/wp-content\/uploads\/usu1345\/2023\/11\/Drets-imatge-i-veu.docx.pdf\">Autoritzaci\u00f3 \u00fas d\u2019imatge i veu<\/a><\/li>\n<li><a href=\"https:\/\/agora.xtec.cat\/ceipfg\/wp-content\/uploads\/usu1345\/2023\/11\/Mail-i-Whatsapp.-Nova-llei-1.pdf\">Autoritzaci\u00f3 de correu i whatsapp<\/a><\/li>\n<li><a href=\"https:\/\/agora.xtec.cat\/ceipfg\/wp-content\/uploads\/usu1345\/2023\/11\/Autoritzacio-Digital.docx.pdf\">Autoritzaci\u00f3 digital<\/a><\/li>\n<li><a href=\"https:\/\/agora.xtec.cat\/ceipfg\/wp-content\/uploads\/usu1345\/2026\/03\/Autoritzacio-activitats.-Nova-Llei.docx-Documents-de-Google.pdf\">Autoritzaci\u00f3 per a les activitats, sortides i col\u00f2nies.<\/a><\/li>\n<li><a href=\"https:\/\/agora.xtec.cat\/ceipfg\/wp-content\/uploads\/usu1345\/2026\/03\/Quota-material-activitats.-Nova-Llei.docx-Documents-de-Google-1.pdf\">Quota material activitats.<\/a><\/li>\n<li><a href=\"https:\/\/agora.xtec.cat\/ceipfg\/wp-content\/uploads\/usu1345\/2023\/11\/Full-telefons-nova-llei-1.pdf\">Autoritzaci\u00f3 dades de contacte<\/a><\/li>\n<li><a href=\"https:\/\/agora.xtec.cat\/ceipfg\/wp-content\/uploads\/usu1345\/2022\/07\/Autoritzacio_PARACETAMOL-amb-nom-escola.pdf\">Autoritzaci\u00f3 paracetamol<\/a><\/li>\n<li><a href=\"https:\/\/agora.xtec.cat\/ceipfg\/wp-content\/uploads\/usu1345\/2023\/11\/Entrevisat-I3.pdf\">Entrevista inicial I3<\/a><\/li>\n<\/ul>\n<header class=\"entry-header\"><\/header>\n<\/div>\n<\/div>\n<p>&nbsp;<\/p>\n<\/div>\n","protected":false},"excerpt":{"rendered":"<p>Carta de comprom\u00eds educatiu Full inscripci\u00f3 AFA 2025-26 Comunicaci\u00f3 d\u2019al\u00b7l\u00e8rgies, intoler\u00e0ncies i\/o malalties. Preus dels serveis d&#8217;escola 25-26\u00a0 Autoritzaci\u00f3 \u00fas [&hellip;]<\/p>\n","protected":false},"author":1,"featured_media":0,"parent":0,"menu_order":0,"comment_status":"closed","ping_status":"closed","template":"","meta":{"_bbp_topic_count":0,"_bbp_reply_count":0,"_bbp_total_topic_count":0,"_bbp_total_reply_count":0,"_bbp_voice_count":0,"_bbp_anonymous_reply_count":0,"_bbp_topic_count_hidden":0,"_bbp_reply_count_hidden":0,"_bbp_forum_subforum_count":0,"site-sidebar-layout":"default","site-content-layout":"","ast-site-content-layout":"default","site-content-style":"default","site-sidebar-style":"default","ast-global-header-display":"","ast-banner-title-visibility":"","ast-main-header-display":"","ast-hfb-above-header-display":"","ast-hfb-below-header-display":"","ast-hfb-mobile-header-display":"","site-post-title":"","ast-breadcrumbs-content":"","ast-featured-img":"","footer-sml-layout":"","theme-transparent-header-meta":"default","adv-header-id-meta":"","stick-header-meta":"","header-above-stick-meta":"","header-main-stick-meta":"","header-below-stick-meta":"","astra-migrate-meta-layouts":"set","ast-page-background-enabled":"default","ast-page-background-meta":{"desktop":{"background-color":"var(--ast-global-color-4)","background-image":"","background-repeat":"repeat","background-position":"center center","background-size":"auto","background-attachment":"scroll","background-type":"","background-media":"","overlay-type":"","overlay-color":"","overlay-opacity":"","overlay-gradient":""},"tablet":{"background-color":"","background-image":"","background-repeat":"repeat","background-position":"center center","background-size":"auto","background-attachment":"scroll","background-type":"","background-media":"","overlay-type":"","overlay-color":"","overlay-opacity":"","overlay-gradient":""},"mobile":{"background-color":"","background-image":"","background-repeat":"repeat","background-position":"center center","background-size":"auto","background-attachment":"scroll","background-type":"","background-media":"","overlay-type":"","overlay-color":"","overlay-opacity":"","overlay-gradient":""}},"ast-content-background-meta":{"desktop":{"background-color":"var(--ast-global-color-5)","background-image":"","background-repeat":"repeat","background-position":"center center","background-size":"auto","background-attachment":"scroll","background-type":"","background-media":"","overlay-type":"","overlay-color":"","overlay-opacity":"","overlay-gradient":""},"tablet":{"background-color":"var(--ast-global-color-5)","background-image":"","background-repeat":"repeat","background-position":"center center","background-size":"auto","background-attachment":"scroll","background-type":"","background-media":"","overlay-type":"","overlay-color":"","overlay-opacity":"","overlay-gradient":""},"mobile":{"background-color":"var(--ast-global-color-5)","background-image":"","background-repeat":"repeat","background-position":"center center","background-size":"auto","background-attachment":"scroll","background-type":"","background-media":"","overlay-type":"","overlay-color":"","overlay-opacity":"","overlay-gradient":""}},"footnotes":""},"class_list":["post-87","page","type-page","status-publish","hentry"],"post_mailing_queue_ids":[],"_links":{"self":[{"href":"https:\/\/agora.xtec.cat\/ceipfg\/wp-json\/wp\/v2\/pages\/87","targetHints":{"allow":["GET"]}}],"collection":[{"href":"https:\/\/agora.xtec.cat\/ceipfg\/wp-json\/wp\/v2\/pages"}],"about":[{"href":"https:\/\/agora.xtec.cat\/ceipfg\/wp-json\/wp\/v2\/types\/page"}],"author":[{"embeddable":true,"href":"https:\/\/agora.xtec.cat\/ceipfg\/wp-json\/wp\/v2\/users\/1"}],"replies":[{"embeddable":true,"href":"https:\/\/agora.xtec.cat\/ceipfg\/wp-json\/wp\/v2\/comments?post=87"}],"version-history":[{"count":6,"href":"https:\/\/agora.xtec.cat\/ceipfg\/wp-json\/wp\/v2\/pages\/87\/revisions"}],"predecessor-version":[{"id":8244,"href":"https:\/\/agora.xtec.cat\/ceipfg\/wp-json\/wp\/v2\/pages\/87\/revisions\/8244"}],"wp:attachment":[{"href":"https:\/\/agora.xtec.cat\/ceipfg\/wp-json\/wp\/v2\/media?parent=87"}],"curies":[{"name":"wp","href":"https:\/\/api.w.org\/{rel}","templated":true}]}}