{"id":73,"date":"2014-09-18T14:01:51","date_gmt":"2014-09-18T12:01:51","guid":{"rendered":"http:\/\/agora.xtec.cat\/ceipfg\/?page_id=73"},"modified":"2026-02-26T13:37:13","modified_gmt":"2026-02-26T12:37:13","slug":"menjador-escolar","status":"publish","type":"page","link":"https:\/\/agora.xtec.cat\/ceipfg\/serveis\/menjador-escolar\/","title":{"rendered":"Espai Migdia i Menjador"},"content":{"rendered":"<p><strong><a href=\"https:\/\/agora.xtec.cat\/ceipfg\/wp-content\/uploads\/usu1345\/2019\/11\/menjador.jpg\"><img loading=\"lazy\" decoding=\"async\" class=\"alignnone size-full wp-image-1941\" src=\"https:\/\/agora.xtec.cat\/ceipfg\/wp-content\/uploads\/usu1345\/2019\/11\/menjador.jpg\" alt=\"\" width=\"300\" height=\"225\" srcset=\"https:\/\/agora.xtec.cat\/ceipfg\/wp-content\/uploads\/usu1345\/2019\/11\/menjador.jpg 300w, https:\/\/agora.xtec.cat\/ceipfg\/wp-content\/uploads\/usu1345\/2019\/11\/menjador-200x150.jpg 200w\" sizes=\"auto, (max-width: 300px) 100vw, 300px\" \/><\/a><\/strong><\/p>\n<h2><strong>Els men\u00fas del mes<br \/>\n<\/strong><\/h2>\n<p><a href=\"https:\/\/drive.google.com\/drive\/folders\/1yypNlPY0Kb7q5H6oGYYOjD5OfN5pLiXh?usp=sharing\" target=\"_blank\" rel=\"noopener noreferrer\">Men\u00fa basal<\/a><br \/>\n<a href=\"https:\/\/drive.google.com\/drive\/folders\/1mQolVTrlJeAVVMVjCH2j0EZlSpcRLm3s?usp=sharing\" target=\"_blank\" rel=\"noopener noreferrer\">Men\u00fas especials<\/a><br \/>\n<a href=\"https:\/\/drive.google.com\/drive\/folders\/1FmYFMYvpfa7RZIM558fvw9ou87Y7EJBy?usp=sharing\" target=\"_blank\" rel=\"noopener noreferrer\">Exemple de sopars<\/a><\/p>\n<h2><strong>Contactes<br \/>\n<\/strong><\/h2>\n<p>Coordinadora Servei Menjador<br \/>\nRosa: <a href=\"mailto:fructuosgelabert.ecomenja@gmail.com\">fructuosgelabert.ecomenja@gmail.com<\/a><br \/>\nTel\u00e8fon: 682 15 15 24<\/p>\n<p>Comissi\u00f3 Espai Migdia i Menjador:\u00a0<a href=\"mailto:espai.migdia@fructuosgelabert.cat\">espai.migdia@fructuosgelabert.cat<\/a><\/p>\n<h2><strong>Equip de menjador<br \/>\n<\/strong><\/h2>\n<p>Aqu\u00ed teniu l&#8217;equip de\u00a0<a href=\"https:\/\/agora.xtec.cat\/ceipfg\/serveis\/menjador-escolar\/attachment\/equip-25-26\/\" rel=\"attachment wp-att-8202\">monitores i monitor de menjador 25-26<\/a><\/p>\n<p>L\u2019empresa\u00a0 <strong>Ecomenja<\/strong> gestiona el servei de cuina, menjador i l\u2019espai de lleure.<\/p>\n<h2><strong>Quotes curs 2024-2025<br \/>\n<\/strong><\/h2>\n<table style=\"height: 359px; border-collapse: collapse; width: 78.9528%;\" width=\"41.5898%\">\n<tbody>\n<tr style=\"height: 10px;\">\n<td style=\"width: 47.2176%; height: 10px;\" width=\"363\"><strong>SERVEI<\/strong><\/td>\n<td style=\"width: 8.08926%; height: 10px; text-align: right;\" width=\"95\"><strong>PREU SERVEI<\/strong><\/td>\n<\/tr>\n<tr style=\"height: 36px;\">\n<td style=\"width: 47.2176%; height: 36px;\" width=\"363\">PREU DIARI \u00c0PAT ALUMNE FIXE<\/td>\n<td style=\"width: 8.08926%; height: 36px; text-align: right;\" width=\"95\">7,25\u20ac<\/td>\n<\/tr>\n<tr style=\"height: 35px;\">\n<td style=\"width: 47.2176%; height: 35px;\" width=\"363\">PREU DIARI \u00c0PAT ALUMNE ESPOR\u00c0DIC<\/td>\n<td style=\"width: 8.08926%; height: 35px; text-align: right;\" width=\"95\">7,98\u20ac<\/td>\n<\/tr>\n<tr style=\"height: 31px;\">\n<td style=\"width: 47.2176%; height: 31px;\" width=\"363\">PREU \u00c0PAT P\u00cdCNIC ALUMNE FIXE\/ESPOR\u00c0DIC<\/td>\n<td style=\"width: 8.08926%; height: 31px; text-align: right;\" width=\"95\">7,25\u20ac \/ 7,98\u20ac<\/td>\n<\/tr>\n<tr style=\"height: 29px;\">\n<td style=\"width: 47.2176%; height: 29px;\" width=\"363\">PREU MENSUAL ACOLLIDA FIXE (1 hora)<\/td>\n<td style=\"width: 8.08926%; height: 29px; text-align: right;\" width=\"95\">39,00\u20ac<\/td>\n<\/tr>\n<tr style=\"height: 34px;\">\n<td style=\"width: 47.2176%; height: 34px;\" width=\"363\">PREU MENSUAL ACOLLIDA FIXE (30 min)<\/td>\n<td style=\"width: 8.08926%; height: 34px; text-align: right;\" width=\"95\">20,50\u20ac<\/td>\n<\/tr>\n<tr style=\"height: 34px;\">\n<td style=\"width: 47.2176%; height: 34px;\" width=\"363\">PREU DIARI ACOLLIDA ESPOR\u00c0DIC (1 hora)<\/td>\n<td style=\"width: 8.08926%; height: 34px; text-align: right;\" width=\"95\">4,00\u20ac<\/td>\n<\/tr>\n<tr style=\"height: 30px;\">\n<td style=\"width: 47.2176%; height: 30px;\" width=\"363\">PREU DIARI ACOLLIDA ESPOR\u00c0DIC (30 min)<\/td>\n<td style=\"width: 8.08926%; height: 30px; text-align: right;\" width=\"95\">3,00\u20ac<\/td>\n<\/tr>\n<tr style=\"height: 37px;\">\n<td style=\"width: 47.2176%; height: 37px;\" width=\"363\">IMPORT RETORN DIA NO ASSIST\u00c8NCIA ALUMNE MALALT<\/td>\n<td style=\"width: 8.08926%; height: 37px; text-align: right;\" width=\"95\">2,30\u20ac<\/td>\n<\/tr>\n<tr style=\"height: 26px;\">\n<td style=\"width: 47.2176%; height: 26px;\" width=\"363\">IMPORT RETORN DIA NO ASSIST\u00c8NCIA ALUMNE EXCURSI\u00d3<\/td>\n<td style=\"width: 8.08926%; height: 26px; text-align: right;\" width=\"95\">2,30\u20ac<\/td>\n<\/tr>\n<tr style=\"height: 36px;\">\n<td style=\"width: 47.2176%; height: 36px;\" width=\"363\">IMPORT RETORN DIA NO ASSIST\u00c8NCIA ALUMNE COL\u00d2NIES<\/td>\n<td style=\"width: 8.08926%; height: 36px; text-align: right;\" width=\"95\">2,30\u20ac<\/td>\n<\/tr>\n<tr>\n<td style=\"width: 47.2176%;\" width=\"453\">IMPORT RETORN DIA NO ASSIST\u00c8NCIA ALUMNE HOSPITALITZACI\u00d3<\/td>\n<td style=\"width: 8.08926%; height: 21px; text-align: right;\" width=\"95\">7,25\u20ac<\/td>\n<\/tr>\n<\/tbody>\n<\/table>\n<h2><span style=\"font-family: inherit; font-size: 1em; font-weight: normal;\">L\u2019import de la quota fixa mensual, segons els dies que l\u2019infant es quedi a dinar, ser\u00e0 el seg\u00fcent:<\/span><\/h2>\n<table style=\"width: 50.6437%;\">\n<tbody>\n<tr>\n<td style=\"width: 39.4227%;\" valign=\"top\"><strong><span lang=\"CA\">Dies fixes dinar a la setmana<\/span><\/strong><\/p>\n<p><span lang=\"CA\">(sempre els mateixos)<u><\/u><u><\/u><\/span><\/td>\n<td style=\"text-align: right; width: 23.592%;\" valign=\"top\"><strong><span lang=\"CA\">Quota mensual<\/span><\/strong><\/p>\n<p><span lang=\"CA\">(setembre a juny)<u><\/u><u><\/u><\/span><\/td>\n<\/tr>\n<tr>\n<td style=\"width: 39.4227%;\" valign=\"top\"><span lang=\"CA\">5 dies a la setmana<u><\/u><u><\/u><\/span><\/td>\n<td style=\"text-align: right; width: 23.592%;\" valign=\"top\">128,32\u20ac<\/td>\n<\/tr>\n<tr>\n<td style=\"width: 39.4227%;\" valign=\"top\"><span lang=\"CA\">4 dies a la setmana<u><\/u><u><\/u><\/span><\/td>\n<td style=\"text-align: right; width: 23.592%;\" valign=\"top\">102,66\u20ac<\/td>\n<\/tr>\n<tr>\n<td style=\"width: 39.4227%;\" valign=\"top\"><span lang=\"CA\">3 dies a la setmana<u><\/u><u><\/u><\/span><\/td>\n<td style=\"text-align: right; width: 23.592%;\" valign=\"top\"><span lang=\"CA\">77\u20ac<u><\/u><u><\/u><\/span><\/td>\n<\/tr>\n<\/tbody>\n<\/table>\n<h2><strong>Documents del Servei de Menjador <\/strong><\/h2>\n<p>En aquests documents trobareu la presentaci\u00f3 del servei i la normativa de funcionament del menjador que ha preparat Ecomenja:<\/p>\n<ul>\n<li><a href=\"https:\/\/drive.google.com\/file\/d\/17OUhXdVnknTlnK_Y1B6a-EjZC234Bk6H\/view?usp=drive_link\" target=\"_blank\" rel=\"noopener noreferrer\">PRESENTACI\u00d3 DEL SERVEI DE MENJADOR\u00a0<\/a><\/li>\n<li><a href=\"https:\/\/drive.google.com\/file\/d\/1K6ftRttyLFgjqYe5CQaDNW-SPyhSrzB9\/view?usp=sharing\" target=\"_blank\" rel=\"noopener noreferrer\">NORMATIVA FUNCIONAMENT MENJADOR\u00a0<\/a><\/li>\n<li><a href=\"https:\/\/drive.google.com\/file\/d\/1hqmQMS7wrP1fQVourqfulSXWiHtKNUtE\/view?usp=drive_link\" target=\"_blank\" rel=\"noopener\">REUNI\u00d3 DE FAM\u00cdLIES<\/a><\/li>\n<li><a href=\"https:\/\/drive.google.com\/file\/d\/1MXLbDGHh0ek2_7i6RZDtU3FuubwQpO4Z\/view?usp=drive_link\" target=\"_blank\" rel=\"noopener\">ACTIVITATS SETMANALS<\/a><\/li>\n<\/ul>\n<h2><strong>FAQs<\/strong><\/h2>\n<ol>\n<li><strong>Qu\u00e8 he de fer si la meva filla o fill no es pot quedar un dia a dinar a l\u2019escola?<\/strong><\/li>\n<\/ol>\n<p>Avisar abans de les 9.30h a la Rosa per correu: <a href=\"mailto:fructuosgelabert.ecomenja@gmail.com\">fructuosgelabert.ecomenja@gmail.com<\/a>\u00a0 o enviant un whatsapp al\u00a0 tel\u00e8fon: 682 15 15 24 cada dia que no hi assisteixi, encara que siguin consecutius.<\/p>\n<ol start=\"2\">\n<li><strong>Qu\u00e8 he de fer si la meva filla o fill es queden a dinar a l\u2019escola de forma puntual?<\/strong><\/li>\n<\/ol>\n<p>Avisar abans de les 9.30h a la Rosa per correu: <a href=\"mailto:fructuosgelabert.ecomenja@gmail.com\">fructuosgelabert.ecomenja@gmail.com<\/a>\u00a0 o enviant un whatsapp al\u00a0 tel\u00e8fon: 682 15 15 24.<\/p>\n<ol start=\"3\">\n<li><strong>Qu\u00e8 em cobren si la meva filla o fill no es queda un dia a dinar a l\u2019escola i \u00e9s fixe?<\/strong><\/li>\n<\/ol>\n<p>Els dies que no s\u2019utilitza el servei i es notifica amb el temps necessari (abans de les 9,30h), es descompta 2,30\u20ac per dia en el rebut del mes seg\u00fcent. Les abs\u00e8ncies que no siguin comunicades en aquests par\u00e0metres es cobraran segons l\u2019import \u00edntegre del servei, 7,25\u20ac \u20ac\/dia.<\/p>\n<ol start=\"4\">\n<li><strong>Com s\u2019ha calculat la quota fixa? <\/strong><\/li>\n<\/ol>\n<p>La quota \u00e9s la resultant de multiplicar els dies lectius (177 dies lectius) per 7,25 \u20ac per dia i dividit per 10 mesos (de setembre a juny).<\/p>\n<p>El cobrament es far\u00e0 per anticipat via domiciliaci\u00f3 banc\u00e0ria entre els\u00a0<strong>1 i 5 de cada mes<\/strong>. Aix\u00ed doncs, el primer rebut del curs arriba entre l\u20191 i el 5 de setembre, mentre que l\u2019\u00faltim rebut es cobra entre l\u20191 i 5 de juny.<\/p>\n<p>Si vols veure noticies relacionades amb Espai Migdia clica <a href=\"https:\/\/agora.xtec.cat\/ceipfg\/categoria\/ampa\/espai_migdia\/\">aqu\u00ed<\/a>.<\/p>\n","protected":false},"excerpt":{"rendered":"<p>Els men\u00fas del mes Men\u00fa basal Men\u00fas especials Exemple de sopars Contactes Coordinadora Servei Menjador Rosa: fructuosgelabert.ecomenja@gmail.com Tel\u00e8fon: 682 15 [&hellip;]<\/p>\n","protected":false},"author":1,"featured_media":0,"parent":66,"menu_order":2,"comment_status":"closed","ping_status":"closed","template":"","meta":{"_bbp_topic_count":0,"_bbp_reply_count":0,"_bbp_total_topic_count":0,"_bbp_total_reply_count":0,"_bbp_voice_count":0,"_bbp_anonymous_reply_count":0,"_bbp_topic_count_hidden":0,"_bbp_reply_count_hidden":0,"_bbp_forum_subforum_count":0,"site-sidebar-layout":"default","site-content-layout":"","ast-site-content-layout":"default","site-content-style":"default","site-sidebar-style":"default","ast-global-header-display":"","ast-banner-title-visibility":"","ast-main-header-display":"","ast-hfb-above-header-display":"","ast-hfb-below-header-display":"","ast-hfb-mobile-header-display":"","site-post-title":"","ast-breadcrumbs-content":"","ast-featured-img":"","footer-sml-layout":"","theme-transparent-header-meta":"default","adv-header-id-meta":"","stick-header-meta":"","header-above-stick-meta":"","header-main-stick-meta":"","header-below-stick-meta":"","astra-migrate-meta-layouts":"set","ast-page-background-enabled":"default","ast-page-background-meta":{"desktop":{"background-color":"var(--ast-global-color-4)","background-image":"","background-repeat":"repeat","background-position":"center center","background-size":"auto","background-attachment":"scroll","background-type":"","background-media":"","overlay-type":"","overlay-color":"","overlay-opacity":"","overlay-gradient":""},"tablet":{"background-color":"","background-image":"","background-repeat":"repeat","background-position":"center center","background-size":"auto","background-attachment":"scroll","background-type":"","background-media":"","overlay-type":"","overlay-color":"","overlay-opacity":"","overlay-gradient":""},"mobile":{"background-color":"","background-image":"","background-repeat":"repeat","background-position":"center center","background-size":"auto","background-attachment":"scroll","background-type":"","background-media":"","overlay-type":"","overlay-color":"","overlay-opacity":"","overlay-gradient":""}},"ast-content-background-meta":{"desktop":{"background-color":"var(--ast-global-color-5)","background-image":"","background-repeat":"repeat","background-position":"center center","background-size":"auto","background-attachment":"scroll","background-type":"","background-media":"","overlay-type":"","overlay-color":"","overlay-opacity":"","overlay-gradient":""},"tablet":{"background-color":"var(--ast-global-color-5)","background-image":"","background-repeat":"repeat","background-position":"center center","background-size":"auto","background-attachment":"scroll","background-type":"","background-media":"","overlay-type":"","overlay-color":"","overlay-opacity":"","overlay-gradient":""},"mobile":{"background-color":"var(--ast-global-color-5)","background-image":"","background-repeat":"repeat","background-position":"center center","background-size":"auto","background-attachment":"scroll","background-type":"","background-media":"","overlay-type":"","overlay-color":"","overlay-opacity":"","overlay-gradient":""}},"footnotes":""},"class_list":["post-73","page","type-page","status-publish","hentry"],"post_mailing_queue_ids":[],"_links":{"self":[{"href":"https:\/\/agora.xtec.cat\/ceipfg\/wp-json\/wp\/v2\/pages\/73","targetHints":{"allow":["GET"]}}],"collection":[{"href":"https:\/\/agora.xtec.cat\/ceipfg\/wp-json\/wp\/v2\/pages"}],"about":[{"href":"https:\/\/agora.xtec.cat\/ceipfg\/wp-json\/wp\/v2\/types\/page"}],"author":[{"embeddable":true,"href":"https:\/\/agora.xtec.cat\/ceipfg\/wp-json\/wp\/v2\/users\/1"}],"replies":[{"embeddable":true,"href":"https:\/\/agora.xtec.cat\/ceipfg\/wp-json\/wp\/v2\/comments?post=73"}],"version-history":[{"count":7,"href":"https:\/\/agora.xtec.cat\/ceipfg\/wp-json\/wp\/v2\/pages\/73\/revisions"}],"predecessor-version":[{"id":8203,"href":"https:\/\/agora.xtec.cat\/ceipfg\/wp-json\/wp\/v2\/pages\/73\/revisions\/8203"}],"up":[{"embeddable":true,"href":"https:\/\/agora.xtec.cat\/ceipfg\/wp-json\/wp\/v2\/pages\/66"}],"wp:attachment":[{"href":"https:\/\/agora.xtec.cat\/ceipfg\/wp-json\/wp\/v2\/media?parent=73"}],"curies":[{"name":"wp","href":"https:\/\/api.w.org\/{rel}","templated":true}]}}