{"id":726,"date":"2018-03-28T00:33:28","date_gmt":"2018-03-27T22:33:28","guid":{"rendered":"http:\/\/agora.xtec.cat\/ceipfg\/?page_id=726"},"modified":"2018-03-29T13:14:20","modified_gmt":"2018-03-29T11:14:20","slug":"presentacio-ampa","status":"publish","type":"page","link":"https:\/\/agora.xtec.cat\/ceipfg\/afa\/presentacio-ampa\/","title":{"rendered":"Presentaci\u00f3"},"content":{"rendered":"<p align=\"left\">Les mares i els pares d\u2019alumnes som el voluntariat que forma l&#8217;AMPA, doncs cap tasca \u00e9s remunerada, i treballem pel conjunt de la Comunitat Educativa, construint relacions entre les fam\u00edlies, informant del que pugui ser d\u2019inter\u00e8s, millorant les condicions materials de l\u2019escola, col\u00b7laborant en el seu funcionament, organitzant serveis essencials per a les fam\u00edlies, participant en la pressa de decisions i, en definitiva, ajudant les fam\u00edlies a afrontar els reptes que l&#8217;educaci\u00f3 avui dia planteja.<\/p>\n<p align=\"left\"><strong>Organitzem\u00a0<\/strong>i supervisem els Serveis d&#8217;Acollida matinal i de tarda, el Menjador escolar i Temps del Migdia conjuntament amb l&#8217;escola i les Extraescolars pels alumnes i les Activitats pels pares i mares (gestionats per empreses diverses)<\/p>\n<p align=\"left\"><strong>Pensem\u00a0<\/strong>i realitzem les Trobades de nivell, els Tallers d\u2019Aprenentatges, els Sopars de pares i mares, les Festes a l\u2019escola, els projectes habituals de cada una de les Comissions i dels equips de Junta&#8230; i la tramitaci\u00f3 de les peticions de Subvencions col\u00b7lectives a l\u2019Administraci\u00f3 (&#8230;quan existien&#8230;)<\/p>\n<p align=\"left\"><strong>Millorem\u00a0<\/strong>i mantenim al dia la p\u00e0gina Web, l&#8217;Hort ecol\u00f2gic, la informaci\u00f3 a les fam\u00edlies al Full informatiu.<\/p>\n<p align=\"left\"><strong>Participem\u00a0<\/strong>i ajudem a tirar endavant\u00a0el Consell Escolar del Centre, la dinamitzaci\u00f3 de la Biblioteca escolar, l&#8217;Acollida de les noves fam\u00edlies i de les nouvingudes, amb la comunicaci\u00f3 interna (via delegats), les jornades del Tots a l&#8217;Escola, la confecci\u00f3 de la Revista Fructuosa anual\u00a0i altres.<\/p>\n<p align=\"left\"><strong>Destinem\u00a0<\/strong>els diners de les quotes d\u2019associaci\u00f3 a pagar l&#8217;acollida dels alumnes en reunions importants, a mantenir la Biblioteca, a comprar Materials i estris per l&#8217;escola, a refor\u00e7ar Idiomes als cursos superiors, a Solidaritat amb alumnes amb pocs recursos, a alegrar amb m\u00fasica en directe les Festes&#8230;<\/p>\n<p align=\"left\"><strong>Compartim\u00a0<\/strong>preguntes, lluites i desitjos\u00a0en quant a Aprenentatges i Escola de \u00a0Fam\u00edlies,\u00a0Secund\u00e0ria, Cam\u00ed Amic Escolar, Reivindicacions en favor de l&#8217;Escola P\u00fablica de Qualitat, etc&#8230;<\/p>\n<h5 align=\"left\">COM ENS ORGANITZEM?<\/h5>\n<p align=\"left\">Ens organitzem en diferents <a href=\"http:\/\/agora.xtec.cat\/ceipfg\/lescola\/comissions\/\">Comissions tem\u00e0tiques.<\/a><\/p>\n<p align=\"left\">Cada una s\u2019autoorganitza, \u00a0programa la seva forma de funcionar i el seu calendari d\u2019acci\u00f3, es reparteix les tasques segons la disponibilitat dels seus membres, informa la Comunitat i, una vegada al mes, informa, es reuneix i es coordina amb les altres Comissions i amb els equips de la Junta de l&#8217;AMPA (Presid\u00e8ncia, Secretaria i Tresoreria) aix\u00ed com amb els\/les representants de l\u2019AMPA al Consell Escolar del Centre.<\/p>\n<p align=\"left\">Tot aix\u00f2 i m\u00e9s, per tal d\u2019organitzar les activitats de cada dia i de cada curs, perqu\u00e8 l\u2019AMPA \u00e9s la responsable de moltes hores i de moltes activitats en el marc de l&#8217;escola.<\/p>\n<h5 align=\"left\">I PERQU\u00c8 ASSOCIAR-SE A L\u2019AMPA?<\/h5>\n<p align=\"left\">Associar-se \u00e9s una manera m\u00e9s de formar part de la Comunitat de l\u2019escola, una forma de recon\u00e8ixer la import\u00e0ncia de fer tothom coses per a tothom, una primera aportaci\u00f3 al com\u00fa. Per\u00f2 sens dubte no \u00e9s suficient doncs la feina a repartir \u00e9s molta i cal implicar-se una mica tothom per tothom rebre molt m\u00e9s.<\/p>\n<p align=\"left\">Sent\u00a0<strong>la quota anual de 45 \u20ac<\/strong>, les fam\u00edlies que no puguin pagar-la sols cal ho indiquin al full\u00a0 d\u2019associaci\u00f3.<\/p>\n<p align=\"left\">\u00a0I, associats o no, \u00e9s important que tothom assisteixi a les Assemblees que es van convocant (nom\u00e9s s\u00f3n tres o quatre cada curs) per compartir la pressa de decisions i participar en la visi\u00f3 de conjunt del que fem.<\/p>\n<p align=\"left\">Per\u00f2 les fam\u00edlies noves a l\u2019escola, abans d\u2019associar-se fins i tot, si cal que escullin entre venir a una primera Assemblea i venir a un dels sopars que organitzem a l\u2019inici i el final de curs, millor que vinguin als segons, perqu\u00e8 sense trencar el gel, sense crear lligams personals i emocionals amb altres persones de l\u2019AMPA, estem segurs que no ser\u00e0 tan f\u00e0cil implicar-se, ni que la visqueu, ni que la sueu, ni que la gaudiu.<\/p>\n<p align=\"left\">\u00a0Si vols fer feina pels teus fills i filles i per la resta (sovint m\u00e9s q\u00fcesti\u00f3 de ganes i imaginaci\u00f3, que de temps) apunta&#8217;t a alguna Comissi\u00f3, elles sempre necessiten ampliar-se i renovar-se.<\/p>\n<p align=\"left\">Si no existeix la que tu t&#8217;apuntaries, pots proposar de crear-la a la junta de l\u2019AMPA.<\/p>\n<p align=\"left\">Al Full informatiu setmanal de l\u2019escola trobar\u00e0s anunciades les accions, festes i actes de l&#8217;AMPA, aix\u00ed com l\u2019ajuda puntual que pot ser necess\u00e0ria per un dia i un acte en concret.<\/p>\n<p align=\"left\">Per contactar-hi nom\u00e9s cal que parlis amb un pare o mare que estigui en alguna comissi\u00f3, o b\u00e9 envi\u00efs un correu electr\u00f2nic a l\u2019adre\u00e7a de la\u00a0<a href=\"http:\/\/agora.xtec.cat\/ceipfg\/lescola\/comissions\/\">Comissi\u00f3<\/a>\u00a0corresponent, que trobar\u00e0s f\u00e0cilment a la web de l\u2019escola.<\/p>\n<p align=\"left\">Participa-hi!<\/p>\n","protected":false},"excerpt":{"rendered":"<p>Les mares i els pares d\u2019alumnes som el voluntariat que forma l&#8217;AMPA, doncs cap tasca \u00e9s remunerada, i treballem pel [&hellip;]<\/p>\n","protected":false},"author":7,"featured_media":0,"parent":719,"menu_order":0,"comment_status":"closed","ping_status":"closed","template":"","meta":{"_bbp_topic_count":0,"_bbp_reply_count":0,"_bbp_total_topic_count":0,"_bbp_total_reply_count":0,"_bbp_voice_count":0,"_bbp_anonymous_reply_count":0,"_bbp_topic_count_hidden":0,"_bbp_reply_count_hidden":0,"_bbp_forum_subforum_count":0,"site-sidebar-layout":"default","site-content-layout":"","ast-site-content-layout":"","site-content-style":"default","site-sidebar-style":"default","ast-global-header-display":"","ast-banner-title-visibility":"","ast-main-header-display":"","ast-hfb-above-header-display":"","ast-hfb-below-header-display":"","ast-hfb-mobile-header-display":"","site-post-title":"","ast-breadcrumbs-content":"","ast-featured-img":"","footer-sml-layout":"","theme-transparent-header-meta":"","adv-header-id-meta":"","stick-header-meta":"","header-above-stick-meta":"","header-main-stick-meta":"","header-below-stick-meta":"","astra-migrate-meta-layouts":"default","ast-page-background-enabled":"default","ast-page-background-meta":{"desktop":{"background-color":"var(--ast-global-color-4)","background-image":"","background-repeat":"repeat","background-position":"center center","background-size":"auto","background-attachment":"scroll","background-type":"","background-media":"","overlay-type":"","overlay-color":"","overlay-opacity":"","overlay-gradient":""},"tablet":{"background-color":"","background-image":"","background-repeat":"repeat","background-position":"center center","background-size":"auto","background-attachment":"scroll","background-type":"","background-media":"","overlay-type":"","overlay-color":"","overlay-opacity":"","overlay-gradient":""},"mobile":{"background-color":"","background-image":"","background-repeat":"repeat","background-position":"center center","background-size":"auto","background-attachment":"scroll","background-type":"","background-media":"","overlay-type":"","overlay-color":"","overlay-opacity":"","overlay-gradient":""}},"ast-content-background-meta":{"desktop":{"background-color":"var(--ast-global-color-5)","background-image":"","background-repeat":"repeat","background-position":"center center","background-size":"auto","background-attachment":"scroll","background-type":"","background-media":"","overlay-type":"","overlay-color":"","overlay-opacity":"","overlay-gradient":""},"tablet":{"background-color":"var(--ast-global-color-5)","background-image":"","background-repeat":"repeat","background-position":"center center","background-size":"auto","background-attachment":"scroll","background-type":"","background-media":"","overlay-type":"","overlay-color":"","overlay-opacity":"","overlay-gradient":""},"mobile":{"background-color":"var(--ast-global-color-5)","background-image":"","background-repeat":"repeat","background-position":"center center","background-size":"auto","background-attachment":"scroll","background-type":"","background-media":"","overlay-type":"","overlay-color":"","overlay-opacity":"","overlay-gradient":""}},"footnotes":""},"class_list":["post-726","page","type-page","status-publish","hentry"],"post_mailing_queue_ids":[],"_links":{"self":[{"href":"https:\/\/agora.xtec.cat\/ceipfg\/wp-json\/wp\/v2\/pages\/726","targetHints":{"allow":["GET"]}}],"collection":[{"href":"https:\/\/agora.xtec.cat\/ceipfg\/wp-json\/wp\/v2\/pages"}],"about":[{"href":"https:\/\/agora.xtec.cat\/ceipfg\/wp-json\/wp\/v2\/types\/page"}],"author":[{"embeddable":true,"href":"https:\/\/agora.xtec.cat\/ceipfg\/wp-json\/wp\/v2\/users\/7"}],"replies":[{"embeddable":true,"href":"https:\/\/agora.xtec.cat\/ceipfg\/wp-json\/wp\/v2\/comments?post=726"}],"version-history":[{"count":3,"href":"https:\/\/agora.xtec.cat\/ceipfg\/wp-json\/wp\/v2\/pages\/726\/revisions"}],"predecessor-version":[{"id":789,"href":"https:\/\/agora.xtec.cat\/ceipfg\/wp-json\/wp\/v2\/pages\/726\/revisions\/789"}],"up":[{"embeddable":true,"href":"https:\/\/agora.xtec.cat\/ceipfg\/wp-json\/wp\/v2\/pages\/719"}],"wp:attachment":[{"href":"https:\/\/agora.xtec.cat\/ceipfg\/wp-json\/wp\/v2\/media?parent=726"}],"curies":[{"name":"wp","href":"https:\/\/api.w.org\/{rel}","templated":true}]}}