{"id":723,"date":"2018-03-28T00:30:07","date_gmt":"2018-03-27T22:30:07","guid":{"rendered":"http:\/\/agora.xtec.cat\/ceipfg\/?page_id=723"},"modified":"2018-10-30T18:57:13","modified_gmt":"2018-10-30T17:57:13","slug":"equip-de-lampa","status":"publish","type":"page","link":"https:\/\/agora.xtec.cat\/ceipfg\/afa\/equip-de-lampa\/","title":{"rendered":"Equip de l&#8217;AFA"},"content":{"rendered":"<p>Actualment la Junta de l\u0092&#8217;AFA est\u00e0 constitu\u00efda pels c\u00e0rrecs electes i hi estan convidats de manera permanent els membres de les comissions. Els c\u00e0rrecs, que estan definits en els Estatuts de l\u0092&#8217;AFA (cap\u00edtol V i VI), tenen una durada de dos anys i s\u00f3n els seg\u00fcents:<\/p>\n<h6 style=\"padding-left: 30px;\">Presid\u00e8ncia i vicepresid\u00e8ncia (<span id=\"cloaked9aa5849ed4e6c802702ee82ae01b28\"><a href=\"mailto:presidencia.afa@fructuosgelabert.cat\" rel=\"alternate\">presidencia.afa@fructuosgelabert.cat<\/a>)<\/span><\/h6>\n<p style=\"padding-left: 30px;\">Ambd\u00f3s formen l\u0092&#8217;equip de presid\u00e8ncia que vetlla pel bon funcionament de les comissions, de les relacions entre l\u0092&#8217;AFA i l\u0092&#8217;escola, i de la participaci\u00f3 de les fam\u00edlies en l\u0092&#8217;AFA i, per extensi\u00f3, en les activitats proposades. A m\u00e9s, com determinen els Estatuts, representen legalment l\u0092&#8217;assosiaci\u00f3, presideixen les Assemblees i les Juntes, i visen les actes i els certificats de l\u0092&#8217;associaci\u00f3.<\/p>\n<h6 style=\"padding-left: 30px;\">Tresoreria (<span id=\"cloak9f1da302212238bf25211906d17e0808\"><a href=\"mailto:tresoreria.afa@fructuosgelabert.cat\" rel=\"alternate\">tresoreria.afa@fructuosgelabert.cat<\/a>)<\/span><\/h6>\n<p style=\"padding-left: 30px;\">T\u00e9 per funci\u00f3 vetllar per la correcta comptabilitat de l\u0092&#8217;AFA, tant en el control de les quotes cobrades com l\u0092&#8217;obtenci\u00f3 de subvencions i administraci\u00f3 i justificaci\u00f3 de les mateixes. Ha de controlar les despeses i dur al dia el llibre de comptes que pot ser reclamat per qualsevol soci en qualsevol moment. A part, a l\u0092&#8217;Assemblea general pot ser requerit\/da per explicar l\u0092&#8217;estat de comptes.<\/p>\n<h6 style=\"padding-left: 30px;\">Secretaria (<span id=\"cloakdf002d3fb8cd76c22c6e43838cdf33bd\"><a href=\"mailto:secretaria.afa@fructuosgelabert.cat\" rel=\"alternate\">secretaria.afa@fructuosgelabert.cat<\/a>)<\/span><\/h6>\n<p style=\"padding-left: 30px;\">S\u0092&#8217;encarrega d\u0092&#8217;enregistrar les diferents q\u00fcestions que es discuteixin a les reunions de la junta i a les assemblees i ho fa amb la redacci\u00f3 d\u0092&#8217;actes que queden a l\u0092&#8217;abast dels\/les socis\/es que vulguin consultar-les. Tanmateix han de vetllar per agilitzar la gesti\u00f3 dels aspectes legals de l\u0092&#8217;associaci\u00f3, aix\u00ed com vetllar perqu\u00e8 les feines designades a les juntes o assemblees siguin degudament realitzades, constituint aix\u00ed una pe\u00e7a de suport fonamental per l\u0092&#8217;equip de presid\u00e8ncia i tresoreria.<\/p>\n<p>&nbsp;<\/p>\n","protected":false},"excerpt":{"rendered":"<p>Actualment la Junta de l\u0092&#8217;AFA est\u00e0 constitu\u00efda pels c\u00e0rrecs electes i hi estan convidats de manera permanent els membres de [&hellip;]<\/p>\n","protected":false},"author":7,"featured_media":0,"parent":719,"menu_order":0,"comment_status":"closed","ping_status":"closed","template":"","meta":{"_bbp_topic_count":0,"_bbp_reply_count":0,"_bbp_total_topic_count":0,"_bbp_total_reply_count":0,"_bbp_voice_count":0,"_bbp_anonymous_reply_count":0,"_bbp_topic_count_hidden":0,"_bbp_reply_count_hidden":0,"_bbp_forum_subforum_count":0,"site-sidebar-layout":"default","site-content-layout":"","ast-site-content-layout":"","site-content-style":"default","site-sidebar-style":"default","ast-global-header-display":"","ast-banner-title-visibility":"","ast-main-header-display":"","ast-hfb-above-header-display":"","ast-hfb-below-header-display":"","ast-hfb-mobile-header-display":"","site-post-title":"","ast-breadcrumbs-content":"","ast-featured-img":"","footer-sml-layout":"","theme-transparent-header-meta":"","adv-header-id-meta":"","stick-header-meta":"","header-above-stick-meta":"","header-main-stick-meta":"","header-below-stick-meta":"","astra-migrate-meta-layouts":"default","ast-page-background-enabled":"default","ast-page-background-meta":{"desktop":{"background-color":"var(--ast-global-color-4)","background-image":"","background-repeat":"repeat","background-position":"center center","background-size":"auto","background-attachment":"scroll","background-type":"","background-media":"","overlay-type":"","overlay-color":"","overlay-opacity":"","overlay-gradient":""},"tablet":{"background-color":"","background-image":"","background-repeat":"repeat","background-position":"center center","background-size":"auto","background-attachment":"scroll","background-type":"","background-media":"","overlay-type":"","overlay-color":"","overlay-opacity":"","overlay-gradient":""},"mobile":{"background-color":"","background-image":"","background-repeat":"repeat","background-position":"center center","background-size":"auto","background-attachment":"scroll","background-type":"","background-media":"","overlay-type":"","overlay-color":"","overlay-opacity":"","overlay-gradient":""}},"ast-content-background-meta":{"desktop":{"background-color":"var(--ast-global-color-5)","background-image":"","background-repeat":"repeat","background-position":"center center","background-size":"auto","background-attachment":"scroll","background-type":"","background-media":"","overlay-type":"","overlay-color":"","overlay-opacity":"","overlay-gradient":""},"tablet":{"background-color":"var(--ast-global-color-5)","background-image":"","background-repeat":"repeat","background-position":"center center","background-size":"auto","background-attachment":"scroll","background-type":"","background-media":"","overlay-type":"","overlay-color":"","overlay-opacity":"","overlay-gradient":""},"mobile":{"background-color":"var(--ast-global-color-5)","background-image":"","background-repeat":"repeat","background-position":"center center","background-size":"auto","background-attachment":"scroll","background-type":"","background-media":"","overlay-type":"","overlay-color":"","overlay-opacity":"","overlay-gradient":""}},"footnotes":""},"class_list":["post-723","page","type-page","status-publish","hentry"],"post_mailing_queue_ids":[],"_links":{"self":[{"href":"https:\/\/agora.xtec.cat\/ceipfg\/wp-json\/wp\/v2\/pages\/723","targetHints":{"allow":["GET"]}}],"collection":[{"href":"https:\/\/agora.xtec.cat\/ceipfg\/wp-json\/wp\/v2\/pages"}],"about":[{"href":"https:\/\/agora.xtec.cat\/ceipfg\/wp-json\/wp\/v2\/types\/page"}],"author":[{"embeddable":true,"href":"https:\/\/agora.xtec.cat\/ceipfg\/wp-json\/wp\/v2\/users\/7"}],"replies":[{"embeddable":true,"href":"https:\/\/agora.xtec.cat\/ceipfg\/wp-json\/wp\/v2\/comments?post=723"}],"version-history":[{"count":3,"href":"https:\/\/agora.xtec.cat\/ceipfg\/wp-json\/wp\/v2\/pages\/723\/revisions"}],"predecessor-version":[{"id":1083,"href":"https:\/\/agora.xtec.cat\/ceipfg\/wp-json\/wp\/v2\/pages\/723\/revisions\/1083"}],"up":[{"embeddable":true,"href":"https:\/\/agora.xtec.cat\/ceipfg\/wp-json\/wp\/v2\/pages\/719"}],"wp:attachment":[{"href":"https:\/\/agora.xtec.cat\/ceipfg\/wp-json\/wp\/v2\/media?parent=723"}],"curies":[{"name":"wp","href":"https:\/\/api.w.org\/{rel}","templated":true}]}}