{"id":719,"date":"2018-03-28T00:21:02","date_gmt":"2018-03-27T22:21:02","guid":{"rendered":"http:\/\/agora.xtec.cat\/ceipfg\/?page_id=719"},"modified":"2022-02-23T18:11:27","modified_gmt":"2022-02-23T17:11:27","slug":"afa","status":"publish","type":"page","link":"https:\/\/agora.xtec.cat\/ceipfg\/afa\/","title":{"rendered":"AFA"},"content":{"rendered":"<p align=\"left\"><a href=\"http:\/\/agora.xtec.cat\/ceipfg\/wp-content\/uploads\/usu1345\/2018\/03\/AMPA.png\"><img loading=\"lazy\" decoding=\"async\" class=\"wp-image-811 size-full alignright\" src=\"http:\/\/agora.xtec.cat\/ceipfg\/wp-content\/uploads\/usu1345\/2018\/03\/AMPA.png\" alt=\"\" width=\"200\" height=\"200\" srcset=\"https:\/\/agora.xtec.cat\/ceipfg\/wp-content\/uploads\/usu1345\/2018\/03\/AMPA.png 200w, https:\/\/agora.xtec.cat\/ceipfg\/wp-content\/uploads\/usu1345\/2018\/03\/AMPA-150x150.png 150w\" sizes=\"auto, (max-width: 200px) 100vw, 200px\" \/><\/a>L&#8217;Associaci\u00f3 de Fam\u00edlies d\u2019Alumnes (AFA) de l&#8217;escola p\u00fablica Fructu\u00f3s Gelabert de Barcelona \u00e9s una part important d&#8217;un projecte d&#8217;escola p\u00fablica, en construcci\u00f3 permanent, de qualitat, activa, participativa, democr\u00e0tica, inclusiva, integradora i solid\u00e0ria, iniciada l&#8217;any 2004.<\/p>\n<p align=\"left\">L&#8217;AFA no som una empresa de serveis, tot i que organitzem\/oferim serveis a la Comunitat Educativa.<\/p>\n<p align=\"left\">Per aix\u00f2, associats i usuaris NO s\u00f3n &#8220;clients&#8221; i\u00a0<strong>S\u00cd s\u00f3n participants i organitzadors dels serveis i activitats<\/strong>, perqu\u00e8 sense la participaci\u00f3 i la implicaci\u00f3 personal no hi hauria serveis ni l&#8217;educaci\u00f3 de qualitat que volem.<\/p>\n<h5 align=\"left\"><strong>Informaci\u00f3 i formulari per apuntar-te a l&#8217;AFA i a les comissions<\/strong><\/h5>\n<p align=\"left\">En aquest link trobar\u00e0s informaci\u00f3 de l&#8217;AFA, un formulari per apuntar-te a una comissi\u00f3, resoldre dubtes o deixar suggeriments.<br \/>\n<a href=\"https:\/\/forms.gle\/tA6R4mpi6LeZJqoo7\" target=\"_blank\" rel=\"noopener\">https:\/\/forms.gle\/tA6R4mpi6LeZJqoo7<\/a><\/p>\n<p align=\"left\">\n","protected":false},"excerpt":{"rendered":"<p>L&#8217;Associaci\u00f3 de Fam\u00edlies d\u2019Alumnes (AFA) de l&#8217;escola p\u00fablica Fructu\u00f3s Gelabert de Barcelona \u00e9s una part important d&#8217;un projecte d&#8217;escola p\u00fablica, [&hellip;]<\/p>\n","protected":false},"author":7,"featured_media":0,"parent":0,"menu_order":0,"comment_status":"closed","ping_status":"closed","template":"","meta":{"_bbp_topic_count":0,"_bbp_reply_count":0,"_bbp_total_topic_count":0,"_bbp_total_reply_count":0,"_bbp_voice_count":0,"_bbp_anonymous_reply_count":0,"_bbp_topic_count_hidden":0,"_bbp_reply_count_hidden":0,"_bbp_forum_subforum_count":0,"site-sidebar-layout":"default","site-content-layout":"","ast-site-content-layout":"","site-content-style":"default","site-sidebar-style":"default","ast-global-header-display":"","ast-banner-title-visibility":"","ast-main-header-display":"","ast-hfb-above-header-display":"","ast-hfb-below-header-display":"","ast-hfb-mobile-header-display":"","site-post-title":"","ast-breadcrumbs-content":"","ast-featured-img":"","footer-sml-layout":"","theme-transparent-header-meta":"","adv-header-id-meta":"","stick-header-meta":"","header-above-stick-meta":"","header-main-stick-meta":"","header-below-stick-meta":"","astra-migrate-meta-layouts":"default","ast-page-background-enabled":"default","ast-page-background-meta":{"desktop":{"background-color":"var(--ast-global-color-4)","background-image":"","background-repeat":"repeat","background-position":"center center","background-size":"auto","background-attachment":"scroll","background-type":"","background-media":"","overlay-type":"","overlay-color":"","overlay-opacity":"","overlay-gradient":""},"tablet":{"background-color":"","background-image":"","background-repeat":"repeat","background-position":"center center","background-size":"auto","background-attachment":"scroll","background-type":"","background-media":"","overlay-type":"","overlay-color":"","overlay-opacity":"","overlay-gradient":""},"mobile":{"background-color":"","background-image":"","background-repeat":"repeat","background-position":"center center","background-size":"auto","background-attachment":"scroll","background-type":"","background-media":"","overlay-type":"","overlay-color":"","overlay-opacity":"","overlay-gradient":""}},"ast-content-background-meta":{"desktop":{"background-color":"var(--ast-global-color-5)","background-image":"","background-repeat":"repeat","background-position":"center center","background-size":"auto","background-attachment":"scroll","background-type":"","background-media":"","overlay-type":"","overlay-color":"","overlay-opacity":"","overlay-gradient":""},"tablet":{"background-color":"var(--ast-global-color-5)","background-image":"","background-repeat":"repeat","background-position":"center center","background-size":"auto","background-attachment":"scroll","background-type":"","background-media":"","overlay-type":"","overlay-color":"","overlay-opacity":"","overlay-gradient":""},"mobile":{"background-color":"var(--ast-global-color-5)","background-image":"","background-repeat":"repeat","background-position":"center center","background-size":"auto","background-attachment":"scroll","background-type":"","background-media":"","overlay-type":"","overlay-color":"","overlay-opacity":"","overlay-gradient":""}},"footnotes":""},"class_list":["post-719","page","type-page","status-publish","hentry"],"post_mailing_queue_ids":[],"_links":{"self":[{"href":"https:\/\/agora.xtec.cat\/ceipfg\/wp-json\/wp\/v2\/pages\/719","targetHints":{"allow":["GET"]}}],"collection":[{"href":"https:\/\/agora.xtec.cat\/ceipfg\/wp-json\/wp\/v2\/pages"}],"about":[{"href":"https:\/\/agora.xtec.cat\/ceipfg\/wp-json\/wp\/v2\/types\/page"}],"author":[{"embeddable":true,"href":"https:\/\/agora.xtec.cat\/ceipfg\/wp-json\/wp\/v2\/users\/7"}],"replies":[{"embeddable":true,"href":"https:\/\/agora.xtec.cat\/ceipfg\/wp-json\/wp\/v2\/comments?post=719"}],"version-history":[{"count":3,"href":"https:\/\/agora.xtec.cat\/ceipfg\/wp-json\/wp\/v2\/pages\/719\/revisions"}],"predecessor-version":[{"id":4981,"href":"https:\/\/agora.xtec.cat\/ceipfg\/wp-json\/wp\/v2\/pages\/719\/revisions\/4981"}],"wp:attachment":[{"href":"https:\/\/agora.xtec.cat\/ceipfg\/wp-json\/wp\/v2\/media?parent=719"}],"curies":[{"name":"wp","href":"https:\/\/api.w.org\/{rel}","templated":true}]}}