{"id":64,"date":"2014-09-18T12:39:08","date_gmt":"2014-09-18T11:39:08","guid":{"rendered":"http:\/\/agora.xtec.cat\/ceipfg\/?page_id=64"},"modified":"2021-09-18T18:25:53","modified_gmt":"2021-09-18T16:25:53","slug":"projecte-educatiu","status":"publish","type":"page","link":"https:\/\/agora.xtec.cat\/ceipfg\/projecte-educatiu\/","title":{"rendered":"Projecte d&#8217;escola"},"content":{"rendered":"<p align=\"justify\">Des de la creaci\u00f3 de l&#8217;escola ens definim com a &#8220;Escola en construcci\u00f3&#8221;. Aix\u00f2 vol dir que som una instituci\u00f3 viva que donem resposta, en el dia a dia, al conjunt de necessitats educatives de tots els nostres alumnes.<\/p>\n<p align=\"justify\">El nostre &#8220;projecte educatiu&#8221; creix amb un proc\u00e9s participatiu en el qual volem implicar a tota la comunitat.<\/p>\n<p align=\"justify\">Creixem&#8230;<\/p>\n<p align=\"justify\">Amb els nens i nenes de les aules, propiciant un clima en el qual la seva implicaci\u00f3 en el dia a dia, els faci part\u00edcips del seu proc\u00e9s d&#8217;aprenentatge i els hi sapiguem encomanar les ganes d&#8217;aprendre i de saber cada dia m\u00e9s coses.<\/p>\n<p align=\"justify\">Amb l&#8217;equip docent. Mantenint una metodologia de treball i d&#8217;elaboraci\u00f3 participativa, en la qual tothom pot aportar la seva experi\u00e8ncia i el seu bagatge personal.<\/p>\n<p align=\"justify\">Amb la comunitat educativa, fonamentalment les fam\u00edlies, escoltant els suggeriments i propostes que ens feu arribar.<\/p>\n","protected":false},"excerpt":{"rendered":"<p>Des de la creaci\u00f3 de l&#8217;escola ens definim com a &#8220;Escola en construcci\u00f3&#8221;. Aix\u00f2 vol dir que som una instituci\u00f3 [&hellip;]<\/p>\n","protected":false},"author":1,"featured_media":0,"parent":0,"menu_order":0,"comment_status":"closed","ping_status":"closed","template":"page-templates\/side-menu.php","meta":{"_bbp_topic_count":0,"_bbp_reply_count":0,"_bbp_total_topic_count":0,"_bbp_total_reply_count":0,"_bbp_voice_count":0,"_bbp_anonymous_reply_count":0,"_bbp_topic_count_hidden":0,"_bbp_reply_count_hidden":0,"_bbp_forum_subforum_count":0,"site-sidebar-layout":"default","site-content-layout":"","ast-site-content-layout":"","site-content-style":"default","site-sidebar-style":"default","ast-global-header-display":"","ast-banner-title-visibility":"","ast-main-header-display":"","ast-hfb-above-header-display":"","ast-hfb-below-header-display":"","ast-hfb-mobile-header-display":"","site-post-title":"","ast-breadcrumbs-content":"","ast-featured-img":"","footer-sml-layout":"","theme-transparent-header-meta":"","adv-header-id-meta":"","stick-header-meta":"","header-above-stick-meta":"","header-main-stick-meta":"","header-below-stick-meta":"","astra-migrate-meta-layouts":"default","ast-page-background-enabled":"default","ast-page-background-meta":{"desktop":{"background-color":"var(--ast-global-color-4)","background-image":"","background-repeat":"repeat","background-position":"center center","background-size":"auto","background-attachment":"scroll","background-type":"","background-media":"","overlay-type":"","overlay-color":"","overlay-opacity":"","overlay-gradient":""},"tablet":{"background-color":"","background-image":"","background-repeat":"repeat","background-position":"center center","background-size":"auto","background-attachment":"scroll","background-type":"","background-media":"","overlay-type":"","overlay-color":"","overlay-opacity":"","overlay-gradient":""},"mobile":{"background-color":"","background-image":"","background-repeat":"repeat","background-position":"center center","background-size":"auto","background-attachment":"scroll","background-type":"","background-media":"","overlay-type":"","overlay-color":"","overlay-opacity":"","overlay-gradient":""}},"ast-content-background-meta":{"desktop":{"background-color":"var(--ast-global-color-5)","background-image":"","background-repeat":"repeat","background-position":"center center","background-size":"auto","background-attachment":"scroll","background-type":"","background-media":"","overlay-type":"","overlay-color":"","overlay-opacity":"","overlay-gradient":""},"tablet":{"background-color":"var(--ast-global-color-5)","background-image":"","background-repeat":"repeat","background-position":"center center","background-size":"auto","background-attachment":"scroll","background-type":"","background-media":"","overlay-type":"","overlay-color":"","overlay-opacity":"","overlay-gradient":""},"mobile":{"background-color":"var(--ast-global-color-5)","background-image":"","background-repeat":"repeat","background-position":"center center","background-size":"auto","background-attachment":"scroll","background-type":"","background-media":"","overlay-type":"","overlay-color":"","overlay-opacity":"","overlay-gradient":""}},"footnotes":""},"class_list":["post-64","page","type-page","status-publish","hentry"],"post_mailing_queue_ids":[],"_links":{"self":[{"href":"https:\/\/agora.xtec.cat\/ceipfg\/wp-json\/wp\/v2\/pages\/64","targetHints":{"allow":["GET"]}}],"collection":[{"href":"https:\/\/agora.xtec.cat\/ceipfg\/wp-json\/wp\/v2\/pages"}],"about":[{"href":"https:\/\/agora.xtec.cat\/ceipfg\/wp-json\/wp\/v2\/types\/page"}],"author":[{"embeddable":true,"href":"https:\/\/agora.xtec.cat\/ceipfg\/wp-json\/wp\/v2\/users\/1"}],"replies":[{"embeddable":true,"href":"https:\/\/agora.xtec.cat\/ceipfg\/wp-json\/wp\/v2\/comments?post=64"}],"version-history":[{"count":3,"href":"https:\/\/agora.xtec.cat\/ceipfg\/wp-json\/wp\/v2\/pages\/64\/revisions"}],"predecessor-version":[{"id":4325,"href":"https:\/\/agora.xtec.cat\/ceipfg\/wp-json\/wp\/v2\/pages\/64\/revisions\/4325"}],"wp:attachment":[{"href":"https:\/\/agora.xtec.cat\/ceipfg\/wp-json\/wp\/v2\/media?parent=64"}],"curies":[{"name":"wp","href":"https:\/\/api.w.org\/{rel}","templated":true}]}}