{"id":497,"date":"2017-03-09T10:13:44","date_gmt":"2017-03-09T09:13:44","guid":{"rendered":"http:\/\/agora.xtec.cat\/ceipfg\/?page_id=497"},"modified":"2024-10-28T18:54:29","modified_gmt":"2024-10-28T17:54:29","slug":"comissions","status":"publish","type":"page","link":"https:\/\/agora.xtec.cat\/ceipfg\/lescola\/comissions\/","title":{"rendered":"Comissions"},"content":{"rendered":"<p>A les fam\u00edlies que entreu ara a l&#8217;escola, juntament amb la benvinguda m\u00e9s cordial, us donem aquesta informaci\u00f3 perqu\u00e8 sapigueu en qu\u00e8 consisteixen les comissions de treball.<\/p>\n<p>Les comissions de treball s\u00f3n molt importants pel bon funcionament de l&#8217;escola i fan comunitat! Segur que trobareu qu\u00e8 fer i on ser \u00fatils segons la vostra disponibilitat. Us animem a associar-vos, a participar i fer feina plegats, juntament amb les altres fam\u00edlies que ja hi participen.<\/p>\n<p>En aquest link trobar\u00e0s un <strong>formulari<\/strong> per apuntar-te a una comissi\u00f3, resoldre dubtes o deixar suggeriments:<\/p>\n<p><a href=\"https:\/\/forms.gle\/tA6R4mpi6LeZJqoo7\" target=\"_blank\" rel=\"noopener\">https:\/\/forms.gle\/tA6R4mpi6LeZJqoo7<\/a><\/p>\n<p>En aquest llistat trobareu informaci\u00f3 de cada Comissi\u00f3 amb les seves adreces de correu, per si voleu adre\u00e7ar-vos-hi.<\/p>\n<p>&nbsp;<\/p>\n<div style=\"width: 120px; overflow: hidden; margin-right: 2%; float: left;\">\n<p><img loading=\"lazy\" decoding=\"async\" src=\"https:\/\/agora.xtec.cat\/ceipfg\/wp-content\/uploads\/usu1345\/2018\/10\/ico_audiovisuals.png\" alt=\"\" width=\"120\" height=\"120\" \/><\/p>\n<p style=\"text-align: center;\"><a href=\"https:\/\/agora.xtec.cat\/ceipfg\/categoria\/ampa\/audiovisuals\/\">Audiovisuals<\/a><\/p>\n<\/div>\n<div style=\"width: 120px; overflow: hidden; margin-right: 2%; float: left;\">\n<p><img loading=\"lazy\" decoding=\"async\" src=\"https:\/\/agora.xtec.cat\/ceipfg\/wp-content\/uploads\/usu1345\/2018\/10\/ico_biblioteca.png\" alt=\"\" width=\"120\" height=\"120\" \/><\/p>\n<p style=\"text-align: center;\"><a href=\"https:\/\/agora.xtec.cat\/ceipfg\/categoria\/ampa\/biblioteca\/\">Biblioteca<\/a><\/p>\n<\/div>\n<div style=\"width: 120px; overflow: hidden; margin-right: 2%; float: left;\">\n<p><img loading=\"lazy\" decoding=\"async\" src=\"https:\/\/agora.xtec.cat\/ceipfg\/wp-content\/uploads\/usu1345\/2018\/10\/ico_comunicacio.png\" alt=\"\" width=\"120\" height=\"120\" \/><\/p>\n<p style=\"text-align: center;\"><a href=\"https:\/\/agora.xtec.cat\/ceipfg\/categoria\/ampa\/comunicacio\/\">Comunicaci\u00f3<\/a><\/p>\n<\/div>\n<div style=\"width: 120px; overflow: hidden; margin-right: 2%; float: left;\">\n<p><img loading=\"lazy\" decoding=\"async\" src=\"https:\/\/agora.xtec.cat\/ceipfg\/wp-content\/uploads\/usu1345\/2018\/10\/ico_extraescolars.png\" alt=\"\" width=\"120\" height=\"120\" \/><\/p>\n<p style=\"text-align: center;\"><a href=\"https:\/\/agora.xtec.cat\/ceipfg\/categoria\/ampa\/extraescolars\/\">Extraescolars<\/a><\/p>\n<\/div>\n<div style=\"width: 120px; overflow: hidden; margin-right: 2%; float: left;\">\n<p><img loading=\"lazy\" decoding=\"async\" src=\"https:\/\/agora.xtec.cat\/ceipfg\/wp-content\/uploads\/usu1345\/2018\/10\/ico_festes.png\" alt=\"\" width=\"120\" height=\"120\" \/><\/p>\n<p style=\"text-align: center;\"><a href=\"https:\/\/agora.xtec.cat\/ceipfg\/categoria\/ampa\/festes\/\">Festes<\/a><\/p>\n<\/div>\n<div style=\"width: 120px; overflow: hidden; margin-right: 2%; float: left;\">\n<p><img loading=\"lazy\" decoding=\"async\" src=\"https:\/\/agora.xtec.cat\/ceipfg\/wp-content\/uploads\/usu1345\/2018\/10\/ico_genere.png\" alt=\"\" width=\"120\" height=\"120\" \/><\/p>\n<p style=\"text-align: center;\"><a href=\"https:\/\/agora.xtec.cat\/ceipfg\/categoria\/ampa\/genere\/\">G\u00e8nere<\/a><\/p>\n<\/div>\n<div style=\"width: 120px; overflow: hidden; margin-right: 2%; float: left;\">\n<p><img loading=\"lazy\" decoding=\"async\" src=\"https:\/\/agora.xtec.cat\/ceipfg\/wp-content\/uploads\/usu1345\/2018\/10\/ico_hort.png\" alt=\"\" width=\"120\" height=\"120\" \/><\/p>\n<p style=\"text-align: center;\"><a href=\"https:\/\/agora.xtec.cat\/ceipfg\/categoria\/ampa\/sostenible\/\">Sostenible<\/a><\/p>\n<\/div>\n<div style=\"width: 120px; overflow: hidden; margin-right: 2%; float: left;\">\n<p><img loading=\"lazy\" decoding=\"async\" src=\"https:\/\/agora.xtec.cat\/ceipfg\/wp-content\/uploads\/usu1345\/2018\/10\/ico_menjador.png\" alt=\"\" width=\"120\" height=\"120\" \/><\/p>\n<p style=\"text-align: center;\"><a href=\"https:\/\/agora.xtec.cat\/ceipfg\/categoria\/ampa\/espai_migdia\/\">Espai Migdia<\/a><\/p>\n<\/div>\n<div style=\"width: 120px; overflow: hidden; margin-right: 2%; float: left;\">\n<p><img loading=\"lazy\" decoding=\"async\" src=\"https:\/\/agora.xtec.cat\/ceipfg\/wp-content\/uploads\/usu1345\/2018\/10\/ico_cami_amic.png\" alt=\"\" width=\"120\" height=\"120\" \/><\/p>\n<p style=\"text-align: center;\"><a href=\"https:\/\/agora.xtec.cat\/ceipfg\/categoria\/ampa\/inclusiva\/\" rel=\"noopener\">Inclusiva<\/a><\/p>\n<\/div>\n<div style=\"width: 120px; overflow: hidden; margin-right: 2%; float: left;\">\n<p><img loading=\"lazy\" decoding=\"async\" src=\"https:\/\/agora.xtec.cat\/ceipfg\/wp-content\/uploads\/usu1345\/2018\/10\/ico_revista.png\" alt=\"\" width=\"120\" height=\"120\" \/><\/p>\n<p style=\"text-align: center;\"><a href=\"https:\/\/agora.xtec.cat\/ceipfg\/categoria\/ampa\/com_grafica\/\">Comunicaci\u00f3 gr\u00e0fica<\/a><\/p>\n<\/div>\n<div style=\"width: 120px; overflow: hidden; margin-right: 2%; float: left;\">\n<p><img loading=\"lazy\" decoding=\"async\" src=\"https:\/\/agora.xtec.cat\/ceipfg\/wp-content\/uploads\/usu1345\/2018\/10\/ico_tots_escola.png\" alt=\"\" width=\"120\" height=\"120\" \/><\/p>\n<p style=\"text-align: center;\"><a href=\"https:\/\/agora.xtec.cat\/ceipfg\/categoria\/ampa\/tots-a-lescola\/\">Totes a l&#8217;escola<\/a><\/p>\n<\/div>\n","protected":false},"excerpt":{"rendered":"<p>A les fam\u00edlies que entreu ara a l&#8217;escola, juntament amb la benvinguda m\u00e9s cordial, us donem aquesta informaci\u00f3 perqu\u00e8 sapigueu [&hellip;]<\/p>\n","protected":false},"author":1,"featured_media":0,"parent":22,"menu_order":3,"comment_status":"closed","ping_status":"closed","template":"page-templates\/side-menu.php","meta":{"_bbp_topic_count":0,"_bbp_reply_count":0,"_bbp_total_topic_count":0,"_bbp_total_reply_count":0,"_bbp_voice_count":0,"_bbp_anonymous_reply_count":0,"_bbp_topic_count_hidden":0,"_bbp_reply_count_hidden":0,"_bbp_forum_subforum_count":0,"site-sidebar-layout":"default","site-content-layout":"","ast-site-content-layout":"","site-content-style":"default","site-sidebar-style":"default","ast-global-header-display":"","ast-banner-title-visibility":"","ast-main-header-display":"","ast-hfb-above-header-display":"","ast-hfb-below-header-display":"","ast-hfb-mobile-header-display":"","site-post-title":"","ast-breadcrumbs-content":"","ast-featured-img":"","footer-sml-layout":"","theme-transparent-header-meta":"","adv-header-id-meta":"","stick-header-meta":"","header-above-stick-meta":"","header-main-stick-meta":"","header-below-stick-meta":"","astra-migrate-meta-layouts":"default","ast-page-background-enabled":"default","ast-page-background-meta":{"desktop":{"background-color":"var(--ast-global-color-4)","background-image":"","background-repeat":"repeat","background-position":"center center","background-size":"auto","background-attachment":"scroll","background-type":"","background-media":"","overlay-type":"","overlay-color":"","overlay-opacity":"","overlay-gradient":""},"tablet":{"background-color":"","background-image":"","background-repeat":"repeat","background-position":"center center","background-size":"auto","background-attachment":"scroll","background-type":"","background-media":"","overlay-type":"","overlay-color":"","overlay-opacity":"","overlay-gradient":""},"mobile":{"background-color":"","background-image":"","background-repeat":"repeat","background-position":"center center","background-size":"auto","background-attachment":"scroll","background-type":"","background-media":"","overlay-type":"","overlay-color":"","overlay-opacity":"","overlay-gradient":""}},"ast-content-background-meta":{"desktop":{"background-color":"var(--ast-global-color-5)","background-image":"","background-repeat":"repeat","background-position":"center center","background-size":"auto","background-attachment":"scroll","background-type":"","background-media":"","overlay-type":"","overlay-color":"","overlay-opacity":"","overlay-gradient":""},"tablet":{"background-color":"var(--ast-global-color-5)","background-image":"","background-repeat":"repeat","background-position":"center center","background-size":"auto","background-attachment":"scroll","background-type":"","background-media":"","overlay-type":"","overlay-color":"","overlay-opacity":"","overlay-gradient":""},"mobile":{"background-color":"var(--ast-global-color-5)","background-image":"","background-repeat":"repeat","background-position":"center center","background-size":"auto","background-attachment":"scroll","background-type":"","background-media":"","overlay-type":"","overlay-color":"","overlay-opacity":"","overlay-gradient":""}},"footnotes":""},"class_list":["post-497","page","type-page","status-publish","hentry"],"post_mailing_queue_ids":[],"_links":{"self":[{"href":"https:\/\/agora.xtec.cat\/ceipfg\/wp-json\/wp\/v2\/pages\/497","targetHints":{"allow":["GET"]}}],"collection":[{"href":"https:\/\/agora.xtec.cat\/ceipfg\/wp-json\/wp\/v2\/pages"}],"about":[{"href":"https:\/\/agora.xtec.cat\/ceipfg\/wp-json\/wp\/v2\/types\/page"}],"author":[{"embeddable":true,"href":"https:\/\/agora.xtec.cat\/ceipfg\/wp-json\/wp\/v2\/users\/1"}],"replies":[{"embeddable":true,"href":"https:\/\/agora.xtec.cat\/ceipfg\/wp-json\/wp\/v2\/comments?post=497"}],"version-history":[{"count":7,"href":"https:\/\/agora.xtec.cat\/ceipfg\/wp-json\/wp\/v2\/pages\/497\/revisions"}],"predecessor-version":[{"id":7376,"href":"https:\/\/agora.xtec.cat\/ceipfg\/wp-json\/wp\/v2\/pages\/497\/revisions\/7376"}],"up":[{"embeddable":true,"href":"https:\/\/agora.xtec.cat\/ceipfg\/wp-json\/wp\/v2\/pages\/22"}],"wp:attachment":[{"href":"https:\/\/agora.xtec.cat\/ceipfg\/wp-json\/wp\/v2\/media?parent=497"}],"curies":[{"name":"wp","href":"https:\/\/api.w.org\/{rel}","templated":true}]}}