{"id":466,"date":"2017-03-08T10:12:59","date_gmt":"2017-03-08T09:12:59","guid":{"rendered":"http:\/\/agora.xtec.cat\/ceipfg\/?page_id=466"},"modified":"2018-08-30T10:16:29","modified_gmt":"2018-08-30T08:16:29","slug":"obrim","status":"publish","type":"page","link":"https:\/\/agora.xtec.cat\/ceipfg\/projecte-educatiu\/obrim\/","title":{"rendered":"Obrim"},"content":{"rendered":"<p>Espai per trobar-nos amb nens i nens de cada cicle i compartir experi\u00e8ncies, amistats, aprenentatges, emocions, jocs&#8230; amb la filosofia que cada un dels infants pugui descobrir afinitats amb altres nens i nenes m\u00e9s propers als seu moment evolutiu i amb interessos semblants o complementaris. L&#8217;Obrim ens permet enriquir-nos de la diversitat que ens caracteritza i ens ofereix la possibilitats de tenir iniciativa i prendre decisions per a ser cada vegada m\u00e9s aut\u00f2noms.<\/p>\n<p>PETITS<\/p>\n<p>Espais i propostes pensades per afavorir la manipulaci\u00f3, l&#8217;experimentaci\u00f3, per fer pensar, fer hip\u00f2tesis, argumentar&#8230; Volem oferir contextos que permetin als infants evolucionar en els seus processos de coneixement. Aquests espais els aportaran, al llarg del cicle, experi\u00e8ncies diverses en l&#8217;\u00e0mbit de l&#8217;entorn natural i social, del cos i moviment, de les arts pl\u00e0stiques aix\u00ed com de l&#8217;entorn cient\u00edfic. Les propostes de l&#8217;Obrim s\u00f3n intercicle (nens i nenes de P3, P4 i P5) i s\u00f3n estables al llarg del cicle.<\/p>\n<p>MITJANS<\/p>\n<p>Espais amb propostes d&#8217;expressi\u00f3 corporal i de visual i pl\u00e0stica on fer cr\u00e9ixer la creativitat i potenciar les possibilitats art\u00edstiques de cada infant. Aquest curs, amb el fil conductor del circ, explorem, juguem, descobrim, creem a trav\u00e9s de la veu del cos de la paraula i de materials i t\u00e8cniques de l&#8217;art pl\u00e0stic amb propostes de m\u00edmica, dansa, percussi\u00f3 corporal, acro esport, jocs d&#8217;equilibris, experimentaci\u00f3 amb pintura, volum, collage&#8230;<\/p>\n<p>GRANS<\/p>\n<p>Espais amb propostes d&#8217;expressi\u00f3 corporal i de visual i pl\u00e0stica on fer cr\u00e9ixer la creativitat i potenciar les possibilitats art\u00edstiques de cada nen i nena. Amb l&#8217;expressi\u00f3 corporal explorem, juguem, descobrim i creem a trav\u00e9s de la veu, del cos, del gest, de la paraula i del text teatral amb propostes d&#8217;improvisacions de situacions reals, inversemblants, de matisar i teatralitzar emocions, cantar, ballar&#8230; per culminar amb una representaci\u00f3 teatral. L&#8217;expressi\u00f3 visual i pl\u00e0stica es concreta amb quatre propostes de lliure circulaci\u00f3: l\u00ednies i colors, volum, fusteria i vetes i fils.<\/p>\n","protected":false},"excerpt":{"rendered":"<p>Espai per trobar-nos amb nens i nens de cada cicle i compartir experi\u00e8ncies, amistats, aprenentatges, emocions, jocs&#8230; amb la filosofia [&hellip;]<\/p>\n","protected":false},"author":1,"featured_media":0,"parent":64,"menu_order":0,"comment_status":"closed","ping_status":"closed","template":"page-templates\/side-menu.php","meta":{"_bbp_topic_count":0,"_bbp_reply_count":0,"_bbp_total_topic_count":0,"_bbp_total_reply_count":0,"_bbp_voice_count":0,"_bbp_anonymous_reply_count":0,"_bbp_topic_count_hidden":0,"_bbp_reply_count_hidden":0,"_bbp_forum_subforum_count":0,"site-sidebar-layout":"default","site-content-layout":"","ast-site-content-layout":"","site-content-style":"default","site-sidebar-style":"default","ast-global-header-display":"","ast-banner-title-visibility":"","ast-main-header-display":"","ast-hfb-above-header-display":"","ast-hfb-below-header-display":"","ast-hfb-mobile-header-display":"","site-post-title":"","ast-breadcrumbs-content":"","ast-featured-img":"","footer-sml-layout":"","theme-transparent-header-meta":"","adv-header-id-meta":"","stick-header-meta":"","header-above-stick-meta":"","header-main-stick-meta":"","header-below-stick-meta":"","astra-migrate-meta-layouts":"default","ast-page-background-enabled":"default","ast-page-background-meta":{"desktop":{"background-color":"var(--ast-global-color-4)","background-image":"","background-repeat":"repeat","background-position":"center center","background-size":"auto","background-attachment":"scroll","background-type":"","background-media":"","overlay-type":"","overlay-color":"","overlay-opacity":"","overlay-gradient":""},"tablet":{"background-color":"","background-image":"","background-repeat":"repeat","background-position":"center center","background-size":"auto","background-attachment":"scroll","background-type":"","background-media":"","overlay-type":"","overlay-color":"","overlay-opacity":"","overlay-gradient":""},"mobile":{"background-color":"","background-image":"","background-repeat":"repeat","background-position":"center center","background-size":"auto","background-attachment":"scroll","background-type":"","background-media":"","overlay-type":"","overlay-color":"","overlay-opacity":"","overlay-gradient":""}},"ast-content-background-meta":{"desktop":{"background-color":"var(--ast-global-color-5)","background-image":"","background-repeat":"repeat","background-position":"center center","background-size":"auto","background-attachment":"scroll","background-type":"","background-media":"","overlay-type":"","overlay-color":"","overlay-opacity":"","overlay-gradient":""},"tablet":{"background-color":"var(--ast-global-color-5)","background-image":"","background-repeat":"repeat","background-position":"center center","background-size":"auto","background-attachment":"scroll","background-type":"","background-media":"","overlay-type":"","overlay-color":"","overlay-opacity":"","overlay-gradient":""},"mobile":{"background-color":"var(--ast-global-color-5)","background-image":"","background-repeat":"repeat","background-position":"center center","background-size":"auto","background-attachment":"scroll","background-type":"","background-media":"","overlay-type":"","overlay-color":"","overlay-opacity":"","overlay-gradient":""}},"footnotes":""},"class_list":["post-466","page","type-page","status-publish","hentry"],"post_mailing_queue_ids":[],"_links":{"self":[{"href":"https:\/\/agora.xtec.cat\/ceipfg\/wp-json\/wp\/v2\/pages\/466","targetHints":{"allow":["GET"]}}],"collection":[{"href":"https:\/\/agora.xtec.cat\/ceipfg\/wp-json\/wp\/v2\/pages"}],"about":[{"href":"https:\/\/agora.xtec.cat\/ceipfg\/wp-json\/wp\/v2\/types\/page"}],"author":[{"embeddable":true,"href":"https:\/\/agora.xtec.cat\/ceipfg\/wp-json\/wp\/v2\/users\/1"}],"replies":[{"embeddable":true,"href":"https:\/\/agora.xtec.cat\/ceipfg\/wp-json\/wp\/v2\/comments?post=466"}],"version-history":[{"count":5,"href":"https:\/\/agora.xtec.cat\/ceipfg\/wp-json\/wp\/v2\/pages\/466\/revisions"}],"predecessor-version":[{"id":887,"href":"https:\/\/agora.xtec.cat\/ceipfg\/wp-json\/wp\/v2\/pages\/466\/revisions\/887"}],"up":[{"embeddable":true,"href":"https:\/\/agora.xtec.cat\/ceipfg\/wp-json\/wp\/v2\/pages\/64"}],"wp:attachment":[{"href":"https:\/\/agora.xtec.cat\/ceipfg\/wp-json\/wp\/v2\/media?parent=466"}],"curies":[{"name":"wp","href":"https:\/\/api.w.org\/{rel}","templated":true}]}}