{"id":461,"date":"2017-03-08T10:06:20","date_gmt":"2017-03-08T09:06:20","guid":{"rendered":"http:\/\/agora.xtec.cat\/ceipfg\/?page_id=461"},"modified":"2018-06-13T10:12:55","modified_gmt":"2018-06-13T08:12:55","slug":"presentacio-i-projecte","status":"publish","type":"page","link":"https:\/\/agora.xtec.cat\/ceipfg\/lescola\/presentacio-i-projecte\/","title":{"rendered":"Presentaci\u00f3 i Projecte"},"content":{"rendered":"<p>Us presentem el projecte d&#8217;una escola p\u00fablica que est\u00e0 creixent any rere any i que a poc a poc ens permet&#8230;<\/p>\n<ul>\n<li>Cr\u00e9ixer amb les\u00a0<strong>aportacions de tota la comunitat educativa<\/strong>, al mateix ritme que van creixent les aules i els nens i nenes que li donen vida.<\/li>\n<li>Estar oberts a la\u00a0<strong>diversitat d&#8217;aportacions<\/strong>\u00a0que fem des de tots els \u00e0mbits.<\/li>\n<li>Ser\u00a0<strong>aut\u00f2noms en la presa de decisions<\/strong>, adaptant el projecte a les caracter\u00edstiques i necessitats de la nostra comunitat educativa.<\/li>\n<li><strong>Donar resposta a les necessitats<\/strong>\u00a0d&#8217;una societat en vertigin\u00f3s canvi construint els aprenentatges amb les aportacions culturals b\u00e0siques d&#8217;aquesta societat.<\/li>\n<\/ul>\n<p>Farem entre tots una escola en la qual <strong>els protagonistes principals s\u00f3n els nens i nenes<\/strong>.\u00a0Ells seran els pilars b\u00e0sics de totes les nostres activitats.\u00a0Participaran des de bon comen\u00e7ament del seu proc\u00e9s formatiu. Per tot aix\u00f2, la nostra finalitat m\u00e9s important \u00e9s aconseguir que tastin el plaer del saber i l&#8217;aprenentatge, que n&#8217;aprenguin el seu valor i vulguin gaudir-ne al llarg de la seva vida.<\/p>\n<p>Volem educar i acompanyar a tots els nens i les nenes, per treure el m\u00e0xim de les seves potencialitats individuals i perqu\u00e8 comparteixin valors, actituds i coneixements. Volem formar nens i nenes solidaris, amb les m\u00e0ximes compet\u00e8ncies i capacitats, que assumeixin el seu paper de ciutadans d&#8217;una societat democr\u00e0tica.<\/p>\n","protected":false},"excerpt":{"rendered":"<p>Us presentem el projecte d&#8217;una escola p\u00fablica que est\u00e0 creixent any rere any i que a poc a poc ens [&hellip;]<\/p>\n","protected":false},"author":1,"featured_media":0,"parent":22,"menu_order":1,"comment_status":"closed","ping_status":"closed","template":"page-templates\/side-menu.php","meta":{"_bbp_topic_count":0,"_bbp_reply_count":0,"_bbp_total_topic_count":0,"_bbp_total_reply_count":0,"_bbp_voice_count":0,"_bbp_anonymous_reply_count":0,"_bbp_topic_count_hidden":0,"_bbp_reply_count_hidden":0,"_bbp_forum_subforum_count":0,"site-sidebar-layout":"default","site-content-layout":"","ast-site-content-layout":"","site-content-style":"default","site-sidebar-style":"default","ast-global-header-display":"","ast-banner-title-visibility":"","ast-main-header-display":"","ast-hfb-above-header-display":"","ast-hfb-below-header-display":"","ast-hfb-mobile-header-display":"","site-post-title":"","ast-breadcrumbs-content":"","ast-featured-img":"","footer-sml-layout":"","theme-transparent-header-meta":"","adv-header-id-meta":"","stick-header-meta":"","header-above-stick-meta":"","header-main-stick-meta":"","header-below-stick-meta":"","astra-migrate-meta-layouts":"default","ast-page-background-enabled":"default","ast-page-background-meta":{"desktop":{"background-color":"var(--ast-global-color-4)","background-image":"","background-repeat":"repeat","background-position":"center center","background-size":"auto","background-attachment":"scroll","background-type":"","background-media":"","overlay-type":"","overlay-color":"","overlay-opacity":"","overlay-gradient":""},"tablet":{"background-color":"","background-image":"","background-repeat":"repeat","background-position":"center center","background-size":"auto","background-attachment":"scroll","background-type":"","background-media":"","overlay-type":"","overlay-color":"","overlay-opacity":"","overlay-gradient":""},"mobile":{"background-color":"","background-image":"","background-repeat":"repeat","background-position":"center center","background-size":"auto","background-attachment":"scroll","background-type":"","background-media":"","overlay-type":"","overlay-color":"","overlay-opacity":"","overlay-gradient":""}},"ast-content-background-meta":{"desktop":{"background-color":"var(--ast-global-color-5)","background-image":"","background-repeat":"repeat","background-position":"center center","background-size":"auto","background-attachment":"scroll","background-type":"","background-media":"","overlay-type":"","overlay-color":"","overlay-opacity":"","overlay-gradient":""},"tablet":{"background-color":"var(--ast-global-color-5)","background-image":"","background-repeat":"repeat","background-position":"center center","background-size":"auto","background-attachment":"scroll","background-type":"","background-media":"","overlay-type":"","overlay-color":"","overlay-opacity":"","overlay-gradient":""},"mobile":{"background-color":"var(--ast-global-color-5)","background-image":"","background-repeat":"repeat","background-position":"center center","background-size":"auto","background-attachment":"scroll","background-type":"","background-media":"","overlay-type":"","overlay-color":"","overlay-opacity":"","overlay-gradient":""}},"footnotes":""},"class_list":["post-461","page","type-page","status-publish","hentry"],"post_mailing_queue_ids":[],"_links":{"self":[{"href":"https:\/\/agora.xtec.cat\/ceipfg\/wp-json\/wp\/v2\/pages\/461","targetHints":{"allow":["GET"]}}],"collection":[{"href":"https:\/\/agora.xtec.cat\/ceipfg\/wp-json\/wp\/v2\/pages"}],"about":[{"href":"https:\/\/agora.xtec.cat\/ceipfg\/wp-json\/wp\/v2\/types\/page"}],"author":[{"embeddable":true,"href":"https:\/\/agora.xtec.cat\/ceipfg\/wp-json\/wp\/v2\/users\/1"}],"replies":[{"embeddable":true,"href":"https:\/\/agora.xtec.cat\/ceipfg\/wp-json\/wp\/v2\/comments?post=461"}],"version-history":[{"count":3,"href":"https:\/\/agora.xtec.cat\/ceipfg\/wp-json\/wp\/v2\/pages\/461\/revisions"}],"predecessor-version":[{"id":532,"href":"https:\/\/agora.xtec.cat\/ceipfg\/wp-json\/wp\/v2\/pages\/461\/revisions\/532"}],"up":[{"embeddable":true,"href":"https:\/\/agora.xtec.cat\/ceipfg\/wp-json\/wp\/v2\/pages\/22"}],"wp:attachment":[{"href":"https:\/\/agora.xtec.cat\/ceipfg\/wp-json\/wp\/v2\/media?parent=461"}],"curies":[{"name":"wp","href":"https:\/\/api.w.org\/{rel}","templated":true}]}}