{"id":38,"date":"2025-09-05T12:34:08","date_gmt":"2025-09-05T10:34:08","guid":{"rendered":"http:\/\/agora.xtec.cat\/ceipfg\/?page_id=38"},"modified":"2026-03-30T11:35:56","modified_gmt":"2026-03-30T09:35:56","slug":"salut","status":"publish","type":"page","link":"https:\/\/agora.xtec.cat\/ceipfg\/lescola\/salut\/","title":{"rendered":"Equip 2025-2026"},"content":{"rendered":"<p><strong>Direcci\u00f3:<\/strong> Anna Mical\u00f3 Aumedes\u00a0 \u00a0 \u00a0 \u00a0 \u00a0 \u00a0 \u00a0 escola@fructuosgelabert.cat<br \/>\n<strong>Cap d&#8217;estudis:<\/strong> \u00c0ngels Cano Adell \u00a0\u00a0 \u00a0 \u00a0 \u00a0\u00a0 capdestudis@fructuosgelabert.cat<br \/>\n<strong>Secretaria:<\/strong> L\u00eddia Xicola Izquierdo\u00a0 \u00a0 \u00a0 \u00a0 \u00a0 \u00a0 \u00a0secretaria@fructuosgelabert.cat<\/p>\n<p><strong>Coordinaci\u00f3 :<\/strong> Marta Redondo (Petits), Marta Sotorres (Mitjans) i Nereida Medina (Grans)<\/p>\n<p><strong>Consergeria:<\/strong> Pepa Segura\u00a0 \u00a0 \u00a0consergeria<span class=\"\"><span class=\"\"><span class=\"\">@<\/span>fructuosgelabert.ca<\/span>t\u00a0<\/span><\/p>\n<p><strong>Administrativa<\/strong>: Txema Mart\u00ednez\u00a0 \u00a0administracio@fructuosgelabert.cat<\/p>\n<p>&nbsp;<\/p>\n<p style=\"text-align: left;\"><strong>\u00a0 \u00a0 \u00a0 \u00a0 \u00a0 \u00a0 \u00a0 \u00a0 \u00a0 \u00a0 \u00a0 \u00a0 \u00a0 \u00a0 \u00a0 \u00a0 \u00a0 \u00a0 \u00a0 \u00a0 \u00a0 \u00a0 \u00a0 \u00a0 \u00a0 \u00a0 \u00a0 \u00a0 \u00a0 \u00a0 \u00a0 \u00a0 \u00a0 \u00a0 \u00a0 \u00a0 \u00a0 \u00a0 \u00a0 \u00a0 \u00a0 L&#8217;EQUIP DE MESTRES 2025-2026<\/strong><\/p>\n<p><a href=\"https:\/\/agora.xtec.cat\/ceipfg\/lescola\/salut\/attachment\/90463727-f165-4907-abfc-44c9a3af8071\/\" rel=\"attachment wp-att-7929\"><img loading=\"lazy\" decoding=\"async\" class=\"alignnone size-large wp-image-7929\" src=\"https:\/\/agora.xtec.cat\/ceipfg\/wp-content\/uploads\/usu1345\/2025\/09\/90463727-f165-4907-abfc-44c9a3af8071-1024x768.jpg\" alt=\"\" width=\"1024\" height=\"768\" srcset=\"https:\/\/agora.xtec.cat\/ceipfg\/wp-content\/uploads\/usu1345\/2025\/09\/90463727-f165-4907-abfc-44c9a3af8071-1024x768.jpg 1024w, https:\/\/agora.xtec.cat\/ceipfg\/wp-content\/uploads\/usu1345\/2025\/09\/90463727-f165-4907-abfc-44c9a3af8071-300x225.jpg 300w, https:\/\/agora.xtec.cat\/ceipfg\/wp-content\/uploads\/usu1345\/2025\/09\/90463727-f165-4907-abfc-44c9a3af8071-768x576.jpg 768w, https:\/\/agora.xtec.cat\/ceipfg\/wp-content\/uploads\/usu1345\/2025\/09\/90463727-f165-4907-abfc-44c9a3af8071-1536x1152.jpg 1536w, https:\/\/agora.xtec.cat\/ceipfg\/wp-content\/uploads\/usu1345\/2025\/09\/90463727-f165-4907-abfc-44c9a3af8071.jpg 1600w\" sizes=\"auto, (max-width: 1024px) 100vw, 1024px\" \/><\/a><\/p>\n<p>&nbsp;<\/p>\n<p><strong><a href=\"https:\/\/agora.xtec.cat\/ceipfg\/lescola\/salut\/attachment\/img_4825-min\/\" rel=\"attachment wp-att-7931\"><img loading=\"lazy\" decoding=\"async\" class=\" wp-image-7931 alignleft\" src=\"https:\/\/agora.xtec.cat\/ceipfg\/wp-content\/uploads\/usu1345\/2025\/09\/IMG_4825-min-1024x768.jpg\" alt=\"\" width=\"528\" height=\"396\" srcset=\"https:\/\/agora.xtec.cat\/ceipfg\/wp-content\/uploads\/usu1345\/2025\/09\/IMG_4825-min-1024x768.jpg 1024w, https:\/\/agora.xtec.cat\/ceipfg\/wp-content\/uploads\/usu1345\/2025\/09\/IMG_4825-min-300x225.jpg 300w, https:\/\/agora.xtec.cat\/ceipfg\/wp-content\/uploads\/usu1345\/2025\/09\/IMG_4825-min-768x576.jpg 768w, https:\/\/agora.xtec.cat\/ceipfg\/wp-content\/uploads\/usu1345\/2025\/09\/IMG_4825-min-1536x1152.jpg 1536w, https:\/\/agora.xtec.cat\/ceipfg\/wp-content\/uploads\/usu1345\/2025\/09\/IMG_4825-min-2048x1536.jpg 2048w\" sizes=\"auto, (max-width: 528px) 100vw, 528px\" \/><\/a> <\/strong><\/p>\n<p>&nbsp;<\/p>\n<p><strong>L&#8217;EQUIP DE PETITS<\/strong><\/p>\n<p><strong>I3:\u00a0 <\/strong>Isabel Tur\u00f3n i Marta Redondo<br \/>\n<strong>I4: <\/strong>\u00a0Aina Forn\u00e9s i Anna Gim\u00e9nez<br \/>\n<strong>I5: <\/strong>Carme Rovira i Montse De Gibert<\/p>\n<p><strong>TEI: <\/strong>Pilar Pascual<br \/>\n<strong>M\u00fasica: <\/strong>Mar Mascar\u00f3<br \/>\n<strong>Psico: <\/strong>L\u00eddia Xicola i S\u00f2nia Jim\u00e9nez<br \/>\n<strong>MESI (mestra especialista de suport a la inclusi\u00f3): <\/strong>Pilar P\u00e9rez<br \/>\n<strong>Suport: <\/strong>Eloy Garcia i L\u00eddia Xicola.<\/p>\n<p>&nbsp;<\/p>\n<p>&nbsp;<\/p>\n<p><strong><a href=\"https:\/\/agora.xtec.cat\/ceipfg\/lescola\/salut\/attachment\/photo-2025-09-04-12-06-35\/\" rel=\"attachment wp-att-7930\"><img loading=\"lazy\" decoding=\"async\" class=\" wp-image-7930 alignleft\" src=\"https:\/\/agora.xtec.cat\/ceipfg\/wp-content\/uploads\/usu1345\/2025\/09\/PHOTO-2025-09-04-12-06-35-1024x768.jpg\" alt=\"\" width=\"529\" height=\"397\" srcset=\"https:\/\/agora.xtec.cat\/ceipfg\/wp-content\/uploads\/usu1345\/2025\/09\/PHOTO-2025-09-04-12-06-35-1024x768.jpg 1024w, https:\/\/agora.xtec.cat\/ceipfg\/wp-content\/uploads\/usu1345\/2025\/09\/PHOTO-2025-09-04-12-06-35-300x225.jpg 300w, https:\/\/agora.xtec.cat\/ceipfg\/wp-content\/uploads\/usu1345\/2025\/09\/PHOTO-2025-09-04-12-06-35-768x576.jpg 768w, https:\/\/agora.xtec.cat\/ceipfg\/wp-content\/uploads\/usu1345\/2025\/09\/PHOTO-2025-09-04-12-06-35-1536x1152.jpg 1536w, https:\/\/agora.xtec.cat\/ceipfg\/wp-content\/uploads\/usu1345\/2025\/09\/PHOTO-2025-09-04-12-06-35.jpg 1600w\" sizes=\"auto, (max-width: 529px) 100vw, 529px\" \/><\/a><\/strong><\/p>\n<p><strong>L&#8217;EQUIP DE MITJANS<\/strong><\/p>\n<p><strong>1r: <\/strong>Marta Sotorres i Alba Gr\u00e0cia<br \/>\n<strong>2n:<\/strong> Alba P\u00e9rez i Judit Ponsirenas<br \/>\n<strong>3r:<\/strong> Josep Cara i Montse Camps<br \/>\n<strong>English:<\/strong>\u00a0 Elena P\u00e9rez<br \/>\n<strong>M\u00fasica:<\/strong> Mar Mascar\u00f3<br \/>\n<strong>Educaci\u00f3 F\u00edsica: <\/strong>S\u00f2nia Jim\u00e9nez<br \/>\n<strong>MESI (mestre especialista de suport a la inclusi\u00f3): <\/strong>Pilar P\u00e9rez (1r i 2n) i Tina Gibert (3r)<\/p>\n<p><strong>Aula d&#8217;acollida: <\/strong>Alba Camarillo<br \/>\n<strong>Suport: <\/strong>\u00a0\u00c0ngels Cano i Robert Budiel<\/p>\n<p>&nbsp;<\/p>\n<p>&nbsp;<\/p>\n<p><a href=\"https:\/\/agora.xtec.cat\/ceipfg\/lescola\/salut\/attachment\/1-min\/\" rel=\"attachment wp-att-7933\"><img loading=\"lazy\" decoding=\"async\" class=\"wp-image-7933 alignleft\" src=\"https:\/\/agora.xtec.cat\/ceipfg\/wp-content\/uploads\/usu1345\/2025\/09\/1-min-1024x715.jpg\" alt=\"\" width=\"529\" height=\"369\" srcset=\"https:\/\/agora.xtec.cat\/ceipfg\/wp-content\/uploads\/usu1345\/2025\/09\/1-min-1024x715.jpg 1024w, https:\/\/agora.xtec.cat\/ceipfg\/wp-content\/uploads\/usu1345\/2025\/09\/1-min-300x209.jpg 300w, https:\/\/agora.xtec.cat\/ceipfg\/wp-content\/uploads\/usu1345\/2025\/09\/1-min-768x536.jpg 768w, https:\/\/agora.xtec.cat\/ceipfg\/wp-content\/uploads\/usu1345\/2025\/09\/1-min-1536x1072.jpg 1536w, https:\/\/agora.xtec.cat\/ceipfg\/wp-content\/uploads\/usu1345\/2025\/09\/1-min-2048x1429.jpg 2048w\" sizes=\"auto, (max-width: 529px) 100vw, 529px\" \/><\/a><\/p>\n<p><strong>L&#8217;EQUIP DE GRANS<\/strong><\/p>\n<p><strong>4t:<\/strong> Nere Medina i Judit Benito<br \/>\n<strong>5\u00e8:<\/strong>\u00a0 Aura Crespo i Gemma Guill\u00e9n<br \/>\n<strong>6\u00e8: <\/strong>Gemma Moreno i Anna Chamorro<br \/>\n<strong>English:<\/strong> Esther Espitia<br \/>\n<strong>M\u00fasica: <\/strong>Judit Benito (4t), Mar Mascar\u00f3 (5\u00e8 i 6\u00e8)<br \/>\n<strong>Educaci\u00f3 F\u00edsica:<\/strong> S\u00f2nia Jim\u00e9nez<br \/>\n<strong>MESI (mestre especialista de suport a la inclusi\u00f3): <\/strong>Tina Gibert (4t) i Ester Arnau (5\u00e8 i 6\u00e8)<\/p>\n<p><strong>Aula d&#8217;acollida: <\/strong>Alba Camarillo<br \/>\n<strong>Suport: <\/strong>Anna Mical\u00f3 i Robert Budiel.<\/p>\n<table style=\"border-collapse: collapse; width: 100%; height: 1142px;\" border=\"1\">\n<tbody>\n<tr style=\"height: 173px;\">\n<td style=\"width: 48.5809%; height: 173px;\"><strong>I3<\/strong><\/p>\n<p>isabel.turon@fructuosgelabert.cates<\/p>\n<p>marta.redondo<span class=\"\">@fructuosgelabert.cat<\/span><\/td>\n<td style=\"width: 51.4191%; height: 173px;\"><strong>I4<\/strong><\/p>\n<p>anna.gimenez<span class=\"\">@f<\/span>ructuosgelabert.cat<\/p>\n<p>aina.fornes@fructuosgelabert.cat<\/p>\n<p>&nbsp;<\/td>\n<\/tr>\n<tr style=\"height: 173px;\">\n<td style=\"width: 48.5809%; height: 173px;\"><strong>I5<\/strong><\/p>\n<p>montse.degibert@fructuosgelabert.cat<\/p>\n<p>carme.rovira@fructuosgelabert.cat<\/td>\n<td style=\"width: 51.4191%; height: 173px;\"><strong>1r<\/strong><\/p>\n<p><span class=\"\">marta.sotorres@<\/span>fructuosgelabert.cat<\/p>\n<p>alba.gracia@fructuosgelabert.cat<\/td>\n<\/tr>\n<tr style=\"height: 133px;\">\n<td style=\"width: 48.5809%; height: 105px;\"><strong>2n<\/strong><\/p>\n<p><span class=\"\">alba.perez@<\/span>fructuosgelabert.cat<\/p>\n<p>judit.ponsirenas@fructuosgelabert.cat<\/p>\n<p>&nbsp;<\/p>\n<p>&nbsp;<\/td>\n<td style=\"width: 51.4191%; height: 105px;\"><strong>3r<\/strong><\/p>\n<p>josep.cara@fructuosgelabert.cat<\/p>\n<p>montse.camps@fructuosgelabert.cat<\/p>\n<p>&nbsp;<\/td>\n<\/tr>\n<tr style=\"height: 173px;\">\n<td style=\"width: 48.5809%; height: 148px;\"><strong>4t<\/strong><\/p>\n<p>judit.benito@fructuosgelabert.cat<\/p>\n<p>nereida.medina@fructuosgelabert.cat<\/p>\n<p>&nbsp;<\/td>\n<td style=\"width: 51.4191%; height: 148px;\"><strong>5\u00e8<\/strong><\/p>\n<p>gemma.guillen<span class=\"\">@fructuosgelabert.cat<\/span><\/p>\n<p>aura.crespo@fructuosgelabert.cat<\/p>\n<p>&nbsp;<\/td>\n<\/tr>\n<tr style=\"height: 133px;\">\n<td style=\"width: 48.5809%; height: 133px;\"><strong>6\u00e8<\/strong><\/p>\n<p><span class=\"\">anna.chamorro@fructuosgelabert.cat<\/span><\/p>\n<p>gemma.moreno@fructuosgelabert.cat<\/p>\n<p>&nbsp;<\/td>\n<td style=\"width: 51.4191%; height: 133px;\">&nbsp;<\/p>\n<p>&nbsp;<\/td>\n<\/tr>\n<tr style=\"height: 410px;\">\n<td style=\"width: 100%; height: 410px; text-align: center;\" colspan=\"2\">\n<p style=\"text-align: center;\"><strong>ESPECIALISTES<\/strong><\/p>\n<p style=\"text-align: center;\"><span style=\"text-decoration: underline;\">Mestre especialista de suport a la inclusi\u00f3<br \/>\n<\/span><\/p>\n<p style=\"text-align: center;\">ester.arnau@fructuosgelabert.cat \/ pilar.perez@fructuosgelabert.cat<\/p>\n<p style=\"text-align: center;\"><span style=\"text-decoration: underline;\">Angl\u00e8s<\/span>:<\/p>\n<p style=\"text-align: center;\">elena.perez@fructuosgelabert.<wbr \/>cat \/ esther.espitia@fructuosgelabert.cat<\/p>\n<p style=\"text-align: center;\"><span style=\"text-decoration: underline;\">Psicomotricitat \/ Educaci\u00f3 F\u00edsica<\/span>:<\/p>\n<p style=\"text-align: center;\">lidia.xicola@fructuosgelabert.cat \/ sonia.jimenez@fructuosgelabert.cat<\/p>\n<p style=\"text-align: center;\"><span style=\"text-decoration: underline;\">M\u00fasica<\/span>:<\/p>\n<p style=\"text-align: center;\">mar.mascaro@fructuosgelabert.cat\/ judit.benito@fructuosgelabert.ca.<\/p>\n<p><strong>SUPORT<\/strong><\/p>\n<p>robert.budiel@fructuosgelabert.cat<\/p>\n<p>eloy.garcia@fructuosgelabert.cat<\/p>\n<p>&nbsp;<\/p>\n<p>&nbsp;<\/td>\n<\/tr>\n<\/tbody>\n<\/table>\n<p>&nbsp;<\/p>\n","protected":false},"excerpt":{"rendered":"<p>Direcci\u00f3: Anna Mical\u00f3 Aumedes\u00a0 \u00a0 \u00a0 \u00a0 \u00a0 \u00a0 \u00a0 escola@fructuosgelabert.cat Cap d&#8217;estudis: \u00c0ngels Cano Adell \u00a0\u00a0 \u00a0 \u00a0 \u00a0\u00a0 [&hellip;]<\/p>\n","protected":false},"author":1,"featured_media":0,"parent":22,"menu_order":2,"comment_status":"closed","ping_status":"closed","template":"","meta":{"_bbp_topic_count":0,"_bbp_reply_count":0,"_bbp_total_topic_count":0,"_bbp_total_reply_count":0,"_bbp_voice_count":0,"_bbp_anonymous_reply_count":0,"_bbp_topic_count_hidden":0,"_bbp_reply_count_hidden":0,"_bbp_forum_subforum_count":0,"site-sidebar-layout":"default","site-content-layout":"","ast-site-content-layout":"default","site-content-style":"default","site-sidebar-style":"default","ast-global-header-display":"","ast-banner-title-visibility":"","ast-main-header-display":"","ast-hfb-above-header-display":"","ast-hfb-below-header-display":"","ast-hfb-mobile-header-display":"","site-post-title":"","ast-breadcrumbs-content":"","ast-featured-img":"","footer-sml-layout":"","theme-transparent-header-meta":"default","adv-header-id-meta":"","stick-header-meta":"","header-above-stick-meta":"","header-main-stick-meta":"","header-below-stick-meta":"","astra-migrate-meta-layouts":"set","ast-page-background-enabled":"default","ast-page-background-meta":{"desktop":{"background-color":"var(--ast-global-color-4)","background-image":"","background-repeat":"repeat","background-position":"center center","background-size":"auto","background-attachment":"scroll","background-type":"","background-media":"","overlay-type":"","overlay-color":"","overlay-opacity":"","overlay-gradient":""},"tablet":{"background-color":"","background-image":"","background-repeat":"repeat","background-position":"center center","background-size":"auto","background-attachment":"scroll","background-type":"","background-media":"","overlay-type":"","overlay-color":"","overlay-opacity":"","overlay-gradient":""},"mobile":{"background-color":"","background-image":"","background-repeat":"repeat","background-position":"center center","background-size":"auto","background-attachment":"scroll","background-type":"","background-media":"","overlay-type":"","overlay-color":"","overlay-opacity":"","overlay-gradient":""}},"ast-content-background-meta":{"desktop":{"background-color":"var(--ast-global-color-5)","background-image":"","background-repeat":"repeat","background-position":"center center","background-size":"auto","background-attachment":"scroll","background-type":"","background-media":"","overlay-type":"","overlay-color":"","overlay-opacity":"","overlay-gradient":""},"tablet":{"background-color":"var(--ast-global-color-5)","background-image":"","background-repeat":"repeat","background-position":"center center","background-size":"auto","background-attachment":"scroll","background-type":"","background-media":"","overlay-type":"","overlay-color":"","overlay-opacity":"","overlay-gradient":""},"mobile":{"background-color":"var(--ast-global-color-5)","background-image":"","background-repeat":"repeat","background-position":"center center","background-size":"auto","background-attachment":"scroll","background-type":"","background-media":"","overlay-type":"","overlay-color":"","overlay-opacity":"","overlay-gradient":""}},"footnotes":""},"class_list":["post-38","page","type-page","status-publish","hentry"],"post_mailing_queue_ids":[],"_links":{"self":[{"href":"https:\/\/agora.xtec.cat\/ceipfg\/wp-json\/wp\/v2\/pages\/38","targetHints":{"allow":["GET"]}}],"collection":[{"href":"https:\/\/agora.xtec.cat\/ceipfg\/wp-json\/wp\/v2\/pages"}],"about":[{"href":"https:\/\/agora.xtec.cat\/ceipfg\/wp-json\/wp\/v2\/types\/page"}],"author":[{"embeddable":true,"href":"https:\/\/agora.xtec.cat\/ceipfg\/wp-json\/wp\/v2\/users\/1"}],"replies":[{"embeddable":true,"href":"https:\/\/agora.xtec.cat\/ceipfg\/wp-json\/wp\/v2\/comments?post=38"}],"version-history":[{"count":8,"href":"https:\/\/agora.xtec.cat\/ceipfg\/wp-json\/wp\/v2\/pages\/38\/revisions"}],"predecessor-version":[{"id":8275,"href":"https:\/\/agora.xtec.cat\/ceipfg\/wp-json\/wp\/v2\/pages\/38\/revisions\/8275"}],"up":[{"embeddable":true,"href":"https:\/\/agora.xtec.cat\/ceipfg\/wp-json\/wp\/v2\/pages\/22"}],"wp:attachment":[{"href":"https:\/\/agora.xtec.cat\/ceipfg\/wp-json\/wp\/v2\/media?parent=38"}],"curies":[{"name":"wp","href":"https:\/\/api.w.org\/{rel}","templated":true}]}}