{"id":28,"date":"2014-09-18T12:29:35","date_gmt":"2014-09-18T10:29:35","guid":{"rendered":"http:\/\/agora.xtec.cat\/ceipfg\/?page_id=28"},"modified":"2026-03-19T13:48:45","modified_gmt":"2026-03-19T12:48:45","slug":"consell-escolar","status":"publish","type":"page","link":"https:\/\/agora.xtec.cat\/ceipfg\/lescola\/consell-escolar\/","title":{"rendered":"Consell Escolar"},"content":{"rendered":"<p>\u00c9s el m\u00e0xim \u00f2rgan de decisi\u00f3 que t\u00e9 l\u2019escola. Hi ha representats del sector fam\u00edlies, del professorat, de l\u2019administraci\u00f3 local, del personal d\u2019administraci\u00f3 i serveis, de l\u2019AFA i de l\u2019equip de gesti\u00f3.<\/p>\n<p>La Presidenta \u00e9s la directora de l\u2019escola.<\/p>\n<p>Tamb\u00e9 son convidades a assistir-hi les comissions de treball de l\u2019escola i qualsevol persona que es cregui necessari.<\/p>\n<p>&nbsp;<\/p>\n<p>&nbsp;<\/p>\n<p style=\"text-align: center;\"><strong>COMPOSICI\u00d3 DEL CONSELL CURS 2025-26<\/strong><\/p>\n<p style=\"text-align: center;\"><strong>Sector fam\u00edlies<\/strong>: J\u00falia Humet, Frances Byrne, Carles Farr\u00f3, Noem\u00ed Mora<\/p>\n<p style=\"text-align: center;\"><strong>Representant AFA<\/strong>: N\u00faria Tell<\/p>\n<p style=\"text-align: center;\"><strong>Sector PAS<\/strong>: Pepa Segura<\/p>\n<p style=\"text-align: center;\"><strong>Representant Ajuntament<\/strong>: Joana Chinchilla<\/p>\n<p style=\"text-align: center;\"><strong>Sector mestres<\/strong>: Carme Rovira, Alba Gracia, Anna Gim\u00e9nez, Aina Forn\u00e9s, Alba P\u00e9rez<\/p>\n<p style=\"text-align: center;\"><strong>Equip de direcci\u00f3<\/strong>: Anna Mical\u00f3, \u00c0ngels Cano, L\u00eddia Xicola<\/p>\n<p>&nbsp;<\/p>\n<p>&nbsp;<\/p>\n","protected":false},"excerpt":{"rendered":"<p>\u00c9s el m\u00e0xim \u00f2rgan de decisi\u00f3 que t\u00e9 l\u2019escola. Hi ha representats del sector fam\u00edlies, del professorat, de l\u2019administraci\u00f3 local, [&hellip;]<\/p>\n","protected":false},"author":1,"featured_media":0,"parent":22,"menu_order":4,"comment_status":"closed","ping_status":"closed","template":"","meta":{"_bbp_topic_count":0,"_bbp_reply_count":0,"_bbp_total_topic_count":0,"_bbp_total_reply_count":0,"_bbp_voice_count":0,"_bbp_anonymous_reply_count":0,"_bbp_topic_count_hidden":0,"_bbp_reply_count_hidden":0,"_bbp_forum_subforum_count":0,"site-sidebar-layout":"default","site-content-layout":"","ast-site-content-layout":"default","site-content-style":"default","site-sidebar-style":"default","ast-global-header-display":"","ast-banner-title-visibility":"","ast-main-header-display":"","ast-hfb-above-header-display":"","ast-hfb-below-header-display":"","ast-hfb-mobile-header-display":"","site-post-title":"","ast-breadcrumbs-content":"","ast-featured-img":"","footer-sml-layout":"","theme-transparent-header-meta":"default","adv-header-id-meta":"","stick-header-meta":"","header-above-stick-meta":"","header-main-stick-meta":"","header-below-stick-meta":"","astra-migrate-meta-layouts":"set","ast-page-background-enabled":"default","ast-page-background-meta":{"desktop":{"background-color":"var(--ast-global-color-4)","background-image":"","background-repeat":"repeat","background-position":"center center","background-size":"auto","background-attachment":"scroll","background-type":"","background-media":"","overlay-type":"","overlay-color":"","overlay-opacity":"","overlay-gradient":""},"tablet":{"background-color":"","background-image":"","background-repeat":"repeat","background-position":"center center","background-size":"auto","background-attachment":"scroll","background-type":"","background-media":"","overlay-type":"","overlay-color":"","overlay-opacity":"","overlay-gradient":""},"mobile":{"background-color":"","background-image":"","background-repeat":"repeat","background-position":"center center","background-size":"auto","background-attachment":"scroll","background-type":"","background-media":"","overlay-type":"","overlay-color":"","overlay-opacity":"","overlay-gradient":""}},"ast-content-background-meta":{"desktop":{"background-color":"var(--ast-global-color-5)","background-image":"","background-repeat":"repeat","background-position":"center center","background-size":"auto","background-attachment":"scroll","background-type":"","background-media":"","overlay-type":"","overlay-color":"","overlay-opacity":"","overlay-gradient":""},"tablet":{"background-color":"var(--ast-global-color-5)","background-image":"","background-repeat":"repeat","background-position":"center center","background-size":"auto","background-attachment":"scroll","background-type":"","background-media":"","overlay-type":"","overlay-color":"","overlay-opacity":"","overlay-gradient":""},"mobile":{"background-color":"var(--ast-global-color-5)","background-image":"","background-repeat":"repeat","background-position":"center center","background-size":"auto","background-attachment":"scroll","background-type":"","background-media":"","overlay-type":"","overlay-color":"","overlay-opacity":"","overlay-gradient":""}},"footnotes":""},"class_list":["post-28","page","type-page","status-publish","hentry"],"post_mailing_queue_ids":[],"_links":{"self":[{"href":"https:\/\/agora.xtec.cat\/ceipfg\/wp-json\/wp\/v2\/pages\/28","targetHints":{"allow":["GET"]}}],"collection":[{"href":"https:\/\/agora.xtec.cat\/ceipfg\/wp-json\/wp\/v2\/pages"}],"about":[{"href":"https:\/\/agora.xtec.cat\/ceipfg\/wp-json\/wp\/v2\/types\/page"}],"author":[{"embeddable":true,"href":"https:\/\/agora.xtec.cat\/ceipfg\/wp-json\/wp\/v2\/users\/1"}],"replies":[{"embeddable":true,"href":"https:\/\/agora.xtec.cat\/ceipfg\/wp-json\/wp\/v2\/comments?post=28"}],"version-history":[{"count":5,"href":"https:\/\/agora.xtec.cat\/ceipfg\/wp-json\/wp\/v2\/pages\/28\/revisions"}],"predecessor-version":[{"id":8246,"href":"https:\/\/agora.xtec.cat\/ceipfg\/wp-json\/wp\/v2\/pages\/28\/revisions\/8246"}],"up":[{"embeddable":true,"href":"https:\/\/agora.xtec.cat\/ceipfg\/wp-json\/wp\/v2\/pages\/22"}],"wp:attachment":[{"href":"https:\/\/agora.xtec.cat\/ceipfg\/wp-json\/wp\/v2\/media?parent=28"}],"curies":[{"name":"wp","href":"https:\/\/api.w.org\/{rel}","templated":true}]}}