{"id":22,"date":"2014-09-18T12:19:57","date_gmt":"2014-09-18T11:19:57","guid":{"rendered":"http:\/\/agora.xtec.cat\/ceipfg\/?page_id=22"},"modified":"2023-01-22T19:27:07","modified_gmt":"2023-01-22T18:27:07","slug":"lescola","status":"publish","type":"page","link":"https:\/\/agora.xtec.cat\/ceipfg\/lescola\/","title":{"rendered":"L&#8217;escola"},"content":{"rendered":"<p align=\"justify\">L&#8217;escola Fructu\u00f3s Gelabert es va crear al curs 2004-2005. Des del curs 2012-2013 \u00e9s una escola d&#8217;Infantil i Prim\u00e0ria de dues l\u00ednies de I3 a 6\u00e8.<\/p>\n<p align=\"justify\"><strong>HORARI<\/strong><\/p>\n<p align=\"justify\">Matins:\u00a0<strong>9h<\/strong> a\u00a0<strong>12:30h<\/strong><\/p>\n<p align=\"justify\">Tardes: de\u00a0<strong>15h<\/strong> a\u00a0<strong>16:30h <\/strong><\/p>\n<p align=\"justify\">(Per venir-los a buscar abans de les 16:30h us heu d&#8217;acollir als seg\u00fcents horaris: 15:00h i 15:45h)<strong><br \/>\n<\/strong><\/p>\n<p align=\"justify\"><strong>HORARI SECRETARIA<\/strong><\/p>\n<p align=\"justify\">Dilluns i dimecres 9:00h- 10:00h<\/p>\n<p align=\"justify\"><strong>SERVEIS:<br \/>\n<\/strong><\/p>\n<p align=\"justify\">Acollida<\/p>\n<p align=\"justify\">Mat\u00ed: de<strong>\u00a08h <\/strong>a<strong>\u00a09h<\/strong><\/p>\n<p align=\"justify\">Tarda: de\u00a0<strong>16:30h <\/strong>a\u00a0<strong>17:30h<br \/>\n<\/strong><\/p>\n<p align=\"justify\">Espai del Migdia:<\/p>\n<p align=\"justify\">Amb cuina pr\u00f2pia i amb activitats educatives i de descans incloses, de <strong>12:30h<\/strong> a\u00a0<strong>15h.<\/strong><\/p>\n<p>De la coordinaci\u00f3 dels serveis se n&#8217;encarrega la Ecomenja.<\/p>\n","protected":false},"excerpt":{"rendered":"<p>L&#8217;escola Fructu\u00f3s Gelabert es va crear al curs 2004-2005. Des del curs 2012-2013 \u00e9s una escola d&#8217;Infantil i Prim\u00e0ria de [&hellip;]<\/p>\n","protected":false},"author":1,"featured_media":0,"parent":0,"menu_order":0,"comment_status":"closed","ping_status":"closed","template":"page-templates\/side-menu.php","meta":{"_bbp_topic_count":0,"_bbp_reply_count":0,"_bbp_total_topic_count":0,"_bbp_total_reply_count":0,"_bbp_voice_count":0,"_bbp_anonymous_reply_count":0,"_bbp_topic_count_hidden":0,"_bbp_reply_count_hidden":0,"_bbp_forum_subforum_count":0,"site-sidebar-layout":"default","site-content-layout":"","ast-site-content-layout":"","site-content-style":"default","site-sidebar-style":"default","ast-global-header-display":"","ast-banner-title-visibility":"","ast-main-header-display":"","ast-hfb-above-header-display":"","ast-hfb-below-header-display":"","ast-hfb-mobile-header-display":"","site-post-title":"","ast-breadcrumbs-content":"","ast-featured-img":"","footer-sml-layout":"","theme-transparent-header-meta":"","adv-header-id-meta":"","stick-header-meta":"","header-above-stick-meta":"","header-main-stick-meta":"","header-below-stick-meta":"","astra-migrate-meta-layouts":"default","ast-page-background-enabled":"default","ast-page-background-meta":{"desktop":{"background-color":"var(--ast-global-color-4)","background-image":"","background-repeat":"repeat","background-position":"center center","background-size":"auto","background-attachment":"scroll","background-type":"","background-media":"","overlay-type":"","overlay-color":"","overlay-opacity":"","overlay-gradient":""},"tablet":{"background-color":"","background-image":"","background-repeat":"repeat","background-position":"center center","background-size":"auto","background-attachment":"scroll","background-type":"","background-media":"","overlay-type":"","overlay-color":"","overlay-opacity":"","overlay-gradient":""},"mobile":{"background-color":"","background-image":"","background-repeat":"repeat","background-position":"center center","background-size":"auto","background-attachment":"scroll","background-type":"","background-media":"","overlay-type":"","overlay-color":"","overlay-opacity":"","overlay-gradient":""}},"ast-content-background-meta":{"desktop":{"background-color":"var(--ast-global-color-5)","background-image":"","background-repeat":"repeat","background-position":"center center","background-size":"auto","background-attachment":"scroll","background-type":"","background-media":"","overlay-type":"","overlay-color":"","overlay-opacity":"","overlay-gradient":""},"tablet":{"background-color":"var(--ast-global-color-5)","background-image":"","background-repeat":"repeat","background-position":"center center","background-size":"auto","background-attachment":"scroll","background-type":"","background-media":"","overlay-type":"","overlay-color":"","overlay-opacity":"","overlay-gradient":""},"mobile":{"background-color":"var(--ast-global-color-5)","background-image":"","background-repeat":"repeat","background-position":"center center","background-size":"auto","background-attachment":"scroll","background-type":"","background-media":"","overlay-type":"","overlay-color":"","overlay-opacity":"","overlay-gradient":""}},"footnotes":""},"class_list":["post-22","page","type-page","status-publish","hentry"],"post_mailing_queue_ids":[],"_links":{"self":[{"href":"https:\/\/agora.xtec.cat\/ceipfg\/wp-json\/wp\/v2\/pages\/22","targetHints":{"allow":["GET"]}}],"collection":[{"href":"https:\/\/agora.xtec.cat\/ceipfg\/wp-json\/wp\/v2\/pages"}],"about":[{"href":"https:\/\/agora.xtec.cat\/ceipfg\/wp-json\/wp\/v2\/types\/page"}],"author":[{"embeddable":true,"href":"https:\/\/agora.xtec.cat\/ceipfg\/wp-json\/wp\/v2\/users\/1"}],"replies":[{"embeddable":true,"href":"https:\/\/agora.xtec.cat\/ceipfg\/wp-json\/wp\/v2\/comments?post=22"}],"version-history":[{"count":4,"href":"https:\/\/agora.xtec.cat\/ceipfg\/wp-json\/wp\/v2\/pages\/22\/revisions"}],"predecessor-version":[{"id":6093,"href":"https:\/\/agora.xtec.cat\/ceipfg\/wp-json\/wp\/v2\/pages\/22\/revisions\/6093"}],"wp:attachment":[{"href":"https:\/\/agora.xtec.cat\/ceipfg\/wp-json\/wp\/v2\/media?parent=22"}],"curies":[{"name":"wp","href":"https:\/\/api.w.org\/{rel}","templated":true}]}}