{"id":84,"date":"2017-03-06T14:11:31","date_gmt":"2017-03-06T13:11:31","guid":{"rendered":"http:\/\/agora.xtec.cat\/ceipferreriguardia\/?page_id=84"},"modified":"2025-07-23T09:48:33","modified_gmt":"2025-07-23T07:48:33","slug":"activitats-extraescolars","status":"publish","type":"page","link":"https:\/\/agora.xtec.cat\/ceipferreriguardia\/serveis\/activitats-extraescolars\/","title":{"rendered":"Activitats extraescolars"},"content":{"rendered":"<pre><strong><a href=\"https:\/\/agora.xtec.cat\/ceipferreriguardia\/wp-content\/uploads\/usu38\/2025\/07\/FERRER-I-GUARDIA-INSCRIPCIO-DINAMIC-CURS-25-26.pdf\">FERRER I GU\u00c0RDIA - INSCRIPCI\u00d3 DIN\u00c0MIC CURS 25 26<\/a><\/strong><\/pre>\n<h1><strong>Activitats extraescolars <\/strong><\/h1>\n<p><strong><em>\u00a0<\/em><\/strong><\/p>\n<p><strong><em>L\u2019AFA oferta diferents activitats extraescolars en franja de migdia i de tarda a trav\u00e9s de l\u2019empresa de lleure Din\u00e0mic i d\u2019entitats del poble d\u2019El Masnou, tant per a l\u2019alumnat de prim\u00e0ria com pel d\u2019infantil. <\/em><\/strong><\/p>\n<p><strong><em>\u00a0<\/em><\/strong><\/p>\n<p>Podeu trobar la relaci\u00f3 de les activitats ofertades al <a href=\"https:\/\/drive.google.com\/file\/d\/1YmsfNceIoV_hgbdJTzxsE2u1jz3nkwHn\/view?usp=drive_link\"><strong>quadre d\u2019activitats extraescolars<\/strong><\/a>.<\/p>\n<p>&nbsp;<\/p>\n<p>Podeu trobar informaci\u00f3 m\u00e9s detallada sobre cada activitat: qui la gestiona, els preus i com es contracta dins de la <a href=\"https:\/\/drive.google.com\/drive\/folders\/1V3LvQnoZ4WO9XrI_EJ2A6-0PaePIFFTW?usp=drive_link\"><strong><em>carpeta enlla\u00e7ada<\/em><\/strong><\/a>.<\/p>\n<p>&nbsp;<\/p>\n","protected":false},"excerpt":{"rendered":"<p><a href=\"https:\/\/agora.xtec.cat\/ceipferreriguardia\/wp-content\/uploads\/usu38\/2025\/07\/FERRER-I-GUARDIA-INSCRIPCIO-DINAMIC-CURS-25-26.pdf\">FERRER I GU\u00c0RDIA &#8211; INSCRIPCI\u00d3 DIN\u00c0MIC CURS 25 26<\/a><br \/>\nActivitats extraescolars<br \/>\n\u00a0<br \/>\nL\u2019AFA oferta diferents activitats extraescolars en franja de migdia i de tarda a trav\u00e9s de l\u2019empresa de lleure Din\u00e0mic i d\u2019entitats del poble d\u2019El Masnou, tant per a l\u2019alumnat de prim\u00e0ria com pel d\u2019infantil.&hellip;  <a href=\"https:\/\/agora.xtec.cat\/ceipferreriguardia\/serveis\/activitats-extraescolars\/\" title=\"Read Activitats extraescolars\">Llegeix m\u00e9s\u00bb<\/a><\/p>\n","protected":false},"author":1,"featured_media":0,"parent":66,"menu_order":60,"comment_status":"closed","ping_status":"closed","template":"page-templates\/side-menu.php","meta":{"_bbp_topic_count":0,"_bbp_reply_count":0,"_bbp_total_topic_count":0,"_bbp_total_reply_count":0,"_bbp_voice_count":0,"_bbp_anonymous_reply_count":0,"_bbp_topic_count_hidden":0,"_bbp_reply_count_hidden":0,"_bbp_forum_subforum_count":0,"footnotes":""},"class_list":["post-84","page","type-page","status-publish","hentry"],"post_mailing_queue_ids":[],"_links":{"self":[{"href":"https:\/\/agora.xtec.cat\/ceipferreriguardia\/wp-json\/wp\/v2\/pages\/84","targetHints":{"allow":["GET"]}}],"collection":[{"href":"https:\/\/agora.xtec.cat\/ceipferreriguardia\/wp-json\/wp\/v2\/pages"}],"about":[{"href":"https:\/\/agora.xtec.cat\/ceipferreriguardia\/wp-json\/wp\/v2\/types\/page"}],"author":[{"embeddable":true,"href":"https:\/\/agora.xtec.cat\/ceipferreriguardia\/wp-json\/wp\/v2\/users\/1"}],"replies":[{"embeddable":true,"href":"https:\/\/agora.xtec.cat\/ceipferreriguardia\/wp-json\/wp\/v2\/comments?post=84"}],"version-history":[{"count":6,"href":"https:\/\/agora.xtec.cat\/ceipferreriguardia\/wp-json\/wp\/v2\/pages\/84\/revisions"}],"predecessor-version":[{"id":2161,"href":"https:\/\/agora.xtec.cat\/ceipferreriguardia\/wp-json\/wp\/v2\/pages\/84\/revisions\/2161"}],"up":[{"embeddable":true,"href":"https:\/\/agora.xtec.cat\/ceipferreriguardia\/wp-json\/wp\/v2\/pages\/66"}],"wp:attachment":[{"href":"https:\/\/agora.xtec.cat\/ceipferreriguardia\/wp-json\/wp\/v2\/media?parent=84"}],"curies":[{"name":"wp","href":"https:\/\/api.w.org\/{rel}","templated":true}]}}