{"id":790,"date":"2016-08-24T15:43:25","date_gmt":"2016-08-24T14:43:25","guid":{"rendered":"http:\/\/agora.xtec.cat\/ceipferreriguardia\/?page_id=790"},"modified":"2016-09-06T12:56:53","modified_gmt":"2016-09-06T11:56:53","slug":"biblioteca-escolar","status":"publish","type":"page","link":"https:\/\/agora.xtec.cat\/ceipferreriguardia\/projectes\/biblioteca-escolar\/","title":{"rendered":"Biblioteca escolar"},"content":{"rendered":"<p>La nostra escola forma part del projecte d&#8217;escoles <em>puntedu. Aquest\u00a0 &#8220;Programa ent\u00e9n la biblioteca escolar actual com un centre de recursos per a l\u2019aprenentatge i l\u2019ensenyament (CRAE) fonamental per a l\u2019adquisici\u00f3 de les compet\u00e8ncies b\u00e0siques i el desplegament dels continguts curriculars, i com un element clau en l\u2019assoliment de la compet\u00e8ncia lectora i l\u2019adquisici\u00f3 d\u2019aprenentatges aut\u00f2noms, on la informaci\u00f3 s\u2019ofereix en tot tipus de suports.&#8221;<\/em><\/p>\n<p>Alguns dels projectes que es dinamitzen des de la biblioteca s\u00f3n:<\/p>\n<ul>\n<li>BiblioPati<\/li>\n<li>Apadrinament lector 1r-6\u00e8<\/li>\n<li>Diada de Sant Jordi<\/li>\n<li>Servei de pr\u00e8stec de llibres<\/li>\n<li>Visita anual d&#8217;un escriptor\/a, il\u00b7lustrador\/a, poeta\/poetisa.<\/li>\n<\/ul>\n","protected":false},"excerpt":{"rendered":"<p>La nostra escola forma part del projecte d&#8217;escoles puntedu. Aquest\u00a0 &#8220;Programa ent\u00e9n la biblioteca escolar actual com un centre de recursos per a l\u2019aprenentatge i l\u2019ensenyament (CRAE) fonamental per a l\u2019adquisici\u00f3 de les compet\u00e8ncies b\u00e0siques i el desplegament dels continguts curriculars, i com un element&hellip;  <a href=\"https:\/\/agora.xtec.cat\/ceipferreriguardia\/projectes\/biblioteca-escolar\/\" title=\"Read Biblioteca escolar\">Llegeix m\u00e9s\u00bb<\/a><\/p>\n","protected":false},"author":1,"featured_media":0,"parent":725,"menu_order":0,"comment_status":"closed","ping_status":"closed","template":"page-templates\/side-menu.php","meta":{"_bbp_topic_count":0,"_bbp_reply_count":0,"_bbp_total_topic_count":0,"_bbp_total_reply_count":0,"_bbp_voice_count":0,"_bbp_anonymous_reply_count":0,"_bbp_topic_count_hidden":0,"_bbp_reply_count_hidden":0,"_bbp_forum_subforum_count":0,"footnotes":""},"class_list":["post-790","page","type-page","status-publish","hentry"],"post_mailing_queue_ids":[],"_links":{"self":[{"href":"https:\/\/agora.xtec.cat\/ceipferreriguardia\/wp-json\/wp\/v2\/pages\/790","targetHints":{"allow":["GET"]}}],"collection":[{"href":"https:\/\/agora.xtec.cat\/ceipferreriguardia\/wp-json\/wp\/v2\/pages"}],"about":[{"href":"https:\/\/agora.xtec.cat\/ceipferreriguardia\/wp-json\/wp\/v2\/types\/page"}],"author":[{"embeddable":true,"href":"https:\/\/agora.xtec.cat\/ceipferreriguardia\/wp-json\/wp\/v2\/users\/1"}],"replies":[{"embeddable":true,"href":"https:\/\/agora.xtec.cat\/ceipferreriguardia\/wp-json\/wp\/v2\/comments?post=790"}],"version-history":[{"count":2,"href":"https:\/\/agora.xtec.cat\/ceipferreriguardia\/wp-json\/wp\/v2\/pages\/790\/revisions"}],"predecessor-version":[{"id":803,"href":"https:\/\/agora.xtec.cat\/ceipferreriguardia\/wp-json\/wp\/v2\/pages\/790\/revisions\/803"}],"up":[{"embeddable":true,"href":"https:\/\/agora.xtec.cat\/ceipferreriguardia\/wp-json\/wp\/v2\/pages\/725"}],"wp:attachment":[{"href":"https:\/\/agora.xtec.cat\/ceipferreriguardia\/wp-json\/wp\/v2\/media?parent=790"}],"curies":[{"name":"wp","href":"https:\/\/api.w.org\/{rel}","templated":true}]}}