{"id":77,"date":"2014-09-18T14:05:08","date_gmt":"2014-09-18T13:05:08","guid":{"rendered":"http:\/\/agora.xtec.cat\/ceipferreriguardia\/?page_id=77"},"modified":"2025-07-04T13:54:56","modified_gmt":"2025-07-04T11:54:56","slug":"acollida","status":"publish","type":"page","link":"https:\/\/agora.xtec.cat\/ceipferreriguardia\/serveis\/acollida\/","title":{"rendered":"Acollida"},"content":{"rendered":"<h1><strong>Servei d\u2019Acollida SAM SAT <\/strong><\/h1>\n<p><strong><em>\u00a0<\/em><\/strong><\/p>\n<p><strong><em>L\u2019AFA ofereix un servei d\u2019acollida pels infants, per aquelles fam\u00edlies que ho necessitin i ho sol\u00b7licitin, en diferents franges de mat\u00ed i de tarda a trav\u00e9s de l\u2019empresa de lleure Din\u00e0mic. <\/em><\/strong><\/p>\n<p><strong><em>La persona de refer\u00e8ncia que fa aquesta acollida \u00e9s la Marta. <\/em><\/strong><\/p>\n<p><strong><em>\u00a0<\/em><\/strong><\/p>\n<p>Podeu trobar la informaci\u00f3 m\u00e9s detallada sobre els preus, les franges i com es contracta a trav\u00e9s d\u2019<a href=\"https:\/\/drive.google.com\/file\/d\/1_8fyPrmn3GJe5xHWnoNZDQRF13LDOote\/view?usp=drive_link\"><em>aquest enlla\u00e7<\/em><\/a>.<\/p>\n<p>&nbsp;<\/p>\n<p>Es contracta a trav\u00e9s d\u2019una plataforma pr\u00f2pia de Din\u00e0mic. Consulteu-los a trav\u00e9s del correu electr\u00f2nic: <a href=\"mailto:info@viudinamic.org\">info@viudinamic.org<\/a>\u00a0 o <a href=\"mailto:acollida@viudinamic.org\">acollida@viudinamic.org<\/a> .<\/p>\n<p>&nbsp;<\/p>\n","protected":false},"excerpt":{"rendered":"<p>Servei d\u2019Acollida SAM SAT<br \/>\n\u00a0<br \/>\nL\u2019AFA ofereix un servei d\u2019acollida pels infants, per aquelles fam\u00edlies que ho necessitin i ho sol\u00b7licitin, en diferents franges de mat\u00ed i de tarda a trav\u00e9s de l\u2019empresa de lleure Din\u00e0mic.<br \/>\nLa persona de refer\u00e8ncia que fa aquesta acollida \u00e9s la&hellip;  <a href=\"https:\/\/agora.xtec.cat\/ceipferreriguardia\/serveis\/acollida\/\" title=\"Read Acollida\">Llegeix m\u00e9s\u00bb<\/a><\/p>\n","protected":false},"author":1,"featured_media":0,"parent":66,"menu_order":20,"comment_status":"closed","ping_status":"closed","template":"page-templates\/side-menu.php","meta":{"_bbp_topic_count":0,"_bbp_reply_count":0,"_bbp_total_topic_count":0,"_bbp_total_reply_count":0,"_bbp_voice_count":0,"_bbp_anonymous_reply_count":0,"_bbp_topic_count_hidden":0,"_bbp_reply_count_hidden":0,"_bbp_forum_subforum_count":0,"footnotes":""},"class_list":["post-77","page","type-page","status-publish","hentry"],"post_mailing_queue_ids":[],"_links":{"self":[{"href":"https:\/\/agora.xtec.cat\/ceipferreriguardia\/wp-json\/wp\/v2\/pages\/77","targetHints":{"allow":["GET"]}}],"collection":[{"href":"https:\/\/agora.xtec.cat\/ceipferreriguardia\/wp-json\/wp\/v2\/pages"}],"about":[{"href":"https:\/\/agora.xtec.cat\/ceipferreriguardia\/wp-json\/wp\/v2\/types\/page"}],"author":[{"embeddable":true,"href":"https:\/\/agora.xtec.cat\/ceipferreriguardia\/wp-json\/wp\/v2\/users\/1"}],"replies":[{"embeddable":true,"href":"https:\/\/agora.xtec.cat\/ceipferreriguardia\/wp-json\/wp\/v2\/comments?post=77"}],"version-history":[{"count":5,"href":"https:\/\/agora.xtec.cat\/ceipferreriguardia\/wp-json\/wp\/v2\/pages\/77\/revisions"}],"predecessor-version":[{"id":2147,"href":"https:\/\/agora.xtec.cat\/ceipferreriguardia\/wp-json\/wp\/v2\/pages\/77\/revisions\/2147"}],"up":[{"embeddable":true,"href":"https:\/\/agora.xtec.cat\/ceipferreriguardia\/wp-json\/wp\/v2\/pages\/66"}],"wp:attachment":[{"href":"https:\/\/agora.xtec.cat\/ceipferreriguardia\/wp-json\/wp\/v2\/media?parent=77"}],"curies":[{"name":"wp","href":"https:\/\/api.w.org\/{rel}","templated":true}]}}