{"id":754,"date":"2016-07-12T09:49:32","date_gmt":"2016-07-12T08:49:32","guid":{"rendered":"http:\/\/agora.xtec.cat\/ceipferreriguardia\/?page_id=754"},"modified":"2026-01-13T13:51:34","modified_gmt":"2026-01-13T12:51:34","slug":"equip-huma","status":"publish","type":"page","link":"https:\/\/agora.xtec.cat\/ceipferreriguardia\/lescola\/equip-huma\/","title":{"rendered":"Equip hum\u00e0"},"content":{"rendered":"<p><strong>CURS 25\/26<\/strong><\/p>\n<p><strong>Equip directiu<\/strong><\/p>\n<p><em>Director:<\/em> H\u00e9ctor Ca\u00f1ete Egea<br \/>\n<em>Cap d\u2019Estudis:<\/em> Ariadna Solana<br \/>\n<em>Secretari:<\/em> Jaume Mir\u00f3<\/p>\n<p><strong>Tutories<\/strong><\/p>\n<p>I3: Judit Campuzano<br \/>\nI4: Laura Diaz<br \/>\nI5: Gemma Marc\u00fas<\/p>\n<p>Cicle Inicial:\u00a0 \u00a0Roser Lapiedra(1r), Elena Garcia (2n)<br \/>\nCicle Mitj\u00e0:\u00a0 Vero Madrid 3rA i Cristina Martin 3rB, Judith Espejo (4t)<br \/>\nCicle Superior: Laura Cerc\u00f3s (5\u00e8), Alba Mart\u00ednez (6\u00e8)<\/p>\n<p><strong>Especialitats<\/strong><\/p>\n<p>Educaci\u00f3 especial: S\u00f2nia Mateu<br \/>\nAngl\u00e8s: Maria Sans, Jaume Mir\u00f3<\/p>\n<p>EF: David Flor Escriche<\/p>\n<p>Ed. Musical: Ariadna Solana P\u00e9rez<br \/>\nRefor\u00e7: Conchita Pereira<br \/>\nRefor\u00e7 d&#8217;Infantil: Empar Aparicio<\/p>\n<p><strong>Consell Escolar:<br \/>\n<\/strong><\/p>\n<p>Equip directiu:\u00a0 H\u00e9ctor Ca\u00f1ete, Ariadna Solana i Jaume Mir\u00f3<br \/>\nMestres: David Flor, Elena Garc\u00eda, Roser Lapiedra, S\u00f2nia Mateu,\u00a0 Empar Aparicio i Alba Mart\u00ednez<br \/>\nPares\/mares: Anna Mart\u00ednez, Yaima Pial, Vict\u00f2ria L\u00f3pez, Marta Amig\u00f3 i Mariona Mart\u00edn<\/p>\n<p>Representant AFA: Sara Juncosa<br \/>\nPAS: Jaume Fornells<br \/>\nAjuntament: Yulai Mart\u00ednez<\/p>\n","protected":false},"excerpt":{"rendered":"<p>CURS 25\/26<br \/>\nEquip directiu<br \/>\nDirector: H\u00e9ctor Ca\u00f1ete Egea<br \/>\nCap d\u2019Estudis: Ariadna Solana<br \/>\nSecretari: Jaume Mir\u00f3<br \/>\nTutories<br \/>\nI3: Judit Campuzano<br \/>\nI4: Laura Diaz<br \/>\nI5: Gemma Marc\u00fas<br \/>\nCicle Inicial:\u00a0 \u00a0Roser Lapiedra(1r), Elena Garcia (2n)<br \/>\nCicle Mitj\u00e0:\u00a0 Vero Madrid 3rA i Cristina Martin 3rB, Judith Espejo (4t)<br \/>\nCicle Superior: Laura Cerc\u00f3s (5\u00e8), Alba Mart\u00ednez (6\u00e8)<br \/>\nEspecialitats<br \/>\nEducaci\u00f3 especial: S\u00f2nia Mateu<br \/>\nAngl\u00e8s: Maria&hellip;  <a href=\"https:\/\/agora.xtec.cat\/ceipferreriguardia\/lescola\/equip-huma\/\" title=\"Read Equip hum\u00e0\">Llegeix m\u00e9s\u00bb<\/a><\/p>\n","protected":false},"author":1,"featured_media":0,"parent":22,"menu_order":0,"comment_status":"closed","ping_status":"closed","template":"","meta":{"_bbp_topic_count":0,"_bbp_reply_count":0,"_bbp_total_topic_count":0,"_bbp_total_reply_count":0,"_bbp_voice_count":0,"_bbp_anonymous_reply_count":0,"_bbp_topic_count_hidden":0,"_bbp_reply_count_hidden":0,"_bbp_forum_subforum_count":0,"footnotes":""},"class_list":["post-754","page","type-page","status-publish","hentry"],"post_mailing_queue_ids":[],"_links":{"self":[{"href":"https:\/\/agora.xtec.cat\/ceipferreriguardia\/wp-json\/wp\/v2\/pages\/754","targetHints":{"allow":["GET"]}}],"collection":[{"href":"https:\/\/agora.xtec.cat\/ceipferreriguardia\/wp-json\/wp\/v2\/pages"}],"about":[{"href":"https:\/\/agora.xtec.cat\/ceipferreriguardia\/wp-json\/wp\/v2\/types\/page"}],"author":[{"embeddable":true,"href":"https:\/\/agora.xtec.cat\/ceipferreriguardia\/wp-json\/wp\/v2\/users\/1"}],"replies":[{"embeddable":true,"href":"https:\/\/agora.xtec.cat\/ceipferreriguardia\/wp-json\/wp\/v2\/comments?post=754"}],"version-history":[{"count":8,"href":"https:\/\/agora.xtec.cat\/ceipferreriguardia\/wp-json\/wp\/v2\/pages\/754\/revisions"}],"predecessor-version":[{"id":2176,"href":"https:\/\/agora.xtec.cat\/ceipferreriguardia\/wp-json\/wp\/v2\/pages\/754\/revisions\/2176"}],"up":[{"embeddable":true,"href":"https:\/\/agora.xtec.cat\/ceipferreriguardia\/wp-json\/wp\/v2\/pages\/22"}],"wp:attachment":[{"href":"https:\/\/agora.xtec.cat\/ceipferreriguardia\/wp-json\/wp\/v2\/media?parent=754"}],"curies":[{"name":"wp","href":"https:\/\/api.w.org\/{rel}","templated":true}]}}